{"id":998,"date":"2024-12-09T08:49:25","date_gmt":"2024-12-09T08:49:25","guid":{"rendered":"https:\/\/www.baoertaihardware.com\/?post_type=product&#038;p=998"},"modified":"2024-12-09T08:49:26","modified_gmt":"2024-12-09T08:49:26","slug":"custom-hinges-for-cabinets","status":"publish","type":"product","link":"https:\/\/www.baoertaihardware.com\/fr\/produit\/custom-hinges-for-cabinets\/","title":{"rendered":"Charni\u00e8res sur mesure pour armoires, charni\u00e8res hydrauliques coulissantes \u00e0 deux voies -888"},"content":{"rendered":"<div class=\"wp-block-columns is-layout-flex wp-container-core-columns-is-layout-9d6595d7 wp-block-columns-is-layout-flex\">\n<div class=\"wp-block-column is-layout-flow wp-block-column-is-layout-flow\">\n<h2 class=\"wp-block-heading\">Caract\u00e9ristiques des charni\u00e8res sur mesure pour armoires<\/h2>\n\n\n\n<ul class=\"wp-block-list\">\n<li><strong>Syst\u00e8me hydraulique bidirectionnel<\/strong>: La charni\u00e8re sur mesure pour armoires est con\u00e7ue pour un mouvement doux et contr\u00f4l\u00e9, offrant des fonctions de fermeture et d'ouverture en douceur. Ainsi, les portes de vos armoires se ferment doucement et silencieusement, sans claquer.<\/li>\n\n\n\n<li><strong>Conception personnalisable<\/strong>: Ces charni\u00e8res hydrauliques sont enti\u00e8rement personnalisables pour r\u00e9pondre \u00e0 des conceptions d'armoires sp\u00e9cifiques. Elles conviennent parfaitement aux styles d'armoires modernes et traditionnels et offrent une grande souplesse d'installation et d'apparence.<\/li>\n\n\n\n<li><strong>Construction durable<\/strong>: Fabriqu\u00e9e \u00e0 partir de mat\u00e9riaux de qualit\u00e9 sup\u00e9rieure, la charni\u00e8re hydraulique est durable pour de longues ann\u00e9es d'utilisation et de performance sans d\u00e9t\u00e9rioration.<\/li>\n\n\n\n<li><strong>Installation facile<\/strong>: Gr\u00e2ce \u00e0 son m\u00e9canisme d'embo\u00eetement, il s'agit d'une installation rapide et facile, sans \u00e9tapes compliqu\u00e9es ni outils suppl\u00e9mentaires, qui convient donc aussi bien aux \u00e9b\u00e9nistes professionnels qu'aux bricoleurs.<\/li>\n\n\n\n<li><strong>Fermeture silencieuse<\/strong>: Gr\u00e2ce \u00e0 la technologie hydraulique, la fermeture de la porte est silencieuse et souple, sans bruit, pour une exp\u00e9rience id\u00e9ale dans votre maison ou votre bureau.<\/li>\n\n\n\n<li><strong>Ajustable : <\/strong>La charni\u00e8re offre une<strong> <\/strong>permet d'effectuer des r\u00e9glages fins \u00e0 l'int\u00e9rieur, offrant ainsi un positionnement parfait des armoires.<\/li>\n\n\n\n<li><strong>Anti-corrosif<\/strong>: Comme elles sont fabriqu\u00e9es en mat\u00e9riaux anticorrosifs, ce type de charni\u00e8re peut se prot\u00e9ger de la rouille et de la d\u00e9t\u00e9rioration et convient donc pour travailler dans diverses conditions : par exemple, dans les cuisines et les salles de bains.<\/li>\n\n\n\n<li><strong>Capacit\u00e9 de transport de charges lourdes<\/strong>: La construction robuste de la charni\u00e8re est telle qu'elle peut supporter la charge de portes plus lourdes, ce qui la rend stable et fonctionnelle pour les grandes armoires.<\/li>\n\n\n\n<li><strong>El\u00e9gant et fonctionnel<\/strong>: Le design \u00e9pur\u00e9 et moderne ne se contente pas d'ajouter du style \u00e0 vos armoires, il promet \u00e9galement une fonctionnalit\u00e9 de premier ordre, alliant parfaitement forme et fonction.<\/li>\n<\/ul>\n<\/div>\n\n\n\n<div class=\"wp-block-column is-layout-flow wp-block-column-is-layout-flow\">\n<figure class=\"wp-block-image size-full\"><img decoding=\"async\" width=\"1200\" height=\"1200\" src=\"https:\/\/www.baoertaihardware.com\/wp-content\/uploads\/2024\/12\/Custom-Hinges-for-Cabinets-hinge-manufacturer-888-1.webp\" alt=\"Charni\u00e8res sur mesure pour armoires - fabricant de charni\u00e8res -888 (1)\" class=\"wp-image-999\" srcset=\"https:\/\/www.baoertaihardware.com\/wp-content\/uploads\/2024\/12\/Custom-Hinges-for-Cabinets-hinge-manufacturer-888-1.webp 1200w, https:\/\/www.baoertaihardware.com\/wp-content\/uploads\/2024\/12\/Custom-Hinges-for-Cabinets-hinge-manufacturer-888-1-300x300.webp 300w, https:\/\/www.baoertaihardware.com\/wp-content\/uploads\/2024\/12\/Custom-Hinges-for-Cabinets-hinge-manufacturer-888-1-150x150.webp 150w, https:\/\/www.baoertaihardware.com\/wp-content\/uploads\/2024\/12\/Custom-Hinges-for-Cabinets-hinge-manufacturer-888-1-768x768.webp 768w, https:\/\/www.baoertaihardware.com\/wp-content\/uploads\/2024\/12\/Custom-Hinges-for-Cabinets-hinge-manufacturer-888-1-600x600.webp 600w, https:\/\/www.baoertaihardware.com\/wp-content\/uploads\/2024\/12\/Custom-Hinges-for-Cabinets-hinge-manufacturer-888-1-100x100.webp 100w\" sizes=\"(max-width: 1200px) 100vw, 1200px\" \/><\/figure>\n<\/div>\n<\/div>","protected":false},"excerpt":{"rendered":"<p>Am\u00e9liorez vos armoires avec des charni\u00e8res personnalis\u00e9es pour armoires, con\u00e7ues pour la pr\u00e9cision et la durabilit\u00e9. Ces charni\u00e8res pour portes d'armoires \u00e0 fermeture progressive garantissent un fonctionnement souple et silencieux, am\u00e9liorant \u00e0 la fois la fonctionnalit\u00e9 et le style de tout espace.<\/p>\n<h2>Sp\u00e9cifications des charni\u00e8res sur mesure pour armoires<\/h2>\n<ul>\n<li><strong>Num\u00e9ro de mod\u00e8le<\/strong>:888<\/li>\n<li><strong>Mat\u00e9riau<\/strong>: AII SS 201<\/li>\n<li><strong>Pas du trou de la coupelle<\/strong>: 48mm<\/li>\n<li><strong>Finition des charni\u00e8res<\/strong>: Nickel\u00e9<\/li>\n<li><strong>Poids<\/strong>:10og\/pcs<\/li>\n<li><strong>Application<\/strong>: bureau \u00e0 domicile, salon, chambre \u00e0 coucher, h\u00f4tel, villa, appartement<\/li>\n<\/ul>\n<p><strong>Cat\u00e9gorie<\/strong>:\u00a0<a href=\"https:\/\/www.baoertaihardware.com\/fr\/categorie-produit\/cabinet-hinges-wholesale\/\">Charni\u00e8res d'armoires<\/a><\/p>\n<p><strong>Tags<\/strong>charni\u00e8re \u00e0 clipser, charni\u00e8re \u00e0 angle sp\u00e9cial, charni\u00e8re \u00e0 fermeture souple, charni\u00e8re en acier inoxydable<\/p>","protected":false},"featured_media":1001,"comment_status":"closed","ping_status":"closed","template":"","meta":{"_acf_changed":false},"product_brand":[],"product_cat":[21],"product_tag":[],"class_list":{"0":"post-998","1":"product","2":"type-product","3":"status-publish","4":"has-post-thumbnail","6":"product_cat-cabinet-hinges-wholesale","8":"first","9":"instock","10":"shipping-taxable","11":"product-type-simple"},"acf":[],"_links":{"self":[{"href":"https:\/\/www.baoertaihardware.com\/fr\/wp-json\/wp\/v2\/product\/998","targetHints":{"allow":["GET"]}}],"collection":[{"href":"https:\/\/www.baoertaihardware.com\/fr\/wp-json\/wp\/v2\/product"}],"about":[{"href":"https:\/\/www.baoertaihardware.com\/fr\/wp-json\/wp\/v2\/types\/product"}],"replies":[{"embeddable":true,"href":"https:\/\/www.baoertaihardware.com\/fr\/wp-json\/wp\/v2\/comments?post=998"}],"wp:featuredmedia":[{"embeddable":true,"href":"https:\/\/www.baoertaihardware.com\/fr\/wp-json\/wp\/v2\/media\/1001"}],"wp:attachment":[{"href":"https:\/\/www.baoertaihardware.com\/fr\/wp-json\/wp\/v2\/media?parent=998"}],"wp:term":[{"taxonomy":"product_brand","embeddable":true,"href":"https:\/\/www.baoertaihardware.com\/fr\/wp-json\/wp\/v2\/product_brand?post=998"},{"taxonomy":"product_cat","embeddable":true,"href":"https:\/\/www.baoertaihardware.com\/fr\/wp-json\/wp\/v2\/product_cat?post=998"},{"taxonomy":"product_tag","embeddable":true,"href":"https:\/\/www.baoertaihardware.com\/fr\/wp-json\/wp\/v2\/product_tag?post=998"}],"curies":[{"name":"wp","href":"https:\/\/api.w.org\/{rel}","templated":true}]}}