{"id":990,"date":"2024-12-09T08:04:42","date_gmt":"2024-12-09T08:04:42","guid":{"rendered":"https:\/\/www.baoertaihardware.com\/?post_type=product&#038;p=990"},"modified":"2024-12-09T08:04:43","modified_gmt":"2024-12-09T08:04:43","slug":"hydraulic-hinges-for-cabinets-oem","status":"publish","type":"product","link":"https:\/\/www.baoertaihardware.com\/fr\/produit\/hydraulic-hinges-for-cabinets-oem\/","title":{"rendered":"Meilleures charni\u00e8res hydrauliques pour armoires charni\u00e8res \u00e0 clipser en acier inoxydable - 868"},"content":{"rendered":"<div class=\"wp-block-columns is-layout-flex wp-container-core-columns-is-layout-9d6595d7 wp-block-columns-is-layout-flex\">\n<div class=\"wp-block-column is-layout-flow wp-block-column-is-layout-flow\">\n<h2 class=\"wp-block-heading\">Caract\u00e9ristiques des charni\u00e8res hydrauliques pour armoires<\/h2>\n\n\n\n<ul class=\"wp-block-list\">\n<li><strong>Acier inoxydable 201 Mat\u00e9riau<\/strong>: Les meilleures charni\u00e8res hydrauliques pour armoires sont fabriqu\u00e9es en acier inoxydable de haute qualit\u00e9 et pr\u00e9sentent une excellente r\u00e9sistance \u00e0 la corrosion, \u00e0 l'abrasion et \u00e0 l'oxydation, ce qui garantit que, m\u00eame apr\u00e8s une longue p\u00e9riode d'utilisation dans un environnement humide ou \u00e0 haute temp\u00e9rature, elles conservent un aspect et une fonction stables.<\/li>\n\n\n\n<li><strong>Fonction hydraulique<\/strong>: Il est \u00e9quip\u00e9 d'un dispositif hydraulique qui assure une fermeture douce et lente du panneau de porte, en \u00e9vitant les chocs susceptibles de provoquer des bruits ou des dommages. Am\u00e9liorez le confort et la tranquillit\u00e9 de votre maison.<\/li>\n\n\n\n<li><strong>Conception facile \u00e0 clipser<\/strong>: La conception de la charni\u00e8re Clip-On permet une installation et un retrait faciles et rapides sans l'utilisation de vis pour la fixation, ce qui permet d'\u00e9conomiser du temps et de l'argent lors de l'installation. Convient aux besoins de production en vrac et en masse, capable de r\u00e9pondre aux installations par lots avec une grande efficacit\u00e9.<\/li>\n\n\n\n<li><strong>Forte capacit\u00e9 de charge<\/strong>: Apr\u00e8s une conception prudente, cette charni\u00e8re hydraulique poss\u00e8de une capacit\u00e9 de charge \u00e9lev\u00e9e pour supporter des portes d'armoires lourdes, assurant la stabilit\u00e9 de la porte et des op\u00e9rations d'ouverture et de fermeture en douceur.<\/li>\n\n\n\n<li><strong>Large applicabilit\u00e9<\/strong>: Il s'applique \u00e0 tous les types de meubles et d'armoires, tels que les armoires de cuisine, les armoires de salle de bains, les placards, etc. Il est particuli\u00e8rement adapt\u00e9 aux utilisations \u00e0 haute fr\u00e9quence et aux portes qui requi\u00e8rent une capacit\u00e9 de charge \u00e9lev\u00e9e.<\/li>\n\n\n\n<li><strong>Haute durabilit\u00e9<\/strong>: Il a une longue dur\u00e9e de vie gr\u00e2ce \u00e0 la grande durabilit\u00e9 du syst\u00e8me hydraulique et au mat\u00e9riau en acier inoxydable, ce qui r\u00e9duit le nombre de r\u00e9parations et de remplacements.<\/li>\n\n\n\n<li><strong>Design moderne<\/strong>: Le design simple et moderne s'adapte \u00e0 une vari\u00e9t\u00e9 de styles d'int\u00e9rieur et rehausse l'esth\u00e9tique g\u00e9n\u00e9rale du mobilier.<\/li>\n\n\n\n<li><strong>Fonction d'ajustement pr\u00e9cis<\/strong>: Il permet un r\u00e9glage multidirectionnel pour assurer un alignement parfait des portes de l'armoire et peut r\u00e9pondre \u00e0 diff\u00e9rents besoins d'installation ; la pr\u00e9cision assure une fermeture parfaite pendant l'utilisation.<\/li>\n<\/ul>\n<\/div>\n\n\n\n<div class=\"wp-block-column is-layout-flow wp-block-column-is-layout-flow\">\n<figure class=\"wp-block-image size-full\"><img decoding=\"async\" width=\"1200\" height=\"1200\" src=\"https:\/\/www.baoertaihardware.com\/wp-content\/uploads\/2024\/12\/Bulk-Hydraulic-Hinges-for-Cabinets-Manufacturer-1.webp\" alt=\"Fabricant de charni\u00e8res hydrauliques en vrac pour armoires (1)\" class=\"wp-image-991\" srcset=\"https:\/\/www.baoertaihardware.com\/wp-content\/uploads\/2024\/12\/Bulk-Hydraulic-Hinges-for-Cabinets-Manufacturer-1.webp 1200w, https:\/\/www.baoertaihardware.com\/wp-content\/uploads\/2024\/12\/Bulk-Hydraulic-Hinges-for-Cabinets-Manufacturer-1-300x300.webp 300w, https:\/\/www.baoertaihardware.com\/wp-content\/uploads\/2024\/12\/Bulk-Hydraulic-Hinges-for-Cabinets-Manufacturer-1-150x150.webp 150w, https:\/\/www.baoertaihardware.com\/wp-content\/uploads\/2024\/12\/Bulk-Hydraulic-Hinges-for-Cabinets-Manufacturer-1-768x768.webp 768w, https:\/\/www.baoertaihardware.com\/wp-content\/uploads\/2024\/12\/Bulk-Hydraulic-Hinges-for-Cabinets-Manufacturer-1-600x600.webp 600w, https:\/\/www.baoertaihardware.com\/wp-content\/uploads\/2024\/12\/Bulk-Hydraulic-Hinges-for-Cabinets-Manufacturer-1-100x100.webp 100w\" sizes=\"(max-width: 1200px) 100vw, 1200px\" \/><\/figure>\n<\/div>\n<\/div>\n\n\n\n<p><\/p>","protected":false},"excerpt":{"rendered":"<p>Cette meilleure charni\u00e8re hydraulique pour armoires associe une technologie avanc\u00e9e de fermeture douce hydraulique \u00e0 une conception de charni\u00e8re \u00e0 clipser pour une combinaison de haute performance, de durabilit\u00e9 et d'esth\u00e9tique id\u00e9ale pour une vari\u00e9t\u00e9 de projets r\u00e9sidentiels et commerciaux \u00e0 forte demande. N'h\u00e9sitez pas \u00e0 nous demander un devis gratuit !<\/p>\n<h2>Sp\u00e9cifications des charni\u00e8res hydrauliques pour armoires<\/h2>\n<ul>\n<li><strong>Num\u00e9ro de mod\u00e8le<\/strong>:868<\/li>\n<li><strong>Mat\u00e9riau<\/strong>: AII SS 201<\/li>\n<li><strong>Pas du trou de la coupelle<\/strong>: 48mm<\/li>\n<li><strong>Finition des charni\u00e8res<\/strong>: Nickel\u00e9<\/li>\n<li><strong>Poids<\/strong>106g\/pcs<\/li>\n<li><strong>Application<\/strong>: bureau \u00e0 domicile, salon, chambre \u00e0 coucher, h\u00f4tel, villa, appartement<\/li>\n<\/ul>\n<p><strong>Cat\u00e9gorie<\/strong>:\u00a0<a href=\"https:\/\/www.baoertaihardware.com\/fr\/categorie-produit\/cabinet-hinges-wholesale\/\">Charni\u00e8res d'armoires<\/a> <strong>Tags<\/strong>charni\u00e8re \u00e0 clipser, charni\u00e8re \u00e0 angle sp\u00e9cial, charni\u00e8re \u00e0 fermeture souple, charni\u00e8re en acier inoxydable<\/p>","protected":false},"featured_media":992,"comment_status":"closed","ping_status":"closed","template":"","meta":{"_acf_changed":false},"product_brand":[],"product_cat":[21],"product_tag":[],"class_list":{"0":"post-990","1":"product","2":"type-product","3":"status-publish","4":"has-post-thumbnail","6":"product_cat-cabinet-hinges-wholesale","8":"first","9":"instock","10":"shipping-taxable","11":"product-type-simple"},"acf":[],"_links":{"self":[{"href":"https:\/\/www.baoertaihardware.com\/fr\/wp-json\/wp\/v2\/product\/990","targetHints":{"allow":["GET"]}}],"collection":[{"href":"https:\/\/www.baoertaihardware.com\/fr\/wp-json\/wp\/v2\/product"}],"about":[{"href":"https:\/\/www.baoertaihardware.com\/fr\/wp-json\/wp\/v2\/types\/product"}],"replies":[{"embeddable":true,"href":"https:\/\/www.baoertaihardware.com\/fr\/wp-json\/wp\/v2\/comments?post=990"}],"wp:featuredmedia":[{"embeddable":true,"href":"https:\/\/www.baoertaihardware.com\/fr\/wp-json\/wp\/v2\/media\/992"}],"wp:attachment":[{"href":"https:\/\/www.baoertaihardware.com\/fr\/wp-json\/wp\/v2\/media?parent=990"}],"wp:term":[{"taxonomy":"product_brand","embeddable":true,"href":"https:\/\/www.baoertaihardware.com\/fr\/wp-json\/wp\/v2\/product_brand?post=990"},{"taxonomy":"product_cat","embeddable":true,"href":"https:\/\/www.baoertaihardware.com\/fr\/wp-json\/wp\/v2\/product_cat?post=990"},{"taxonomy":"product_tag","embeddable":true,"href":"https:\/\/www.baoertaihardware.com\/fr\/wp-json\/wp\/v2\/product_tag?post=990"}],"curies":[{"name":"wp","href":"https:\/\/api.w.org\/{rel}","templated":true}]}}