{"id":982,"date":"2024-12-09T06:29:32","date_gmt":"2024-12-09T06:29:32","guid":{"rendered":"https:\/\/www.baoertaihardware.com\/?post_type=product&#038;p=982"},"modified":"2024-12-09T06:31:05","modified_gmt":"2024-12-09T06:31:05","slug":"customized-slide-on-hinge","status":"publish","type":"product","link":"https:\/\/www.baoertaihardware.com\/fr\/produit\/customized-slide-on-hinge\/","title":{"rendered":"Charni\u00e8re \u00e0 glissi\u00e8re personnalis\u00e9e, charni\u00e8res hydrauliques en acier inoxydable 201 - 868"},"content":{"rendered":"<div class=\"wp-block-columns is-layout-flex wp-container-core-columns-is-layout-9d6595d7 wp-block-columns-is-layout-flex\">\n<div class=\"wp-block-column is-layout-flow wp-block-column-is-layout-flow\">\n<h2 class=\"wp-block-heading\"><br>Caract\u00e9ristiques de la charni\u00e8re \u00e0 glissi\u00e8re en acier inoxydable<\/h2>\n\n\n\n<ul class=\"wp-block-list\">\n<li><strong>Acier inoxydable 201 de haute qualit\u00e9<\/strong>: La charni\u00e8re hydraulique en acier inoxydable 201 est fabriqu\u00e9e en acier inoxydable 201 de qualit\u00e9 sup\u00e9rieure, qui se caract\u00e9rise par une grande r\u00e9sistance \u00e0 la corrosion et \u00e0 l'usure, ce qui garantit des performances stables dans divers environnements et une dur\u00e9e de vie plus longue.<\/li>\n\n\n\n<li><strong>Fonction de fermeture lente hydraulique<\/strong>: La technologie hydraulique bien con\u00e7ue permet une fermeture lente et en douceur, \u00e9vitant les collisions et les vibrations de la porte, r\u00e9duisant le bruit et am\u00e9liorant l'exp\u00e9rience de l'utilisateur. Il convient aux portes d'armoires \u00e0 haute fr\u00e9quence.<\/li>\n\n\n\n<li><strong>Conception personnalis\u00e9e<\/strong>: Nous sommes sp\u00e9cialis\u00e9s dans le service de charni\u00e8res \u00e0 glissi\u00e8re sur mesure, la taille, la conception et la fonction, qui peuvent \u00eatre personnalis\u00e9es en fonction des exigences afin de garantir la meilleure adaptation \u00e0 divers types de meubles et de portes d'armoires.<\/li>\n\n\n\n<li><strong>Installation facile<\/strong>: La charni\u00e8re Slide On est con\u00e7ue pour une installation rapide ; elle glisse en place et se fixe, ce qui permet de r\u00e9duire consid\u00e9rablement le temps d'installation, en particulier pour l'utilisation de charni\u00e8res hydrauliques en vrac, s'adaptant ainsi aux besoins de la production de masse et des projets.<\/li>\n\n\n\n<li><strong>Forte durabilit\u00e9<\/strong>: Excellente r\u00e9sistance \u00e0 l'oxydation et \u00e0 la rouille, particuli\u00e8rement adapt\u00e9e aux environnements humides tels que les cuisines et les salles de bains, garantissant l'absence de dommages ou de d\u00e9formations pendant une longue p\u00e9riode.<\/li>\n\n\n\n<li><strong>Capacit\u00e9 de charge \u00e9lev\u00e9e<\/strong>: La conception structurelle solide permet aux portes d'armoires plus lourdes de s'ouvrir et de se fermer en douceur sans se d\u00e9former ni se desserrer, et convient \u00e0 toutes les tailles de panneaux de porte.<\/li>\n\n\n\n<li><strong>Large application<\/strong>Les charni\u00e8res en acier inoxydable conviennent \u00e0 toutes sortes de portes d'armoires, largement utilis\u00e9es dans les armoires de cuisine, les armoires de salle de bains, les placards et d'autres meubles, qui peuvent r\u00e9pondre \u00e0 diff\u00e9rents besoins.<\/li>\n\n\n\n<li><strong>Look moderne<\/strong>: Le design simple et moderne s'adapte \u00e0 une vari\u00e9t\u00e9 de styles d'int\u00e9rieur, rehausse l'esth\u00e9tique g\u00e9n\u00e9rale du mobilier et rend votre int\u00e9rieur plus \u00e9l\u00e9gant.<\/li>\n<\/ul>\n<\/div>\n\n\n\n<div class=\"wp-block-column is-layout-flow wp-block-column-is-layout-flow\">\n<figure class=\"wp-block-image size-full\"><img decoding=\"async\" width=\"1200\" height=\"1200\" src=\"https:\/\/www.baoertaihardware.com\/wp-content\/uploads\/2024\/12\/Customized-Slide-On-Hinge-Stainless-Steel-Supplier-8681.webp\" alt=\"Charni\u00e8re \u00e0 glissi\u00e8re sur mesure en acier inoxydable Fournisseur-868(1)\" class=\"wp-image-983\" srcset=\"https:\/\/www.baoertaihardware.com\/wp-content\/uploads\/2024\/12\/Customized-Slide-On-Hinge-Stainless-Steel-Supplier-8681.webp 1200w, https:\/\/www.baoertaihardware.com\/wp-content\/uploads\/2024\/12\/Customized-Slide-On-Hinge-Stainless-Steel-Supplier-8681-300x300.webp 300w, https:\/\/www.baoertaihardware.com\/wp-content\/uploads\/2024\/12\/Customized-Slide-On-Hinge-Stainless-Steel-Supplier-8681-150x150.webp 150w, https:\/\/www.baoertaihardware.com\/wp-content\/uploads\/2024\/12\/Customized-Slide-On-Hinge-Stainless-Steel-Supplier-8681-768x768.webp 768w, https:\/\/www.baoertaihardware.com\/wp-content\/uploads\/2024\/12\/Customized-Slide-On-Hinge-Stainless-Steel-Supplier-8681-600x600.webp 600w, https:\/\/www.baoertaihardware.com\/wp-content\/uploads\/2024\/12\/Customized-Slide-On-Hinge-Stainless-Steel-Supplier-8681-100x100.webp 100w\" sizes=\"(max-width: 1200px) 100vw, 1200px\" \/><\/figure>\n<\/div>\n<\/div>\n\n\n\n<p><\/p>","protected":false},"excerpt":{"rendered":"<div class=\"flex-shrink-0 flex flex-col relative items-end\">\n<div>\n<div class=\"pt-0\">\n<div class=\"gizmo-bot-avatar flex h-8 w-8 items-center justify-center overflow-hidden rounded-full\">\n<div class=\"relative p-1 rounded-sm flex items-center justify-center bg-token-main-surface-primary text-token-text-primary h-8 w-8\">Am\u00e9liorez vos meubles avec nos charni\u00e8res \u00e0 glissi\u00e8re personnalis\u00e9es et nos charni\u00e8res hydrauliques en vrac fabriqu\u00e9es en acier inoxydable 201 durable, offrant une fermeture douce et silencieuse et une installation facile, parfaites pour les charni\u00e8res d'armoire en acier inoxydable de haute performance dans les cuisines, les salles de bains, et plus encore.<\/div>\n<div>\n<h2>Sp\u00e9cifications de la charni\u00e8re coulissante en acier inoxydable<\/h2>\n<ul>\n<li><strong>Num\u00e9ro de mod\u00e8le<\/strong>:868<\/li>\n<li><strong>Mat\u00e9riau<\/strong>: AII SS 201<\/li>\n<li><strong>Pas du trou de la coupelle<\/strong>: 48mm<\/li>\n<li><strong>Finition des charni\u00e8res<\/strong>: Nickel\u00e9<\/li>\n<li><strong>Poids<\/strong>:95g\/pcs<\/li>\n<li><strong>Application<\/strong>: bureau \u00e0 domicile, salon, chambre \u00e0 coucher, h\u00f4tel, villa, appartement<\/li>\n<\/ul>\n<p><strong>Cat\u00e9gorie<\/strong>:\u00a0<a href=\"https:\/\/www.baoertaihardware.com\/fr\/categorie-produit\/cabinet-hinges-wholesale\/\">Charni\u00e8res d'armoires<\/a> <strong>Tags<\/strong>charni\u00e8re \u00e0 clipser, charni\u00e8re \u00e0 angle sp\u00e9cial, charni\u00e8re \u00e0 fermeture souple, charni\u00e8re en acier inoxydable<\/div>\n<\/div>\n<\/div>\n<\/div>\n<\/div>","protected":false},"featured_media":984,"comment_status":"closed","ping_status":"closed","template":"","meta":{"_acf_changed":false},"product_brand":[],"product_cat":[21],"product_tag":[],"class_list":{"0":"post-982","1":"product","2":"type-product","3":"status-publish","4":"has-post-thumbnail","6":"product_cat-cabinet-hinges-wholesale","8":"first","9":"instock","10":"shipping-taxable","11":"product-type-simple"},"acf":[],"_links":{"self":[{"href":"https:\/\/www.baoertaihardware.com\/fr\/wp-json\/wp\/v2\/product\/982","targetHints":{"allow":["GET"]}}],"collection":[{"href":"https:\/\/www.baoertaihardware.com\/fr\/wp-json\/wp\/v2\/product"}],"about":[{"href":"https:\/\/www.baoertaihardware.com\/fr\/wp-json\/wp\/v2\/types\/product"}],"replies":[{"embeddable":true,"href":"https:\/\/www.baoertaihardware.com\/fr\/wp-json\/wp\/v2\/comments?post=982"}],"wp:featuredmedia":[{"embeddable":true,"href":"https:\/\/www.baoertaihardware.com\/fr\/wp-json\/wp\/v2\/media\/984"}],"wp:attachment":[{"href":"https:\/\/www.baoertaihardware.com\/fr\/wp-json\/wp\/v2\/media?parent=982"}],"wp:term":[{"taxonomy":"product_brand","embeddable":true,"href":"https:\/\/www.baoertaihardware.com\/fr\/wp-json\/wp\/v2\/product_brand?post=982"},{"taxonomy":"product_cat","embeddable":true,"href":"https:\/\/www.baoertaihardware.com\/fr\/wp-json\/wp\/v2\/product_cat?post=982"},{"taxonomy":"product_tag","embeddable":true,"href":"https:\/\/www.baoertaihardware.com\/fr\/wp-json\/wp\/v2\/product_tag?post=982"}],"curies":[{"name":"wp","href":"https:\/\/api.w.org\/{rel}","templated":true}]}}