{"id":974,"date":"2024-12-09T03:56:51","date_gmt":"2024-12-09T03:56:51","guid":{"rendered":"https:\/\/www.baoertaihardware.com\/?post_type=product&#038;p=974"},"modified":"2024-12-09T06:30:49","modified_gmt":"2024-12-09T06:30:49","slug":"304-stainless-steel-hinges-bulk","status":"publish","type":"product","link":"https:\/\/www.baoertaihardware.com\/fr\/produit\/304-stainless-steel-hinges-bulk\/","title":{"rendered":"Charni\u00e8res pour armoires en vrac, Charni\u00e8res en acier inoxydable 304 Charni\u00e8res hydrauliques \u00e0 clipser - 838"},"content":{"rendered":"<div class=\"wp-block-columns is-layout-flex wp-container-core-columns-is-layout-9d6595d7 wp-block-columns-is-layout-flex\">\n<div class=\"wp-block-column is-layout-flow wp-block-column-is-layout-flow\">\n<h2 class=\"wp-block-heading\"><br>Caract\u00e9ristiques des charni\u00e8res en acier inoxydable 304<\/h2>\n\n\n\n<ul class=\"wp-block-list\">\n<li><strong>Acier inoxydable 304 de haute qualit\u00e9<\/strong>Les charni\u00e8res en acier inoxydable 304 sont fabriqu\u00e9es en acier inoxydable 304 de haute qualit\u00e9, qui offre une excellente r\u00e9sistance \u00e0 la corrosion et aux temp\u00e9ratures \u00e9lev\u00e9es. Elles ne rouilleront pas et ne se d\u00e9formeront pas pendant longtemps et s'adapteront \u00e0 diff\u00e9rents types de conditions environnementales.<\/li>\n\n\n\n<li><strong>Fonction de fermeture lente hydraulique<\/strong>: Gr\u00e2ce \u00e0 l'utilisation d'une technologie hydraulique avanc\u00e9e, il est possible d'obtenir un comportement de fermeture de porte souple et silencieux, sans bruit d\u00fb \u00e0 l'impact des portes. Cela prolonge la dur\u00e9e de vie des charni\u00e8res et des plaques de porte et am\u00e9liore l'exp\u00e9rience des utilisateurs.<\/li>\n\n\n\n<li><strong>Structure r\u00e9glable<\/strong>: Permet un r\u00e9glage tridimensionnel (profondeur, c\u00f4t\u00e9 et hauteur) lors de l'installation, ce qui rend l'installation plus correcte et plus flexible ; s'adapte parfaitement \u00e0 diff\u00e9rents types de tailles de portes d'armoires.<\/li>\n\n\n\n<li><strong>Installation facile<\/strong>: Les charni\u00e8res \u00e0 clip et \u00e0 bouton sont faciles \u00e0 installer et \u00e0 retirer. Aucun outil compliqu\u00e9 ou vis suppl\u00e9mentaire n'est n\u00e9cessaire, ce qui permet l'installation rapide de charni\u00e8res d'armoires en vrac pour \u00e9conomiser du temps et de la main d'\u0153uvre.<\/li>\n\n\n\n<li><strong>Capacit\u00e9 de charge \u00e9lev\u00e9e<\/strong>: Il peut supporter des portes d'armoires plus lourdes de mani\u00e8re stable gr\u00e2ce \u00e0 sa forte capacit\u00e9 de charge et ne se d\u00e9forme ni ne se d\u00e9tache facilement, ce qui permet de maintenir le corps de la porte ferme et stable.<\/li>\n\n\n\n<li><strong>Large applicabilit\u00e9<\/strong>: Convient \u00e0 diff\u00e9rents types de charni\u00e8res pour armoires en vrac, telles que les armoires de cuisine, les armoires de salle de bains, les placards, etc., afin de r\u00e9pondre aux besoins de diff\u00e9rents sc\u00e9narios et d'am\u00e9liorer la dur\u00e9e de vie et la fonctionnalit\u00e9 des meubles.<\/li>\n\n\n\n<li><strong>Anti-oxydation et anti-corrosion<\/strong>: L'acier inoxydable 304 r\u00e9siste efficacement \u00e0 l'oxydation et \u00e0 la corrosion. Il est particuli\u00e8rement adapt\u00e9 aux environnements humides et \u00e0 haute temp\u00e9rature, ce qui garantit une utilisation \u00e0 long terme sans dommages.<\/li>\n\n\n\n<li><strong>La cr\u00e9ation de mode dans l'apparence moderne<\/strong>: Aspect simple et tendance, convenant \u00e0 diff\u00e9rents styles d'int\u00e9rieur, am\u00e9liorant l'esth\u00e9tique g\u00e9n\u00e9rale et rendant le mobilier plus moderne.<\/li>\n<\/ul>\n<\/div>\n\n\n\n<div class=\"wp-block-column is-layout-flow wp-block-column-is-layout-flow\">\n<figure class=\"wp-block-image size-full\"><img decoding=\"async\" width=\"1200\" height=\"1200\" src=\"https:\/\/www.baoertaihardware.com\/wp-content\/uploads\/2024\/12\/304-Stainless-Steel-Hinges-Wholesale-838-1.webp\" alt=\"Charni\u00e8res en acier inoxydable 304 Wholesale-838 (1)\" class=\"wp-image-975\" srcset=\"https:\/\/www.baoertaihardware.com\/wp-content\/uploads\/2024\/12\/304-Stainless-Steel-Hinges-Wholesale-838-1.webp 1200w, https:\/\/www.baoertaihardware.com\/wp-content\/uploads\/2024\/12\/304-Stainless-Steel-Hinges-Wholesale-838-1-300x300.webp 300w, https:\/\/www.baoertaihardware.com\/wp-content\/uploads\/2024\/12\/304-Stainless-Steel-Hinges-Wholesale-838-1-150x150.webp 150w, https:\/\/www.baoertaihardware.com\/wp-content\/uploads\/2024\/12\/304-Stainless-Steel-Hinges-Wholesale-838-1-768x768.webp 768w, https:\/\/www.baoertaihardware.com\/wp-content\/uploads\/2024\/12\/304-Stainless-Steel-Hinges-Wholesale-838-1-600x600.webp 600w, https:\/\/www.baoertaihardware.com\/wp-content\/uploads\/2024\/12\/304-Stainless-Steel-Hinges-Wholesale-838-1-100x100.webp 100w\" sizes=\"(max-width: 1200px) 100vw, 1200px\" \/><\/figure>\n<\/div>\n<\/div>\n\n\n\n<p><\/p>","protected":false},"excerpt":{"rendered":"<p>Am\u00e9liorez vos meubles gr\u00e2ce \u00e0 nos charni\u00e8res durables en acier inoxydable 304, dot\u00e9es d'une fonction hydraulique souple, d'une installation facile et d'une capacit\u00e9 de charge \u00e9lev\u00e9e, parfaites pour les besoins de charni\u00e8res d'armoires en vrac. Id\u00e9ales pour des performances durables et r\u00e9sistantes \u00e0 la corrosion dans les cuisines, les salles de bains et bien plus encore.<\/p>\n<h2>Sp\u00e9cifications des charni\u00e8res en acier inoxydable 304<\/h2>\n<ul>\n<li><strong>Num\u00e9ro de mod\u00e8le<\/strong>:838<\/li>\n<li><strong>Mat\u00e9riau<\/strong>: Tous les SS 201\/304<\/li>\n<li><strong>Pas du trou de la coupelle<\/strong>: 48mm<\/li>\n<li><strong>Finition des charni\u00e8res<\/strong>: Nickel\u00e9<\/li>\n<li><strong>Poids<\/strong>:100g\/pcs<\/li>\n<li><strong>Application<\/strong>: bureau \u00e0 domicile, salon, chambre \u00e0 coucher, h\u00f4tel, villa, appartement<\/li>\n<\/ul>\n<p><strong>Cat\u00e9gorie<\/strong>:\u00a0<a href=\"https:\/\/www.baoertaihardware.com\/fr\/categorie-produit\/cabinet-hinges-wholesale\/\">Charni\u00e8res d'armoires<\/a> <strong>Tags<\/strong>charni\u00e8re \u00e0 clipser, charni\u00e8re \u00e0 angle sp\u00e9cial, charni\u00e8re \u00e0 fermeture souple, charni\u00e8re en acier inoxydable \u00a0<\/p>","protected":false},"featured_media":976,"comment_status":"closed","ping_status":"closed","template":"","meta":{"_acf_changed":false},"product_brand":[],"product_cat":[21],"product_tag":[],"class_list":{"0":"post-974","1":"product","2":"type-product","3":"status-publish","4":"has-post-thumbnail","6":"product_cat-cabinet-hinges-wholesale","8":"first","9":"instock","10":"shipping-taxable","11":"product-type-simple"},"acf":[],"_links":{"self":[{"href":"https:\/\/www.baoertaihardware.com\/fr\/wp-json\/wp\/v2\/product\/974","targetHints":{"allow":["GET"]}}],"collection":[{"href":"https:\/\/www.baoertaihardware.com\/fr\/wp-json\/wp\/v2\/product"}],"about":[{"href":"https:\/\/www.baoertaihardware.com\/fr\/wp-json\/wp\/v2\/types\/product"}],"replies":[{"embeddable":true,"href":"https:\/\/www.baoertaihardware.com\/fr\/wp-json\/wp\/v2\/comments?post=974"}],"wp:featuredmedia":[{"embeddable":true,"href":"https:\/\/www.baoertaihardware.com\/fr\/wp-json\/wp\/v2\/media\/976"}],"wp:attachment":[{"href":"https:\/\/www.baoertaihardware.com\/fr\/wp-json\/wp\/v2\/media?parent=974"}],"wp:term":[{"taxonomy":"product_brand","embeddable":true,"href":"https:\/\/www.baoertaihardware.com\/fr\/wp-json\/wp\/v2\/product_brand?post=974"},{"taxonomy":"product_cat","embeddable":true,"href":"https:\/\/www.baoertaihardware.com\/fr\/wp-json\/wp\/v2\/product_cat?post=974"},{"taxonomy":"product_tag","embeddable":true,"href":"https:\/\/www.baoertaihardware.com\/fr\/wp-json\/wp\/v2\/product_tag?post=974"}],"curies":[{"name":"wp","href":"https:\/\/api.w.org\/{rel}","templated":true}]}}