{"id":965,"date":"2024-12-08T17:52:36","date_gmt":"2024-12-08T17:52:36","guid":{"rendered":"https:\/\/www.baoertaihardware.com\/?post_type=product&#038;p=965"},"modified":"2024-12-08T17:52:37","modified_gmt":"2024-12-08T17:52:37","slug":"stainless-steel-cabinet-hinges","status":"publish","type":"product","link":"https:\/\/www.baoertaihardware.com\/fr\/produit\/stainless-steel-cabinet-hinges\/","title":{"rendered":"Charni\u00e8res d'armoire en acier inoxydable en vrac, charni\u00e8res hydrauliques \u00e0 clipser-828"},"content":{"rendered":"<div class=\"wp-block-columns is-layout-flex wp-container-core-columns-is-layout-9d6595d7 wp-block-columns-is-layout-flex\">\n<div class=\"wp-block-column is-layout-flow wp-block-column-is-layout-flow\">\n<h2 class=\"wp-block-heading\">Caract\u00e9ristiques des charni\u00e8res d'armoire en acier inoxydable<\/h2>\n\n\n\n<ul class=\"wp-block-list\">\n<li>Mat\u00e9riau en acier inoxydable de haute qualit\u00e9 : les charni\u00e8res sont fabriqu\u00e9es en acier inoxydable r\u00e9sistant \u00e0 la corrosion, ce qui leur conf\u00e8re une longue dur\u00e9e de vie. Elles peuvent \u00eatre utilis\u00e9es dans divers environnements, \u00e9vitant ainsi la rouille et l'usure.<\/li>\n\n\n\n<li>Fonction de tampon hydraulique : Le syst\u00e8me hydraulique interne permet une ouverture et une fermeture en douceur, sans bruit d'impact, et prolonge la dur\u00e9e de vie des panneaux de porte ; il convient donc \u00e0 l'utilisation de meubles \u00e0 haute fr\u00e9quence.<\/li>\n\n\n\n<li>Conception d'installation par encliquetage : \u00e9quip\u00e9e d'une conception d'encliquetage facile pour une installation rapide, aucun outil suppl\u00e9mentaire n'est n\u00e9cessaire, ce qui permet de gagner du temps lors de l'installation et convient \u00e0 la production \u00e0 grande \u00e9chelle et \u00e0 la demande en gros.<\/li>\n\n\n\n<li>Fonction de r\u00e9glage tridimensionnel : le r\u00e9glage tridimensionnel de la hauteur, de la profondeur et du d\u00e9calage est possible, ce qui garantit un arrimage parfait de la porte de l'armoire ainsi qu'une ouverture et une fermeture pr\u00e9cises de la porte pour une plus grande souplesse d'installation.<\/li>\n\n\n\n<li>Aspect \u00e0 la mode : Le style minimaliste \u00e0 la mode s'adapte parfaitement \u00e0 tous les styles d'int\u00e9rieur et conf\u00e8re un charme esth\u00e9tique unique aux meubles.<\/li>\n\n\n\n<li>Achat en gros : Convient aux besoins d'achat en gros, de solutions d'accessoires fiables et de haute qualit\u00e9 pour les fabricants de meubles et les entreprises de d\u00e9coration.<\/li>\n<\/ul>\n<\/div>\n\n\n\n<div class=\"wp-block-column is-layout-flow wp-block-column-is-layout-flow\">\n<figure class=\"wp-block-image size-full\"><img decoding=\"async\" width=\"1200\" height=\"1200\" src=\"https:\/\/www.baoertaihardware.com\/wp-content\/uploads\/2024\/12\/Stainless-Steel-Cabinet-Hinges-Bulk-828-1.webp\" alt=\"Charni\u00e8res d&#039;armoire en acier inoxydable Bulk-828 (1)\" class=\"wp-image-966\" srcset=\"https:\/\/www.baoertaihardware.com\/wp-content\/uploads\/2024\/12\/Stainless-Steel-Cabinet-Hinges-Bulk-828-1.webp 1200w, https:\/\/www.baoertaihardware.com\/wp-content\/uploads\/2024\/12\/Stainless-Steel-Cabinet-Hinges-Bulk-828-1-300x300.webp 300w, https:\/\/www.baoertaihardware.com\/wp-content\/uploads\/2024\/12\/Stainless-Steel-Cabinet-Hinges-Bulk-828-1-150x150.webp 150w, https:\/\/www.baoertaihardware.com\/wp-content\/uploads\/2024\/12\/Stainless-Steel-Cabinet-Hinges-Bulk-828-1-768x768.webp 768w, https:\/\/www.baoertaihardware.com\/wp-content\/uploads\/2024\/12\/Stainless-Steel-Cabinet-Hinges-Bulk-828-1-600x600.webp 600w, https:\/\/www.baoertaihardware.com\/wp-content\/uploads\/2024\/12\/Stainless-Steel-Cabinet-Hinges-Bulk-828-1-100x100.webp 100w\" sizes=\"(max-width: 1200px) 100vw, 1200px\" \/><\/figure>\n<\/div>\n<\/div>\n\n\n\n<p><\/p>","protected":false},"excerpt":{"rendered":"<p>Nous proposons des charni\u00e8res d'armoire en acier inoxydable de haute qualit\u00e9, con\u00e7ues pour les meubles haut de gamme et dot\u00e9es d'une r\u00e9sistance sup\u00e9rieure \u00e0 la corrosion et d'une grande long\u00e9vit\u00e9. Nos solutions de vente en gros de charni\u00e8res hydrauliques avec syst\u00e8me d'amortissement hydraulique garantissent une ouverture et une fermeture en douceur et silencieuses des portes d'armoires et sont faciles \u00e0 installer pour les besoins d'achat en gros. Qu'il s'agisse d'un projet domestique ou commercial, nos produits de charni\u00e8res r\u00e9pondront \u00e0 vos exigences \u00e9lev\u00e9es.<\/p>\n<h3>Sp\u00e9cifications des charni\u00e8res d'armoire en acier inoxydable<\/h3>\n<ul>\n<li><strong>Num\u00e9ro de mod\u00e8le<\/strong>:822B(Noir)<\/li>\n<li><strong>Mat\u00e9riau<\/strong>: Acier inoxydable<\/li>\n<li><strong>Diam\u00e8tre de la coupelle<\/strong>: 35mm<\/li>\n<li><strong>Centres des trous<\/strong>: 48mm<\/li>\n<li><strong>Finition des charni\u00e8res<\/strong>: Nickel\u00e9<\/li>\n<li><strong>Poids<\/strong>:100g\/pcs<\/li>\n<li><strong>Application<\/strong>: bureau \u00e0 domicile, salon, chambre \u00e0 coucher, h\u00f4tel, villa, appartement<\/li>\n<\/ul>\n<p><strong>Cat\u00e9gorie<\/strong>:\u00a0<a href=\"https:\/\/www.baoertaihardware.com\/fr\/categorie-produit\/cabinet-hinges-wholesale\/\">Charni\u00e8res d'armoires<\/a><\/p>\n<p><strong>Tags<\/strong>charni\u00e8re \u00e0 clipser, charni\u00e8re \u00e0 angle sp\u00e9cial, charni\u00e8re \u00e0 fermeture souple, charni\u00e8re en acier inoxydable<\/p>\n<p>&nbsp;<\/p>","protected":false},"featured_media":969,"comment_status":"closed","ping_status":"closed","template":"","meta":{"_acf_changed":false},"product_brand":[],"product_cat":[21],"product_tag":[],"class_list":{"0":"post-965","1":"product","2":"type-product","3":"status-publish","4":"has-post-thumbnail","6":"product_cat-cabinet-hinges-wholesale","8":"first","9":"instock","10":"shipping-taxable","11":"product-type-simple"},"acf":[],"_links":{"self":[{"href":"https:\/\/www.baoertaihardware.com\/fr\/wp-json\/wp\/v2\/product\/965","targetHints":{"allow":["GET"]}}],"collection":[{"href":"https:\/\/www.baoertaihardware.com\/fr\/wp-json\/wp\/v2\/product"}],"about":[{"href":"https:\/\/www.baoertaihardware.com\/fr\/wp-json\/wp\/v2\/types\/product"}],"replies":[{"embeddable":true,"href":"https:\/\/www.baoertaihardware.com\/fr\/wp-json\/wp\/v2\/comments?post=965"}],"wp:featuredmedia":[{"embeddable":true,"href":"https:\/\/www.baoertaihardware.com\/fr\/wp-json\/wp\/v2\/media\/969"}],"wp:attachment":[{"href":"https:\/\/www.baoertaihardware.com\/fr\/wp-json\/wp\/v2\/media?parent=965"}],"wp:term":[{"taxonomy":"product_brand","embeddable":true,"href":"https:\/\/www.baoertaihardware.com\/fr\/wp-json\/wp\/v2\/product_brand?post=965"},{"taxonomy":"product_cat","embeddable":true,"href":"https:\/\/www.baoertaihardware.com\/fr\/wp-json\/wp\/v2\/product_cat?post=965"},{"taxonomy":"product_tag","embeddable":true,"href":"https:\/\/www.baoertaihardware.com\/fr\/wp-json\/wp\/v2\/product_tag?post=965"}],"curies":[{"name":"wp","href":"https:\/\/api.w.org\/{rel}","templated":true}]}}