{"id":951,"date":"2024-12-08T17:15:28","date_gmt":"2024-12-08T17:15:28","guid":{"rendered":"https:\/\/www.baoertaihardware.com\/?post_type=product&#038;p=951"},"modified":"2024-12-08T17:15:29","modified_gmt":"2024-12-08T17:15:29","slug":"custom-hydraulic-hinge-3d-clip-on","status":"publish","type":"product","link":"https:\/\/www.baoertaihardware.com\/fr\/produit\/custom-hydraulic-hinge-3d-clip-on\/","title":{"rendered":"Charni\u00e8res hydrauliques personnalis\u00e9es, charni\u00e8res 3D \u00e0 clipser pour armoires noires"},"content":{"rendered":"<div class=\"wp-block-columns is-layout-flex wp-container-core-columns-is-layout-9d6595d7 wp-block-columns-is-layout-flex\">\n<div class=\"wp-block-column is-layout-flow wp-block-column-is-layout-flow\">\n<h3 class=\"wp-block-heading\">Caract\u00e9ristiques des charni\u00e8res hydrauliques en vrac<\/h3>\n\n\n\n<ul class=\"wp-block-list\">\n<li><strong>Ajustement tridimensionnel<\/strong>: R\u00e9glage tridimensionnel de la hauteur, de la profondeur et du d\u00e9calage pour un alignement parfait du panneau de porte avec le meuble et une installation pr\u00e9cise.<\/li>\n\n\n\n<li><strong>Tampon hydraulique<\/strong>: Dispositif hydraulique int\u00e9gr\u00e9 pour une ouverture et une fermeture en douceur et silencieuse de la porte, sans impact, pour une dur\u00e9e de vie plus longue.<\/li>\n\n\n\n<li><strong>Installation facile<\/strong>: La conception encliquetable permet une installation et un retrait rapides, sans outils, sans temps et sans frais.<\/li>\n\n\n\n<li><strong>Mat\u00e9riau durable<\/strong>: Fabriqu\u00e9 en acier de haute qualit\u00e9, r\u00e9sistant \u00e0 la rouille et \u00e0 l'usure, il convient \u00e0 une utilisation \u00e0 long terme.<\/li>\n\n\n\n<li><strong>Aspect \u00e9l\u00e9gant<\/strong>Le design du rev\u00eatement noir, moderne et simple, s'adapte \u00e0 tous les styles d'int\u00e9rieur.<\/li>\n\n\n\n<li><strong>Largement applicable<\/strong>: Convient pour la cuisine, la salle de bain, le bureau et d'autres meubles, en particulier pour les armoires et les placards haut de gamme.<\/li>\n\n\n\n<li><strong>S\u00e9curit\u00e9 \u00e9lev\u00e9e<\/strong>Le syst\u00e8me de fermeture de la porte : emp\u00eache la fermeture soudaine de la porte, assure la s\u00e9curit\u00e9 de l'utilisation et permet un usage familial.<\/li>\n\n\n\n<li><strong>Service personnalis\u00e9<\/strong>Les dimensions et la conception peuvent \u00eatre personnalis\u00e9es pour r\u00e9pondre aux besoins de diff\u00e9rents projets.<\/li>\n<\/ul>\n<\/div>\n\n\n\n<div class=\"wp-block-column is-layout-flow wp-block-column-is-layout-flow\">\n<figure class=\"wp-block-image size-full\"><img decoding=\"async\" width=\"1200\" height=\"1200\" src=\"https:\/\/www.baoertaihardware.com\/wp-content\/uploads\/2024\/12\/Custom-Hydraulic-Hinge-black-cabinet-hinges-822B-1.webp\" alt=\"Charni\u00e8re hydraulique personnalis\u00e9e-charni\u00e8res d&#039;armoire noires-822B (1)\" class=\"wp-image-952\" srcset=\"https:\/\/www.baoertaihardware.com\/wp-content\/uploads\/2024\/12\/Custom-Hydraulic-Hinge-black-cabinet-hinges-822B-1.webp 1200w, https:\/\/www.baoertaihardware.com\/wp-content\/uploads\/2024\/12\/Custom-Hydraulic-Hinge-black-cabinet-hinges-822B-1-300x300.webp 300w, https:\/\/www.baoertaihardware.com\/wp-content\/uploads\/2024\/12\/Custom-Hydraulic-Hinge-black-cabinet-hinges-822B-1-150x150.webp 150w, https:\/\/www.baoertaihardware.com\/wp-content\/uploads\/2024\/12\/Custom-Hydraulic-Hinge-black-cabinet-hinges-822B-1-768x768.webp 768w, https:\/\/www.baoertaihardware.com\/wp-content\/uploads\/2024\/12\/Custom-Hydraulic-Hinge-black-cabinet-hinges-822B-1-600x600.webp 600w, https:\/\/www.baoertaihardware.com\/wp-content\/uploads\/2024\/12\/Custom-Hydraulic-Hinge-black-cabinet-hinges-822B-1-100x100.webp 100w\" sizes=\"(max-width: 1200px) 100vw, 1200px\" \/><\/figure>\n<\/div>\n<\/div>\n\n\n\n<p><\/p>","protected":false},"excerpt":{"rendered":"<p>Nos charni\u00e8res hydrauliques sur mesure sont con\u00e7ues pour les meubles de maison et de bureau haut de gamme. Les charni\u00e8res d'armoire noires sont r\u00e9glables en trois dimensions pour garantir un alignement pr\u00e9cis et une installation facile. Le syst\u00e8me d'amortissement hydraulique assure une ouverture et une fermeture en douceur et silencieuse. Le mat\u00e9riau durable et r\u00e9sistant \u00e0 la rouille garantit une utilisation \u00e0 long terme sans crainte d'endommagement ou de corrosion. L'ext\u00e9rieur noir moderne et minimaliste s'adapte \u00e0 une vari\u00e9t\u00e9 de styles de d\u00e9coration int\u00e9rieure et est id\u00e9al pour vos projets d'ameublement.<\/p>\n<h3>Sp\u00e9cifications de la charni\u00e8re hydraulique 3D \u00e0 clipser<\/h3>\n<ul>\n<li><strong>Num\u00e9ro de mod\u00e8le<\/strong>:822B(Noir)<\/li>\n<li><strong>Mat\u00e9riau<\/strong>: Fer\/Acier inoxydable<\/li>\n<li><strong>Diam\u00e8tre de la coupelle<\/strong>: 35mm<\/li>\n<li><strong>Centres des trous<\/strong>: 48mm\/52mm<\/li>\n<li><strong>Finition des charni\u00e8res<\/strong>: Nickel\u00e9<\/li>\n<li><strong>Poids<\/strong>:125g\/pcs<\/li>\n<li><strong>Application<\/strong>: bureau \u00e0 domicile, salon, chambre \u00e0 coucher, h\u00f4tel, villa, appartement<\/li>\n<\/ul>\n<p><strong>Cat\u00e9gorie<\/strong>:\u00a0<a href=\"https:\/\/www.baoertaihardware.com\/fr\/categorie-produit\/cabinet-hinges-wholesale\/\">Charni\u00e8res d'armoires<\/a><\/p>\n<p><strong>Tags<\/strong>charni\u00e8re \u00e0 clipser, charni\u00e8re \u00e0 angle sp\u00e9cial, charni\u00e8re \u00e0 fermeture souple, charni\u00e8re hydraulique cach\u00e9e<\/p>\n<p>&nbsp;<\/p>","protected":false},"featured_media":953,"comment_status":"closed","ping_status":"closed","template":"","meta":{"_acf_changed":false},"product_brand":[],"product_cat":[21],"product_tag":[],"class_list":{"0":"post-951","1":"product","2":"type-product","3":"status-publish","4":"has-post-thumbnail","6":"product_cat-cabinet-hinges-wholesale","8":"first","9":"instock","10":"shipping-taxable","11":"product-type-simple"},"acf":[],"_links":{"self":[{"href":"https:\/\/www.baoertaihardware.com\/fr\/wp-json\/wp\/v2\/product\/951","targetHints":{"allow":["GET"]}}],"collection":[{"href":"https:\/\/www.baoertaihardware.com\/fr\/wp-json\/wp\/v2\/product"}],"about":[{"href":"https:\/\/www.baoertaihardware.com\/fr\/wp-json\/wp\/v2\/types\/product"}],"replies":[{"embeddable":true,"href":"https:\/\/www.baoertaihardware.com\/fr\/wp-json\/wp\/v2\/comments?post=951"}],"wp:featuredmedia":[{"embeddable":true,"href":"https:\/\/www.baoertaihardware.com\/fr\/wp-json\/wp\/v2\/media\/953"}],"wp:attachment":[{"href":"https:\/\/www.baoertaihardware.com\/fr\/wp-json\/wp\/v2\/media?parent=951"}],"wp:term":[{"taxonomy":"product_brand","embeddable":true,"href":"https:\/\/www.baoertaihardware.com\/fr\/wp-json\/wp\/v2\/product_brand?post=951"},{"taxonomy":"product_cat","embeddable":true,"href":"https:\/\/www.baoertaihardware.com\/fr\/wp-json\/wp\/v2\/product_cat?post=951"},{"taxonomy":"product_tag","embeddable":true,"href":"https:\/\/www.baoertaihardware.com\/fr\/wp-json\/wp\/v2\/product_tag?post=951"}],"curies":[{"name":"wp","href":"https:\/\/api.w.org\/{rel}","templated":true}]}}