{"id":940,"date":"2024-12-06T10:28:42","date_gmt":"2024-12-06T10:28:42","guid":{"rendered":"https:\/\/www.baoertaihardware.com\/?post_type=product&#038;p=940"},"modified":"2024-12-06T10:28:42","modified_gmt":"2024-12-06T10:28:42","slug":"3d-clip-on-soft-close-hinges-bulk","status":"publish","type":"product","link":"https:\/\/www.baoertaihardware.com\/fr\/produit\/3d-clip-on-soft-close-hinges-bulk\/","title":{"rendered":"3D Clip On Soft Close Hinges , charni\u00e8res hydrauliques pour armoires Fournisseur - 822B"},"content":{"rendered":"<div class=\"wp-block-columns is-layout-flex wp-container-core-columns-is-layout-9d6595d7 wp-block-columns-is-layout-flex\">\n<div class=\"wp-block-column is-layout-flow wp-block-column-is-layout-flow\">\n<h3 class=\"wp-block-heading\">Caract\u00e9ristiques des charni\u00e8res Custom 3D Clip On Soft Close<\/h3>\n\n\n\n<ul class=\"wp-block-list\">\n<li><strong>Hydraulique de fermeture en douceur<\/strong>: Il s'agit d'un m\u00e9canisme de fermeture enti\u00e8rement souple et doux qui \u00e9limine tout claquement, garantissant un mouvement de porte silencieux et contr\u00f4l\u00e9.<\/li>\n\n\n\n<li><strong>Ouverture au coin z\u00e9ro<\/strong>: Cette charni\u00e8re hydraulique s'ouvre \u00e0 angle z\u00e9ro, offrant un acc\u00e8s maximal aux surfaces internes de l'armoire et un profil moderne et \u00e9l\u00e9gant.<\/li>\n\n\n\n<li><strong>Performances \u00e9lev\u00e9es<\/strong>: Gr\u00e2ce \u00e0 son syst\u00e8me hydraulique puissant, cette charni\u00e8re est parfaite pour maintenir des portes d'armoires lourdes ou de grande taille et est construite pour durer.<\/li>\n\n\n\n<li><strong>Installation par glissement<\/strong>: Simplifie l'installation pour les commandes en gros et maximise la commodit\u00e9 gr\u00e2ce \u00e0 une installation facile \u00e0 glisser.<\/li>\n\n\n\n<li><strong>Stabilit\u00e9 sup\u00e9rieure<\/strong>: La charni\u00e8re offre une performance stable et durable, m\u00eame en cas d'utilisation intensive, gr\u00e2ce \u00e0 sa forte capacit\u00e9 de charge.<\/li>\n\n\n\n<li><strong>Utilisation polyvalente<\/strong>: Tr\u00e8s utile pour une finition haut de gamme dans les cuisines, les salles de bains et les armoires, permettant une finition exclusive et professionnelle pour de nombreux types d'armoires.<\/li>\n<\/ul>\n<\/div>\n\n\n\n<div class=\"wp-block-column is-layout-flow wp-block-column-is-layout-flow\">\n<figure class=\"wp-block-image size-full\"><img decoding=\"async\" width=\"1200\" height=\"1200\" src=\"https:\/\/www.baoertaihardware.com\/wp-content\/uploads\/2024\/12\/3D-Clip-On-Soft-Close-Hinges-Supplier-1.webp\" alt=\"3D Clip On Soft Close Hinges Supplier (1)\" class=\"wp-image-941\" srcset=\"https:\/\/www.baoertaihardware.com\/wp-content\/uploads\/2024\/12\/3D-Clip-On-Soft-Close-Hinges-Supplier-1.webp 1200w, https:\/\/www.baoertaihardware.com\/wp-content\/uploads\/2024\/12\/3D-Clip-On-Soft-Close-Hinges-Supplier-1-300x300.webp 300w, https:\/\/www.baoertaihardware.com\/wp-content\/uploads\/2024\/12\/3D-Clip-On-Soft-Close-Hinges-Supplier-1-150x150.webp 150w, https:\/\/www.baoertaihardware.com\/wp-content\/uploads\/2024\/12\/3D-Clip-On-Soft-Close-Hinges-Supplier-1-768x768.webp 768w, https:\/\/www.baoertaihardware.com\/wp-content\/uploads\/2024\/12\/3D-Clip-On-Soft-Close-Hinges-Supplier-1-600x600.webp 600w, https:\/\/www.baoertaihardware.com\/wp-content\/uploads\/2024\/12\/3D-Clip-On-Soft-Close-Hinges-Supplier-1-100x100.webp 100w\" sizes=\"(max-width: 1200px) 100vw, 1200px\" \/><\/figure>\n<\/div>\n<\/div>\n\n\n\n<p><\/p>","protected":false},"excerpt":{"rendered":"<p>Les charni\u00e8res hydrauliques d'armoire de haute qualit\u00e9 avec fonctions de fermeture en douceur int\u00e9gr\u00e9es permettent une installation rapide pour les applications \u00e0 couverture totale, \u00e0 demi-couverture et encastr\u00e9es, id\u00e9ales pour les charni\u00e8res d'armoire sur mesure, avec possibilit\u00e9 de personnalisation pour r\u00e9pondre \u00e0 un large \u00e9ventail de besoins.<\/p>\n<h3>Sp\u00e9cifications des charni\u00e8res 3D \u00e0 clipser \u00e0 fermeture douce<\/h3>\n<ul>\n<li><strong>Num\u00e9ro de mod\u00e8le<\/strong>:822B<\/li>\n<li><strong>Mat\u00e9riau<\/strong>: Fer<\/li>\n<li><strong>\u00c9paisseur<\/strong>:15-18mm<\/li>\n<li><strong>Diam\u00e8tre de la coupelle<\/strong>: 35mm<\/li>\n<li><strong>Centres des trous<\/strong>: 48mm<\/li>\n<li><strong>Ouverture d'un dipl\u00f4me<\/strong>:165\u00b0<\/li>\n<li><strong>Finition des charni\u00e8res<\/strong>: Nickel\u00e9<\/li>\n<li><strong>Poids<\/strong>:174g\/pcs<\/li>\n<li><strong>Application<\/strong>: bureau \u00e0 domicile, salon, chambre \u00e0 coucher, h\u00f4tel, villa, appartement<\/li>\n<\/ul>\n<p><strong>Cat\u00e9gorie<\/strong>:\u00a0<a href=\"https:\/\/www.baoertaihardware.com\/fr\/categorie-produit\/cabinet-hinges-wholesale\/\">Charni\u00e8res d'armoires<\/a><\/p>\n<p><strong>Tags<\/strong>charni\u00e8re \u00e0 clipser, charni\u00e8re \u00e0 angle sp\u00e9cial, charni\u00e8re \u00e0 fermeture souple, charni\u00e8re hydraulique cach\u00e9e<\/p>","protected":false},"featured_media":942,"comment_status":"closed","ping_status":"closed","template":"","meta":{"_acf_changed":false},"product_brand":[],"product_cat":[21],"product_tag":[],"class_list":{"0":"post-940","1":"product","2":"type-product","3":"status-publish","4":"has-post-thumbnail","6":"product_cat-cabinet-hinges-wholesale","8":"first","9":"instock","10":"shipping-taxable","11":"product-type-simple"},"acf":[],"_links":{"self":[{"href":"https:\/\/www.baoertaihardware.com\/fr\/wp-json\/wp\/v2\/product\/940","targetHints":{"allow":["GET"]}}],"collection":[{"href":"https:\/\/www.baoertaihardware.com\/fr\/wp-json\/wp\/v2\/product"}],"about":[{"href":"https:\/\/www.baoertaihardware.com\/fr\/wp-json\/wp\/v2\/types\/product"}],"replies":[{"embeddable":true,"href":"https:\/\/www.baoertaihardware.com\/fr\/wp-json\/wp\/v2\/comments?post=940"}],"wp:featuredmedia":[{"embeddable":true,"href":"https:\/\/www.baoertaihardware.com\/fr\/wp-json\/wp\/v2\/media\/942"}],"wp:attachment":[{"href":"https:\/\/www.baoertaihardware.com\/fr\/wp-json\/wp\/v2\/media?parent=940"}],"wp:term":[{"taxonomy":"product_brand","embeddable":true,"href":"https:\/\/www.baoertaihardware.com\/fr\/wp-json\/wp\/v2\/product_brand?post=940"},{"taxonomy":"product_cat","embeddable":true,"href":"https:\/\/www.baoertaihardware.com\/fr\/wp-json\/wp\/v2\/product_cat?post=940"},{"taxonomy":"product_tag","embeddable":true,"href":"https:\/\/www.baoertaihardware.com\/fr\/wp-json\/wp\/v2\/product_tag?post=940"}],"curies":[{"name":"wp","href":"https:\/\/api.w.org\/{rel}","templated":true}]}}