{"id":897,"date":"2024-11-28T06:29:50","date_gmt":"2024-11-28T06:29:50","guid":{"rendered":"https:\/\/www.baoertaihardware.com\/?post_type=product&#038;p=897"},"modified":"2024-11-28T06:29:50","modified_gmt":"2024-11-28T06:29:50","slug":"bulk-hydraulic-hinge-for-cabinets","status":"publish","type":"product","link":"https:\/\/www.baoertaihardware.com\/fr\/produit\/bulk-hydraulic-hinge-for-cabinets\/","title":{"rendered":"Charni\u00e8re hydraulique coulissante \u00e0 deux voies pour armoires en vrac - 810T"},"content":{"rendered":"<div class=\"wp-block-columns is-layout-flex wp-container-core-columns-is-layout-9d6595d7 wp-block-columns-is-layout-flex\">\n<div class=\"wp-block-column is-layout-flow wp-block-column-is-layout-flow\">\n<h3 class=\"wp-block-heading\">Caract\u00e9ristiques de la charni\u00e8re hydraulique sur mesure pour armoires<\/h3>\n\n\n\n<ul class=\"wp-block-list\">\n<li><strong>Hydraulique de fermeture en douceur<\/strong>: Il s'agit d'un m\u00e9canisme de fermeture enti\u00e8rement souple et doux qui \u00e9limine tout claquement, garantissant un mouvement de porte silencieux et contr\u00f4l\u00e9.<\/li>\n\n\n\n<li><strong>Ouverture au coin z\u00e9ro<\/strong>: Cette charni\u00e8re hydraulique s'ouvre \u00e0 angle z\u00e9ro, offrant un acc\u00e8s maximal aux surfaces internes de l'armoire et un profil moderne et \u00e9l\u00e9gant.<\/li>\n\n\n\n<li><strong>Performances \u00e9lev\u00e9es<\/strong>: Gr\u00e2ce \u00e0 son syst\u00e8me hydraulique puissant, cette charni\u00e8re est parfaite pour maintenir des portes d'armoires lourdes ou de grande taille et est construite pour durer.<\/li>\n\n\n\n<li><strong>Installation par glissement<\/strong>: Simplifie l'installation pour les commandes en gros et maximise la commodit\u00e9 gr\u00e2ce \u00e0 une installation facile \u00e0 glisser.<\/li>\n\n\n\n<li><strong>Stabilit\u00e9 sup\u00e9rieure<\/strong>: La charni\u00e8re offre une performance stable et durable, m\u00eame en cas d'utilisation intensive, gr\u00e2ce \u00e0 sa forte capacit\u00e9 de charge.<\/li>\n\n\n\n<li><strong>Utilisation polyvalente<\/strong>: Tr\u00e8s utile pour une finition haut de gamme dans les cuisines, les salles de bains et les armoires, permettant une finition exclusive et professionnelle pour de nombreux types d'armoires.<\/li>\n<\/ul>\n<\/div>\n\n\n\n<div class=\"wp-block-column is-layout-flow wp-block-column-is-layout-flow\">\n<figure class=\"wp-block-image size-full\"><img decoding=\"async\" width=\"1200\" height=\"1200\" src=\"https:\/\/www.baoertaihardware.com\/wp-content\/uploads\/2024\/11\/Hydraulic-Hinge-for-Cabinets-wholesale-810T-6.webp\" alt=\"Charni\u00e8re hydraulique pour armoires grossiste fournisseur - 810T (6)\" class=\"wp-image-903\" srcset=\"https:\/\/www.baoertaihardware.com\/wp-content\/uploads\/2024\/11\/Hydraulic-Hinge-for-Cabinets-wholesale-810T-6.webp 1200w, https:\/\/www.baoertaihardware.com\/wp-content\/uploads\/2024\/11\/Hydraulic-Hinge-for-Cabinets-wholesale-810T-6-300x300.webp 300w, https:\/\/www.baoertaihardware.com\/wp-content\/uploads\/2024\/11\/Hydraulic-Hinge-for-Cabinets-wholesale-810T-6-150x150.webp 150w, https:\/\/www.baoertaihardware.com\/wp-content\/uploads\/2024\/11\/Hydraulic-Hinge-for-Cabinets-wholesale-810T-6-768x768.webp 768w, https:\/\/www.baoertaihardware.com\/wp-content\/uploads\/2024\/11\/Hydraulic-Hinge-for-Cabinets-wholesale-810T-6-600x600.webp 600w, https:\/\/www.baoertaihardware.com\/wp-content\/uploads\/2024\/11\/Hydraulic-Hinge-for-Cabinets-wholesale-810T-6-100x100.webp 100w\" sizes=\"(max-width: 1200px) 100vw, 1200px\" \/><\/figure>\n<\/div>\n<\/div>","protected":false},"excerpt":{"rendered":"<p>La charni\u00e8re hydraulique 810T Black pour armoires offre une fonctionnalit\u00e9 de fermeture en douceur et une ouverture sans angle, parfaite pour les charni\u00e8res d'armoires personnalis\u00e9es qui exigent durabilit\u00e9 et pr\u00e9cision.<\/p>\n<h3>Sp\u00e9cifications de la charni\u00e8re hydraulique en vrac pour armoires<\/h3>\n<ul>\n<li><strong>Num\u00e9ro de mod\u00e8le<\/strong>:810HF<\/li>\n<li><strong>Mat\u00e9riau<\/strong>: Fer<\/li>\n<li><strong>\u00c9paisseur de la porte<\/strong>:18-26mm<\/li>\n<li><strong>Centres des trous<\/strong>: 48mm<\/li>\n<li><strong>Poids<\/strong>:95g\/pcs<\/li>\n<li><strong>Finition<\/strong>: Nickel\u00e9<\/li>\n<li><strong>Application<\/strong>: bureau \u00e0 domicile, salon, chambre \u00e0 coucher, h\u00f4tel, villa, appartement<\/li>\n<\/ul>\n<p><strong>Cat\u00e9gorie<\/strong>:\u00a0<a href=\"https:\/\/www.baoertaihardware.com\/fr\/categorie-produit\/cabinet-hinges-wholesale\/\">Charni\u00e8res d'armoires<\/a><\/p>\n<p><strong>Tags<\/strong>charni\u00e8res : charni\u00e8res \u00e0 glissi\u00e8re, charni\u00e8res \u00e0 amortissement, charni\u00e8res hydrauliques, r\u00e9glage des charni\u00e8res d'armoires<\/p>","protected":false},"featured_media":902,"comment_status":"closed","ping_status":"closed","template":"","meta":{"_acf_changed":false},"product_brand":[],"product_cat":[21],"product_tag":[],"class_list":{"0":"post-897","1":"product","2":"type-product","3":"status-publish","4":"has-post-thumbnail","6":"product_cat-cabinet-hinges-wholesale","8":"first","9":"instock","10":"shipping-taxable","11":"product-type-simple"},"acf":[],"_links":{"self":[{"href":"https:\/\/www.baoertaihardware.com\/fr\/wp-json\/wp\/v2\/product\/897","targetHints":{"allow":["GET"]}}],"collection":[{"href":"https:\/\/www.baoertaihardware.com\/fr\/wp-json\/wp\/v2\/product"}],"about":[{"href":"https:\/\/www.baoertaihardware.com\/fr\/wp-json\/wp\/v2\/types\/product"}],"replies":[{"embeddable":true,"href":"https:\/\/www.baoertaihardware.com\/fr\/wp-json\/wp\/v2\/comments?post=897"}],"wp:featuredmedia":[{"embeddable":true,"href":"https:\/\/www.baoertaihardware.com\/fr\/wp-json\/wp\/v2\/media\/902"}],"wp:attachment":[{"href":"https:\/\/www.baoertaihardware.com\/fr\/wp-json\/wp\/v2\/media?parent=897"}],"wp:term":[{"taxonomy":"product_brand","embeddable":true,"href":"https:\/\/www.baoertaihardware.com\/fr\/wp-json\/wp\/v2\/product_brand?post=897"},{"taxonomy":"product_cat","embeddable":true,"href":"https:\/\/www.baoertaihardware.com\/fr\/wp-json\/wp\/v2\/product_cat?post=897"},{"taxonomy":"product_tag","embeddable":true,"href":"https:\/\/www.baoertaihardware.com\/fr\/wp-json\/wp\/v2\/product_tag?post=897"}],"curies":[{"name":"wp","href":"https:\/\/api.w.org\/{rel}","templated":true}]}}