{"id":882,"date":"2024-11-28T02:44:27","date_gmt":"2024-11-28T02:44:27","guid":{"rendered":"https:\/\/www.baoertaihardware.com\/?post_type=product&#038;p=882"},"modified":"2024-11-28T02:54:56","modified_gmt":"2024-11-28T02:54:56","slug":"push-to-open-hinges-manufacturer","status":"publish","type":"product","link":"https:\/\/www.baoertaihardware.com\/fr\/produit\/push-to-open-hinges-manufacturer\/","title":{"rendered":"Charni\u00e8res \u00e0 pousser pour ouvrir, charni\u00e8res hydrauliques pour armoires, syst\u00e8mes de glissi\u00e8res - 810HF"},"content":{"rendered":"<div class=\"wp-block-columns is-layout-flex wp-container-core-columns-is-layout-9d6595d7 wp-block-columns-is-layout-flex\">\n<div class=\"wp-block-column is-layout-flow wp-block-column-is-layout-flow\">\n<h3 class=\"wp-block-heading\">Caract\u00e9ristiques des charni\u00e8res Push to Open, charni\u00e8res hydrauliques pour armoires<\/h3>\n\n\n\n<ul class=\"wp-block-list\">\n<li><strong>Ouverture pratique sans poign\u00e9e<\/strong>: L'ensemble du meuble devient \u00e9l\u00e9gant et moderne gr\u00e2ce \u00e0 la fa\u00e7on dont il s'ouvre d'une simple pression.<\/li>\n\n\n\n<li><strong>Noir Gunmetal Apparence<\/strong>Le traitement de surface noir gunmetal exquis ajoute un effet visuel haut de gamme et \u00e0 la mode \u00e0 vos meubles.<\/li>\n\n\n\n<li><strong>Technologie des tampons hydrauliques :<\/strong> Les charni\u00e8res push-to-open adoptent un syst\u00e8me de tampon hydraulique avanc\u00e9 pour garantir une fermeture en douceur et silencieuse de la porte de l'armoire, en \u00e9vitant les bruits d'impact.<\/li>\n\n\n\n<li><strong>Capacit\u00e9 de chargement<\/strong>: Conception r\u00e9sistante, adapt\u00e9e \u00e0 tous les types de panneaux de porte \u00e9pais et lourds, garantissant une utilisation stable \u00e0 long terme.<\/li>\n\n\n\n<li><strong>Coulisseau \u00e0 extension totale<\/strong>: Le mod\u00e8le 100% \u00e0 extension compl\u00e8te offre un espace de rangement maximal pour un acc\u00e8s facile aux objets.<\/li>\n\n\n\n<li><strong>Fonctionnement silencieux<\/strong>: Les glissi\u00e8res et les charni\u00e8res con\u00e7ues avec pr\u00e9cision garantissent un glissement silencieux et en douceur pour am\u00e9liorer l'exp\u00e9rience d'utilisation.<\/li>\n\n\n\n<li><strong>Facilit\u00e9 d'installation et possibilit\u00e9 de d\u00e9bloquer des capacit\u00e9s personnalis\u00e9es<\/strong>: Fournir des services personnalis\u00e9s flexibles pour r\u00e9pondre aux besoins de diff\u00e9rentes \u00e9paisseurs, tailles et styles, et sont faciles \u00e0 installer et adapt\u00e9s \u00e0 une vari\u00e9t\u00e9 de styles d'habitation.<\/li>\n<\/ul>\n<\/div>\n\n\n\n<div class=\"wp-block-column is-layout-flow wp-block-column-is-layout-flow\">\n<figure class=\"wp-block-image size-full\"><img decoding=\"async\" width=\"1200\" height=\"1200\" src=\"https:\/\/www.baoertaihardware.com\/wp-content\/uploads\/2024\/11\/Custom-Push-to-Open-Hinges-wholesale-810HF-1.webp\" alt=\"Charni\u00e8res Push to Open sur mesure - grossiste - 810HF (1)\" class=\"wp-image-892\" srcset=\"https:\/\/www.baoertaihardware.com\/wp-content\/uploads\/2024\/11\/Custom-Push-to-Open-Hinges-wholesale-810HF-1.webp 1200w, https:\/\/www.baoertaihardware.com\/wp-content\/uploads\/2024\/11\/Custom-Push-to-Open-Hinges-wholesale-810HF-1-300x300.webp 300w, https:\/\/www.baoertaihardware.com\/wp-content\/uploads\/2024\/11\/Custom-Push-to-Open-Hinges-wholesale-810HF-1-150x150.webp 150w, https:\/\/www.baoertaihardware.com\/wp-content\/uploads\/2024\/11\/Custom-Push-to-Open-Hinges-wholesale-810HF-1-768x768.webp 768w, https:\/\/www.baoertaihardware.com\/wp-content\/uploads\/2024\/11\/Custom-Push-to-Open-Hinges-wholesale-810HF-1-600x600.webp 600w, https:\/\/www.baoertaihardware.com\/wp-content\/uploads\/2024\/11\/Custom-Push-to-Open-Hinges-wholesale-810HF-1-100x100.webp 100w\" sizes=\"(max-width: 1200px) 100vw, 1200px\" \/><\/figure>\n<\/div>\n<\/div>\n\n\n\n<p><\/p>","protected":false},"excerpt":{"rendered":"<p>Ce syst\u00e8me de charni\u00e8res \u00e0 pousser pour ouvrir combine la technologie de l'amortissement hydraulique avec une finition en noir canon. Nos charni\u00e8res d'armoire noires sont con\u00e7ues avec une forte capacit\u00e9 de charge pour accueillir des panneaux de porte lourds et des glissi\u00e8res 100% \u00e0 extension compl\u00e8te pour am\u00e9liorer l'utilisation de l'espace. Qu'il s'agisse d'une cuisine, d'une salle de bains ou d'un placard, elles peuvent offrir une exp\u00e9rience fluide, durable et esth\u00e9tique, r\u00e9pondant parfaitement aux besoins de personnalisation haut de gamme.<\/p>\n<h3>Sp\u00e9cifications des charni\u00e8res Push to Open en vrac<\/h3>\n<ul>\n<li><strong>Num\u00e9ro de mod\u00e8le<\/strong>:810HF<\/li>\n<li><strong>Mat\u00e9riau<\/strong>: Fer<\/li>\n<li><strong>\u00c9paisseur de la porte<\/strong>:18-26mm<\/li>\n<li><strong>Centres des trous<\/strong>: 48mm<\/li>\n<li><strong>Poids<\/strong>:100g\/pcs<\/li>\n<li><strong>Finition<\/strong>: Nickel\u00e9<\/li>\n<li><strong>Application<\/strong>: bureau \u00e0 domicile, salon, chambre \u00e0 coucher, h\u00f4tel, villa, appartement<\/li>\n<\/ul>\n<p><strong>Cat\u00e9gorie<\/strong>:\u00a0<a href=\"https:\/\/www.baoertaihardware.com\/fr\/categorie-produit\/cabinet-hinges-wholesale\/\">Charni\u00e8res d'armoires<\/a><\/p>\n<p><strong>Tags<\/strong>charni\u00e8res : charni\u00e8res \u00e0 glissi\u00e8re, charni\u00e8res \u00e0 fermeture douce, charni\u00e8res hydrauliques<\/p>","protected":false},"featured_media":893,"comment_status":"closed","ping_status":"closed","template":"","meta":{"_acf_changed":false},"product_brand":[],"product_cat":[21],"product_tag":[],"class_list":{"0":"post-882","1":"product","2":"type-product","3":"status-publish","4":"has-post-thumbnail","6":"product_cat-cabinet-hinges-wholesale","8":"first","9":"instock","10":"shipping-taxable","11":"product-type-simple"},"acf":[],"_links":{"self":[{"href":"https:\/\/www.baoertaihardware.com\/fr\/wp-json\/wp\/v2\/product\/882","targetHints":{"allow":["GET"]}}],"collection":[{"href":"https:\/\/www.baoertaihardware.com\/fr\/wp-json\/wp\/v2\/product"}],"about":[{"href":"https:\/\/www.baoertaihardware.com\/fr\/wp-json\/wp\/v2\/types\/product"}],"replies":[{"embeddable":true,"href":"https:\/\/www.baoertaihardware.com\/fr\/wp-json\/wp\/v2\/comments?post=882"}],"wp:featuredmedia":[{"embeddable":true,"href":"https:\/\/www.baoertaihardware.com\/fr\/wp-json\/wp\/v2\/media\/893"}],"wp:attachment":[{"href":"https:\/\/www.baoertaihardware.com\/fr\/wp-json\/wp\/v2\/media?parent=882"}],"wp:term":[{"taxonomy":"product_brand","embeddable":true,"href":"https:\/\/www.baoertaihardware.com\/fr\/wp-json\/wp\/v2\/product_brand?post=882"},{"taxonomy":"product_cat","embeddable":true,"href":"https:\/\/www.baoertaihardware.com\/fr\/wp-json\/wp\/v2\/product_cat?post=882"},{"taxonomy":"product_tag","embeddable":true,"href":"https:\/\/www.baoertaihardware.com\/fr\/wp-json\/wp\/v2\/product_tag?post=882"}],"curies":[{"name":"wp","href":"https:\/\/api.w.org\/{rel}","templated":true}]}}