{"id":875,"date":"2024-11-28T02:03:00","date_gmt":"2024-11-28T02:03:00","guid":{"rendered":"https:\/\/www.baoertaihardware.com\/?post_type=product&#038;p=875"},"modified":"2024-11-28T02:56:48","modified_gmt":"2024-11-28T02:56:48","slug":"push-open-cabinet-hinges-supplier","status":"publish","type":"product","link":"https:\/\/www.baoertaihardware.com\/fr\/produit\/push-open-cabinet-hinges-supplier\/","title":{"rendered":"Wholesale Push Open Cabinet Hinges , Slide-on Soft Closing Hydraulic Hinge - Model 810HF"},"content":{"rendered":"<div class=\"wp-block-columns is-layout-flex wp-container-core-columns-is-layout-9d6595d7 wp-block-columns-is-layout-flex\">\n<div class=\"wp-block-column is-layout-flow wp-block-column-is-layout-flow\">\n<h3 class=\"wp-block-heading\">Caract\u00e9ristiques des charni\u00e8res d'armoire Push Open en vrac<\/h3>\n\n\n\n<ul class=\"wp-block-list\">\n<li><strong>Pas de poign\u00e9es<\/strong>: Simple et facile \u00e0 ouvrir. Les portes s'ouvrent d'une simple pression, cr\u00e9ant un style minimaliste et contemporain, avec des charni\u00e8res de meuble \u00e0 ouverture par pouss\u00e9e et un loquet \u00e0 ouverture par pouss\u00e9e.<\/li>\n\n\n\n<li><strong>Fermeture souple, douce et silencieuse<\/strong>: se ferme et s'ouvre en douceur gr\u00e2ce \u00e0 une charni\u00e8re \u00e0 fermeture douce o\u00f9 la convergence se fait lentement, en rencontrant moins de coups et en r\u00e9duisant la tache de bruit \u00e0 l'int\u00e9rieur du meuble.<\/li>\n\n\n\n<li><strong>Syst\u00e8me hydraulique efficace pour une stabilit\u00e9 et une endurance \u00e9lev\u00e9es<\/strong>: La charni\u00e8re hydraulique - 810HF offre une ouverture et une fermeture en douceur, permettant une utilisation incessante et une grande durabilit\u00e9 de cette charni\u00e8re.<\/li>\n\n\n\n<li><strong>Approvisionnement en gros et livraison rapide<\/strong>: Les charni\u00e8res d'armoires \u00e0 ouverture forc\u00e9e sont disponibles en gros et en direct, et sont livr\u00e9es en temps voulu.<\/li>\n\n\n\n<li><strong>Tr\u00e8s utile - Meilleure qualit\u00e9<\/strong>: Il peut \u00eatre utilis\u00e9 dans les cuisines, les salles de bains, les placards et bien d'autres encore, afin d'am\u00e9liorer la qualit\u00e9 g\u00e9n\u00e9rale de la maison.<\/li>\n\n\n\n<li><strong>Installation facile sans ajustement d'outils<\/strong>Le syst\u00e8me : facile \u00e0 installer et les r\u00e9glages sans outils permettent de gagner du temps et de l'\u00e9nergie.<\/li>\n<\/ul>\n<\/div>\n\n\n\n<div class=\"wp-block-column is-layout-flow wp-block-column-is-layout-flow\">\n<figure class=\"wp-block-image size-full\"><img decoding=\"async\" width=\"1200\" height=\"1200\" src=\"https:\/\/www.baoertaihardware.com\/wp-content\/uploads\/2024\/11\/Wholesale-Push-Open-Cabinet-Hinges-supplier-810HF-1.webp\" alt=\"Wholesale Push Open Cabinet Hinges-supplier-810HF (1)\" class=\"wp-image-878\" srcset=\"https:\/\/www.baoertaihardware.com\/wp-content\/uploads\/2024\/11\/Wholesale-Push-Open-Cabinet-Hinges-supplier-810HF-1.webp 1200w, https:\/\/www.baoertaihardware.com\/wp-content\/uploads\/2024\/11\/Wholesale-Push-Open-Cabinet-Hinges-supplier-810HF-1-300x300.webp 300w, https:\/\/www.baoertaihardware.com\/wp-content\/uploads\/2024\/11\/Wholesale-Push-Open-Cabinet-Hinges-supplier-810HF-1-150x150.webp 150w, https:\/\/www.baoertaihardware.com\/wp-content\/uploads\/2024\/11\/Wholesale-Push-Open-Cabinet-Hinges-supplier-810HF-1-768x768.webp 768w, https:\/\/www.baoertaihardware.com\/wp-content\/uploads\/2024\/11\/Wholesale-Push-Open-Cabinet-Hinges-supplier-810HF-1-600x600.webp 600w, https:\/\/www.baoertaihardware.com\/wp-content\/uploads\/2024\/11\/Wholesale-Push-Open-Cabinet-Hinges-supplier-810HF-1-100x100.webp 100w\" sizes=\"(max-width: 1200px) 100vw, 1200px\" \/><\/figure>\n<\/div>\n<\/div>","protected":false},"excerpt":{"rendered":"<p>Les charni\u00e8res d'armoire \u00e0 ouverture par pouss\u00e9e, la quincaillerie de porte personnalisable, le syst\u00e8me de charni\u00e8res coulissantes facile \u00e0 mettre en \u0153uvre et le design moderne d'ouverture de porte sans poign\u00e9e renforcent la beaut\u00e9 et l'aspect pratique du meuble.<\/p>\n<h3>Sp\u00e9cifications des charni\u00e8res d'armoires Push Open sur mesure<\/h3>\n<ul>\n<li><strong>Num\u00e9ro de mod\u00e8le<\/strong>:810HF<\/li>\n<li><strong>Mat\u00e9riau<\/strong>: Fer<\/li>\n<li><strong>\u00c9paisseur de la porte<\/strong>:18-26mm<\/li>\n<li><strong>Centres des trous<\/strong>: 48mm<\/li>\n<li><strong>Poids<\/strong>:100g\/pcs<\/li>\n<li><strong>Finition<\/strong>: Nickel\u00e9<\/li>\n<li><strong>Application<\/strong>: bureau \u00e0 domicile, salon, chambre \u00e0 coucher, h\u00f4tel, villa, appartement<\/li>\n<\/ul>\n<p><strong>Cat\u00e9gorie<\/strong>:\u00a0<a href=\"https:\/\/www.baoertaihardware.com\/fr\/categorie-produit\/cabinet-hinges-wholesale\/\">Charni\u00e8res d'armoires<\/a> <strong>Tags<\/strong>charni\u00e8res : charni\u00e8res \u00e0 glissi\u00e8re, charni\u00e8res \u00e0 fermeture douce, charni\u00e8res hydrauliques<\/p>","protected":false},"featured_media":880,"comment_status":"closed","ping_status":"closed","template":"","meta":{"_acf_changed":false},"product_brand":[],"product_cat":[21],"product_tag":[],"class_list":{"0":"post-875","1":"product","2":"type-product","3":"status-publish","4":"has-post-thumbnail","6":"product_cat-cabinet-hinges-wholesale","8":"first","9":"instock","10":"shipping-taxable","11":"product-type-simple"},"acf":[],"_links":{"self":[{"href":"https:\/\/www.baoertaihardware.com\/fr\/wp-json\/wp\/v2\/product\/875","targetHints":{"allow":["GET"]}}],"collection":[{"href":"https:\/\/www.baoertaihardware.com\/fr\/wp-json\/wp\/v2\/product"}],"about":[{"href":"https:\/\/www.baoertaihardware.com\/fr\/wp-json\/wp\/v2\/types\/product"}],"replies":[{"embeddable":true,"href":"https:\/\/www.baoertaihardware.com\/fr\/wp-json\/wp\/v2\/comments?post=875"}],"wp:featuredmedia":[{"embeddable":true,"href":"https:\/\/www.baoertaihardware.com\/fr\/wp-json\/wp\/v2\/media\/880"}],"wp:attachment":[{"href":"https:\/\/www.baoertaihardware.com\/fr\/wp-json\/wp\/v2\/media?parent=875"}],"wp:term":[{"taxonomy":"product_brand","embeddable":true,"href":"https:\/\/www.baoertaihardware.com\/fr\/wp-json\/wp\/v2\/product_brand?post=875"},{"taxonomy":"product_cat","embeddable":true,"href":"https:\/\/www.baoertaihardware.com\/fr\/wp-json\/wp\/v2\/product_cat?post=875"},{"taxonomy":"product_tag","embeddable":true,"href":"https:\/\/www.baoertaihardware.com\/fr\/wp-json\/wp\/v2\/product_tag?post=875"}],"curies":[{"name":"wp","href":"https:\/\/api.w.org\/{rel}","templated":true}]}}