{"id":868,"date":"2024-11-27T18:47:15","date_gmt":"2024-11-27T18:47:15","guid":{"rendered":"https:\/\/www.baoertaihardware.com\/?post_type=product&#038;p=868"},"modified":"2024-11-27T18:47:16","modified_gmt":"2024-11-27T18:47:16","slug":"black-cabinet-hinges-wholesale","status":"publish","type":"product","link":"https:\/\/www.baoertaihardware.com\/fr\/produit\/black-cabinet-hinges-wholesale\/","title":{"rendered":"Charni\u00e8res d'armoire noires en vrac, charni\u00e8res hydrauliques \u00e0 pousser pour ouvrir - Quincaillerie 810F"},"content":{"rendered":"<div class=\"wp-block-columns is-layout-flex wp-container-core-columns-is-layout-9d6595d7 wp-block-columns-is-layout-flex\">\n<div class=\"wp-block-column is-layout-flow wp-block-column-is-layout-flow\">\n<h3 class=\"wp-block-heading\">Caract\u00e9ristiques des charni\u00e8res d'armoire Bulk Black<\/h3>\n\n\n\n<ul class=\"wp-block-list\">\n<li><strong>Aspect noir de fusil haut de gamme, rehausse la texture des meubles :<\/strong> Gr\u00e2ce \u00e0 une technologie avanc\u00e9e de pulv\u00e9risation du m\u00e9tal, la surface de cette charni\u00e8re d'armoire noire est d\u00e9licate et r\u00e9sistante \u00e0 l'usure, ce qui rend difficile l'apparition de rayures.<\/li>\n\n\n\n<li><strong>Pousser pour ouvrir, utiliser sans poign\u00e9e<\/strong>: Les charni\u00e8res d'armoire Push to Open ont \u00e9t\u00e9 con\u00e7ues pour \u00eatre ouvertes d'un simple geste, car les portes d'armoire n'ont pas de poign\u00e9e, ce qui ajoute \u00e0 la simplicit\u00e9 et \u00e0 l'utilit\u00e9.<\/li>\n\n\n\n<li><strong>Tampon hydraulique, fermeture silencieuse et en douceur<\/strong>La porte de l'armoire est \u00e9quip\u00e9e d'un syst\u00e8me hydraulique qui garantit en interne une fermeture lente et en douceur de la porte de l'armoire ; les bruits d'impact sont minimis\u00e9s, ce qui assure une meilleure protection de l'armoire et de ses charni\u00e8res, tout en prolongeant sa dur\u00e9e de vie.<\/li>\n\n\n\n<li><strong>Services de charni\u00e8res sur mesure<\/strong>: Services de personnalisation des charni\u00e8res d'armoires : la couleur, la taille et la fonction peuvent diff\u00e9rer selon les besoins, en personnalisant les meubles et en apportant des propositions de valeur ajout\u00e9e \u00e0 votre projet.<\/li>\n\n\n\n<li><strong>Mat\u00e9riaux de haute qualit\u00e9, durables et fiables<\/strong>: Les charni\u00e8res hydrauliques pour armoires r\u00e9sistent aux abus d\u00e9vastateurs gr\u00e2ce \u00e0 la conception du rev\u00eatement r\u00e9sistant \u00e0 la corrosion et sont durables pour une utilisation r\u00e9guli\u00e8re \u00e0 haute fr\u00e9quence dans les applications domestiques et commerciales.<\/li>\n\n\n\n<li><strong>Installation rapide et manipulation 3D<\/strong>La plaque de montage r\u00e9glable fournie permet \u00e9galement d'ajuster la position de la porte de l'armoire de haut en bas, de gauche \u00e0 droite et de l'int\u00e9rieur \u00e0 l'ext\u00e9rieur.<\/li>\n\n\n\n<li><strong>Approvisionnement en vrac, rentable et pr\u00e9f\u00e9rentiel<\/strong>: Offre d'achat en gros de charni\u00e8res pour armoires \u00e0 tous les fabricants de meubles, entreprises de d\u00e9coration et grossistes avec un prix premium et un approvisionnement stable.<\/li>\n<\/ul>\n<\/div>\n\n\n\n<div class=\"wp-block-column is-layout-flow wp-block-column-is-layout-flow\">\n<figure class=\"wp-block-image size-full\"><img decoding=\"async\" width=\"1200\" height=\"1200\" src=\"https:\/\/www.baoertaihardware.com\/wp-content\/uploads\/2024\/11\/Black-Cabinet-Hinges-Bulk-810F-Hardware-1.webp\" alt=\"Charni\u00e8res d&#039;armoire noires Bulk -810F Hardware (1)\" class=\"wp-image-869\" srcset=\"https:\/\/www.baoertaihardware.com\/wp-content\/uploads\/2024\/11\/Black-Cabinet-Hinges-Bulk-810F-Hardware-1.webp 1200w, https:\/\/www.baoertaihardware.com\/wp-content\/uploads\/2024\/11\/Black-Cabinet-Hinges-Bulk-810F-Hardware-1-300x300.webp 300w, https:\/\/www.baoertaihardware.com\/wp-content\/uploads\/2024\/11\/Black-Cabinet-Hinges-Bulk-810F-Hardware-1-150x150.webp 150w, https:\/\/www.baoertaihardware.com\/wp-content\/uploads\/2024\/11\/Black-Cabinet-Hinges-Bulk-810F-Hardware-1-768x768.webp 768w, https:\/\/www.baoertaihardware.com\/wp-content\/uploads\/2024\/11\/Black-Cabinet-Hinges-Bulk-810F-Hardware-1-600x600.webp 600w, https:\/\/www.baoertaihardware.com\/wp-content\/uploads\/2024\/11\/Black-Cabinet-Hinges-Bulk-810F-Hardware-1-100x100.webp 100w\" sizes=\"(max-width: 1200px) 100vw, 1200px\" \/><\/figure>\n<\/div>\n<\/div>","protected":false},"excerpt":{"rendered":"<p>Charni\u00e8res d'armoire noires de haute qualit\u00e9 disponibles en vrac, offrant la fonctionnalit\u00e9 des charni\u00e8res d'armoire push-to-open et proposant des options de charni\u00e8res d'armoire personnalis\u00e9es pour r\u00e9pondre \u00e0 divers besoins en mati\u00e8re de conception de meubles. Demandez un devis gratuit.<\/p>\n<h3>Sp\u00e9cifications des charni\u00e8res d'armoires noires sur mesure<\/h3>\n<ul>\n<li><strong>Num\u00e9ro de mod\u00e8le<\/strong>:810F<\/li>\n<li><strong>Mat\u00e9riau<\/strong>: Fer<\/li>\n<li><strong>\u00c9paisseur<\/strong>:15-18mm<\/li>\n<li><strong>Centres des trous<\/strong>: 48mm<\/li>\n<li><strong>Ouverture d'un dipl\u00f4me<\/strong>:165\u00b0<\/li>\n<li><strong>Poids<\/strong>:100g\/pcs<\/li>\n<li><strong>Finition<\/strong>: Nickel\u00e9<\/li>\n<li><strong>Application<\/strong>: bureau \u00e0 domicile, salon, chambre \u00e0 coucher, h\u00f4tel, villa, appartement<\/li>\n<\/ul>\n<p><strong>Cat\u00e9gorie<\/strong>:\u00a0<a href=\"https:\/\/www.baoertaihardware.com\/fr\/categorie-produit\/cabinet-hinges-wholesale\/\">Charni\u00e8res d'armoires<\/a><\/p>\n<p><strong>Tags<\/strong>charni\u00e8res : charni\u00e8res \u00e0 glissi\u00e8re, charni\u00e8res \u00e0 fermeture douce, charni\u00e8res hydrauliques<\/p>","protected":false},"featured_media":874,"comment_status":"closed","ping_status":"closed","template":"","meta":{"_acf_changed":false},"product_brand":[],"product_cat":[21],"product_tag":[],"class_list":{"0":"post-868","1":"product","2":"type-product","3":"status-publish","4":"has-post-thumbnail","6":"product_cat-cabinet-hinges-wholesale","8":"first","9":"instock","10":"shipping-taxable","11":"product-type-simple"},"acf":[],"_links":{"self":[{"href":"https:\/\/www.baoertaihardware.com\/fr\/wp-json\/wp\/v2\/product\/868","targetHints":{"allow":["GET"]}}],"collection":[{"href":"https:\/\/www.baoertaihardware.com\/fr\/wp-json\/wp\/v2\/product"}],"about":[{"href":"https:\/\/www.baoertaihardware.com\/fr\/wp-json\/wp\/v2\/types\/product"}],"replies":[{"embeddable":true,"href":"https:\/\/www.baoertaihardware.com\/fr\/wp-json\/wp\/v2\/comments?post=868"}],"wp:featuredmedia":[{"embeddable":true,"href":"https:\/\/www.baoertaihardware.com\/fr\/wp-json\/wp\/v2\/media\/874"}],"wp:attachment":[{"href":"https:\/\/www.baoertaihardware.com\/fr\/wp-json\/wp\/v2\/media?parent=868"}],"wp:term":[{"taxonomy":"product_brand","embeddable":true,"href":"https:\/\/www.baoertaihardware.com\/fr\/wp-json\/wp\/v2\/product_brand?post=868"},{"taxonomy":"product_cat","embeddable":true,"href":"https:\/\/www.baoertaihardware.com\/fr\/wp-json\/wp\/v2\/product_cat?post=868"},{"taxonomy":"product_tag","embeddable":true,"href":"https:\/\/www.baoertaihardware.com\/fr\/wp-json\/wp\/v2\/product_tag?post=868"}],"curies":[{"name":"wp","href":"https:\/\/api.w.org\/{rel}","templated":true}]}}