{"id":861,"date":"2024-11-27T17:05:05","date_gmt":"2024-11-27T17:05:05","guid":{"rendered":"https:\/\/www.baoertaihardware.com\/?post_type=product&#038;p=861"},"modified":"2024-11-27T17:05:06","modified_gmt":"2024-11-27T17:05:06","slug":"push-to-open-cabinet-hinges-bulk","status":"publish","type":"product","link":"https:\/\/www.baoertaihardware.com\/fr\/produit\/push-to-open-cabinet-hinges-bulk\/","title":{"rendered":"Meilleures charni\u00e8res d'armoire \u00e0 pousser Wholesale Hydraulic Hinges - 810F"},"content":{"rendered":"<div class=\"wp-block-columns is-layout-flex wp-container-core-columns-is-layout-9d6595d7 wp-block-columns-is-layout-flex\">\n<div class=\"wp-block-column is-layout-flow wp-block-column-is-layout-flow\">\n<h3 class=\"wp-block-heading\">Caract\u00e9ristiques des charni\u00e8res d'armoire Push To Open en vrac<\/h3>\n\n\n\n<ul class=\"wp-block-list\">\n<li><strong>Conception sans poign\u00e9e, \u00e0 la mode et simple<\/strong>: Les charni\u00e8res d'armoire Push To Open sont con\u00e7ues pour les maisons modernes. Elles permettent d'ouvrir facilement les portes d'armoires sans poign\u00e9es, r\u00e9alisant ainsi la combinaison parfaite du style et de la praticit\u00e9.<\/li>\n\n\n\n<li><strong>Une seule touche<\/strong> ouverture, r\u00e9action sensible : Les portes s'ouvrent d'un simple effleurement et se referment de mani\u00e8re stable et fiable, garantissant ainsi un confort optimal au quotidien.<\/li>\n\n\n\n<li><strong>Mod\u00e8les personnalis\u00e9s disponibles<\/strong>: Les charni\u00e8res d'armoire peuvent \u00eatre fabriqu\u00e9es sur mesure avec diff\u00e9rentes sp\u00e9cifications, angles d'ouverture et de fermeture, et finitions de surface selon les exigences des clients pour supporter une gamme d'utilisation de meubles.<\/li>\n\n\n\n<li><strong>Syst\u00e8me hydraulique int\u00e9gr\u00e9, fermeture en douceur<\/strong>: Associ\u00e9e \u00e0 la technologie d'amortissement hydraulique, une porte d'armoire doit s'ouvrir et se fermer en douceur et \u00e9touffer les bruits de fermeture. Cela permet de prot\u00e9ger l'armoire elle-m\u00eame et d'am\u00e9liorer le confort de l'utilisateur.<\/li>\n\n\n\n<li><strong>Fonction de r\u00e9glage multi-angle<\/strong>: Le syst\u00e8me de r\u00e9glage tridimensionnel permet d'ajuster facilement la position des portes en fonction des diff\u00e9rentes exigences d'installation, ce qui garantit un alignement parfait avec l'armoire et facilite l'installation et l'entretien.<\/li>\n<\/ul>\n<\/div>\n\n\n\n<div class=\"wp-block-column is-layout-flow wp-block-column-is-layout-flow\">\n<figure class=\"wp-block-image size-full\"><img decoding=\"async\" width=\"1200\" height=\"1200\" src=\"https:\/\/www.baoertaihardware.com\/wp-content\/uploads\/2024\/11\/Push-To-Open-Cabinet-Hinges-manufacturers-1.webp\" alt=\"Fabricants de charni\u00e8res d&#039;armoires \u00e0 ouverture par pouss\u00e9e (1)\" class=\"wp-image-862\" srcset=\"https:\/\/www.baoertaihardware.com\/wp-content\/uploads\/2024\/11\/Push-To-Open-Cabinet-Hinges-manufacturers-1.webp 1200w, https:\/\/www.baoertaihardware.com\/wp-content\/uploads\/2024\/11\/Push-To-Open-Cabinet-Hinges-manufacturers-1-300x300.webp 300w, https:\/\/www.baoertaihardware.com\/wp-content\/uploads\/2024\/11\/Push-To-Open-Cabinet-Hinges-manufacturers-1-150x150.webp 150w, https:\/\/www.baoertaihardware.com\/wp-content\/uploads\/2024\/11\/Push-To-Open-Cabinet-Hinges-manufacturers-1-768x768.webp 768w, https:\/\/www.baoertaihardware.com\/wp-content\/uploads\/2024\/11\/Push-To-Open-Cabinet-Hinges-manufacturers-1-600x600.webp 600w, https:\/\/www.baoertaihardware.com\/wp-content\/uploads\/2024\/11\/Push-To-Open-Cabinet-Hinges-manufacturers-1-100x100.webp 100w\" sizes=\"(max-width: 1200px) 100vw, 1200px\" \/><\/figure>\n<\/div>\n<\/div>\n\n\n\n<p><\/p>","protected":false},"excerpt":{"rendered":"<p>Charni\u00e8res d'armoire \u00e0 pousser pour ouvrir de haute qualit\u00e9, achat en vrac (charni\u00e8res d'armoire en vrac) et service de charni\u00e8res d'armoire sur mesure, pour r\u00e9pondre \u00e0 la conception sans poign\u00e9e de la maison moderne et diversifi\u00e9e. Contactez-nous pour un devis d\u00e8s aujourd'hui !<\/p>\n<h3>Sp\u00e9cifications des charni\u00e8res d'armoires Push To Open<\/h3>\n<ul>\n<li><strong>Num\u00e9ro de mod\u00e8le<\/strong>:810F<\/li>\n<li><strong>Mat\u00e9riau<\/strong>: Fer<\/li>\n<li><strong>\u00c9paisseur<\/strong>:15-18mm<\/li>\n<li><strong>Centres des trous<\/strong>: 48mm<\/li>\n<li><strong>Ouverture d'un dipl\u00f4me<\/strong>:165\u00b0<\/li>\n<li><strong>Poids<\/strong>:100g\/pcs<\/li>\n<li><strong>Finition<\/strong>: Nickel\u00e9<\/li>\n<li><strong>Application<\/strong>: bureau \u00e0 domicile, salon, chambre \u00e0 coucher, h\u00f4tel, villa, appartement<\/li>\n<\/ul>\n<p><strong>Cat\u00e9gorie<\/strong>:\u00a0<a href=\"https:\/\/www.baoertaihardware.com\/fr\/categorie-produit\/cabinet-hinges-wholesale\/\">Charni\u00e8res d'armoires<\/a><\/p>\n<p><strong>Tags<\/strong>charni\u00e8res : charni\u00e8res \u00e0 glissi\u00e8re, charni\u00e8res \u00e0 fermeture douce, charni\u00e8res hydrauliques<\/p>","protected":false},"featured_media":863,"comment_status":"closed","ping_status":"closed","template":"","meta":{"_acf_changed":false},"product_brand":[],"product_cat":[21],"product_tag":[],"class_list":{"0":"post-861","1":"product","2":"type-product","3":"status-publish","4":"has-post-thumbnail","6":"product_cat-cabinet-hinges-wholesale","8":"first","9":"instock","10":"shipping-taxable","11":"product-type-simple"},"acf":[],"_links":{"self":[{"href":"https:\/\/www.baoertaihardware.com\/fr\/wp-json\/wp\/v2\/product\/861","targetHints":{"allow":["GET"]}}],"collection":[{"href":"https:\/\/www.baoertaihardware.com\/fr\/wp-json\/wp\/v2\/product"}],"about":[{"href":"https:\/\/www.baoertaihardware.com\/fr\/wp-json\/wp\/v2\/types\/product"}],"replies":[{"embeddable":true,"href":"https:\/\/www.baoertaihardware.com\/fr\/wp-json\/wp\/v2\/comments?post=861"}],"wp:featuredmedia":[{"embeddable":true,"href":"https:\/\/www.baoertaihardware.com\/fr\/wp-json\/wp\/v2\/media\/863"}],"wp:attachment":[{"href":"https:\/\/www.baoertaihardware.com\/fr\/wp-json\/wp\/v2\/media?parent=861"}],"wp:term":[{"taxonomy":"product_brand","embeddable":true,"href":"https:\/\/www.baoertaihardware.com\/fr\/wp-json\/wp\/v2\/product_brand?post=861"},{"taxonomy":"product_cat","embeddable":true,"href":"https:\/\/www.baoertaihardware.com\/fr\/wp-json\/wp\/v2\/product_cat?post=861"},{"taxonomy":"product_tag","embeddable":true,"href":"https:\/\/www.baoertaihardware.com\/fr\/wp-json\/wp\/v2\/product_tag?post=861"}],"curies":[{"name":"wp","href":"https:\/\/api.w.org\/{rel}","templated":true}]}}