{"id":854,"date":"2024-11-27T10:45:31","date_gmt":"2024-11-27T10:45:31","guid":{"rendered":"https:\/\/www.baoertaihardware.com\/?post_type=product&#038;p=854"},"modified":"2024-11-27T17:05:29","modified_gmt":"2024-11-27T17:05:29","slug":"hydraulic-cabinet-hinges-factory","status":"publish","type":"product","link":"https:\/\/www.baoertaihardware.com\/fr\/produit\/hydraulic-cabinet-hinges-factory\/","title":{"rendered":"Charni\u00e8res hydrauliques en vrac pour armoires de cuisine - 810A"},"content":{"rendered":"<div class=\"wp-block-columns is-layout-flex wp-container-core-columns-is-layout-9d6595d7 wp-block-columns-is-layout-flex\">\n<div class=\"wp-block-column is-layout-flow wp-block-column-is-layout-flow\">\n<h3 class=\"wp-block-heading\">Caract\u00e9ristiques et avantages des charni\u00e8res d'armoires hydrauliques en vrac<\/h3>\n\n\n\n<ul class=\"wp-block-list\">\n<li><strong>Contr\u00f4le hydraulique tr\u00e8s pr\u00e9cis<\/strong>l : L'ouverture et la fermeture des portes s'effectuent en douceur gr\u00e2ce \u00e0 un syst\u00e8me hydraulique de haute qualit\u00e9, \u00e9vitant tout bruit ou impact, pour une cuisine et une maison plus silencieuses.<\/li>\n<\/ul>\n\n\n\n<p><\/p>\n\n\n\n<ul class=\"wp-block-list\">\n<li><strong>Fermeture en douceur<\/strong>: Les charni\u00e8res d'armoires de cuisine \u00e0 fermeture progressive, con\u00e7ues uniquement pour les cuisines modernes, permettent aux portes ferm\u00e9es de ralentir, prot\u00e9geant ainsi l'armoire et prolongeant sa dur\u00e9e de vie tout en ajoutant la sensation d'une utilisation haut de gamme.<\/li>\n<\/ul>\n\n\n\n<p><\/p>\n\n\n\n<ul class=\"wp-block-list\">\n<li><strong>Soutien \u00e0 la conception personnalis\u00e9e<\/strong>: Le service Custom Cabinet Hinges a cr\u00e9\u00e9 des charni\u00e8res sur mesure pour des applications sp\u00e9cifiques d'armoires de tailles, de mat\u00e9riaux et de finitions diff\u00e9rents.<\/li>\n<\/ul>\n\n\n\n<p><\/p>\n\n\n\n<ul class=\"wp-block-list\">\n<li><strong>Durabilit\u00e9 sup\u00e9rieure<\/strong>: Fabriqu\u00e9es en acier lamin\u00e9 \u00e0 froid de haute qualit\u00e9 et rev\u00eatues pour r\u00e9sister \u00e0 la corrosion, les charni\u00e8res hydrauliques pour armoires sont durables et adapt\u00e9es \u00e0 l'ouverture et \u00e0 la fermeture fr\u00e9quentes des portes d'armoires de cuisine et de salle de bains.<\/li>\n<\/ul>\n\n\n\n<p><\/p>\n\n\n\n<ul class=\"wp-block-list\">\n<li><strong>R\u00e9glage multi-angles<\/strong>: Le r\u00e9glage int\u00e9gr\u00e9 3D permet d'ajuster sans effort l'angle d'ouverture et de fermeture de la porte par rapport \u00e0 l'armoire, ce qui facilite l'installation et l'entretien.<\/li>\n<\/ul>\n\n\n\n<p><\/p>\n\n\n\n<ul class=\"wp-block-list\">\n<li><strong>Utilisation polyvalente<\/strong>: Ce produit a \u00e9t\u00e9 appliqu\u00e9 \u00e0 de nombreuses cuisines, salles de bains, placards et autres armoires pour am\u00e9liorer la qualit\u00e9 des meubles.<\/li>\n<\/ul>\n<\/div>\n\n\n\n<div class=\"wp-block-column is-layout-flow wp-block-column-is-layout-flow\">\n<figure class=\"wp-block-image size-full\"><img decoding=\"async\" width=\"1200\" height=\"1200\" src=\"https:\/\/www.baoertaihardware.com\/wp-content\/uploads\/2024\/11\/Bulk-Hydraulic-Cabinet-Hinges-Manufacturer-810A-1.webp\" alt=\"Fabricant de charni\u00e8res d&#039;armoires hydrauliques en vrac - 810A (1)\" class=\"wp-image-855\" srcset=\"https:\/\/www.baoertaihardware.com\/wp-content\/uploads\/2024\/11\/Bulk-Hydraulic-Cabinet-Hinges-Manufacturer-810A-1.webp 1200w, https:\/\/www.baoertaihardware.com\/wp-content\/uploads\/2024\/11\/Bulk-Hydraulic-Cabinet-Hinges-Manufacturer-810A-1-300x300.webp 300w, https:\/\/www.baoertaihardware.com\/wp-content\/uploads\/2024\/11\/Bulk-Hydraulic-Cabinet-Hinges-Manufacturer-810A-1-150x150.webp 150w, https:\/\/www.baoertaihardware.com\/wp-content\/uploads\/2024\/11\/Bulk-Hydraulic-Cabinet-Hinges-Manufacturer-810A-1-768x768.webp 768w, https:\/\/www.baoertaihardware.com\/wp-content\/uploads\/2024\/11\/Bulk-Hydraulic-Cabinet-Hinges-Manufacturer-810A-1-600x600.webp 600w, https:\/\/www.baoertaihardware.com\/wp-content\/uploads\/2024\/11\/Bulk-Hydraulic-Cabinet-Hinges-Manufacturer-810A-1-100x100.webp 100w\" sizes=\"(max-width: 1200px) 100vw, 1200px\" \/><\/figure>\n<\/div>\n<\/div>\n\n\n\n<p><\/p>","protected":false},"excerpt":{"rendered":"<p>Les charni\u00e8res hydrauliques d'armoire de haute qualit\u00e9 avec fonctions de fermeture en douceur int\u00e9gr\u00e9es permettent une installation rapide pour les applications \u00e0 couverture totale, \u00e0 demi-couverture et encastr\u00e9es, id\u00e9ales pour les charni\u00e8res d'armoire sur mesure, avec possibilit\u00e9 de personnalisation pour r\u00e9pondre \u00e0 un large \u00e9ventail de besoins.<\/p>\n<h3>Sp\u00e9cifications des charni\u00e8res hydrauliques sur mesure pour armoires<\/h3>\n<ul>\n<li><strong>Num\u00e9ro de mod\u00e8le<\/strong>:810A<\/li>\n<li><strong>Mat\u00e9riau<\/strong>: Fer<\/li>\n<li><strong>\u00c9paisseur<\/strong>:15-18mm<\/li>\n<li><strong>Centres des trous<\/strong>: 48mm\/52mm<\/li>\n<li><strong>Ouverture d'un dipl\u00f4me<\/strong>:165\u00b0<\/li>\n<li><strong>Poids<\/strong>:66\/74\/84g\/pcs<\/li>\n<li><strong>Finition<\/strong>: Nickel\u00e9<\/li>\n<li><strong>Application<\/strong>: bureau \u00e0 domicile, salon, chambre \u00e0 coucher, h\u00f4tel, villa, appartement<\/li>\n<\/ul>\n<p><strong>Cat\u00e9gorie<\/strong>:\u00a0<a href=\"https:\/\/www.baoertaihardware.com\/fr\/categorie-produit\/cabinet-hinges-wholesale\/\">Charni\u00e8res d'armoires<\/a> <strong>Tags<\/strong>charni\u00e8res : charni\u00e8res \u00e0 glissi\u00e8re, charni\u00e8res \u00e0 fermeture douce<\/p>","protected":false},"featured_media":857,"comment_status":"closed","ping_status":"closed","template":"","meta":{"_acf_changed":false},"product_brand":[],"product_cat":[21],"product_tag":[],"class_list":{"0":"post-854","1":"product","2":"type-product","3":"status-publish","4":"has-post-thumbnail","6":"product_cat-cabinet-hinges-wholesale","8":"first","9":"instock","10":"shipping-taxable","11":"product-type-simple"},"acf":[],"_links":{"self":[{"href":"https:\/\/www.baoertaihardware.com\/fr\/wp-json\/wp\/v2\/product\/854","targetHints":{"allow":["GET"]}}],"collection":[{"href":"https:\/\/www.baoertaihardware.com\/fr\/wp-json\/wp\/v2\/product"}],"about":[{"href":"https:\/\/www.baoertaihardware.com\/fr\/wp-json\/wp\/v2\/types\/product"}],"replies":[{"embeddable":true,"href":"https:\/\/www.baoertaihardware.com\/fr\/wp-json\/wp\/v2\/comments?post=854"}],"wp:featuredmedia":[{"embeddable":true,"href":"https:\/\/www.baoertaihardware.com\/fr\/wp-json\/wp\/v2\/media\/857"}],"wp:attachment":[{"href":"https:\/\/www.baoertaihardware.com\/fr\/wp-json\/wp\/v2\/media?parent=854"}],"wp:term":[{"taxonomy":"product_brand","embeddable":true,"href":"https:\/\/www.baoertaihardware.com\/fr\/wp-json\/wp\/v2\/product_brand?post=854"},{"taxonomy":"product_cat","embeddable":true,"href":"https:\/\/www.baoertaihardware.com\/fr\/wp-json\/wp\/v2\/product_cat?post=854"},{"taxonomy":"product_tag","embeddable":true,"href":"https:\/\/www.baoertaihardware.com\/fr\/wp-json\/wp\/v2\/product_tag?post=854"}],"curies":[{"name":"wp","href":"https:\/\/api.w.org\/{rel}","templated":true}]}}