{"id":821,"date":"2024-11-18T04:11:48","date_gmt":"2024-11-18T04:11:48","guid":{"rendered":"https:\/\/www.baoertaihardware.com\/?post_type=product&#038;p=821"},"modified":"2024-11-18T04:11:49","modified_gmt":"2024-11-18T04:11:49","slug":"custom-push-to-open-hinge","status":"publish","type":"product","link":"https:\/\/www.baoertaihardware.com\/fr\/produit\/custom-push-to-open-hinge\/","title":{"rendered":"Baoertai Push to Open Hinge Ajustable Kitchen Cabinet Hinge Supplier-261F"},"content":{"rendered":"<p><\/p>\n\n\n\n<div class=\"wp-block-columns is-layout-flex wp-container-core-columns-is-layout-9d6595d7 wp-block-columns-is-layout-flex\">\n<div class=\"wp-block-column is-layout-flow wp-block-column-is-layout-flow\">\n<h3 class=\"wp-block-heading\">Caract\u00e9ristiques et avantages de la charni\u00e8re Slide-On Push to Open<\/h3>\n\n\n\n<p><strong>Charni\u00e8re \u00e0 pousser pour ouvrir<\/strong>: Sans poign\u00e9e, la porte de l'armoire s'ouvre d'une simple pression, ce qui convient aux meubles modernes et minimalistes et am\u00e9liore l'exp\u00e9rience d'utilisation et l'esth\u00e9tique.<\/p>\n\n\n\n<p><strong>Boucle d'ouverture r\u00e9glable<\/strong>: Un m\u00e9canisme r\u00e9glable int\u00e9gr\u00e9 garantit une ouverture en douceur \u00e0 chaque fois que la porte est pouss\u00e9e, s'adaptant ainsi aux diff\u00e9rents besoins en mati\u00e8re de conception de meubles.<\/p>\n\n\n\n<p><strong>Installation par glissement<\/strong>: La conception Slide-On simplifie le processus d'installation et permet une installation rapide, sans outil, pour une meilleure efficacit\u00e9.<\/p>\n\n\n\n<p><strong>Apparence moderne<\/strong>: Adapt\u00e9 aux armoires personnalis\u00e9es et \u00e0 tous les types de maisons modernes, il garantit une apparence simple et belle sans poign\u00e9e.<\/p>\n\n\n\n<p><strong>Durable<\/strong>: Les mat\u00e9riaux et la conception de haute qualit\u00e9 garantissent la stabilit\u00e9 \u00e0 long terme de la charni\u00e8re, qui convient \u00e0 un large \u00e9ventail de meubles et d'environnements \u00e0 haute fr\u00e9quence.<\/p>\n<\/div>\n\n\n\n<div class=\"wp-block-column is-layout-flow wp-block-column-is-layout-flow\">\n<figure class=\"wp-block-image size-full\"><img decoding=\"async\" width=\"1200\" height=\"1200\" src=\"https:\/\/www.baoertaihardware.com\/wp-content\/uploads\/2024\/11\/Custom-Push-to-Open-Hinge-1.webp\" alt=\"Charni\u00e8re \u00e0 pousser pour ouvrir (1)\" class=\"wp-image-822\" srcset=\"https:\/\/www.baoertaihardware.com\/wp-content\/uploads\/2024\/11\/Custom-Push-to-Open-Hinge-1.webp 1200w, https:\/\/www.baoertaihardware.com\/wp-content\/uploads\/2024\/11\/Custom-Push-to-Open-Hinge-1-300x300.webp 300w, https:\/\/www.baoertaihardware.com\/wp-content\/uploads\/2024\/11\/Custom-Push-to-Open-Hinge-1-150x150.webp 150w, https:\/\/www.baoertaihardware.com\/wp-content\/uploads\/2024\/11\/Custom-Push-to-Open-Hinge-1-768x768.webp 768w, https:\/\/www.baoertaihardware.com\/wp-content\/uploads\/2024\/11\/Custom-Push-to-Open-Hinge-1-600x600.webp 600w, https:\/\/www.baoertaihardware.com\/wp-content\/uploads\/2024\/11\/Custom-Push-to-Open-Hinge-1-100x100.webp 100w\" sizes=\"(max-width: 1200px) 100vw, 1200px\" \/><\/figure>\n<\/div>\n<\/div>\n\n\n\n<p><\/p>","protected":false},"excerpt":{"rendered":"<p>La charni\u00e8re coulissante \u00e0 ouverture par pouss\u00e9e est con\u00e7ue pour am\u00e9liorer la fonctionnalit\u00e9 des armoires modernes, en permettant une utilisation facile et sans les mains. La charni\u00e8re est \u00e9quip\u00e9e d'un loquet de d\u00e9verrouillage r\u00e9glable, permettant une ouverture en douceur d'une simple pression. Id\u00e9ale pour les conceptions minimalistes, cette charni\u00e8re garantit un aspect propre, sans poign\u00e9e. Parfaite pour les armoires personnalis\u00e9es et les espaces o\u00f9 la facilit\u00e9 d'utilisation et l'esth\u00e9tique sont aussi importantes l'une que l'autre.<\/p>\n<h3>Sp\u00e9cifications de la charni\u00e8re Push to Open<\/h3>\n<ul>\n<li><strong>Num\u00e9ro de mod\u00e8le<\/strong>:261F<\/li>\n<li><strong>Mat\u00e9riau<\/strong>: Fer<\/li>\n<li><strong>\u00c9paisseur<\/strong>:15-18mm<\/li>\n<li><strong>Centres des trous<\/strong>: 48mm\/52mm<\/li>\n<li><strong>Ouverture d'un dipl\u00f4me<\/strong>:165\u00b0<\/li>\n<li><strong>Poids<\/strong>72g\/pcs<\/li>\n<li><strong>Finition<\/strong>: Nickel\u00e9<\/li>\n<li><strong>Application<\/strong>: bureau \u00e0 domicile, salon, chambre \u00e0 coucher, h\u00f4tel, villa, appartement<\/li>\n<\/ul>\n<p><strong>Cat\u00e9gorie<\/strong>: <a href=\"https:\/\/www.baoertaihardware.com\/fr\/categorie-produit\/cabinet-hinges-wholesale\/\">Charni\u00e8res d'armoires<\/a><\/p>\n<p><strong>Tags<\/strong>charni\u00e8res : charni\u00e8res \u00e0 glissi\u00e8re, charni\u00e8res \u00e0 fermeture douce<\/p>","protected":false},"featured_media":826,"comment_status":"closed","ping_status":"closed","template":"","meta":{"_acf_changed":false},"product_brand":[],"product_cat":[21],"product_tag":[],"class_list":{"0":"post-821","1":"product","2":"type-product","3":"status-publish","4":"has-post-thumbnail","6":"product_cat-cabinet-hinges-wholesale","8":"first","9":"instock","10":"shipping-taxable","11":"product-type-simple"},"acf":[],"_links":{"self":[{"href":"https:\/\/www.baoertaihardware.com\/fr\/wp-json\/wp\/v2\/product\/821","targetHints":{"allow":["GET"]}}],"collection":[{"href":"https:\/\/www.baoertaihardware.com\/fr\/wp-json\/wp\/v2\/product"}],"about":[{"href":"https:\/\/www.baoertaihardware.com\/fr\/wp-json\/wp\/v2\/types\/product"}],"replies":[{"embeddable":true,"href":"https:\/\/www.baoertaihardware.com\/fr\/wp-json\/wp\/v2\/comments?post=821"}],"wp:featuredmedia":[{"embeddable":true,"href":"https:\/\/www.baoertaihardware.com\/fr\/wp-json\/wp\/v2\/media\/826"}],"wp:attachment":[{"href":"https:\/\/www.baoertaihardware.com\/fr\/wp-json\/wp\/v2\/media?parent=821"}],"wp:term":[{"taxonomy":"product_brand","embeddable":true,"href":"https:\/\/www.baoertaihardware.com\/fr\/wp-json\/wp\/v2\/product_brand?post=821"},{"taxonomy":"product_cat","embeddable":true,"href":"https:\/\/www.baoertaihardware.com\/fr\/wp-json\/wp\/v2\/product_cat?post=821"},{"taxonomy":"product_tag","embeddable":true,"href":"https:\/\/www.baoertaihardware.com\/fr\/wp-json\/wp\/v2\/product_tag?post=821"}],"curies":[{"name":"wp","href":"https:\/\/api.w.org\/{rel}","templated":true}]}}