{"id":814,"date":"2024-11-18T03:18:34","date_gmt":"2024-11-18T03:18:34","guid":{"rendered":"https:\/\/www.baoertaihardware.com\/?post_type=product&#038;p=814"},"modified":"2024-11-18T03:18:35","modified_gmt":"2024-11-18T03:18:35","slug":"clip-on-hydraulic-hinges-custom","status":"publish","type":"product","link":"https:\/\/www.baoertaihardware.com\/fr\/produit\/clip-on-hydraulic-hinges-custom\/","title":{"rendered":"Charni\u00e8res hydrauliques \u00e0 clipser 165\u00b0 \u00e0 sens unique Charni\u00e8res de meubles \u00e0 angle sp\u00e9cial Grossiste"},"content":{"rendered":"<div class=\"wp-block-columns is-layout-flex wp-container-core-columns-is-layout-9d6595d7 wp-block-columns-is-layout-flex\">\n<div class=\"wp-block-column is-layout-flow wp-block-column-is-layout-flow\">\n<h3 class=\"wp-block-heading\">Caract\u00e9ristiques et avantages des charni\u00e8res hydrauliques \u00e0 clipser<\/h3>\n\n\n\n<p><strong>Grand angle d'ouverture de 165<\/strong><\/p>\n\n\n\n<ul class=\"wp-block-list\">\n<li>Permet un angle d'ouverture plus large de la porte de l'armoire pour faciliter l'acc\u00e8s aux objets, convient \u00e0 toutes sortes d'applications de meubles.<\/li>\n<\/ul>\n\n\n\n<p><strong>Syst\u00e8me hydraulique de fermeture en douceur<\/strong><\/p>\n\n\n\n<ul class=\"wp-block-list\">\n<li>Les portes se ferment en douceur et sans bruit, \u00e9vitant ainsi l'impact et le bruit caus\u00e9s par une fermeture soudaine.<\/li>\n<\/ul>\n\n\n\n<p><strong>Conception \u00e0 clipsage rapide<\/strong><\/p>\n\n\n\n<ul class=\"wp-block-list\">\n<li>Installation et retrait sans outils, ce qui permet de gagner en temps d'installation, en commodit\u00e9 et en efficacit\u00e9.<\/li>\n<\/ul>\n\n\n\n<p><strong>Conception cach\u00e9e<\/strong><\/p>\n\n\n\n<ul class=\"wp-block-list\">\n<li>Les charni\u00e8res hydrauliques sont enti\u00e8rement cach\u00e9es \u00e0 l'int\u00e9rieur du meuble, ce qui donne une apparence plus simple et plus belle, adapt\u00e9e au style moderne de la maison.<\/li>\n<\/ul>\n\n\n\n<p><strong>Haute durabilit\u00e9<\/strong><\/p>\n\n\n\n<ul class=\"wp-block-list\">\n<li>Fabriqu\u00e9 \u00e0 partir de mat\u00e9riaux de haute qualit\u00e9 pour garantir une utilisation \u00e0 long terme, il ne s'ab\u00eeme pas facilement et s'adapte \u00e0 diff\u00e9rents besoins d'ameublement.<\/li>\n<\/ul>\n<\/div>\n\n\n\n<div class=\"wp-block-column is-layout-flow wp-block-column-is-layout-flow\">\n<figure class=\"wp-block-image size-full\"><img decoding=\"async\" width=\"1200\" height=\"1200\" src=\"https:\/\/www.baoertaihardware.com\/wp-content\/uploads\/2024\/11\/Clip-On-Hydraulic-Hinges-wholesale-1.webp\" alt=\"Charni\u00e8res hydrauliques \u00e0 clipser grossiste (1)\" class=\"wp-image-816\" srcset=\"https:\/\/www.baoertaihardware.com\/wp-content\/uploads\/2024\/11\/Clip-On-Hydraulic-Hinges-wholesale-1.webp 1200w, https:\/\/www.baoertaihardware.com\/wp-content\/uploads\/2024\/11\/Clip-On-Hydraulic-Hinges-wholesale-1-300x300.webp 300w, https:\/\/www.baoertaihardware.com\/wp-content\/uploads\/2024\/11\/Clip-On-Hydraulic-Hinges-wholesale-1-150x150.webp 150w, https:\/\/www.baoertaihardware.com\/wp-content\/uploads\/2024\/11\/Clip-On-Hydraulic-Hinges-wholesale-1-768x768.webp 768w, https:\/\/www.baoertaihardware.com\/wp-content\/uploads\/2024\/11\/Clip-On-Hydraulic-Hinges-wholesale-1-600x600.webp 600w, https:\/\/www.baoertaihardware.com\/wp-content\/uploads\/2024\/11\/Clip-On-Hydraulic-Hinges-wholesale-1-100x100.webp 100w\" sizes=\"(max-width: 1200px) 100vw, 1200px\" \/><\/figure>\n<\/div>\n<\/div>\n\n\n\n<p><\/p>","protected":false},"excerpt":{"rendered":"<p>Baoertai propose des charni\u00e8res hydrauliques \u00e0 clipser offrant un angle d'ouverture de 165\u00b0 et une fermeture souple et douce. Leur conception \u00e0 clipser garantit une installation facile, ce qui les rend id\u00e9ales pour les meubles modernes. Parfaites pour les grossistes, ces charni\u00e8res durables et invisibles allient fonctionnalit\u00e9 et \u00e9l\u00e9gance pour une grande vari\u00e9t\u00e9 d'applications.<\/p>\n<h3>Sp\u00e9cifications des charni\u00e8res hydrauliques \u00e0 clipser<\/h3>\n<ul>\n<li><strong>Num\u00e9ro de mod\u00e8le<\/strong>:165C<\/li>\n<li><strong>Mat\u00e9riau<\/strong>: Fer<\/li>\n<li><strong>\u00c9paisseur<\/strong>:15-18mm<\/li>\n<li><strong>Diam\u00e8tre de la coupelle<\/strong>: 35mm<\/li>\n<li><strong>Centres des trous<\/strong>: 48mm<\/li>\n<li><strong>Ouverture d'un dipl\u00f4me<\/strong>:165\u00b0<\/li>\n<li><strong>Finition des charni\u00e8res<\/strong>: Nickel\u00e9<\/li>\n<li><strong>Poids<\/strong>:174g\/pcs<\/li>\n<li><strong>Application<\/strong>: bureau \u00e0 domicile, salon, chambre \u00e0 coucher, h\u00f4tel, villa, appartement<\/li>\n<\/ul>\n<p><strong>Cat\u00e9gorie<\/strong>:\u00a0<a href=\"https:\/\/www.baoertaihardware.com\/fr\/categorie-produit\/cabinet-hinges-wholesale\/\">Charni\u00e8res d'armoires<\/a><\/p>\n<p><strong>Tags<\/strong>charni\u00e8re \u00e0 clipser, charni\u00e8re \u00e0 angle sp\u00e9cial, charni\u00e8re \u00e0 fermeture souple, charni\u00e8re hydraulique cach\u00e9e<\/p>","protected":false},"featured_media":818,"comment_status":"closed","ping_status":"closed","template":"","meta":{"_acf_changed":false},"product_brand":[],"product_cat":[21],"product_tag":[],"class_list":{"0":"post-814","1":"product","2":"type-product","3":"status-publish","4":"has-post-thumbnail","6":"product_cat-cabinet-hinges-wholesale","8":"first","9":"instock","10":"shipping-taxable","11":"product-type-simple"},"acf":[],"_links":{"self":[{"href":"https:\/\/www.baoertaihardware.com\/fr\/wp-json\/wp\/v2\/product\/814","targetHints":{"allow":["GET"]}}],"collection":[{"href":"https:\/\/www.baoertaihardware.com\/fr\/wp-json\/wp\/v2\/product"}],"about":[{"href":"https:\/\/www.baoertaihardware.com\/fr\/wp-json\/wp\/v2\/types\/product"}],"replies":[{"embeddable":true,"href":"https:\/\/www.baoertaihardware.com\/fr\/wp-json\/wp\/v2\/comments?post=814"}],"wp:featuredmedia":[{"embeddable":true,"href":"https:\/\/www.baoertaihardware.com\/fr\/wp-json\/wp\/v2\/media\/818"}],"wp:attachment":[{"href":"https:\/\/www.baoertaihardware.com\/fr\/wp-json\/wp\/v2\/media?parent=814"}],"wp:term":[{"taxonomy":"product_brand","embeddable":true,"href":"https:\/\/www.baoertaihardware.com\/fr\/wp-json\/wp\/v2\/product_brand?post=814"},{"taxonomy":"product_cat","embeddable":true,"href":"https:\/\/www.baoertaihardware.com\/fr\/wp-json\/wp\/v2\/product_cat?post=814"},{"taxonomy":"product_tag","embeddable":true,"href":"https:\/\/www.baoertaihardware.com\/fr\/wp-json\/wp\/v2\/product_tag?post=814"}],"curies":[{"name":"wp","href":"https:\/\/api.w.org\/{rel}","templated":true}]}}