{"id":806,"date":"2024-11-18T02:07:43","date_gmt":"2024-11-18T02:07:43","guid":{"rendered":"https:\/\/www.baoertaihardware.com\/?post_type=product&#038;p=806"},"modified":"2024-11-18T02:07:44","modified_gmt":"2024-11-18T02:07:44","slug":"wholesale-hydraulic-hinges","status":"publish","type":"product","link":"https:\/\/www.baoertaihardware.com\/fr\/produit\/wholesale-hydraulic-hinges\/","title":{"rendered":"165\u00b0 Slide-On Hydraulic Hinges Wholesale Kitchen Concealed Hinges"},"content":{"rendered":"<div class=\"wp-block-columns is-layout-flex wp-container-core-columns-is-layout-9d6595d7 wp-block-columns-is-layout-flex\">\n<div class=\"wp-block-column is-layout-flow wp-block-column-is-layout-flow\">\n<h3 class=\"wp-block-heading\">Caract\u00e9ristiques et avantages des charni\u00e8res hydrauliques \u00e0 glissi\u00e8re<\/h3>\n\n\n\n<p><strong>Angle d'ouverture extra large de 165<\/strong>: Permet d'ouvrir les portes et d'am\u00e9liorer l'acc\u00e8s \u00e0 l'int\u00e9rieur.<\/p>\n\n\n\n<p><br><strong>Amortissement hydraulique<\/strong>: Le syst\u00e8me d'amortissement hydraulique int\u00e9gr\u00e9 permet de fermer la porte en douceur et en silence, sans bruit ni dommage.<\/p>\n\n\n\n<p><br><strong>Installation par glissement<\/strong>: Cette conception permet une installation rapide et facile et convient \u00e0 la production de masse ou au remplacement.<\/p>\n\n\n\n<p><br><strong>Conception cach\u00e9e<\/strong>: Il est cach\u00e9 \u00e0 l'int\u00e9rieur de l'armoire ; simple, moderne, il rehausse vraiment l'aspect g\u00e9n\u00e9ral.<\/p>\n\n\n\n<p><br><strong>Mati\u00e8res premi\u00e8res de haute qualit\u00e9<\/strong>Les produits de la gamme sont : durables, anti-corrosifs, pour les cuisines et autres environnements \u00e0 usage intensif.<\/p>\n<\/div>\n\n\n\n<div class=\"wp-block-column is-layout-flow wp-block-column-is-layout-flow\">\n<figure class=\"wp-block-image size-full\"><img decoding=\"async\" width=\"1200\" height=\"1200\" src=\"https:\/\/www.baoertaihardware.com\/wp-content\/uploads\/2024\/11\/Slide-On-Hydraulic-Hinges-Wholesaler-2.webp\" alt=\"Grossiste charni\u00e8res hydrauliques \u00e0 glissi\u00e8re (2)\" class=\"wp-image-813\" srcset=\"https:\/\/www.baoertaihardware.com\/wp-content\/uploads\/2024\/11\/Slide-On-Hydraulic-Hinges-Wholesaler-2.webp 1200w, https:\/\/www.baoertaihardware.com\/wp-content\/uploads\/2024\/11\/Slide-On-Hydraulic-Hinges-Wholesaler-2-300x300.webp 300w, https:\/\/www.baoertaihardware.com\/wp-content\/uploads\/2024\/11\/Slide-On-Hydraulic-Hinges-Wholesaler-2-150x150.webp 150w, https:\/\/www.baoertaihardware.com\/wp-content\/uploads\/2024\/11\/Slide-On-Hydraulic-Hinges-Wholesaler-2-768x768.webp 768w, https:\/\/www.baoertaihardware.com\/wp-content\/uploads\/2024\/11\/Slide-On-Hydraulic-Hinges-Wholesaler-2-600x600.webp 600w, https:\/\/www.baoertaihardware.com\/wp-content\/uploads\/2024\/11\/Slide-On-Hydraulic-Hinges-Wholesaler-2-100x100.webp 100w\" sizes=\"(max-width: 1200px) 100vw, 1200px\" \/><\/figure>\n<\/div>\n<\/div>\n\n\n\n<p><\/p>","protected":false},"excerpt":{"rendered":"<p>Nos charni\u00e8res hydrauliques coulissantes sur mesure peuvent \u00eatre utilis\u00e9es sur les portes de meubles \u00e0 tiroirs int\u00e9rieurs, les meubles d'angle \u00e0 plateau tournant et toutes les autres constructions de meubles qui n\u00e9cessitent de grandes ouvertures de porte. Si vous ne savez pas quelles charni\u00e8res utiliser, n'h\u00e9sitez pas \u00e0 nous contacter !<\/p>\n<h3>Sp\u00e9cifications des charni\u00e8res hydrauliques \u00e0 glissi\u00e8re<\/h3>\n<ul>\n<li><strong>Num\u00e9ro de mod\u00e8le<\/strong>:165B<\/li>\n<li><strong>Mat\u00e9riau<\/strong>: Fer<\/li>\n<li><strong>\u00c9paisseur<\/strong>:15-18mm<\/li>\n<li><strong>Diam\u00e8tre de la coupelle<\/strong>: 35mm<\/li>\n<li><strong>Centres des trous<\/strong>: 48mm<\/li>\n<li><strong>Ouverture d'un dipl\u00f4me<\/strong>:165\u00b0<\/li>\n<li><strong>Finition des charni\u00e8res<\/strong>: Nickel\u00e9<\/li>\n<li><strong>Poids<\/strong>:164g\/pcs<\/li>\n<li><strong>Application<\/strong>: bureau \u00e0 domicile, salon, chambre \u00e0 coucher, h\u00f4tel, villa, appartement<\/li>\n<\/ul>\n<p><strong>Cat\u00e9gorie<\/strong>: <a href=\"https:\/\/www.baoertaihardware.com\/fr\/categorie-produit\/cabinet-hinges-wholesale\/\">Charni\u00e8res d'armoires<\/a><\/p>\n<p><strong>Tags<\/strong>charni\u00e8res : charni\u00e8res \u00e0 glissi\u00e8re, charni\u00e8res \u00e0 angle sp\u00e9cial<\/p>","protected":false},"featured_media":812,"comment_status":"closed","ping_status":"closed","template":"","meta":{"_acf_changed":false},"product_brand":[],"product_cat":[21],"product_tag":[],"class_list":{"0":"post-806","1":"product","2":"type-product","3":"status-publish","4":"has-post-thumbnail","6":"product_cat-cabinet-hinges-wholesale","8":"first","9":"instock","10":"shipping-taxable","11":"product-type-simple"},"acf":[],"_links":{"self":[{"href":"https:\/\/www.baoertaihardware.com\/fr\/wp-json\/wp\/v2\/product\/806","targetHints":{"allow":["GET"]}}],"collection":[{"href":"https:\/\/www.baoertaihardware.com\/fr\/wp-json\/wp\/v2\/product"}],"about":[{"href":"https:\/\/www.baoertaihardware.com\/fr\/wp-json\/wp\/v2\/types\/product"}],"replies":[{"embeddable":true,"href":"https:\/\/www.baoertaihardware.com\/fr\/wp-json\/wp\/v2\/comments?post=806"}],"wp:featuredmedia":[{"embeddable":true,"href":"https:\/\/www.baoertaihardware.com\/fr\/wp-json\/wp\/v2\/media\/812"}],"wp:attachment":[{"href":"https:\/\/www.baoertaihardware.com\/fr\/wp-json\/wp\/v2\/media?parent=806"}],"wp:term":[{"taxonomy":"product_brand","embeddable":true,"href":"https:\/\/www.baoertaihardware.com\/fr\/wp-json\/wp\/v2\/product_brand?post=806"},{"taxonomy":"product_cat","embeddable":true,"href":"https:\/\/www.baoertaihardware.com\/fr\/wp-json\/wp\/v2\/product_cat?post=806"},{"taxonomy":"product_tag","embeddable":true,"href":"https:\/\/www.baoertaihardware.com\/fr\/wp-json\/wp\/v2\/product_tag?post=806"}],"curies":[{"name":"wp","href":"https:\/\/api.w.org\/{rel}","templated":true}]}}