{"id":799,"date":"2024-11-16T10:10:16","date_gmt":"2024-11-16T10:10:16","guid":{"rendered":"https:\/\/www.baoertaihardware.com\/?post_type=product&#038;p=799"},"modified":"2024-11-18T03:20:54","modified_gmt":"2024-11-18T03:20:54","slug":"cabinet-165-slide-on-hinge","status":"publish","type":"product","link":"https:\/\/www.baoertaihardware.com\/fr\/produit\/cabinet-165-slide-on-hinge\/","title":{"rendered":"Charni\u00e8re \u00e0 coulisse 165\u00b0 pour armoire Charni\u00e8re \u00e0 fermeture douce unidirectionnelle Fournisseur"},"content":{"rendered":"<div class=\"wp-block-columns is-layout-flex wp-container-core-columns-is-layout-9d6595d7 wp-block-columns-is-layout-flex\">\n<div class=\"wp-block-column is-layout-flow wp-block-column-is-layout-flow\">\n<h3 class=\"wp-block-heading\">Caract\u00e9ristiques et avantages de la charni\u00e8re \u00e0 glissi\u00e8re 165<\/h3>\n\n\n\n<p><\/p>\n\n\n\n<p><strong>Angle d'ouverture de 165<\/strong>: L'angle d'ouverture de la porte de l'armoire est plus grand, ce qui permet de maximiser l'utilisation de l'espace \u00e0 l'int\u00e9rieur de l'armoire.<\/p>\n\n\n\n<p><strong>Conception \u00e0 couverture totale<\/strong>Les portes recouvrent enti\u00e8rement le cadre de l'armoire pour un aspect propre et uniforme.<\/p>\n\n\n\n<p><strong>Installation coulissante<\/strong>Le syst\u00e8me de gestion de l'eau : installation facile et rapide, r\u00e9duisant le temps d'utilisation.<\/p>\n\n\n\n<p><strong>Durable et fiable<\/strong>: Armoires modernes, adapt\u00e9es \u00e0 un usage r\u00e9sidentiel et commercial.<\/p>\n\n\n\n<p><strong>Installation<\/strong>: Chargement par glissement, facile \u00e0 utiliser.<\/p>\n\n\n\n<p><strong>Stabilit\u00e9 structurelle<\/strong>Le produit est tr\u00e8s solide apr\u00e8s l'installation et convient \u00e0 l'utilisation quotidienne des portes d'armoires.<\/p>\n\n\n\n<p><strong>Champ d'application<\/strong>: armoires de maison, placards, meubles de bureau, etc.<\/p>\n<\/div>\n\n\n\n<div class=\"wp-block-column is-layout-flow wp-block-column-is-layout-flow\">\n<figure class=\"wp-block-image size-full\"><img decoding=\"async\" width=\"1200\" height=\"1200\" src=\"https:\/\/www.baoertaihardware.com\/wp-content\/uploads\/2024\/11\/Cabinet-165\u00b0-Slide-On-Hinge-Supplier-1.webp\" alt=\"165\u00b0 Slide-On Hinge Supplier (1)\" class=\"wp-image-802\" srcset=\"https:\/\/www.baoertaihardware.com\/wp-content\/uploads\/2024\/11\/Cabinet-165\u00b0-Slide-On-Hinge-Supplier-1.webp 1200w, https:\/\/www.baoertaihardware.com\/wp-content\/uploads\/2024\/11\/Cabinet-165\u00b0-Slide-On-Hinge-Supplier-1-300x300.webp 300w, https:\/\/www.baoertaihardware.com\/wp-content\/uploads\/2024\/11\/Cabinet-165\u00b0-Slide-On-Hinge-Supplier-1-150x150.webp 150w, https:\/\/www.baoertaihardware.com\/wp-content\/uploads\/2024\/11\/Cabinet-165\u00b0-Slide-On-Hinge-Supplier-1-768x768.webp 768w, https:\/\/www.baoertaihardware.com\/wp-content\/uploads\/2024\/11\/Cabinet-165\u00b0-Slide-On-Hinge-Supplier-1-600x600.webp 600w, https:\/\/www.baoertaihardware.com\/wp-content\/uploads\/2024\/11\/Cabinet-165\u00b0-Slide-On-Hinge-Supplier-1-100x100.webp 100w\" sizes=\"(max-width: 1200px) 100vw, 1200px\" \/><\/figure>\n<\/div>\n<\/div>\n\n\n\n<p><\/p>","protected":false},"excerpt":{"rendered":"<p>La charni\u00e8re \u00e0 glissi\u00e8re 165\u00b0 offre une large ouverture de 165\u00b0 pour faciliter l'acc\u00e8s \u00e0 l'armoire. Sa conception \u00e0 recouvrement int\u00e9gral offre un aspect homog\u00e8ne, et l'installation par glissement simplifie le montage. Id\u00e9ale pour les armoires personnalis\u00e9es, cette charni\u00e8re allie durabilit\u00e9, facilit\u00e9 d'utilisation et un angle d'ouverture plus grand pour une meilleure fonctionnalit\u00e9.<\/p>\n<h3>Sp\u00e9cifications de la charni\u00e8re coulissante 165<\/h3>\n<ul>\n<li><strong>Num\u00e9ro de mod\u00e8le<\/strong>:165A<\/li>\n<li><strong>Mat\u00e9riau<\/strong>: Fer<\/li>\n<li><strong>\u00c9paisseur<\/strong>:15-18mm<\/li>\n<li><strong>Diam\u00e8tre de la coupelle<\/strong>: 35mm<\/li>\n<li><strong>Centres des trous<\/strong>: 48mm<\/li>\n<li><strong>Ouverture d'un dipl\u00f4me<\/strong>:165\u00b0<\/li>\n<li><strong>Poids<\/strong>135g\/pcs<\/li>\n<li><strong>Finition<\/strong>: Nickel\u00e9<\/li>\n<li><strong>Application<\/strong>: bureau \u00e0 domicile, salon, chambre \u00e0 coucher, h\u00f4tel, villa, appartement<\/li>\n<\/ul>\n<p><strong>Cat\u00e9gorie<\/strong>: <a href=\"https:\/\/www.baoertaihardware.com\/fr\/categorie-produit\/cabinet-hinges-wholesale\/\">Charni\u00e8res d'armoires<\/a><\/p>\n<p><strong>Tags<\/strong>charni\u00e8res : charni\u00e8res \u00e0 glissi\u00e8re, charni\u00e8res \u00e0 fermeture souple\uff0c charni\u00e8res \u00e0 angle sp\u00e9cial<\/p>","protected":false},"featured_media":804,"comment_status":"closed","ping_status":"closed","template":"","meta":{"_acf_changed":false},"product_brand":[],"product_cat":[21],"product_tag":[],"class_list":{"0":"post-799","1":"product","2":"type-product","3":"status-publish","4":"has-post-thumbnail","6":"product_cat-cabinet-hinges-wholesale","8":"first","9":"instock","10":"shipping-taxable","11":"product-type-simple"},"acf":[],"_links":{"self":[{"href":"https:\/\/www.baoertaihardware.com\/fr\/wp-json\/wp\/v2\/product\/799","targetHints":{"allow":["GET"]}}],"collection":[{"href":"https:\/\/www.baoertaihardware.com\/fr\/wp-json\/wp\/v2\/product"}],"about":[{"href":"https:\/\/www.baoertaihardware.com\/fr\/wp-json\/wp\/v2\/types\/product"}],"replies":[{"embeddable":true,"href":"https:\/\/www.baoertaihardware.com\/fr\/wp-json\/wp\/v2\/comments?post=799"}],"wp:featuredmedia":[{"embeddable":true,"href":"https:\/\/www.baoertaihardware.com\/fr\/wp-json\/wp\/v2\/media\/804"}],"wp:attachment":[{"href":"https:\/\/www.baoertaihardware.com\/fr\/wp-json\/wp\/v2\/media?parent=799"}],"wp:term":[{"taxonomy":"product_brand","embeddable":true,"href":"https:\/\/www.baoertaihardware.com\/fr\/wp-json\/wp\/v2\/product_brand?post=799"},{"taxonomy":"product_cat","embeddable":true,"href":"https:\/\/www.baoertaihardware.com\/fr\/wp-json\/wp\/v2\/product_cat?post=799"},{"taxonomy":"product_tag","embeddable":true,"href":"https:\/\/www.baoertaihardware.com\/fr\/wp-json\/wp\/v2\/product_tag?post=799"}],"curies":[{"name":"wp","href":"https:\/\/api.w.org\/{rel}","templated":true}]}}