{"id":616,"date":"2024-10-29T18:13:16","date_gmt":"2024-10-29T18:13:16","guid":{"rendered":"https:\/\/www.baoertaihardware.com\/?post_type=product&#038;p=616"},"modified":"2024-10-29T18:13:17","modified_gmt":"2024-10-29T18:13:17","slug":"undermount-drawer-slides-custom","status":"publish","type":"product","link":"https:\/\/www.baoertaihardware.com\/fr\/produit\/undermount-drawer-slides-custom\/","title":{"rendered":"Glissi\u00e8res de tiroir \u00e0 fermeture douce \u00e0 3 plis avec verrou"},"content":{"rendered":"<div class=\"wp-block-columns is-layout-flex wp-container-core-columns-is-layout-9d6595d7 wp-block-columns-is-layout-flex\">\n<div class=\"wp-block-column is-layout-flow wp-block-column-is-layout-flow\">\n<h3 class=\"wp-block-heading\">Caract\u00e9ristiques et avantages des glissi\u00e8res de tiroir sous plan<\/h3>\n\n\n\n<ol class=\"wp-block-list\">\n<li><strong>Conception fixe et stable :<\/strong> Il permet de stabiliser la glissi\u00e8re en installant le boulon, il est fiable \u00e0 l'usage et convient aux tiroirs \u00e0 forte charge.<\/li>\n\n\n\n<li><strong>La technologie de fermeture douce et silencieuse : <\/strong>Gr\u00e2ce \u00e0 la conception unique de la fermeture en douceur, les tiroirs peuvent \u00eatre ferm\u00e9s en douceur sans bruit et sont plus confortables.<\/li>\n\n\n\n<li><strong>Mat\u00e9riau de haute qualit\u00e9 :<\/strong> Longue dur\u00e9e de vie gr\u00e2ce aux mat\u00e9riaux r\u00e9sistants \u00e0 l'usure de nos glissi\u00e8res de tiroirs.<\/li>\n\n\n\n<li><strong>Fonction r\u00e9glable : <\/strong>La hauteur et le r\u00e9glage lat\u00e9ral peuvent \u00eatre pris en charge pour garantir un bon ajustement du tiroir et am\u00e9liorer l'exp\u00e9rience de l'utilisateur.<\/li>\n\n\n\n<li><strong>Installation facile : <\/strong>La conception raisonnable permet une installation facile. Aucun outil compliqu\u00e9 n'est n\u00e9cessaire.<\/li>\n<\/ol>\n<\/div>\n\n\n\n<div class=\"wp-block-column is-layout-flow wp-block-column-is-layout-flow\">\n<figure class=\"wp-block-image size-full\"><img decoding=\"async\" width=\"1200\" height=\"1200\" src=\"https:\/\/www.baoertaihardware.com\/wp-content\/uploads\/2024\/10\/Undermount-Drawer-Slides-Custom-1.webp\" alt=\"Coulisses de tiroir sous plan Custom 1\" class=\"wp-image-629\" srcset=\"https:\/\/www.baoertaihardware.com\/wp-content\/uploads\/2024\/10\/Undermount-Drawer-Slides-Custom-1.webp 1200w, https:\/\/www.baoertaihardware.com\/wp-content\/uploads\/2024\/10\/Undermount-Drawer-Slides-Custom-1-300x300.webp 300w, https:\/\/www.baoertaihardware.com\/wp-content\/uploads\/2024\/10\/Undermount-Drawer-Slides-Custom-1-150x150.webp 150w, https:\/\/www.baoertaihardware.com\/wp-content\/uploads\/2024\/10\/Undermount-Drawer-Slides-Custom-1-768x768.webp 768w, https:\/\/www.baoertaihardware.com\/wp-content\/uploads\/2024\/10\/Undermount-Drawer-Slides-Custom-1-600x600.webp 600w, https:\/\/www.baoertaihardware.com\/wp-content\/uploads\/2024\/10\/Undermount-Drawer-Slides-Custom-1-100x100.webp 100w\" sizes=\"(max-width: 1200px) 100vw, 1200px\" \/><\/figure>\n<\/div>\n<\/div>\n\n\n\n<p><\/p>","protected":false},"excerpt":{"rendered":"<p>Les glissi\u00e8res de tiroirs \u00e0 3 plis \u00e0 fermeture douce avec verrou sont une combinaison parfaite de stabilit\u00e9 et de praticit\u00e9.  La fixation par boulon de cette glissi\u00e8re garantit la stabilit\u00e9, car elle est tr\u00e8s r\u00e9sistante et peut donc supporter une forte pression. Les mat\u00e9riaux de haute qualit\u00e9 garantissent la durabilit\u00e9. Pour vos besoins sp\u00e9cifiques, n'h\u00e9sitez pas \u00e0 nous contacter.<\/p>\n<h3>Sp\u00e9cifications des glissi\u00e8res de tiroir sous plan<\/h3>\n<ul>\n<li>Num\u00e9ro de mod\u00e8le : D808<\/li>\n<li>Mat\u00e9riau : acier lamin\u00e9 \u00e0 froid<\/li>\n<li>Thickness:1.8*1.5*1.0mm<\/li>\n<li>Longueur : 250-600 mm<\/li>\n<li>Traitement de surface : zingu\u00e9\u00a0<\/li>\n<li>Capacit\u00e9 de charge : 35 kg<\/li>\n<li>Application : bureau \u00e0 domicile, salon, chambre \u00e0 coucher, h\u00f4tel, villa, appartement<\/li>\n<\/ul>\n<p><strong>Cat\u00e9gorie<\/strong>: <a href=\"https:\/\/www.baoertaihardware.com\/fr\/categorie-produit\/undermount-drawer-slides\/\">Glissi\u00e8res de tiroir sous plan<\/a><\/p>\n<p><strong>Tags<\/strong>: Coulisses dissimul\u00e9es, coulisses de tiroir \u00e0 fermeture douce, coulisses encastr\u00e9es<\/p>","protected":false},"featured_media":630,"comment_status":"closed","ping_status":"closed","template":"","meta":{"_acf_changed":false},"product_brand":[],"product_cat":[20],"product_tag":[],"class_list":{"0":"post-616","1":"product","2":"type-product","3":"status-publish","4":"has-post-thumbnail","6":"product_cat-undermount-drawer-slides-wholesale","8":"first","9":"instock","10":"shipping-taxable","11":"product-type-simple"},"acf":[],"_links":{"self":[{"href":"https:\/\/www.baoertaihardware.com\/fr\/wp-json\/wp\/v2\/product\/616","targetHints":{"allow":["GET"]}}],"collection":[{"href":"https:\/\/www.baoertaihardware.com\/fr\/wp-json\/wp\/v2\/product"}],"about":[{"href":"https:\/\/www.baoertaihardware.com\/fr\/wp-json\/wp\/v2\/types\/product"}],"replies":[{"embeddable":true,"href":"https:\/\/www.baoertaihardware.com\/fr\/wp-json\/wp\/v2\/comments?post=616"}],"wp:featuredmedia":[{"embeddable":true,"href":"https:\/\/www.baoertaihardware.com\/fr\/wp-json\/wp\/v2\/media\/630"}],"wp:attachment":[{"href":"https:\/\/www.baoertaihardware.com\/fr\/wp-json\/wp\/v2\/media?parent=616"}],"wp:term":[{"taxonomy":"product_brand","embeddable":true,"href":"https:\/\/www.baoertaihardware.com\/fr\/wp-json\/wp\/v2\/product_brand?post=616"},{"taxonomy":"product_cat","embeddable":true,"href":"https:\/\/www.baoertaihardware.com\/fr\/wp-json\/wp\/v2\/product_cat?post=616"},{"taxonomy":"product_tag","embeddable":true,"href":"https:\/\/www.baoertaihardware.com\/fr\/wp-json\/wp\/v2\/product_tag?post=616"}],"curies":[{"name":"wp","href":"https:\/\/api.w.org\/{rel}","templated":true}]}}