{"id":578,"date":"2024-10-31T03:31:01","date_gmt":"2024-10-31T03:31:01","guid":{"rendered":"https:\/\/www.baoertaihardware.com\/?post_type=product&#038;p=578"},"modified":"2025-02-22T07:10:27","modified_gmt":"2025-02-22T07:10:27","slug":"undermount-drawer-slides-supplier","status":"publish","type":"product","link":"https:\/\/www.baoertaihardware.com\/fr\/produit\/undermount-drawer-slides-supplier\/","title":{"rendered":"Coulisses de tiroir sous plan \u00e0 3 plis avec fermeture en douceur et ouverture par pouss\u00e9e du fournisseur"},"content":{"rendered":"<div class=\"wp-block-columns is-layout-flex wp-container-core-columns-is-layout-9d6595d7 wp-block-columns-is-layout-flex\">\n<div class=\"wp-block-column is-layout-flow wp-block-column-is-layout-flow\">\n<h3 class=\"wp-block-heading\">Caract\u00e9ristiques et avantages des glissi\u00e8res de tiroir sous plan<\/h3>\n\n\n\n<ol class=\"wp-block-list\">\n<li><strong>Conception cach\u00e9e<\/strong>: La conception sp\u00e9ciale du montage par le bas permet de garder le tiroir propre et d'am\u00e9liorer l'esth\u00e9tique g\u00e9n\u00e9rale.<\/li>\n\n\n\n<li><strong>Quiet Soft Close<\/strong>: Le fournisseur de glissi\u00e8res de tiroirs \u00e0 fermeture douce dispose d'une technologie avanc\u00e9e de fermeture douce qui garantit une fermeture silencieuse et en douceur, \u00e9liminant ainsi le bruit.<\/li>\n\n\n\n<li><strong>Robuste et durable<\/strong>Les glissi\u00e8res de tiroirs sont fabriqu\u00e9es \u00e0 partir de mat\u00e9riaux de haute qualit\u00e9, r\u00e9sistants \u00e0 l'usure et \u00e0 la pression, afin de garantir une utilisation \u00e0 long terme sans dommages.<\/li>\n\n\n\n<li><strong>Installation simple<\/strong>: Installation simple, par \u00e9tapes intuitives, sans outils complexes, ce qui permet de gagner du temps et de r\u00e9duire les co\u00fbts de main-d'\u0153uvre.<\/li>\n\n\n\n<li><strong>Largement utilis\u00e9<\/strong>Les glissi\u00e8res de tiroirs sont adapt\u00e9es \u00e0 la cuisine, aux placards, aux meubles de bureau et ainsi de suite, afin de r\u00e9pondre \u00e0 la demande diversifi\u00e9e du march\u00e9.<\/li>\n\n\n\n<li><strong>\u00c9chantillon gratuit<\/strong>: Le fournisseur de glissi\u00e8res de tiroir \u00e0 fermeture douce fournit des \u00e9chantillons gratuits pour permettre aux clients de comparer et de v\u00e9rifier la qualit\u00e9.<\/li>\n<\/ol>\n<\/div>\n\n\n\n<div class=\"wp-block-column is-layout-flow wp-block-column-is-layout-flow\">\n<figure class=\"wp-block-image size-full\"><img decoding=\"async\" width=\"1200\" height=\"1200\" src=\"https:\/\/www.baoertaihardware.com\/wp-content\/uploads\/2024\/10\/Undermount-Soft-Close-Drawer-Slides-Supplier-1.webp\" alt=\"Glissi\u00e8res de tiroir \u00e0 fermeture douce sous le comptoir Fournisseur 1\" class=\"wp-image-590\" srcset=\"https:\/\/www.baoertaihardware.com\/wp-content\/uploads\/2024\/10\/Undermount-Soft-Close-Drawer-Slides-Supplier-1.webp 1200w, https:\/\/www.baoertaihardware.com\/wp-content\/uploads\/2024\/10\/Undermount-Soft-Close-Drawer-Slides-Supplier-1-300x300.webp 300w, https:\/\/www.baoertaihardware.com\/wp-content\/uploads\/2024\/10\/Undermount-Soft-Close-Drawer-Slides-Supplier-1-150x150.webp 150w, https:\/\/www.baoertaihardware.com\/wp-content\/uploads\/2024\/10\/Undermount-Soft-Close-Drawer-Slides-Supplier-1-768x768.webp 768w, https:\/\/www.baoertaihardware.com\/wp-content\/uploads\/2024\/10\/Undermount-Soft-Close-Drawer-Slides-Supplier-1-600x600.webp 600w, https:\/\/www.baoertaihardware.com\/wp-content\/uploads\/2024\/10\/Undermount-Soft-Close-Drawer-Slides-Supplier-1-100x100.webp 100w\" sizes=\"(max-width: 1200px) 100vw, 1200px\" \/><\/figure>\n<\/div>\n<\/div>\n\n\n\n<h2 class=\"wp-block-heading\">Fournisseur fiable de glissi\u00e8res de tiroir sous plan en gros<\/h2>\n\n\n\n<p>Regardez la vid\u00e9o de d\u00e9monstration d\u00e9taill\u00e9e du produit pour vous aider \u00e0 comprendre plus intuitivement nos produits de glissi\u00e8res de tiroirs et comment les installer et les utiliser. Cliquez sur le lien ci-dessous pour regarder la vid\u00e9o et obtenir plus d'astuces et de conseils d'installation.<\/p>\n\n\n\n<div class=\"wp-block-columns is-layout-flex wp-container-core-columns-is-layout-9d6595d7 wp-block-columns-is-layout-flex\">\n<div class=\"wp-block-column is-layout-flow wp-block-column-is-layout-flow\">\n<figure class=\"wp-block-embed is-type-video is-provider-youtube wp-block-embed-youtube wp-embed-aspect-16-9 wp-has-aspect-ratio\"><div class=\"wp-block-embed__wrapper\">\n<iframe title=\"D706 Coulisse sous plan 3 plis avec ouverture par pouss\u00e9e et fermeture en douceur\" width=\"500\" height=\"281\" src=\"https:\/\/www.youtube.com\/embed\/sw3-XXTwg28?feature=oembed\" frameborder=\"0\" allow=\"accelerometer; autoplay; clipboard-write; encrypted-media; gyroscope; picture-in-picture; web-share\" referrerpolicy=\"strict-origin-when-cross-origin\" allowfullscreen><\/iframe>\n<\/div><\/figure>\n\n\n\n<h3 class=\"wp-block-heading\"><\/h3>\n<\/div>\n<\/div>\n\n\n\n<p><\/p>","protected":false},"excerpt":{"rendered":"<p>Nos glissi\u00e8res de tiroirs \u00e0 3 plis avec fermeture douce et ouverture par pouss\u00e9e combinent un design invisible avec une technologie de fermeture douce silencieuse pour assurer \u00e0 la fois la beaut\u00e9 et la praticit\u00e9. Les mat\u00e9riaux durables et l'installation simple r\u00e9pondent \u00e0 une grande vari\u00e9t\u00e9 de besoins en mati\u00e8re d'ameublement. Choisissez nos glissi\u00e8res pour profiter d'une excellente exp\u00e9rience domestique. Contactez-nous pour obtenir des \u00e9chantillons et des devis gratuits.<\/p>\n<h3>Sp\u00e9cifications des glissi\u00e8res de tiroir sous plan<\/h3>\n<ul>\n<li>Num\u00e9ro de mod\u00e8le : D706<\/li>\n<li>Mat\u00e9riau : acier lamin\u00e9 \u00e0 froid<\/li>\n<li>Thickness:1.8*1.5*1.0mm<\/li>\n<li>Longueur : 250-600 mm<\/li>\n<li>Traitement de surface : zingu\u00e9\u00a0<\/li>\n<li>Capacit\u00e9 de charge : 35 kg<\/li>\n<li>Application : bureau \u00e0 domicile, salon, chambre \u00e0 coucher, h\u00f4tel, villa, appartement<\/li>\n<\/ul>\n<p><strong>Cat\u00e9gorie<\/strong>: <a href=\"https:\/\/www.baoertaihardware.com\/fr\/categorie-produit\/undermount-drawer-slides\/\">Glissi\u00e8res de tiroir sous plan<\/a><\/p>\n<p><strong>Tags<\/strong>: Coulisses dissimul\u00e9es, coulisses \u00e0 fermeture douce, coulisses \u00e0 ouverture par pouss\u00e9e<\/p>","protected":false},"featured_media":591,"comment_status":"closed","ping_status":"closed","template":"","meta":{"_acf_changed":false},"product_brand":[],"product_cat":[20],"product_tag":[],"class_list":{"0":"post-578","1":"product","2":"type-product","3":"status-publish","4":"has-post-thumbnail","6":"product_cat-undermount-drawer-slides-wholesale","8":"first","9":"instock","10":"shipping-taxable","11":"product-type-simple"},"acf":[],"_links":{"self":[{"href":"https:\/\/www.baoertaihardware.com\/fr\/wp-json\/wp\/v2\/product\/578","targetHints":{"allow":["GET"]}}],"collection":[{"href":"https:\/\/www.baoertaihardware.com\/fr\/wp-json\/wp\/v2\/product"}],"about":[{"href":"https:\/\/www.baoertaihardware.com\/fr\/wp-json\/wp\/v2\/types\/product"}],"replies":[{"embeddable":true,"href":"https:\/\/www.baoertaihardware.com\/fr\/wp-json\/wp\/v2\/comments?post=578"}],"wp:featuredmedia":[{"embeddable":true,"href":"https:\/\/www.baoertaihardware.com\/fr\/wp-json\/wp\/v2\/media\/591"}],"wp:attachment":[{"href":"https:\/\/www.baoertaihardware.com\/fr\/wp-json\/wp\/v2\/media?parent=578"}],"wp:term":[{"taxonomy":"product_brand","embeddable":true,"href":"https:\/\/www.baoertaihardware.com\/fr\/wp-json\/wp\/v2\/product_brand?post=578"},{"taxonomy":"product_cat","embeddable":true,"href":"https:\/\/www.baoertaihardware.com\/fr\/wp-json\/wp\/v2\/product_cat?post=578"},{"taxonomy":"product_tag","embeddable":true,"href":"https:\/\/www.baoertaihardware.com\/fr\/wp-json\/wp\/v2\/product_tag?post=578"}],"curies":[{"name":"wp","href":"https:\/\/api.w.org\/{rel}","templated":true}]}}