{"id":547,"date":"2024-10-30T17:25:47","date_gmt":"2024-10-30T17:25:47","guid":{"rendered":"https:\/\/www.baoertaihardware.com\/?post_type=product&#038;p=547"},"modified":"2024-10-30T17:25:48","modified_gmt":"2024-10-30T17:25:48","slug":"push-open-undermount-drawer-slides","status":"publish","type":"product","link":"https:\/\/www.baoertaihardware.com\/fr\/produit\/push-open-undermount-drawer-slides\/","title":{"rendered":"Coulisses de tiroir sous plan \u00e0 3 volets avec poign\u00e9es Fournisseur"},"content":{"rendered":"<div class=\"wp-block-columns is-layout-flex wp-container-core-columns-is-layout-9d6595d7 wp-block-columns-is-layout-flex\">\n<div class=\"wp-block-column is-layout-flow wp-block-column-is-layout-flow\">\n<h3 class=\"wp-block-heading\">Caract\u00e9ristiques et avantages des glissi\u00e8res de tiroir sous plan \u00e0 ouverture par pouss\u00e9e<\/h3>\n\n\n\n<ol class=\"wp-block-list\">\n<li><strong>Fermeture douce et silencieuse :<\/strong> L'adoption de la technologie de fermeture en douceur permet \u00e0 chaque fois une fermeture l\u00e9g\u00e8re et silencieuse, am\u00e9liorant ainsi l'exp\u00e9rience de l'utilisateur.<\/li>\n\n\n\n<li><strong>Mat\u00e9riau durable :<\/strong> Acier de haute qualit\u00e9, r\u00e9sistant \u00e0 l'usure et durable, forte capacit\u00e9 de charge, adapt\u00e9 \u00e0 toutes sortes de meubles.<\/li>\n\n\n\n<li><strong>Commodit\u00e9 Push-pull : <\/strong>Conception unique de type \"push-pull\", pratique \u00e0 ouvrir et \u00e0 fermer, facilitant les op\u00e9rations quotidiennes.<\/li>\n\n\n\n<li><strong>Installation facile :<\/strong> Conception raisonnable, installation facile, pas besoin d'outils professionnels, convient aux amateurs de bricolage.<\/li>\n\n\n\n<li><strong>La beaut\u00e9 moderne :<\/strong> Design simple et moderne, adapt\u00e9 \u00e0 diff\u00e9rents styles de maisons, am\u00e9liorant le niveau de d\u00e9coration.<\/li>\n<\/ol>\n<\/div>\n\n\n\n<div class=\"wp-block-column is-layout-flow wp-block-column-is-layout-flow\">\n<figure class=\"wp-block-image size-full\"><img decoding=\"async\" width=\"1200\" height=\"1200\" src=\"https:\/\/www.baoertaihardware.com\/wp-content\/uploads\/2024\/10\/Custom-Push-to-Open-Drawer-Slides-Soft-Close1.webp\" alt=\"Glissi\u00e8res de tiroir \u00e0 ouverture par pouss\u00e9e sur mesure Soft Close1\" class=\"wp-image-564\" srcset=\"https:\/\/www.baoertaihardware.com\/wp-content\/uploads\/2024\/10\/Custom-Push-to-Open-Drawer-Slides-Soft-Close1.webp 1200w, https:\/\/www.baoertaihardware.com\/wp-content\/uploads\/2024\/10\/Custom-Push-to-Open-Drawer-Slides-Soft-Close1-300x300.webp 300w, https:\/\/www.baoertaihardware.com\/wp-content\/uploads\/2024\/10\/Custom-Push-to-Open-Drawer-Slides-Soft-Close1-150x150.webp 150w, https:\/\/www.baoertaihardware.com\/wp-content\/uploads\/2024\/10\/Custom-Push-to-Open-Drawer-Slides-Soft-Close1-768x768.webp 768w, https:\/\/www.baoertaihardware.com\/wp-content\/uploads\/2024\/10\/Custom-Push-to-Open-Drawer-Slides-Soft-Close1-600x600.webp 600w, https:\/\/www.baoertaihardware.com\/wp-content\/uploads\/2024\/10\/Custom-Push-to-Open-Drawer-Slides-Soft-Close1-100x100.webp 100w\" sizes=\"(max-width: 1200px) 100vw, 1200px\" \/><\/figure>\n<\/div>\n<\/div>\n\n\n\n<p><\/p>","protected":false},"excerpt":{"rendered":"<p>Les glissi\u00e8res de tiroirs \u00e0 ouverture par pouss\u00e9e en trois temps offrent une technologie de fermeture en douceur silencieuse et des mat\u00e9riaux solides pour une utilisation prolong\u00e9e sans probl\u00e8me, tout en facilitant l'installation pour diverses applications d'ameublement. Veuillez s\u00e9lectionner la glissi\u00e8re appropri\u00e9e en fonction de vos besoins.<\/p>\n<h3>Sp\u00e9cifications des glissi\u00e8res de tiroir sous plan Push to Open<\/h3>\n<ul>\n<li>Num\u00e9ro de mod\u00e8le : D606<\/li>\n<li>Mat\u00e9riau : acier lamin\u00e9 \u00e0 froid<\/li>\n<li>Thickness:1.8*1.5*1.0mm<\/li>\n<li>Longueur : 250-600 mm<\/li>\n<li>Traitement de surface : zingu\u00e9\u00a0<\/li>\n<li>Capacit\u00e9 de charge : 35 kg<\/li>\n<li>Application : bureau \u00e0 domicile, salon, chambre \u00e0 coucher, h\u00f4tel, villa, appartement<\/li>\n<\/ul>\n<p><strong>Cat\u00e9gorie<\/strong>: <a href=\"https:\/\/www.baoertaihardware.com\/fr\/categorie-produit\/undermount-drawer-slides\/\">Glissi\u00e8res de tiroir sous plan<\/a><\/p>\n<p><strong>Tags<\/strong>: Coulisses encastr\u00e9es, coulisses \u00e0 fermeture douce, coulisses encastr\u00e9es<\/p>","protected":false},"featured_media":565,"comment_status":"closed","ping_status":"closed","template":"","meta":{"_acf_changed":false},"product_brand":[],"product_cat":[20],"product_tag":[],"class_list":{"0":"post-547","1":"product","2":"type-product","3":"status-publish","4":"has-post-thumbnail","6":"product_cat-undermount-drawer-slides-wholesale","8":"first","9":"instock","10":"shipping-taxable","11":"product-type-simple"},"acf":[],"_links":{"self":[{"href":"https:\/\/www.baoertaihardware.com\/fr\/wp-json\/wp\/v2\/product\/547","targetHints":{"allow":["GET"]}}],"collection":[{"href":"https:\/\/www.baoertaihardware.com\/fr\/wp-json\/wp\/v2\/product"}],"about":[{"href":"https:\/\/www.baoertaihardware.com\/fr\/wp-json\/wp\/v2\/types\/product"}],"replies":[{"embeddable":true,"href":"https:\/\/www.baoertaihardware.com\/fr\/wp-json\/wp\/v2\/comments?post=547"}],"wp:featuredmedia":[{"embeddable":true,"href":"https:\/\/www.baoertaihardware.com\/fr\/wp-json\/wp\/v2\/media\/565"}],"wp:attachment":[{"href":"https:\/\/www.baoertaihardware.com\/fr\/wp-json\/wp\/v2\/media?parent=547"}],"wp:term":[{"taxonomy":"product_brand","embeddable":true,"href":"https:\/\/www.baoertaihardware.com\/fr\/wp-json\/wp\/v2\/product_brand?post=547"},{"taxonomy":"product_cat","embeddable":true,"href":"https:\/\/www.baoertaihardware.com\/fr\/wp-json\/wp\/v2\/product_cat?post=547"},{"taxonomy":"product_tag","embeddable":true,"href":"https:\/\/www.baoertaihardware.com\/fr\/wp-json\/wp\/v2\/product_tag?post=547"}],"curies":[{"name":"wp","href":"https:\/\/api.w.org\/{rel}","templated":true}]}}