{"id":540,"date":"2024-10-29T10:13:30","date_gmt":"2024-10-29T10:13:30","guid":{"rendered":"https:\/\/www.baoertaihardware.com\/?post_type=product&#038;p=540"},"modified":"2025-05-27T03:47:14","modified_gmt":"2025-05-27T03:47:14","slug":"custom-push-to-open-drawer-slides","status":"publish","type":"product","link":"https:\/\/www.baoertaihardware.com\/fr\/produit\/custom-push-to-open-drawer-slides\/","title":{"rendered":"Custom Push to Open Drawer Slides 3-Fold 45 mm Ball Bearing Slides Factory"},"content":{"rendered":"<div class=\"wp-block-columns is-layout-flex wp-container-core-columns-is-layout-9d6595d7 wp-block-columns-is-layout-flex\">\n<div class=\"wp-block-column is-layout-flow wp-block-column-is-layout-flow\">\n<h3 class=\"wp-block-heading\">Caract\u00e9ristiques et avantages des glissi\u00e8res de tiroir \u00e0 ouverture par pouss\u00e9e<\/h3>\n\n\n\n<ol class=\"wp-block-list\">\n<li><strong>Conception sans poign\u00e9e :<\/strong> Il suffit de pousser le panneau du tiroir pour ouvrir le tiroir ; il n'est pas n\u00e9cessaire d'utiliser des poign\u00e9es ou des boutons traditionnels, c'est tr\u00e8s simple et \u00e9l\u00e9gant.<\/li>\n\n\n\n<li><strong>M\u00e9canisme d'\u00e9jection automatique :<\/strong> Le m\u00e9canisme \u00e0 ressort int\u00e9gr\u00e9 \u00e9jecte automatiquement le tiroir lorsqu'on appuie dessus, ce qui le rend facile et rapide \u00e0 utiliser.<\/li>\n\n\n\n<li><strong>Capacit\u00e9 de charge \u00e9lev\u00e9e :<\/strong> L'acier de haute qualit\u00e9 garantit que les glissi\u00e8res sont suffisamment solides pour transporter des objets plus lourds.<\/li>\n\n\n\n<li><strong>R\u00e9duction du bruit : <\/strong>La fonction de fermeture automatique amortie r\u00e9duit particuli\u00e8rement le bruit lorsque le tiroir est ferm\u00e9, ce qui am\u00e9liore l'exp\u00e9rience de l'utilisateur.<\/li>\n\n\n\n<li><strong>Utilisation de l'espace :<\/strong> La conception trifonctionnelle permet d'allonger les tiroirs pour optimiser l'espace de rangement.<\/li>\n<\/ol>\n<\/div>\n\n\n\n<div class=\"wp-block-column is-layout-flow wp-block-column-is-layout-flow\">\n<figure class=\"wp-block-image size-full\"><img decoding=\"async\" width=\"1200\" height=\"1200\" src=\"https:\/\/www.baoertaihardware.com\/wp-content\/uploads\/2024\/10\/custom-push-to-open-drawer-slides-1.webp\" alt=\"coulisses de tiroirs \u00e0 pousser \u00e0 l&#039;ouverture (1)\" class=\"wp-image-548\" srcset=\"https:\/\/www.baoertaihardware.com\/wp-content\/uploads\/2024\/10\/custom-push-to-open-drawer-slides-1.webp 1200w, https:\/\/www.baoertaihardware.com\/wp-content\/uploads\/2024\/10\/custom-push-to-open-drawer-slides-1-300x300.webp 300w, https:\/\/www.baoertaihardware.com\/wp-content\/uploads\/2024\/10\/custom-push-to-open-drawer-slides-1-150x150.webp 150w, https:\/\/www.baoertaihardware.com\/wp-content\/uploads\/2024\/10\/custom-push-to-open-drawer-slides-1-768x768.webp 768w, https:\/\/www.baoertaihardware.com\/wp-content\/uploads\/2024\/10\/custom-push-to-open-drawer-slides-1-600x600.webp 600w, https:\/\/www.baoertaihardware.com\/wp-content\/uploads\/2024\/10\/custom-push-to-open-drawer-slides-1-100x100.webp 100w\" sizes=\"(max-width: 1200px) 100vw, 1200px\" \/><\/figure>\n<\/div>\n<\/div>","protected":false},"excerpt":{"rendered":"<p>Nos glissi\u00e8res de tiroirs tripl\u00e9es personnalis\u00e9es \u00e0 ouverture par pouss\u00e9e sont intelligemment con\u00e7ues pour s'ouvrir par une l\u00e9g\u00e8re pression sur le panneau, sans n\u00e9cessiter de poign\u00e9es, et se refermer en douceur et sans bruit. La conception tri-pli\u00e9e convient \u00e0 tous les types de meubles, en particulier pour les espaces limit\u00e9s, ce qui permet d'\u00e9conomiser de l'espace et de faciliter l'acc\u00e8s. La personnalisation est la bienvenue pour r\u00e9pondre \u00e0 vos besoins sp\u00e9cifiques et am\u00e9liorer la qualit\u00e9 du produit et l'exp\u00e9rience de l'utilisateur.<\/p>\n<h3>Sp\u00e9cifications des glissi\u00e8res de tiroir Push to Open<\/h3>\n<ul>\n<li>Num\u00e9ro de mod\u00e8le : 4512<\/li>\n<li>Mat\u00e9riau : acier lamin\u00e9 \u00e0 froid<\/li>\n<li>Thickness:1.0\u00d701.0x1.2mm<\/li>\n<li>Hauteur : 45 mm<\/li>\n<li>Longueur : 10 pouces-24 pouces<\/li>\n<li>Traitement de surface : placage arc-en-ciel\/noir<\/li>\n<li>Nombre de perles : 2 \/3 perles<\/li>\n<li>Poids : 62 g\/pouce<\/li>\n<li>Application : bureau \u00e0 domicile, salon, chambre \u00e0 coucher, h\u00f4tel, villa, appartement<\/li>\n<\/ul>\n<p><strong>Cat\u00e9gorie<\/strong>: <a href=\"https:\/\/www.baoertaihardware.com\/fr\/categorie-produit\/drawer-slides\/\">Glissi\u00e8res de tiroir<\/a><\/p>\n<p><strong>Tags<\/strong>: Coulisses \u00e0 fermeture douce, coulisses mont\u00e9es sur le c\u00f4t\u00e9, tiroirs coulissants<\/p>","protected":false},"featured_media":549,"comment_status":"closed","ping_status":"closed","template":"","meta":{"_acf_changed":false},"product_brand":[],"product_cat":[19,35],"product_tag":[],"class_list":{"0":"post-540","1":"product","2":"type-product","3":"status-publish","4":"has-post-thumbnail","6":"product_cat-wholesale-drawer-slides","7":"product_cat-push-to-open-drawer-slides","9":"first","10":"instock","11":"shipping-taxable","12":"product-type-simple"},"acf":[],"_links":{"self":[{"href":"https:\/\/www.baoertaihardware.com\/fr\/wp-json\/wp\/v2\/product\/540","targetHints":{"allow":["GET"]}}],"collection":[{"href":"https:\/\/www.baoertaihardware.com\/fr\/wp-json\/wp\/v2\/product"}],"about":[{"href":"https:\/\/www.baoertaihardware.com\/fr\/wp-json\/wp\/v2\/types\/product"}],"replies":[{"embeddable":true,"href":"https:\/\/www.baoertaihardware.com\/fr\/wp-json\/wp\/v2\/comments?post=540"}],"wp:featuredmedia":[{"embeddable":true,"href":"https:\/\/www.baoertaihardware.com\/fr\/wp-json\/wp\/v2\/media\/549"}],"wp:attachment":[{"href":"https:\/\/www.baoertaihardware.com\/fr\/wp-json\/wp\/v2\/media?parent=540"}],"wp:term":[{"taxonomy":"product_brand","embeddable":true,"href":"https:\/\/www.baoertaihardware.com\/fr\/wp-json\/wp\/v2\/product_brand?post=540"},{"taxonomy":"product_cat","embeddable":true,"href":"https:\/\/www.baoertaihardware.com\/fr\/wp-json\/wp\/v2\/product_cat?post=540"},{"taxonomy":"product_tag","embeddable":true,"href":"https:\/\/www.baoertaihardware.com\/fr\/wp-json\/wp\/v2\/product_tag?post=540"}],"curies":[{"name":"wp","href":"https:\/\/api.w.org\/{rel}","templated":true}]}}