{"id":539,"date":"2024-10-30T17:44:40","date_gmt":"2024-10-30T17:44:40","guid":{"rendered":"https:\/\/www.baoertaihardware.com\/?post_type=product&#038;p=539"},"modified":"2024-10-30T17:44:41","modified_gmt":"2024-10-30T17:44:41","slug":"soft-close-undermount-drawer-slides","status":"publish","type":"product","link":"https:\/\/www.baoertaihardware.com\/fr\/produit\/soft-close-undermount-drawer-slides\/","title":{"rendered":"Coulisses de tiroir sous plan \u00e0 fermeture douce \u00e0 2 volets, extension compl\u00e8te avec poign\u00e9e"},"content":{"rendered":"<div class=\"wp-block-columns is-layout-flex wp-container-core-columns-is-layout-9d6595d7 wp-block-columns-is-layout-flex\">\n<div class=\"wp-block-column is-layout-flow wp-block-column-is-layout-flow\">\n<h3 class=\"wp-block-heading\">Caract\u00e9ristiques et avantages des glissi\u00e8res de tiroir sous plan \u00e0 fermeture douce<\/h3>\n\n\n\n<ol class=\"wp-block-list\">\n<li><strong>Fermeture silencieuse du tampon :<\/strong> La fonction de fermeture en douceur permet de fermer les tiroirs en douceur et en silence, de r\u00e9duire les bruits de collision et de prot\u00e9ger les tiroirs et les meubles.<\/li>\n\n\n\n<li><strong>Equip\u00e9 d'une poign\u00e9e pour une manipulation ais\u00e9e :<\/strong> Une poign\u00e9e est disponible avec la glissi\u00e8re pour faciliter l'ouverture et la fermeture. Il convient \u00e0 divers sc\u00e9narios domestiques et commerciaux.<\/li>\n\n\n\n<li><strong>La conception de la glissi\u00e8re \u00e0 double pliage permet un \u00e9tirement en douceur : <\/strong>La glissi\u00e8re \u00e0 double pliage offre une sensation d'ouverture et de fermeture plus douce pour r\u00e9pondre aux besoins de commodit\u00e9 dans les utilisations quotidiennes.<\/li>\n\n\n\n<li><strong>Installation cach\u00e9e : <\/strong>Install\u00e9 au fond du tiroir, il n'alt\u00e8re pas la beaut\u00e9 du meuble ; il convient \u00e0 une d\u00e9coration int\u00e9rieure moderne et minimaliste.<\/li>\n\n\n\n<li><strong>Forte capacit\u00e9 de charge\uff1a <\/strong>La conception compacte a une forte capacit\u00e9 de charge, est durable et fiable, et convient donc aux tiroirs lourds et aux meubles qui sont ouverts et ferm\u00e9s tr\u00e8s fr\u00e9quemment.<\/li>\n<\/ol>\n<\/div>\n\n\n\n<div class=\"wp-block-column is-layout-flow wp-block-column-is-layout-flow\">\n<figure class=\"wp-block-image size-full\"><img decoding=\"async\" width=\"1200\" height=\"1200\" src=\"https:\/\/www.baoertaihardware.com\/wp-content\/uploads\/2024\/10\/Soft-Close-Undermount-Drawer-Slides-Supplies-1.webp\" alt=\"Coulisses de tiroir \u00e0 fermeture douce sous le comptoir Fournitures 1\" class=\"wp-image-541\" srcset=\"https:\/\/www.baoertaihardware.com\/wp-content\/uploads\/2024\/10\/Soft-Close-Undermount-Drawer-Slides-Supplies-1.webp 1200w, https:\/\/www.baoertaihardware.com\/wp-content\/uploads\/2024\/10\/Soft-Close-Undermount-Drawer-Slides-Supplies-1-300x300.webp 300w, https:\/\/www.baoertaihardware.com\/wp-content\/uploads\/2024\/10\/Soft-Close-Undermount-Drawer-Slides-Supplies-1-150x150.webp 150w, https:\/\/www.baoertaihardware.com\/wp-content\/uploads\/2024\/10\/Soft-Close-Undermount-Drawer-Slides-Supplies-1-768x768.webp 768w, https:\/\/www.baoertaihardware.com\/wp-content\/uploads\/2024\/10\/Soft-Close-Undermount-Drawer-Slides-Supplies-1-600x600.webp 600w, https:\/\/www.baoertaihardware.com\/wp-content\/uploads\/2024\/10\/Soft-Close-Undermount-Drawer-Slides-Supplies-1-100x100.webp 100w\" sizes=\"(max-width: 1200px) 100vw, 1200px\" \/><\/figure>\n<\/div>\n<\/div>\n\n\n\n<p><\/p>","protected":false},"excerpt":{"rendered":"<p>Les glissi\u00e8res de tiroir sous plan \u00e0 double fermeture souple avec poign\u00e9e s'ouvrent et se ferment en douceur, tandis que la fonction de fermeture amortie et silencieuse ajoute une exp\u00e9rience de haute qualit\u00e9 \u00e0 la maison. Solides et dissimul\u00e9es, elles sont dot\u00e9es d'une poign\u00e9e qui permet une installation facile, ce qui rend leur utilisation tr\u00e8s pratique et en fait le choix id\u00e9al pour am\u00e9liorer la qualit\u00e9 des meubles.<\/p>\n<h3>Sp\u00e9cifications des glissi\u00e8res de tiroir \u00e0 fermeture douce sous le comptoir<\/h3>\n<ul>\n<li>Num\u00e9ro de mod\u00e8le : D1<\/li>\n<li>Mat\u00e9riau : acier lamin\u00e9 \u00e0 froid<\/li>\n<li>\u00c9paisseur : 1,4*1,4mm<\/li>\n<li>Longueur : 250-600 mm<\/li>\n<li>Traitement de surface : zingu\u00e9\u00a0<\/li>\n<li>Capacit\u00e9 de charge : 25 kg<\/li>\n<li>Application : bureau \u00e0 domicile, salon, chambre \u00e0 coucher, h\u00f4tel, villa, appartement<\/li>\n<\/ul>\n<p><strong>Cat\u00e9gorie<\/strong>: <a href=\"https:\/\/www.baoertaihardware.com\/fr\/categorie-produit\/undermount-drawer-slides\/\">Glissi\u00e8res de tiroir sous plan<\/a><\/p>\n<p><strong>Tags<\/strong>: Coulisses encastr\u00e9es, coulisses \u00e0 fermeture douce, coulisses encastr\u00e9es<\/p>","protected":false},"featured_media":542,"comment_status":"closed","ping_status":"closed","template":"","meta":{"_acf_changed":false},"product_brand":[],"product_cat":[20],"product_tag":[],"class_list":{"0":"post-539","1":"product","2":"type-product","3":"status-publish","4":"has-post-thumbnail","6":"product_cat-undermount-drawer-slides-wholesale","8":"first","9":"instock","10":"shipping-taxable","11":"product-type-simple"},"acf":[],"_links":{"self":[{"href":"https:\/\/www.baoertaihardware.com\/fr\/wp-json\/wp\/v2\/product\/539","targetHints":{"allow":["GET"]}}],"collection":[{"href":"https:\/\/www.baoertaihardware.com\/fr\/wp-json\/wp\/v2\/product"}],"about":[{"href":"https:\/\/www.baoertaihardware.com\/fr\/wp-json\/wp\/v2\/types\/product"}],"replies":[{"embeddable":true,"href":"https:\/\/www.baoertaihardware.com\/fr\/wp-json\/wp\/v2\/comments?post=539"}],"wp:featuredmedia":[{"embeddable":true,"href":"https:\/\/www.baoertaihardware.com\/fr\/wp-json\/wp\/v2\/media\/542"}],"wp:attachment":[{"href":"https:\/\/www.baoertaihardware.com\/fr\/wp-json\/wp\/v2\/media?parent=539"}],"wp:term":[{"taxonomy":"product_brand","embeddable":true,"href":"https:\/\/www.baoertaihardware.com\/fr\/wp-json\/wp\/v2\/product_brand?post=539"},{"taxonomy":"product_cat","embeddable":true,"href":"https:\/\/www.baoertaihardware.com\/fr\/wp-json\/wp\/v2\/product_cat?post=539"},{"taxonomy":"product_tag","embeddable":true,"href":"https:\/\/www.baoertaihardware.com\/fr\/wp-json\/wp\/v2\/product_tag?post=539"}],"curies":[{"name":"wp","href":"https:\/\/api.w.org\/{rel}","templated":true}]}}