{"id":519,"date":"2024-10-29T17:56:26","date_gmt":"2024-10-29T17:56:26","guid":{"rendered":"https:\/\/www.baoertaihardware.com\/?post_type=product&#038;p=519"},"modified":"2024-10-29T17:56:27","modified_gmt":"2024-10-29T17:56:27","slug":"push-to-open-soft-close-drawer-slides","status":"publish","type":"product","link":"https:\/\/www.baoertaihardware.com\/fr\/produit\/push-to-open-soft-close-drawer-slides\/","title":{"rendered":"Glissi\u00e8res de tiroir \u00e0 fermeture douce Push to Open 2-Fold with Bolt Wholesaler"},"content":{"rendered":"<div class=\"wp-block-columns is-layout-flex wp-container-core-columns-is-layout-9d6595d7 wp-block-columns-is-layout-flex\">\n<div class=\"wp-block-column is-layout-flow wp-block-column-is-layout-flow\">\n<h3 class=\"wp-block-heading\">Caract\u00e9ristiques et avantages des glissi\u00e8res de tiroir \u00e0 fermeture progressive Push to Open<\/h3>\n\n\n\n<ol class=\"wp-block-list\">\n<li><strong>Ouverture par fonction de pouss\u00e9e : <\/strong>Sans poign\u00e9e, il suffit d'une l\u00e9g\u00e8re pression pour que la fonction s'ouvre automatiquement, ce qui est pratique et rapide. Convient aux meubles de style simple.<\/li>\n\n\n\n<li><strong>Fermeture silencieuse tamponn\u00e9e :<\/strong> La fonction de fermeture en douceur permet au tiroir de se fermer doucement et silencieusement, avec peu de bruit, afin de cr\u00e9er un environnement silencieux dans les maisons.<\/li>\n\n\n\n<li><strong>Fixation solide par boulons :<\/strong> Les boulons am\u00e9liorent la stabilit\u00e9 et la capacit\u00e9 de charge de la glissi\u00e8re pour une utilisation plus souple et plus s\u00fbre.<\/li>\n\n\n\n<li><strong>Conception de la glissi\u00e8re \u00e0 deux volets :<\/strong> Une glissi\u00e8re en deux parties est con\u00e7ue pour faciliter l'ouverture et la fermeture du tiroir. Le tiroir s'ouvre et se ferme facilement.<\/li>\n\n\n\n<li><strong>Installation cach\u00e9e, gain de place :<\/strong> Install\u00e9 au fond du tiroir, il permet de conserver la beaut\u00e9 et l'ordre du meuble.<\/li>\n<\/ol>\n<\/div>\n\n\n\n<div class=\"wp-block-column is-layout-flow wp-block-column-is-layout-flow\">\n<figure class=\"wp-block-image size-full\"><img decoding=\"async\" width=\"1200\" height=\"1200\" src=\"https:\/\/www.baoertaihardware.com\/wp-content\/uploads\/2024\/10\/Push-to-Open-Soft-Close-Drawer-Slides-Bulk-1.webp\" alt=\"Coulisses de tiroir \u00e0 fermeture progressive Push to Open Bulk 1\" class=\"wp-image-532\" srcset=\"https:\/\/www.baoertaihardware.com\/wp-content\/uploads\/2024\/10\/Push-to-Open-Soft-Close-Drawer-Slides-Bulk-1.webp 1200w, https:\/\/www.baoertaihardware.com\/wp-content\/uploads\/2024\/10\/Push-to-Open-Soft-Close-Drawer-Slides-Bulk-1-300x300.webp 300w, https:\/\/www.baoertaihardware.com\/wp-content\/uploads\/2024\/10\/Push-to-Open-Soft-Close-Drawer-Slides-Bulk-1-150x150.webp 150w, https:\/\/www.baoertaihardware.com\/wp-content\/uploads\/2024\/10\/Push-to-Open-Soft-Close-Drawer-Slides-Bulk-1-768x768.webp 768w, https:\/\/www.baoertaihardware.com\/wp-content\/uploads\/2024\/10\/Push-to-Open-Soft-Close-Drawer-Slides-Bulk-1-600x600.webp 600w, https:\/\/www.baoertaihardware.com\/wp-content\/uploads\/2024\/10\/Push-to-Open-Soft-Close-Drawer-Slides-Bulk-1-100x100.webp 100w\" sizes=\"(max-width: 1200px) 100vw, 1200px\" \/><\/figure>\n<\/div>\n<\/div>\n\n\n\n<p><\/p>","protected":false},"excerpt":{"rendered":"<p>Les glissi\u00e8res de tiroir \u00e0 double pouss\u00e9e et \u00e0 fermeture douce avec boulon vous offrent une exp\u00e9rience d'ouverture et de fermeture de premi\u00e8re classe. Il suffit d'une l\u00e9g\u00e8re pouss\u00e9e pour qu'elles s'ouvrent automatiquement et se ferment en douceur et en silence. Gr\u00e2ce \u00e0 leur conception stable, elles ont une forte capacit\u00e9 de charge et conviennent \u00e0 l'installation d'un grand nombre d'armoires, de tiroirs et de meubles de haute qualit\u00e9.<\/p>\n<h3>Sp\u00e9cifications des glissi\u00e8res de tiroir \u00e0 fermeture progressive Push to Open<\/h3>\n<ul>\n<li>Num\u00e9ro de mod\u00e8le : B2<\/li>\n<li>Mat\u00e9riau : acier lamin\u00e9 \u00e0 froid<\/li>\n<li>\u00c9paisseur : 1,0*1,0mm<\/li>\n<li>Longueur : 250-600 mm<\/li>\n<li>Traitement de surface : zingu\u00e9\u00a0<\/li>\n<li>Capacit\u00e9 de charge : 20 kg<\/li>\n<li>Application : bureau \u00e0 domicile, salon, chambre \u00e0 coucher, h\u00f4tel, villa, appartement<\/li>\n<\/ul>\n<p><strong>Cat\u00e9gorie<\/strong>: <a href=\"https:\/\/www.baoertaihardware.com\/fr\/categorie-produit\/undermount-drawer-slides\/\">Glissi\u00e8res de tiroir sous plan<\/a><\/p>\n<p><strong>Tags<\/strong>: Coulisses encastr\u00e9es, coulisses \u00e0 fermeture douce, coulisses encastr\u00e9es<\/p>","protected":false},"featured_media":533,"comment_status":"closed","ping_status":"closed","template":"","meta":{"_acf_changed":false},"product_brand":[],"product_cat":[20],"product_tag":[],"class_list":{"0":"post-519","1":"product","2":"type-product","3":"status-publish","4":"has-post-thumbnail","6":"product_cat-undermount-drawer-slides-wholesale","8":"first","9":"instock","10":"shipping-taxable","11":"product-type-simple"},"acf":[],"_links":{"self":[{"href":"https:\/\/www.baoertaihardware.com\/fr\/wp-json\/wp\/v2\/product\/519","targetHints":{"allow":["GET"]}}],"collection":[{"href":"https:\/\/www.baoertaihardware.com\/fr\/wp-json\/wp\/v2\/product"}],"about":[{"href":"https:\/\/www.baoertaihardware.com\/fr\/wp-json\/wp\/v2\/types\/product"}],"replies":[{"embeddable":true,"href":"https:\/\/www.baoertaihardware.com\/fr\/wp-json\/wp\/v2\/comments?post=519"}],"wp:featuredmedia":[{"embeddable":true,"href":"https:\/\/www.baoertaihardware.com\/fr\/wp-json\/wp\/v2\/media\/533"}],"wp:attachment":[{"href":"https:\/\/www.baoertaihardware.com\/fr\/wp-json\/wp\/v2\/media?parent=519"}],"wp:term":[{"taxonomy":"product_brand","embeddable":true,"href":"https:\/\/www.baoertaihardware.com\/fr\/wp-json\/wp\/v2\/product_brand?post=519"},{"taxonomy":"product_cat","embeddable":true,"href":"https:\/\/www.baoertaihardware.com\/fr\/wp-json\/wp\/v2\/product_cat?post=519"},{"taxonomy":"product_tag","embeddable":true,"href":"https:\/\/www.baoertaihardware.com\/fr\/wp-json\/wp\/v2\/product_tag?post=519"}],"curies":[{"name":"wp","href":"https:\/\/api.w.org\/{rel}","templated":true}]}}