{"id":508,"date":"2024-10-30T17:48:30","date_gmt":"2024-10-30T17:48:30","guid":{"rendered":"https:\/\/www.baoertaihardware.com\/?post_type=product&#038;p=508"},"modified":"2024-10-30T17:48:30","modified_gmt":"2024-10-30T17:48:30","slug":"custom-undermount-drawer-slides","status":"publish","type":"product","link":"https:\/\/www.baoertaihardware.com\/fr\/produit\/custom-undermount-drawer-slides\/","title":{"rendered":"Coulisses de tiroirs \u00e0 fermeture douce \u00e0 2 plis sur mesure"},"content":{"rendered":"<div class=\"wp-block-columns is-layout-flex wp-container-core-columns-is-layout-9d6595d7 wp-block-columns-is-layout-flex\">\n<div class=\"wp-block-column is-layout-flow wp-block-column-is-layout-flow\">\n<h3 class=\"wp-block-heading\">Caract\u00e9ristiques et avantages des glissi\u00e8res de tiroir sous plan \u00e0 fermeture douce<\/h3>\n\n\n\n<ol class=\"wp-block-list\">\n<li><strong>Cl\u00f4ture silencieuse : <\/strong>Sa conception de haute qualit\u00e9 absorbe efficacement les chocs et pr\u00e9vient les collisions. Il est \u00e9galement doux et silencieux lorsqu'il se referme, sans perturber le repos de la famille.<\/li>\n\n\n\n<li><strong>Forte capacit\u00e9 de charge : <\/strong>Il peut supporter des tiroirs de grande capacit\u00e9 et assurer une charge stable pour garantir que les tiroirs coulissent en douceur, m\u00eame lorsqu'ils sont remplis de marchandises. Il ne se d\u00e9forme pas, m\u00eame apr\u00e8s une longue utilisation.<\/li>\n\n\n\n<li><strong>Installation cach\u00e9e :<\/strong> Belle et soign\u00e9e, cach\u00e9e au fond du tiroir, elle pr\u00e9serve la simplicit\u00e9 et la g\u00e9n\u00e9rosit\u00e9 de l'apparence du meuble, compatible avec le design moderne de la maison.<\/li>\n\n\n\n<li><strong>Facile \u00e0 installer, grande adaptabilit\u00e9 : <\/strong>Conception flexible pour s'adapter \u00e0 des tiroirs de diff\u00e9rentes tailles ; les \u00e9tapes d'installation sont tr\u00e8s simples et le produit s'adapte \u00e0 tous les types de meubles.<\/li>\n\n\n\n<li><strong>\u00c9tirement en douceur en deux \u00e9tapes : <\/strong>La conception unique \u00e0 double pliage rend l'\u00e9tirement des tiroirs plus souple et plus doux, ce qui permet de r\u00e9pondre aux exigences \u00e9lev\u00e9es des utilisateurs en mati\u00e8re de commodit\u00e9 et de confort.<\/li>\n<\/ol>\n<\/div>\n\n\n\n<div class=\"wp-block-column is-layout-flow wp-block-column-is-layout-flow\">\n<figure class=\"wp-block-image size-full\"><img decoding=\"async\" width=\"1200\" height=\"1200\" src=\"https:\/\/www.baoertaihardware.com\/wp-content\/uploads\/2024\/10\/Custom-Soft-Closing-Undermount-Drawer-Slides1.webp\" alt=\"Coulisses de tiroir sous plan \u00e0 fermeture douce sur mesure1\" class=\"wp-image-513\" srcset=\"https:\/\/www.baoertaihardware.com\/wp-content\/uploads\/2024\/10\/Custom-Soft-Closing-Undermount-Drawer-Slides1.webp 1200w, https:\/\/www.baoertaihardware.com\/wp-content\/uploads\/2024\/10\/Custom-Soft-Closing-Undermount-Drawer-Slides1-300x300.webp 300w, https:\/\/www.baoertaihardware.com\/wp-content\/uploads\/2024\/10\/Custom-Soft-Closing-Undermount-Drawer-Slides1-150x150.webp 150w, https:\/\/www.baoertaihardware.com\/wp-content\/uploads\/2024\/10\/Custom-Soft-Closing-Undermount-Drawer-Slides1-768x768.webp 768w, https:\/\/www.baoertaihardware.com\/wp-content\/uploads\/2024\/10\/Custom-Soft-Closing-Undermount-Drawer-Slides1-600x600.webp 600w, https:\/\/www.baoertaihardware.com\/wp-content\/uploads\/2024\/10\/Custom-Soft-Closing-Undermount-Drawer-Slides1-100x100.webp 100w\" sizes=\"(max-width: 1200px) 100vw, 1200px\" \/><\/figure>\n<\/div>\n<\/div>","protected":false},"excerpt":{"rendered":"<p>Nos glissi\u00e8res de tiroirs en gros \u00e0 fermeture douce \u00e0 2 plis permettent d'obtenir des tiroirs stables, souples et silencieux. Nos glissi\u00e8res en gros adoptent une technologie avanc\u00e9e et un contr\u00f4le de qualit\u00e9 strict, et conviennent \u00e0 une large gamme d'armoires et de meubles. Veuillez vous r\u00e9f\u00e9rer aux param\u00e8tres du produit pour choisir la glissi\u00e8re de tiroir sous plan appropri\u00e9e.<\/p>\n<h3>Sp\u00e9cifications des glissi\u00e8res de tiroir \u00e0 fermeture douce sous le comptoir<\/h3>\n<ul>\n<li>Num\u00e9ro de mod\u00e8le : B2<\/li>\n<li>Mat\u00e9riau : acier lamin\u00e9 \u00e0 froid<\/li>\n<li>\u00c9paisseur : 1,0*1,0mm<\/li>\n<li>Longueur : 250-600 mm<\/li>\n<li>Traitement de surface : zingu\u00e9\u00a0<\/li>\n<li>Capacit\u00e9 de charge : 20 kg<\/li>\n<li>Application : bureau \u00e0 domicile, salon, chambre \u00e0 coucher, h\u00f4tel, villa, appartement<\/li>\n<\/ul>\n<p><strong>Cat\u00e9gorie<\/strong>: <a href=\"https:\/\/www.baoertaihardware.com\/fr\/categorie-produit\/undermount-drawer-slides\/\">Glissi\u00e8res de tiroir sous plan<\/a><\/p>\n<p><strong>Tags<\/strong>: Coulisses encastr\u00e9es, coulisses \u00e0 fermeture douce, coulisses encastr\u00e9es<\/p>","protected":false},"featured_media":514,"comment_status":"closed","ping_status":"closed","template":"","meta":{"_acf_changed":false},"product_brand":[],"product_cat":[20],"product_tag":[],"class_list":{"0":"post-508","1":"product","2":"type-product","3":"status-publish","4":"has-post-thumbnail","6":"product_cat-undermount-drawer-slides-wholesale","8":"first","9":"instock","10":"shipping-taxable","11":"product-type-simple"},"acf":[],"_links":{"self":[{"href":"https:\/\/www.baoertaihardware.com\/fr\/wp-json\/wp\/v2\/product\/508","targetHints":{"allow":["GET"]}}],"collection":[{"href":"https:\/\/www.baoertaihardware.com\/fr\/wp-json\/wp\/v2\/product"}],"about":[{"href":"https:\/\/www.baoertaihardware.com\/fr\/wp-json\/wp\/v2\/types\/product"}],"replies":[{"embeddable":true,"href":"https:\/\/www.baoertaihardware.com\/fr\/wp-json\/wp\/v2\/comments?post=508"}],"wp:featuredmedia":[{"embeddable":true,"href":"https:\/\/www.baoertaihardware.com\/fr\/wp-json\/wp\/v2\/media\/514"}],"wp:attachment":[{"href":"https:\/\/www.baoertaihardware.com\/fr\/wp-json\/wp\/v2\/media?parent=508"}],"wp:term":[{"taxonomy":"product_brand","embeddable":true,"href":"https:\/\/www.baoertaihardware.com\/fr\/wp-json\/wp\/v2\/product_brand?post=508"},{"taxonomy":"product_cat","embeddable":true,"href":"https:\/\/www.baoertaihardware.com\/fr\/wp-json\/wp\/v2\/product_cat?post=508"},{"taxonomy":"product_tag","embeddable":true,"href":"https:\/\/www.baoertaihardware.com\/fr\/wp-json\/wp\/v2\/product_tag?post=508"}],"curies":[{"name":"wp","href":"https:\/\/api.w.org\/{rel}","templated":true}]}}