{"id":1677,"date":"2026-04-14T07:20:17","date_gmt":"2026-04-14T07:20:17","guid":{"rendered":"https:\/\/www.baoertaihardware.com\/?post_type=product&#038;p=1677"},"modified":"2026-04-14T07:28:21","modified_gmt":"2026-04-14T07:28:21","slug":"push-to-open-soft-close-45mm-drawer-slides-10-inch-side-mount-dresser-runner-black-full-extension-cabinet-glide-supplier","status":"publish","type":"product","link":"https:\/\/www.baoertaihardware.com\/fr\/produit\/push-to-open-soft-close-45mm-drawer-slides-10-inch-side-mount-dresser-runner-black-full-extension-cabinet-glide-supplier\/","title":{"rendered":"Push to Open Soft Close 45mm Drawer Slides 10 Inch Side Mounting Dresser Runner Black Full Extension Cabinet Glide Supplier"},"content":{"rendered":"<div class=\"wp-block-columns is-layout-flex wp-container-core-columns-is-layout-9d6595d7 wp-block-columns-is-layout-flex\">\n<div class=\"wp-block-column is-layout-flow wp-block-column-is-layout-flow\">\n<h3 class=\"wp-block-heading\">Caract\u00e9ristiques et avantages de la glissi\u00e8re de tiroir Push to Open Soft Close<\/h3>\n\n\n\n<ol class=\"wp-block-list\">\n<li><strong>Fonctionnement en douceur :<\/strong> La conception trifonctionnelle offre une plus grande longueur de tirage et garantit une ouverture et une fermeture en douceur du tiroir.<\/li>\n\n\n\n<li><strong>Fonctionnement silencieux :<\/strong> La conception du m\u00e9canisme de fermeture en douceur r\u00e9duit efficacement le bruit et am\u00e9liore le confort d'utilisation.<\/li>\n\n\n\n<li><strong>Forte durabilit\u00e9 :<\/strong> Fabriqu\u00e9 en acier de haute qualit\u00e9, il a une forte capacit\u00e9 de charge et ne s'use pas facilement apr\u00e8s une utilisation prolong\u00e9e.<\/li>\n\n\n\n<li><strong>Fermeture silencieuse par pression et en douceur : <\/strong>Profitez \u00e0 la fois de la commodit\u00e9 de l'ouverture par pouss\u00e9e et du silence de la fermeture en douceur ; aucune poign\u00e9e n'est n\u00e9cessaire, ce qui conf\u00e8re \u00e0 votre meuble un aspect propre et minimaliste.<\/li>\n\n\n\n<li><strong>Facile \u00e0 installer :<\/strong> Conception simple, adapt\u00e9e au bricolage et \u00e0 l'installation professionnelle, permettant d'\u00e9conomiser du temps et de l'\u00e9nergie.<\/li>\n<\/ol>\n<\/div>\n\n\n\n<div class=\"wp-block-column is-layout-flow wp-block-column-is-layout-flow\">\n<figure class=\"wp-block-image size-full\"><img decoding=\"async\" width=\"1200\" height=\"1200\" src=\"https:\/\/www.baoertaihardware.com\/wp-content\/uploads\/2026\/04\/Push-to-Open-Soft-Close-Drawer-Slides-wholesaler-1.webp\" alt=\"45mm Push to Open Soft Close Drawer Slides wholesaler\" class=\"wp-image-1679\" srcset=\"https:\/\/www.baoertaihardware.com\/wp-content\/uploads\/2026\/04\/Push-to-Open-Soft-Close-Drawer-Slides-wholesaler-1.webp 1200w, https:\/\/www.baoertaihardware.com\/wp-content\/uploads\/2026\/04\/Push-to-Open-Soft-Close-Drawer-Slides-wholesaler-1-300x300.webp 300w, https:\/\/www.baoertaihardware.com\/wp-content\/uploads\/2026\/04\/Push-to-Open-Soft-Close-Drawer-Slides-wholesaler-1-150x150.webp 150w, https:\/\/www.baoertaihardware.com\/wp-content\/uploads\/2026\/04\/Push-to-Open-Soft-Close-Drawer-Slides-wholesaler-1-768x768.webp 768w, https:\/\/www.baoertaihardware.com\/wp-content\/uploads\/2026\/04\/Push-to-Open-Soft-Close-Drawer-Slides-wholesaler-1-12x12.webp 12w, https:\/\/www.baoertaihardware.com\/wp-content\/uploads\/2026\/04\/Push-to-Open-Soft-Close-Drawer-Slides-wholesaler-1-600x600.webp 600w, https:\/\/www.baoertaihardware.com\/wp-content\/uploads\/2026\/04\/Push-to-Open-Soft-Close-Drawer-Slides-wholesaler-1-100x100.webp 100w\" sizes=\"(max-width: 1200px) 100vw, 1200px\" \/><\/figure>\n<\/div>\n<\/div>\n\n\n\n<p><\/p>\n\n\n\n<p><\/p>","protected":false},"excerpt":{"rendered":"<p>Les glissi\u00e8res de tiroir Push to Open Soft Close de 45 mm que nous fournissons sont id\u00e9ales pour les meubles de haute qualit\u00e9. Elles offrent une fermeture douce et silencieuse pour s'assurer que les tiroirs se ferment lentement et silencieusement lorsqu'ils sont ferm\u00e9s. Fabriqu\u00e9e en acier de qualit\u00e9 sup\u00e9rieure pour plus de solidit\u00e9 et de durabilit\u00e9, cette glissi\u00e8re est triplement con\u00e7ue pour offrir une plus grande longueur d'extraction afin d'optimiser l'utilisation de l'espace.<\/p>\n<h3>Sp\u00e9cifications de la glissi\u00e8re de tiroir Push to Open Soft Close<\/h3>\n<ul>\n<li>Num\u00e9ro de mod\u00e8le : 4515<\/li>\n<li>Mat\u00e9riau : acier lamin\u00e9 \u00e0 froid<\/li>\n<li>\u00c9paisseur : 1,1\u00d71,1\u00d71,4 mm<\/li>\n<li>Hauteur : 45 mm<\/li>\n<li>Longueur : 10 pouces-24 pouces<\/li>\n<li>Traitement de surface : placage arc-en-ciel\/noir<\/li>\n<li>Nombre de perles : 2 \/3 perles<\/li>\n<li>Poids : 70 g\/pouce<\/li>\n<li>Application : bureau \u00e0 domicile, salon, chambre \u00e0 coucher, h\u00f4tel, villa, appartement<\/li>\n<\/ul>\n<p><strong>Cat\u00e9gorie<\/strong>: <a href=\"https:\/\/www.baoertaihardware.com\/fr\/categorie-produit\/drawer-slides\/\">Glissi\u00e8res de tiroir<\/a><\/p>\n<p><strong>Tags<\/strong>: Coulisses \u00e0 fermeture douce, coulisses \u00e0 montage lat\u00e9ral, coulisses de tiroir \u00e0 fermeture douce \u00e0 ouverture par pouss\u00e9e<\/p>","protected":false},"featured_media":1678,"comment_status":"closed","ping_status":"closed","template":"","meta":{"_acf_changed":false},"product_brand":[],"product_cat":[19,35,34],"product_tag":[],"class_list":{"0":"post-1677","1":"product","2":"type-product","3":"status-publish","4":"has-post-thumbnail","6":"product_cat-wholesale-drawer-slides","7":"product_cat-push-to-open-drawer-slides","8":"product_cat-soft-close-drawer-slides","10":"first","11":"instock","12":"shipping-taxable","13":"product-type-simple"},"acf":[],"_links":{"self":[{"href":"https:\/\/www.baoertaihardware.com\/fr\/wp-json\/wp\/v2\/product\/1677","targetHints":{"allow":["GET"]}}],"collection":[{"href":"https:\/\/www.baoertaihardware.com\/fr\/wp-json\/wp\/v2\/product"}],"about":[{"href":"https:\/\/www.baoertaihardware.com\/fr\/wp-json\/wp\/v2\/types\/product"}],"replies":[{"embeddable":true,"href":"https:\/\/www.baoertaihardware.com\/fr\/wp-json\/wp\/v2\/comments?post=1677"}],"wp:featuredmedia":[{"embeddable":true,"href":"https:\/\/www.baoertaihardware.com\/fr\/wp-json\/wp\/v2\/media\/1678"}],"wp:attachment":[{"href":"https:\/\/www.baoertaihardware.com\/fr\/wp-json\/wp\/v2\/media?parent=1677"}],"wp:term":[{"taxonomy":"product_brand","embeddable":true,"href":"https:\/\/www.baoertaihardware.com\/fr\/wp-json\/wp\/v2\/product_brand?post=1677"},{"taxonomy":"product_cat","embeddable":true,"href":"https:\/\/www.baoertaihardware.com\/fr\/wp-json\/wp\/v2\/product_cat?post=1677"},{"taxonomy":"product_tag","embeddable":true,"href":"https:\/\/www.baoertaihardware.com\/fr\/wp-json\/wp\/v2\/product_tag?post=1677"}],"curies":[{"name":"wp","href":"https:\/\/api.w.org\/{rel}","templated":true}]}}