{"id":1659,"date":"2026-04-14T03:51:06","date_gmt":"2026-04-14T03:51:06","guid":{"rendered":"https:\/\/www.baoertaihardware.com\/?post_type=product&#038;p=1659"},"modified":"2026-04-14T06:41:30","modified_gmt":"2026-04-14T06:41:30","slug":"45mm-soft-closing-adjustable-drawer-slides-wholesale-full-extension-dual-spring-mounting-slide-4515da","status":"publish","type":"product","link":"https:\/\/www.baoertaihardware.com\/fr\/produit\/45mm-soft-closing-adjustable-drawer-slides-wholesale-full-extension-dual-spring-mounting-slide-4515da\/","title":{"rendered":"45mm Soft Closing Adjustable Drawer Slides Wholesale Dual Spring Mount Rails"},"content":{"rendered":"<div class=\"wp-block-columns is-layout-flex wp-container-core-columns-is-layout-9d6595d7 wp-block-columns-is-layout-flex\">\n<div class=\"wp-block-column is-layout-flow wp-block-column-is-layout-flow\">\n<h3 class=\"wp-block-heading\">Caract\u00e9ristiques et avantages des glissi\u00e8res de tiroir r\u00e9glables \u00e0 fermeture douce<\/h3>\n\n\n\n<ol class=\"wp-block-list\">\n<li><strong>Maximisation de l'espace<\/strong>: La conception tri-pli\u00e9e permet de tirer le tiroir suffisamment loin, maximisant ainsi chaque pouce d'espace disponible. Nos glissi\u00e8res de tiroir de 45 mm \u00e0 fermeture douce sont donc id\u00e9ales pour une large gamme de configurations de meubles.<\/li>\n\n\n\n<li><strong>Installation facile<\/strong>: Con\u00e7ues de mani\u00e8re pratique, nos glissi\u00e8res de tiroirs conviennent aussi bien aux installateurs industriels qu'aux utilisateurs finaux. La facilit\u00e9 et la rapidit\u00e9 d'installation font des glissi\u00e8res de tiroirs \u00e0 fermeture douce une option abordable pour les besoins sp\u00e9cifiques de l'ameublement.<\/li>\n\n\n\n<li><strong>Conception \u00e0 double ressort<\/strong>: Une construction \u00e0 double ressort assure un glissement en douceur et des performances durables, permettant aux tiroirs de se fermer doucement et silencieusement \u00e0 chaque fois.<\/li>\n\n\n\n<li><strong>Mat\u00e9riau anti-usure<\/strong>: Fabriqu\u00e9es \u00e0 partir de mat\u00e9riaux plus r\u00e9sistants \u00e0 la corrosion, nos glissi\u00e8res de tiroirs sont suffisamment durables et robustes pour supporter des conditions d'utilisation intenses, ce qui en fait le bon choix pour les sc\u00e9narios de travail intensif.<\/li>\n\n\n\n<li><strong>Ajustement<\/strong>: Certains mod\u00e8les sont dot\u00e9s d'\u00e9l\u00e9ments r\u00e9glables, ce qui permet de s'adapter pr\u00e9cis\u00e9ment \u00e0 tout type de tiroir, notamment en choisissant des glissi\u00e8res de tiroir \u00e0 fermeture douce personnalis\u00e9es en vrac pour les installations sp\u00e9ciales.<\/li>\n<\/ol>\n<\/div>\n\n\n\n<div class=\"wp-block-column is-layout-flow wp-block-column-is-layout-flow\">\n<figure class=\"wp-block-image size-full\"><img decoding=\"async\" width=\"1200\" height=\"1200\" src=\"https:\/\/www.baoertaihardware.com\/wp-content\/uploads\/2026\/04\/Soft-Closing-Adjustable-Drawer-Slides-Wholesale-4515-1.webp\" alt=\"45mm 3-Fold Double Spring Soft-Close Adjustable Drawer Slide Manufacturer\" class=\"wp-image-1669\" srcset=\"https:\/\/www.baoertaihardware.com\/wp-content\/uploads\/2026\/04\/Soft-Closing-Adjustable-Drawer-Slides-Wholesale-4515-1.webp 1200w, https:\/\/www.baoertaihardware.com\/wp-content\/uploads\/2026\/04\/Soft-Closing-Adjustable-Drawer-Slides-Wholesale-4515-1-300x300.webp 300w, https:\/\/www.baoertaihardware.com\/wp-content\/uploads\/2026\/04\/Soft-Closing-Adjustable-Drawer-Slides-Wholesale-4515-1-150x150.webp 150w, https:\/\/www.baoertaihardware.com\/wp-content\/uploads\/2026\/04\/Soft-Closing-Adjustable-Drawer-Slides-Wholesale-4515-1-768x768.webp 768w, https:\/\/www.baoertaihardware.com\/wp-content\/uploads\/2026\/04\/Soft-Closing-Adjustable-Drawer-Slides-Wholesale-4515-1-12x12.webp 12w, https:\/\/www.baoertaihardware.com\/wp-content\/uploads\/2026\/04\/Soft-Closing-Adjustable-Drawer-Slides-Wholesale-4515-1-600x600.webp 600w, https:\/\/www.baoertaihardware.com\/wp-content\/uploads\/2026\/04\/Soft-Closing-Adjustable-Drawer-Slides-Wholesale-4515-1-100x100.webp 100w\" sizes=\"(max-width: 1200px) 100vw, 1200px\" \/><\/figure>\n<\/div>\n<\/div>\n\n\n\n<p><\/p>","protected":false},"excerpt":{"rendered":"<p>En tant que fournisseur professionnel de glissi\u00e8res de tiroirs \u00e0 montage lat\u00e9ral, nous proposons des solutions de glissi\u00e8res \u00e0 double ressort de 45 mm \u00e0 fermeture souple. Nos glissi\u00e8res sont dot\u00e9es d'une conception avanc\u00e9e \u00e0 double ressort qui garantit une fermeture douce et silencieuse des tiroirs, ce qui am\u00e9liore consid\u00e9rablement l'exp\u00e9rience de l'utilisateur. Nous proposons une large gamme de mod\u00e8les et d'options de personnalisation pour r\u00e9pondre aux besoins sp\u00e9cifiques des diff\u00e9rents clients.<\/p>\n<h3>Sp\u00e9cifications des glissi\u00e8res de tiroir \u00e0 fermeture douce<\/h3>\n<ul>\n<li>Num\u00e9ro de mod\u00e8le : 4515DA<\/li>\n<li>Mat\u00e9riau : acier lamin\u00e9 \u00e0 froid<\/li>\n<li>\u00c9paisseur : 1,1\u00d71,1\u00d71,4 mm<\/li>\n<li>Hauteur : 45 mm<\/li>\n<li>Longueur : 10 pouces-24 pouces<\/li>\n<li>Traitement de surface : placage arc-en-ciel\/noir<\/li>\n<li>Nombre de perles : 2 \/3 perles<\/li>\n<li>Poids : 70g<\/li>\n<li>Application : bureau \u00e0 domicile, salon, chambre \u00e0 coucher, h\u00f4tel, villa, appartement<\/li>\n<\/ul>\n<p><strong>Cat\u00e9gorie<\/strong>: <a href=\"https:\/\/www.baoertaihardware.com\/fr\/categorie-produit\/drawer-slides\/\">Glissi\u00e8res de tiroir<\/a><\/p>\n<p><strong>Tags<\/strong>: Coulisses \u00e0 fermeture douce, coulisses mont\u00e9es sur le c\u00f4t\u00e9, tiroirs coulissants<\/p>","protected":false},"featured_media":1670,"comment_status":"closed","ping_status":"closed","template":"","meta":{"_acf_changed":false},"product_brand":[],"product_cat":[19,34],"product_tag":[],"class_list":{"0":"post-1659","1":"product","2":"type-product","3":"status-publish","4":"has-post-thumbnail","6":"product_cat-wholesale-drawer-slides","7":"product_cat-soft-close-drawer-slides","9":"first","10":"instock","11":"shipping-taxable","12":"product-type-simple"},"acf":[],"_links":{"self":[{"href":"https:\/\/www.baoertaihardware.com\/fr\/wp-json\/wp\/v2\/product\/1659","targetHints":{"allow":["GET"]}}],"collection":[{"href":"https:\/\/www.baoertaihardware.com\/fr\/wp-json\/wp\/v2\/product"}],"about":[{"href":"https:\/\/www.baoertaihardware.com\/fr\/wp-json\/wp\/v2\/types\/product"}],"replies":[{"embeddable":true,"href":"https:\/\/www.baoertaihardware.com\/fr\/wp-json\/wp\/v2\/comments?post=1659"}],"wp:featuredmedia":[{"embeddable":true,"href":"https:\/\/www.baoertaihardware.com\/fr\/wp-json\/wp\/v2\/media\/1670"}],"wp:attachment":[{"href":"https:\/\/www.baoertaihardware.com\/fr\/wp-json\/wp\/v2\/media?parent=1659"}],"wp:term":[{"taxonomy":"product_brand","embeddable":true,"href":"https:\/\/www.baoertaihardware.com\/fr\/wp-json\/wp\/v2\/product_brand?post=1659"},{"taxonomy":"product_cat","embeddable":true,"href":"https:\/\/www.baoertaihardware.com\/fr\/wp-json\/wp\/v2\/product_cat?post=1659"},{"taxonomy":"product_tag","embeddable":true,"href":"https:\/\/www.baoertaihardware.com\/fr\/wp-json\/wp\/v2\/product_tag?post=1659"}],"curies":[{"name":"wp","href":"https:\/\/api.w.org\/{rel}","templated":true}]}}