{"id":1084,"date":"2024-12-22T15:26:24","date_gmt":"2024-12-22T15:26:24","guid":{"rendered":"https:\/\/www.baoertaihardware.com\/?post_type=product&#038;p=1084"},"modified":"2025-05-27T03:51:11","modified_gmt":"2025-05-27T03:51:11","slug":"drawer-slides-with-ball-bearings","status":"publish","type":"product","link":"https:\/\/www.baoertaihardware.com\/fr\/produit\/drawer-slides-with-ball-bearings\/","title":{"rendered":"Wholesale Coulisses de tiroir avec roulements \u00e0 billes 45mm 3-Fold-4510SH"},"content":{"rendered":"<div class=\"wp-block-columns is-layout-flex wp-container-core-columns-is-layout-9d6595d7 wp-block-columns-is-layout-flex\">\n<div class=\"wp-block-column is-layout-flow wp-block-column-is-layout-flow\">\n<h3 class=\"wp-block-heading\">Caract\u00e9ristiques et avantages des glissi\u00e8res de tiroir avec roulements \u00e0 billes<\/h3>\n\n\n\n<ul class=\"wp-block-list\">\n<li><strong>Roulements \u00e0 billes de haute pr\u00e9cision<\/strong>: Equip\u00e9 de roulements \u00e0 billes de qualit\u00e9 sup\u00e9rieure, assurant un glissement en douceur et une durabilit\u00e9 accrue. Id\u00e9al pour les applications lourdes.<\/li>\n\n\n\n<li><strong>45mm Largeur de la voie<\/strong>: Il est con\u00e7u pour s'adapter aux rails standard de 45 mm, ce qui le rend polyvalent pour une large gamme de meubles, de la maison au bureau.<\/li>\n\n\n\n<li><strong>Conception \u00e0 trois volets<\/strong>: Le m\u00e9canisme de pliage en 3 permet une extension compl\u00e8te, ce qui permet d'ouvrir compl\u00e8tement les tiroirs pour acc\u00e9der facilement \u00e0 leur contenu, en particulier aux objets de grande taille.<\/li>\n\n\n\n<li><strong>Capacit\u00e9 de charge \u00e9lev\u00e9e<\/strong>: Il est con\u00e7u pour supporter de lourdes charges sans se d\u00e9former ni se plier, ce qui le rend adapt\u00e9 au rangement d'objets volumineux ou lourds dans les tiroirs.<\/li>\n\n\n\n<li><strong>Course silencieuse<\/strong>: Con\u00e7u pour un fonctionnement souple et silencieux, minimisant le bruit et am\u00e9liorant ainsi l'exp\u00e9rience de l'utilisateur, parfait pour tout espace.<\/li>\n\n\n\n<li><strong>Anti-corrosion et anti-rouille<\/strong>: Traitement de surface anticorrosion, ce qui signifie une durabilit\u00e9 et une longue dur\u00e9e de vie dans les zones \u00e0 forte humidit\u00e9.<\/li>\n\n\n\n<li><strong>Installation facile<\/strong>: Le processus d'installation est simple gr\u00e2ce \u00e0 sa conception conviviale. La compatibilit\u00e9 avec les rails de tiroirs standard permet une installation rapide.<\/li>\n\n\n\n<li><strong>Large application<\/strong>: Le produit peut \u00eatre utilis\u00e9 dans n'importe quel environnement, de la cuisine \u00e0 la salle de bains, en passant par les bureaux et les armoires. Il convient aux tiroirs, aux armoires et \u00e0 toute une s\u00e9rie d'objets coulissants.<\/li>\n\n\n\n<li><strong>Caract\u00e9ristiques de s\u00e9curit\u00e9 : <\/strong>Le m\u00e9canisme anti-d\u00e9crochage emp\u00eache les glissi\u00e8res de se desserrer, ce qui permet d'utiliser les tiroirs en toute s\u00e9curit\u00e9.<\/li>\n<\/ul>\n<\/div>\n\n\n\n<div class=\"wp-block-column is-layout-flow wp-block-column-is-layout-flow\">\n<figure class=\"wp-block-image size-full\"><img decoding=\"async\" width=\"1200\" height=\"1200\" src=\"https:\/\/www.baoertaihardware.com\/wp-content\/uploads\/2024\/12\/Wholesale-Drawer-Slides-with-Ball-Bearings-4510SH-1.webp\" alt=\"Wholesale Drawer Slides with Ball Bearings-4510SH (1)\" class=\"wp-image-1085\" srcset=\"https:\/\/www.baoertaihardware.com\/wp-content\/uploads\/2024\/12\/Wholesale-Drawer-Slides-with-Ball-Bearings-4510SH-1.webp 1200w, https:\/\/www.baoertaihardware.com\/wp-content\/uploads\/2024\/12\/Wholesale-Drawer-Slides-with-Ball-Bearings-4510SH-1-300x300.webp 300w, https:\/\/www.baoertaihardware.com\/wp-content\/uploads\/2024\/12\/Wholesale-Drawer-Slides-with-Ball-Bearings-4510SH-1-150x150.webp 150w, https:\/\/www.baoertaihardware.com\/wp-content\/uploads\/2024\/12\/Wholesale-Drawer-Slides-with-Ball-Bearings-4510SH-1-768x768.webp 768w, https:\/\/www.baoertaihardware.com\/wp-content\/uploads\/2024\/12\/Wholesale-Drawer-Slides-with-Ball-Bearings-4510SH-1-600x600.webp 600w, https:\/\/www.baoertaihardware.com\/wp-content\/uploads\/2024\/12\/Wholesale-Drawer-Slides-with-Ball-Bearings-4510SH-1-100x100.webp 100w\" sizes=\"(max-width: 1200px) 100vw, 1200px\" \/><\/figure>\n<\/div>\n<\/div>\n\n\n\n<p><\/p>","protected":false},"excerpt":{"rendered":"<p>Nous vous invitons \u00e0 commander nos glissi\u00e8res de tiroirs en vrac avec roulements \u00e0 billes 45mm 3-fold un excellent choix pour ceux qui recherchent des rails de tiroirs coulissants robustes, souples et silencieux pour un usage r\u00e9sidentiel et commercial.<\/p>\n<h3>Sp\u00e9cifications des glissi\u00e8res de tiroir avec roulements \u00e0 billes<\/h3>\n<ul>\n<li>Num\u00e9ro de mod\u00e8le:4510SH<\/li>\n<li>Mat\u00e9riau : acier lamin\u00e9 \u00e0 froid<\/li>\n<li>\u00c9paisseur : 1,0\u00d71,0\u00d71,0mm<\/li>\n<li>Hauteur : 45 mm<\/li>\n<li>Longueur : 10 pouces-24 pouces<\/li>\n<li>Traitement de surface : placage arc-en-ciel\/noir<\/li>\n<li>Nombre de perles : 2 boules\/3 boules\/4 boules<\/li>\n<li>Poids : 60g\/pouce<\/li>\n<li>Application : bureau \u00e0 domicile, salon, chambre \u00e0 coucher, h\u00f4tel, villa, appartement<\/li>\n<\/ul>\n<p><strong>Cat\u00e9gorie<\/strong>:\u00a0<a href=\"https:\/\/www.baoertaihardware.com\/fr\/categorie-produit\/drawer-slides\/\">Glissi\u00e8res de tiroir<\/a> <strong>Tags<\/strong>: Coulisses \u00e0 fermeture douce, coulisses lat\u00e9rales, tiroirs coulissants, coulisses \u00e0 roulement \u00e0 billes<\/p>","protected":false},"featured_media":1086,"comment_status":"closed","ping_status":"closed","template":"","meta":{"_acf_changed":false},"product_brand":[],"product_cat":[19,33],"product_tag":[],"class_list":{"0":"post-1084","1":"product","2":"type-product","3":"status-publish","4":"has-post-thumbnail","6":"product_cat-wholesale-drawer-slides","7":"product_cat-ball-bearing-drawer-slides","9":"first","10":"instock","11":"shipping-taxable","12":"product-type-simple"},"acf":[],"_links":{"self":[{"href":"https:\/\/www.baoertaihardware.com\/fr\/wp-json\/wp\/v2\/product\/1084","targetHints":{"allow":["GET"]}}],"collection":[{"href":"https:\/\/www.baoertaihardware.com\/fr\/wp-json\/wp\/v2\/product"}],"about":[{"href":"https:\/\/www.baoertaihardware.com\/fr\/wp-json\/wp\/v2\/types\/product"}],"replies":[{"embeddable":true,"href":"https:\/\/www.baoertaihardware.com\/fr\/wp-json\/wp\/v2\/comments?post=1084"}],"wp:featuredmedia":[{"embeddable":true,"href":"https:\/\/www.baoertaihardware.com\/fr\/wp-json\/wp\/v2\/media\/1086"}],"wp:attachment":[{"href":"https:\/\/www.baoertaihardware.com\/fr\/wp-json\/wp\/v2\/media?parent=1084"}],"wp:term":[{"taxonomy":"product_brand","embeddable":true,"href":"https:\/\/www.baoertaihardware.com\/fr\/wp-json\/wp\/v2\/product_brand?post=1084"},{"taxonomy":"product_cat","embeddable":true,"href":"https:\/\/www.baoertaihardware.com\/fr\/wp-json\/wp\/v2\/product_cat?post=1084"},{"taxonomy":"product_tag","embeddable":true,"href":"https:\/\/www.baoertaihardware.com\/fr\/wp-json\/wp\/v2\/product_tag?post=1084"}],"curies":[{"name":"wp","href":"https:\/\/api.w.org\/{rel}","templated":true}]}}