{"id":1077,"date":"2024-12-22T14:48:02","date_gmt":"2024-12-22T14:48:02","guid":{"rendered":"https:\/\/www.baoertaihardware.com\/?post_type=product&#038;p=1077"},"modified":"2025-05-27T03:51:45","modified_gmt":"2025-05-27T03:51:45","slug":"custom-dresser-drawer-slides-bulk","status":"publish","type":"product","link":"https:\/\/www.baoertaihardware.com\/fr\/produit\/custom-dresser-drawer-slides-bulk\/","title":{"rendered":"Custom Dresser Drawer Slides 3-Fold Ball Bearing Slides 45mm-4508"},"content":{"rendered":"<div class=\"wp-block-columns is-layout-flex wp-container-core-columns-is-layout-9d6595d7 wp-block-columns-is-layout-flex\">\n<div class=\"wp-block-column is-layout-flow wp-block-column-is-layout-flow\">\n<h3 class=\"wp-block-heading\">Caract\u00e9ristiques et avantages des glissi\u00e8res de tiroir de commode<\/h3>\n\n\n\n<ul class=\"wp-block-list\">\n<li><strong>Roulements \u00e0 billes de haute qualit\u00e9<\/strong>: Ces glissi\u00e8res pour tiroirs de commode sont \u00e9quip\u00e9es de roulements \u00e0 billes de premi\u00e8re qualit\u00e9 qui garantissent un fonctionnement souple, silencieux et efficace, m\u00eame en cas d'utilisation intensive.<\/li>\n\n\n\n<li><strong>Extension \u00e0 3 volets<\/strong>: Gr\u00e2ce \u00e0 leur triple extension, ces glissi\u00e8res offrent un acc\u00e8s maximal \u00e0 l'ensemble du tiroir, ce qui les rend parfaites pour les commodes et les armoires profondes.<\/li>\n\n\n\n<li><strong>Capacit\u00e9 lourde-l\u00e9g\u00e8re<\/strong>: Ces glissi\u00e8res de tiroir de 45 mm sont tr\u00e8s r\u00e9sistantes et conviennent parfaitement aux applications r\u00e9sidentielles et commerciales.<\/li>\n\n\n\n<li><strong>Mouvement doux et silencieux<\/strong>: Le syst\u00e8me avanc\u00e9 de roulements \u00e0 billes permet un mouvement sans friction et silencieux, ce qui am\u00e9liore l'exp\u00e9rience de l'utilisateur au quotidien.<\/li>\n\n\n\n<li><strong>Construction durable en acier<\/strong>: Les glissi\u00e8res sont fabriqu\u00e9es en acier \u00e0 haute r\u00e9sistance, r\u00e9sistant \u00e0 l'usure et prot\u00e9g\u00e9 contre la rouille et la corrosion, pour une fiabilit\u00e9 et des performances \u00e0 long terme.<\/li>\n\n\n\n<li><strong>Installation facile<\/strong>: Gr\u00e2ce aux trous pr\u00e9-perc\u00e9s dans ces glissi\u00e8res pour tiroirs de commode sur mesure, l'installation est plus rapide et plus facile pour les projets de bricolage amateur et les utilisations professionnelles.<\/li>\n\n\n\n<li><strong>Utilisation polyvalente<\/strong>: Id\u00e9ales pour les commodes, les armoires et les rangements de toutes sortes, ces glissi\u00e8res \u00e0 roulement \u00e0 billes 3 fois repli\u00e9es constituent une solution fiable pour les meubles de maison et de commerce.<\/li>\n\n\n\n<li><em><a href=\"https:\/\/www.baoertaihardware.com\/fr\/custom-service\/\">Options personnalis\u00e9es<\/a><\/em>: Les glissi\u00e8res de tiroirs de commode sont fabriqu\u00e9es sur mesure et peuvent \u00eatre adapt\u00e9es \u00e0 une large gamme de tiroirs et d'armoires afin de r\u00e9pondre \u00e0 vos besoins sp\u00e9cifiques.<\/li>\n<\/ul>\n<\/div>\n\n\n\n<div class=\"wp-block-column is-layout-flow wp-block-column-is-layout-flow\">\n<figure class=\"wp-block-image size-full\"><img decoding=\"async\" width=\"1200\" height=\"1200\" src=\"https:\/\/www.baoertaihardware.com\/wp-content\/uploads\/2024\/12\/Custom-Dresser-Drawer-Slides-Supplier-4508-1.webp\" alt=\"Coulisses de tiroir de commode sur mesure Fournisseur-4508 (1)\" class=\"wp-image-1078\" srcset=\"https:\/\/www.baoertaihardware.com\/wp-content\/uploads\/2024\/12\/Custom-Dresser-Drawer-Slides-Supplier-4508-1.webp 1200w, https:\/\/www.baoertaihardware.com\/wp-content\/uploads\/2024\/12\/Custom-Dresser-Drawer-Slides-Supplier-4508-1-300x300.webp 300w, https:\/\/www.baoertaihardware.com\/wp-content\/uploads\/2024\/12\/Custom-Dresser-Drawer-Slides-Supplier-4508-1-150x150.webp 150w, https:\/\/www.baoertaihardware.com\/wp-content\/uploads\/2024\/12\/Custom-Dresser-Drawer-Slides-Supplier-4508-1-768x768.webp 768w, https:\/\/www.baoertaihardware.com\/wp-content\/uploads\/2024\/12\/Custom-Dresser-Drawer-Slides-Supplier-4508-1-600x600.webp 600w, https:\/\/www.baoertaihardware.com\/wp-content\/uploads\/2024\/12\/Custom-Dresser-Drawer-Slides-Supplier-4508-1-100x100.webp 100w\" sizes=\"(max-width: 1200px) 100vw, 1200px\" \/><\/figure>\n<\/div>\n<\/div>\n\n\n\n<p><\/p>","protected":false},"excerpt":{"rendered":"<p>Les glissi\u00e8res de tiroir \u00e0 roulement \u00e0 billes triple 45 mm offrent des performances exceptionnelles, une grande durabilit\u00e9 et un fonctionnement en douceur, ce qui en fait le choix id\u00e9al pour les glissi\u00e8res de tiroir de commode sur mesure et d'autres meubles \u00e0 usage intensif.<\/p>\n<h3>Sp\u00e9cifications des glissi\u00e8res \u00e0 billes sur mesure<\/h3>\n<ul>\n<li>Num\u00e9ro de mod\u00e8le : 4508<\/li>\n<li>Mat\u00e9riau : acier lamin\u00e9 \u00e0 froid<\/li>\n<li>\u00c9paisseur : 0,8\u00d70,8\u00d70,9 mm<\/li>\n<li>Hauteur : 45 mm<\/li>\n<li>Longueur : 10 pouces-24 pouces<\/li>\n<li>Traitement de surface : placage arc-en-ciel\/noir<\/li>\n<li>Nombre de perles : 2 boules\/3 boules\/4 boules<\/li>\n<li>Poids : 48g\/inch, 50g\/inch<\/li>\n<li>Application : bureau \u00e0 domicile, salon, chambre \u00e0 coucher, h\u00f4tel, villa, appartement<\/li>\n<\/ul>\n<p><strong>Cat\u00e9gorie<\/strong>:\u00a0<a href=\"https:\/\/www.baoertaihardware.com\/fr\/categorie-produit\/drawer-slides\/\">Glissi\u00e8res de tiroir<\/a> <strong>Tags<\/strong>: Coulisses \u00e0 fermeture douce, coulisses \u00e0 montage lat\u00e9ral, coulisses de tiroir \u00e0 roulement \u00e0 billes<\/p>","protected":false},"featured_media":1079,"comment_status":"closed","ping_status":"closed","template":"","meta":{"_acf_changed":false},"product_brand":[],"product_cat":[19,33],"product_tag":[],"class_list":{"0":"post-1077","1":"product","2":"type-product","3":"status-publish","4":"has-post-thumbnail","6":"product_cat-wholesale-drawer-slides","7":"product_cat-ball-bearing-drawer-slides","9":"first","10":"instock","11":"shipping-taxable","12":"product-type-simple"},"acf":[],"_links":{"self":[{"href":"https:\/\/www.baoertaihardware.com\/fr\/wp-json\/wp\/v2\/product\/1077","targetHints":{"allow":["GET"]}}],"collection":[{"href":"https:\/\/www.baoertaihardware.com\/fr\/wp-json\/wp\/v2\/product"}],"about":[{"href":"https:\/\/www.baoertaihardware.com\/fr\/wp-json\/wp\/v2\/types\/product"}],"replies":[{"embeddable":true,"href":"https:\/\/www.baoertaihardware.com\/fr\/wp-json\/wp\/v2\/comments?post=1077"}],"wp:featuredmedia":[{"embeddable":true,"href":"https:\/\/www.baoertaihardware.com\/fr\/wp-json\/wp\/v2\/media\/1079"}],"wp:attachment":[{"href":"https:\/\/www.baoertaihardware.com\/fr\/wp-json\/wp\/v2\/media?parent=1077"}],"wp:term":[{"taxonomy":"product_brand","embeddable":true,"href":"https:\/\/www.baoertaihardware.com\/fr\/wp-json\/wp\/v2\/product_brand?post=1077"},{"taxonomy":"product_cat","embeddable":true,"href":"https:\/\/www.baoertaihardware.com\/fr\/wp-json\/wp\/v2\/product_cat?post=1077"},{"taxonomy":"product_tag","embeddable":true,"href":"https:\/\/www.baoertaihardware.com\/fr\/wp-json\/wp\/v2\/product_tag?post=1077"}],"curies":[{"name":"wp","href":"https:\/\/api.w.org\/{rel}","templated":true}]}}