{"id":1070,"date":"2024-12-22T14:16:21","date_gmt":"2024-12-22T14:16:21","guid":{"rendered":"https:\/\/www.baoertaihardware.com\/?post_type=product&#038;p=1070"},"modified":"2025-05-27T03:52:15","modified_gmt":"2025-05-27T03:52:15","slug":"best-cabinet-drawer-slides-bulk","status":"publish","type":"product","link":"https:\/\/www.baoertaihardware.com\/fr\/produit\/best-cabinet-drawer-slides-bulk\/","title":{"rendered":"Best Cabinet Drawer Slides Factory Bulk 42mm 3-Fold Ball Bearing Slide-4208"},"content":{"rendered":"<div class=\"wp-block-columns is-layout-flex wp-container-core-columns-is-layout-9d6595d7 wp-block-columns-is-layout-flex\">\n<div class=\"wp-block-column is-layout-flow wp-block-column-is-layout-flow\">\n<h3 class=\"wp-block-heading\">Caract\u00e9ristiques et avantages de Best Cabinet Drawer Slides Factory<\/h3>\n\n\n\n<ul class=\"wp-block-list\">\n<li><strong>Roulements \u00e0 billes de premi\u00e8re qualit\u00e9<\/strong>: Les glissi\u00e8res de tiroir 42 mm \u00e0 3 plis et \u00e0 roulement \u00e0 billes sont con\u00e7ues avec des roulements \u00e0 billes de haute qualit\u00e9 qui garantissent un fonctionnement souple, silencieux et fiable, m\u00eame en cas d'utilisation intensive.<\/li>\n\n\n\n<li><strong>Extension compl\u00e8te pour un acc\u00e8s maximal<\/strong>: Ces glissi\u00e8res de tiroirs d'armoires offrent une extension compl\u00e8te de 3 plis, permettant un acc\u00e8s facile \u00e0 l'ensemble du tiroir, id\u00e9al pour les armoires profondes ou de grande capacit\u00e9.<\/li>\n\n\n\n<li><strong>Fonctionnement souple et silencieux<\/strong>: Equip\u00e9es d'une technologie de roulement \u00e0 billes de pr\u00e9cision, ces glissi\u00e8res de tiroirs d'armoires permettent un mouvement silencieux sans friction pour am\u00e9liorer l'exp\u00e9rience de l'utilisateur final.<\/li>\n\n\n\n<li><strong>Construction durable<\/strong>: Fabriqu\u00e9es en acier haute r\u00e9sistance, ces glissi\u00e8res r\u00e9sistent \u00e0 la rouille et \u00e0 la corrosion, garantissant une durabilit\u00e9 \u00e0 long terme, m\u00eame dans des environnements tr\u00e8s fr\u00e9quent\u00e9s ou exigeants.<\/li>\n\n\n\n<li><strong>Installation facile<\/strong>: Con\u00e7ues pour une installation facile, ces glissi\u00e8res \u00e0 roulement \u00e0 billes triples sont dot\u00e9es de trous pr\u00e9-perc\u00e9s pour un montage rapide et facile dans les armoires et les tiroirs.<\/li>\n\n\n\n<li><strong>Diverses applications<\/strong>: Des armoires de cuisine aux tiroirs de bureau, en passant par les meubles commerciaux, ces glissi\u00e8res pour tiroirs d'armoires offrent des solutions polyvalentes pour les applications r\u00e9sidentielles et industrielles.<\/li>\n\n\n\n<li><strong>Prix d'usine en vrac<\/strong>: Obtenez les meilleures glissi\u00e8res de tiroirs d'armoires \u00e0 des prix d'usine comp\u00e9titifs, et une excellente valeur pour les projets \u00e0 grande \u00e9chelle ou les commandes en gros.<\/li>\n<\/ul>\n<\/div>\n\n\n\n<div class=\"wp-block-column is-layout-flow wp-block-column-is-layout-flow\">\n<figure class=\"wp-block-image size-full\"><img decoding=\"async\" width=\"1200\" height=\"1200\" src=\"https:\/\/www.baoertaihardware.com\/wp-content\/uploads\/2024\/12\/Best-Cabinet-Drawer-Slides-Factory-Wholesale-4208-1.webp\" alt=\"Best Cabinet Drawer Slides Factory Wholesale-4208 (1)\" class=\"wp-image-1071\" srcset=\"https:\/\/www.baoertaihardware.com\/wp-content\/uploads\/2024\/12\/Best-Cabinet-Drawer-Slides-Factory-Wholesale-4208-1.webp 1200w, https:\/\/www.baoertaihardware.com\/wp-content\/uploads\/2024\/12\/Best-Cabinet-Drawer-Slides-Factory-Wholesale-4208-1-300x300.webp 300w, https:\/\/www.baoertaihardware.com\/wp-content\/uploads\/2024\/12\/Best-Cabinet-Drawer-Slides-Factory-Wholesale-4208-1-150x150.webp 150w, https:\/\/www.baoertaihardware.com\/wp-content\/uploads\/2024\/12\/Best-Cabinet-Drawer-Slides-Factory-Wholesale-4208-1-768x768.webp 768w, https:\/\/www.baoertaihardware.com\/wp-content\/uploads\/2024\/12\/Best-Cabinet-Drawer-Slides-Factory-Wholesale-4208-1-600x600.webp 600w, https:\/\/www.baoertaihardware.com\/wp-content\/uploads\/2024\/12\/Best-Cabinet-Drawer-Slides-Factory-Wholesale-4208-1-100x100.webp 100w\" sizes=\"(max-width: 1200px) 100vw, 1200px\" \/><\/figure>\n<\/div>\n<\/div>","protected":false},"excerpt":{"rendered":"<p>Discover 42mm 3-fold ball bearing drawer slides are the perfect choice for anyone seeking durable, high-performance slides for cabinets and drawers, providing easy access and long-lasting functionality.Welcome to enquire about our wider range of drawer slides and get a free quote.<\/p>\n<h3>Sp\u00e9cifications des meilleures glissi\u00e8res de tiroir d'armoire<\/h3>\n<ul>\n<li>Num\u00e9ro de mod\u00e8le : 4208<\/li>\n<li>Mat\u00e9riau : acier lamin\u00e9 \u00e0 froid<\/li>\n<li>\u00c9paisseur : 0,8\u00d70,8\u00d70,8mm<\/li>\n<li>Hauteur : 42 mm<\/li>\n<li>Longueur : 10 pouces-24 pouces<\/li>\n<li>Traitement de surface : placage arc-en-ciel\/noir<\/li>\n<li>Nombre de perles : 2 \/3 perles<\/li>\n<li>Poids : 45g\/inch, 48g\/inch<\/li>\n<li>Application : bureau \u00e0 domicile, salon, chambre \u00e0 coucher, h\u00f4tel, villa, appartement<\/li>\n<\/ul>\n<p><strong>Cat\u00e9gorie<\/strong>:\u00a0<a href=\"https:\/\/www.baoertaihardware.com\/fr\/categorie-produit\/drawer-slides\/\">Glissi\u00e8res de tiroir<\/a> <strong>Tags<\/strong>: Coulisses \u00e0 fermeture douce, coulisses mont\u00e9es sur le c\u00f4t\u00e9, tiroirs coulissants<\/p>","protected":false},"featured_media":1072,"comment_status":"closed","ping_status":"closed","template":"","meta":{"_acf_changed":false},"product_brand":[],"product_cat":[19,33],"product_tag":[],"class_list":{"0":"post-1070","1":"product","2":"type-product","3":"status-publish","4":"has-post-thumbnail","6":"product_cat-wholesale-drawer-slides","7":"product_cat-ball-bearing-drawer-slides","9":"first","10":"instock","11":"shipping-taxable","12":"product-type-simple"},"acf":[],"_links":{"self":[{"href":"https:\/\/www.baoertaihardware.com\/fr\/wp-json\/wp\/v2\/product\/1070","targetHints":{"allow":["GET"]}}],"collection":[{"href":"https:\/\/www.baoertaihardware.com\/fr\/wp-json\/wp\/v2\/product"}],"about":[{"href":"https:\/\/www.baoertaihardware.com\/fr\/wp-json\/wp\/v2\/types\/product"}],"replies":[{"embeddable":true,"href":"https:\/\/www.baoertaihardware.com\/fr\/wp-json\/wp\/v2\/comments?post=1070"}],"wp:featuredmedia":[{"embeddable":true,"href":"https:\/\/www.baoertaihardware.com\/fr\/wp-json\/wp\/v2\/media\/1072"}],"wp:attachment":[{"href":"https:\/\/www.baoertaihardware.com\/fr\/wp-json\/wp\/v2\/media?parent=1070"}],"wp:term":[{"taxonomy":"product_brand","embeddable":true,"href":"https:\/\/www.baoertaihardware.com\/fr\/wp-json\/wp\/v2\/product_brand?post=1070"},{"taxonomy":"product_cat","embeddable":true,"href":"https:\/\/www.baoertaihardware.com\/fr\/wp-json\/wp\/v2\/product_cat?post=1070"},{"taxonomy":"product_tag","embeddable":true,"href":"https:\/\/www.baoertaihardware.com\/fr\/wp-json\/wp\/v2\/product_tag?post=1070"}],"curies":[{"name":"wp","href":"https:\/\/api.w.org\/{rel}","templated":true}]}}