{"id":1063,"date":"2024-12-22T13:23:26","date_gmt":"2024-12-22T13:23:26","guid":{"rendered":"https:\/\/www.baoertaihardware.com\/?post_type=product&#038;p=1063"},"modified":"2025-05-27T03:26:31","modified_gmt":"2025-05-27T03:26:31","slug":"35mm-ball-bearing-slides-bulk","status":"publish","type":"product","link":"https:\/\/www.baoertaihardware.com\/fr\/produit\/35mm-ball-bearing-slides-bulk\/","title":{"rendered":"Glissi\u00e8res \u00e0 roulement \u00e0 billes 35mm en vrac, Glissi\u00e8res de tiroir 3-Fold Factory Wholesale-3507"},"content":{"rendered":"<div class=\"wp-block-columns is-layout-flex wp-container-core-columns-is-layout-9d6595d7 wp-block-columns-is-layout-flex\">\n<div class=\"wp-block-column is-layout-flow wp-block-column-is-layout-flow\">\n<h3 class=\"wp-block-heading\">Caract\u00e9ristiques et avantages des glissi\u00e8res \u00e0 billes de 35 mm<\/h3>\n\n\n\n<ul class=\"wp-block-list\">\n<li><strong>Roulements \u00e0 billes \u00e0 usage intensif<\/strong>: Ces glissi\u00e8res \u00e0 billes de 35 mm sont dot\u00e9es de roulements \u00e0 billes de haute qualit\u00e9 qui garantissent un mouvement r\u00e9gulier, silencieux et stable des tiroirs, m\u00eame avec des charges lourdes. Id\u00e9al pour les acheteurs qui commandent des glissi\u00e8res \u00e0 billes en gros pour un usage fr\u00e9quent.<\/li>\n\n\n\n<li><strong>Triple extension<\/strong>: Ces glissi\u00e8res, dot\u00e9es d'une extension plus longue \u00e0 3 plis, offrent un acc\u00e8s maximal \u00e0 l'ensemble du tiroir. Elles sont parfaites pour les armoires plus profondes dans le secteur r\u00e9sidentiel et commercial.<\/li>\n\n\n\n<li><strong>Fonctionnement souple et silencieux<\/strong>: La conception avanc\u00e9e des roulements \u00e0 billes permet un mouvement fluide et sans friction, avec beaucoup moins de bruit et d'usure \u00e0 long terme.<\/li>\n\n\n\n<li><strong>Solide et durable<\/strong>: Construites en acier durable, ces glissi\u00e8res sont r\u00e9sistantes \u00e0 la corrosion, \u00e0 la rouille et \u00e0 l'usure g\u00e9n\u00e9rale, offrant une solution durable pour une vari\u00e9t\u00e9 d'environnements.<\/li>\n\n\n\n<li><strong>Installation facile<\/strong>: Les trous pr\u00e9-perc\u00e9s facilitent et acc\u00e9l\u00e8rent l'installation, ce qui permet de gagner du temps lors des travaux d'assemblage \u00e0 grande \u00e9chelle.<\/li>\n\n\n\n<li><strong>Application multi-personnalit\u00e9s<\/strong>: Adapt\u00e9es aux armoires de cuisine, aux tiroirs de bureau, aux bo\u00eetes \u00e0 outils et aux armoires industrielles, ces glissi\u00e8res s'adaptent aux diff\u00e9rentes applications du march\u00e9 et aux diff\u00e9rentes situations d'installation.<\/li>\n<\/ul>\n<\/div>\n\n\n\n<div class=\"wp-block-column is-layout-flow wp-block-column-is-layout-flow\">\n<figure class=\"wp-block-image size-full\"><img decoding=\"async\" width=\"1200\" height=\"1200\" src=\"https:\/\/www.baoertaihardware.com\/wp-content\/uploads\/2024\/12\/35mm-Ball-Bearing-Slides-Factory-Wholesale-35071.webp\" alt=\"Glissi\u00e8res de roulement \u00e0 billes 35mm Factory Wholesale-3507(1)\" class=\"wp-image-1064\" srcset=\"https:\/\/www.baoertaihardware.com\/wp-content\/uploads\/2024\/12\/35mm-Ball-Bearing-Slides-Factory-Wholesale-35071.webp 1200w, https:\/\/www.baoertaihardware.com\/wp-content\/uploads\/2024\/12\/35mm-Ball-Bearing-Slides-Factory-Wholesale-35071-300x300.webp 300w, https:\/\/www.baoertaihardware.com\/wp-content\/uploads\/2024\/12\/35mm-Ball-Bearing-Slides-Factory-Wholesale-35071-150x150.webp 150w, https:\/\/www.baoertaihardware.com\/wp-content\/uploads\/2024\/12\/35mm-Ball-Bearing-Slides-Factory-Wholesale-35071-768x768.webp 768w, https:\/\/www.baoertaihardware.com\/wp-content\/uploads\/2024\/12\/35mm-Ball-Bearing-Slides-Factory-Wholesale-35071-600x600.webp 600w, https:\/\/www.baoertaihardware.com\/wp-content\/uploads\/2024\/12\/35mm-Ball-Bearing-Slides-Factory-Wholesale-35071-100x100.webp 100w\" sizes=\"(max-width: 1200px) 100vw, 1200px\" \/><\/figure>\n<\/div>\n<\/div>\n\n\n\n<div class=\"wp-block-columns is-layout-flex wp-container-core-columns-is-layout-9d6595d7 wp-block-columns-is-layout-flex\">\n<div class=\"wp-block-column is-layout-flow wp-block-column-is-layout-flow\">\n<figure class=\"wp-block-image size-full\"><img decoding=\"async\" width=\"1200\" height=\"1200\" src=\"https:\/\/www.baoertaihardware.com\/wp-content\/uploads\/2024\/12\/35mm-Ball-Bearing-Slides-Factory-Wholesale-35076.webp\" alt=\"Glissi\u00e8res de roulement \u00e0 billes 35mm Factory Wholesale-3507(6)\" class=\"wp-image-1069\" srcset=\"https:\/\/www.baoertaihardware.com\/wp-content\/uploads\/2024\/12\/35mm-Ball-Bearing-Slides-Factory-Wholesale-35076.webp 1200w, https:\/\/www.baoertaihardware.com\/wp-content\/uploads\/2024\/12\/35mm-Ball-Bearing-Slides-Factory-Wholesale-35076-300x300.webp 300w, https:\/\/www.baoertaihardware.com\/wp-content\/uploads\/2024\/12\/35mm-Ball-Bearing-Slides-Factory-Wholesale-35076-150x150.webp 150w, https:\/\/www.baoertaihardware.com\/wp-content\/uploads\/2024\/12\/35mm-Ball-Bearing-Slides-Factory-Wholesale-35076-768x768.webp 768w, https:\/\/www.baoertaihardware.com\/wp-content\/uploads\/2024\/12\/35mm-Ball-Bearing-Slides-Factory-Wholesale-35076-600x600.webp 600w, https:\/\/www.baoertaihardware.com\/wp-content\/uploads\/2024\/12\/35mm-Ball-Bearing-Slides-Factory-Wholesale-35076-100x100.webp 100w\" sizes=\"(max-width: 1200px) 100vw, 1200px\" \/><\/figure>\n<\/div>\n\n\n\n<div class=\"wp-block-column is-layout-flow wp-block-column-is-layout-flow\">\n<h2 class=\"wp-block-heading\">La valeur des diapositives \u00e0 roulement \u00e0 billes de 35 mm<\/h2>\n\n\n\n<h4 class=\"wp-block-heading\">Glissi\u00e8res de haute qualit\u00e9 pour les applications commerciales et d'ameublement<\/h4>\n\n\n\n<p>En tant qu'usine professionnelle de glissi\u00e8res de tiroirs (usine de glissi\u00e8res de tiroirs), nous proposons une large gamme de glissi\u00e8res \u00e0 rouleaux et \u00e0 billes pour r\u00e9pondre aux besoins de diff\u00e9rentes charges nominales afin de garantir une qualit\u00e9 de produit stable et fiable, largement utilis\u00e9e dans les armoires traditionnelles et divers sc\u00e9narios de meubles.<\/p>\n\n\n\n<h4 class=\"wp-block-heading\">Une conception anti-d\u00e9calage pr\u00e9cise pour am\u00e9liorer la qualit\u00e9 du projet<\/h4>\n\n\n\n<p>Les glissi\u00e8res \u00e0 roulement \u00e0 billes de 35 mm emp\u00eachent efficacement les tiroirs de se d\u00e9placer lat\u00e9ralement. Lors de l'installation, le c\u00f4t\u00e9 droit de la glissi\u00e8re est \u00e9troitement adapt\u00e9 au meuble pour assurer un glissement en douceur ; le c\u00f4t\u00e9 gauche de la glissi\u00e8re tient compte de la tol\u00e9rance de coupe pour assurer un ajustement pr\u00e9cis entre le tiroir et le meuble.<\/p>\n\n\n\n<h4 class=\"wp-block-heading\">Souple et silencieux, il am\u00e9liore l'exp\u00e9rience de l'ameublement<\/h4>\n\n\n\n<p>Les glissi\u00e8res \u00e0 roulement \u00e0 billes mont\u00e9es sur le c\u00f4t\u00e9 ont une fonction de fermeture lente, un glissement doux et silencieux, un m\u00e9canisme d'amortissement efficace, une r\u00e9ponse sensible et une faible force d'ouverture. Avec une forte capacit\u00e9 de charge dynamique et une longue dur\u00e9e de vie, il peut atteindre 50 000 cycles d'ouverture et de fermeture dans des conditions normales d'utilisation.<\/p>\n\n\n\n<h4 class=\"wp-block-heading\">Avantage de l'usine professionnelle de glissi\u00e8res de tiroir<\/h4>\n\n\n\n<p>En tant que fabricant exp\u00e9riment\u00e9 de glissi\u00e8res de tiroirs, nous prenons en charge la personnalisation OEM, proposons des prix comp\u00e9titifs et des solutions flexibles d'approvisionnement en vrac pour r\u00e9pondre aux besoins diversifi\u00e9s des clients dans le monde entier.<\/p>\n<\/div>\n<\/div>","protected":false},"excerpt":{"rendered":"<p data-start=\"129\" data-end=\"390\">Ces glissi\u00e8res \u00e0 roulement \u00e0 billes de 35 mm se caract\u00e9risent par un fonctionnement souple et silencieux et une conception durable \u00e0 triple extension. Fabriqu\u00e9es en acier de haute qualit\u00e9, elles offrent des performances durables et une installation facile. Id\u00e9ales pour les tiroirs de cuisine, les armoires de bureau et les meubles industriels.<\/p>\n<p data-start=\"392\" data-end=\"567\">En tant qu'usine professionnelle de glissi\u00e8res de tiroirs, nous fournissons des glissi\u00e8res \u00e0 roulement \u00e0 billes en vrac \u00e0 des prix de gros comp\u00e9titifs pour r\u00e9pondre aux besoins des march\u00e9s mondiaux. N'h\u00e9sitez pas \u00e0 nous demander un devis gratuit !<\/p>\n<h3>Sp\u00e9cifications des glissi\u00e8res \u00e0 roulements \u00e0 billes de 35 mm<\/h3>\n<ul>\n<li>Num\u00e9ro de mod\u00e8le : 3507<\/li>\n<li>Mat\u00e9riau : acier lamin\u00e9 \u00e0 froid<\/li>\n<li>\u00c9paisseur : 0,7\u00d70,7\u00d70,7mm<\/li>\n<li>Hauteur : 35 mm<\/li>\n<li>Longueur : 10 pouces-24 pouces<\/li>\n<li>Traitement de surface : placage arc-en-ciel\/noir<\/li>\n<li>Nombre de perles perles<\/li>\n<li>Poids : 35 g\/pouce, 32 g\/pouce<\/li>\n<li>Application : bureau \u00e0 domicile, salon, chambre \u00e0 coucher, h\u00f4tel, villa, appartement<\/li>\n<\/ul>\n<p><strong>Cat\u00e9gorie<\/strong>:\u00a0<a href=\"https:\/\/www.baoertaihardware.com\/fr\/categorie-produit\/drawer-slides\/\">Glissi\u00e8res de tiroir<\/a> <strong>Tags<\/strong>: Glissi\u00e8res \u00e0 fermeture douce, Glissi\u00e8res \u00e0 montage lat\u00e9ral,<\/p>","protected":false},"featured_media":1065,"comment_status":"closed","ping_status":"closed","template":"","meta":{"_acf_changed":false},"product_brand":[],"product_cat":[19,33],"product_tag":[],"class_list":{"0":"post-1063","1":"product","2":"type-product","3":"status-publish","4":"has-post-thumbnail","6":"product_cat-wholesale-drawer-slides","7":"product_cat-ball-bearing-drawer-slides","9":"first","10":"instock","11":"shipping-taxable","12":"product-type-simple"},"acf":[],"_links":{"self":[{"href":"https:\/\/www.baoertaihardware.com\/fr\/wp-json\/wp\/v2\/product\/1063","targetHints":{"allow":["GET"]}}],"collection":[{"href":"https:\/\/www.baoertaihardware.com\/fr\/wp-json\/wp\/v2\/product"}],"about":[{"href":"https:\/\/www.baoertaihardware.com\/fr\/wp-json\/wp\/v2\/types\/product"}],"replies":[{"embeddable":true,"href":"https:\/\/www.baoertaihardware.com\/fr\/wp-json\/wp\/v2\/comments?post=1063"}],"wp:featuredmedia":[{"embeddable":true,"href":"https:\/\/www.baoertaihardware.com\/fr\/wp-json\/wp\/v2\/media\/1065"}],"wp:attachment":[{"href":"https:\/\/www.baoertaihardware.com\/fr\/wp-json\/wp\/v2\/media?parent=1063"}],"wp:term":[{"taxonomy":"product_brand","embeddable":true,"href":"https:\/\/www.baoertaihardware.com\/fr\/wp-json\/wp\/v2\/product_brand?post=1063"},{"taxonomy":"product_cat","embeddable":true,"href":"https:\/\/www.baoertaihardware.com\/fr\/wp-json\/wp\/v2\/product_cat?post=1063"},{"taxonomy":"product_tag","embeddable":true,"href":"https:\/\/www.baoertaihardware.com\/fr\/wp-json\/wp\/v2\/product_tag?post=1063"}],"curies":[{"name":"wp","href":"https:\/\/api.w.org\/{rel}","templated":true}]}}