{"id":1048,"date":"2024-12-22T10:43:47","date_gmt":"2024-12-22T10:43:47","guid":{"rendered":"https:\/\/www.baoertaihardware.com\/?post_type=product&#038;p=1048"},"modified":"2024-12-22T10:50:06","modified_gmt":"2024-12-22T10:50:06","slug":"2d-two-way-hinges-wholesale","status":"publish","type":"product","link":"https:\/\/www.baoertaihardware.com\/fr\/produit\/2d-two-way-hinges-wholesale\/","title":{"rendered":"2D Two Way Hinges Wholesale Short Arm Slide-On Hinges for Cabinets-616"},"content":{"rendered":"<div class=\"wp-block-columns is-layout-flex wp-container-core-columns-is-layout-9d6595d7 wp-block-columns-is-layout-flex\">\n<div class=\"wp-block-column is-layout-flow wp-block-column-is-layout-flow\">\n<h3 class=\"wp-block-heading\">Caract\u00e9ristiques des charni\u00e8res \u00e0 deux voies Factory Wholesale<\/h3>\n\n\n\n<ul class=\"wp-block-list\">\n<li><strong>Mat\u00e9riaux de haute qualit\u00e9<\/strong>: Fabriqu\u00e9s \u00e0 partir de mat\u00e9riaux m\u00e9talliques de premi\u00e8re qualit\u00e9, ces <strong>Charni\u00e8res \u00e0 deux voies<\/strong> sont r\u00e9sistants \u00e0 la corrosion et \u00e0 l'usure, ce qui garantit une longue dur\u00e9e de vie pour diverses portes d'armoires de cuisine et de salle de bains.<\/li>\n\n\n\n<li><strong>Conception ajustable en 2D<\/strong>: Ces charni\u00e8res sont dot\u00e9es d'un syst\u00e8me unique de r\u00e9glage en 2D, qui permet d'ajuster facilement la position de la porte \u00e0 l'horizontale et \u00e0 la verticale, garantissant ainsi un ajustement parfait \u00e0 vos armoires.<\/li>\n\n\n\n<li><strong>Structure du bras court<\/strong>: La conception du bras court est id\u00e9ale pour les armoires peu profondes, ce qui facilite l'installation et convient mieux aux environnements compacts.<\/li>\n\n\n\n<li><strong>Installation par glissement<\/strong>: Ceux-ci <strong>Charni\u00e8res pour armoires<\/strong> sont \u00e9quip\u00e9s d'un m\u00e9canisme d'installation par glissement, ce qui les rend rapides et faciles \u00e0 installer. Cela permet de gagner un temps pr\u00e9cieux tout en assurant un maintien s\u00fbr.<\/li>\n\n\n\n<li><strong>Fermeture en douceur<\/strong>: Con\u00e7ues pour une fermeture douce et silencieuse, ces charni\u00e8res offrent une exp\u00e9rience de premier ordre \u00e0 l'utilisateur et am\u00e9liorent l'esth\u00e9tique g\u00e9n\u00e9rale du meuble.<\/li>\n\n\n\n<li><strong>Durabilit\u00e9 \u00e0 long terme<\/strong>: Con\u00e7ues pour r\u00e9sister \u00e0 un usage intensif, ces charni\u00e8res offrent une r\u00e9sistance sup\u00e9rieure et sont id\u00e9ales pour les portes d'armoires \u00e0 fort trafic et \u00e0 usage fr\u00e9quent.<\/li>\n\n\n\n<li><strong>Application polyvalente<\/strong>: Parfait pour une large gamme de types d'armoires, y compris les armoires de cuisine, les vanit\u00e9s de salle de bain et les biblioth\u00e8ques, offrant une grande flexibilit\u00e9 pour les diff\u00e9rents espaces de la maison et du bureau.<\/li>\n\n\n\n<li><strong>Respect de l'environnement<\/strong>: Con\u00e7ues pour r\u00e9pondre aux normes environnementales internationales, ces charni\u00e8res sont s\u00fbres et ne produisent pas d'\u00e9missions nocives, ce qui garantit la tranquillit\u00e9 d'esprit pour votre maison ou votre entreprise.<\/li>\n<\/ul>\n<\/div>\n\n\n\n<div class=\"wp-block-column is-layout-flow wp-block-column-is-layout-flow\">\n<figure class=\"wp-block-image size-full\"><img decoding=\"async\" width=\"1200\" height=\"1200\" src=\"https:\/\/www.baoertaihardware.com\/wp-content\/uploads\/2024\/12\/Two-Way-Hinges-Factory-Wholesale-616-1.webp\" alt=\"Charni\u00e8res \u00e0 deux voies Factory Wholesale-616 (1)\" class=\"wp-image-1049\" srcset=\"https:\/\/www.baoertaihardware.com\/wp-content\/uploads\/2024\/12\/Two-Way-Hinges-Factory-Wholesale-616-1.webp 1200w, https:\/\/www.baoertaihardware.com\/wp-content\/uploads\/2024\/12\/Two-Way-Hinges-Factory-Wholesale-616-1-300x300.webp 300w, https:\/\/www.baoertaihardware.com\/wp-content\/uploads\/2024\/12\/Two-Way-Hinges-Factory-Wholesale-616-1-150x150.webp 150w, https:\/\/www.baoertaihardware.com\/wp-content\/uploads\/2024\/12\/Two-Way-Hinges-Factory-Wholesale-616-1-768x768.webp 768w, https:\/\/www.baoertaihardware.com\/wp-content\/uploads\/2024\/12\/Two-Way-Hinges-Factory-Wholesale-616-1-600x600.webp 600w, https:\/\/www.baoertaihardware.com\/wp-content\/uploads\/2024\/12\/Two-Way-Hinges-Factory-Wholesale-616-1-100x100.webp 100w\" sizes=\"(max-width: 1200px) 100vw, 1200px\" \/><\/figure>\n<\/div>\n<\/div>","protected":false},"excerpt":{"rendered":"<p>Les charni\u00e8res \u00e0 deux voies sont con\u00e7ues pour des ajustements souples et pr\u00e9cis, ce qui les rend parfaites pour les portes d'armoires. Avec une structure \u00e0 bras court et une installation \u00e0 glissi\u00e8re, elles offrent une installation facile et des performances durables. Id\u00e9ales pour les armoires de cuisine, de salle de bain et de bureau, ces charni\u00e8res pour armoires garantissent une fermeture s\u00fbre et silencieuse et sont con\u00e7ues pour durer.<\/p>\n<h2>Sp\u00e9cifications des charni\u00e8res \u00e0 deux voies<\/h2>\n<ul>\n<li><strong>Num\u00e9ro de mod\u00e8le<\/strong>:616<\/li>\n<li><strong>Mat\u00e9riau<\/strong>: Fer\/Acier inoxydable<\/li>\n<li><strong>Pas du trou de la coupelle<\/strong>: 48mm<\/li>\n<li><strong>Finition des charni\u00e8res<\/strong>: Nickel\u00e9<\/li>\n<li><strong>Poids<\/strong>:52g\/pcs<\/li>\n<li><strong>Application<\/strong>: bureau \u00e0 domicile, salon, chambre \u00e0 coucher, h\u00f4tel, villa, appartement<\/li>\n<\/ul>\n<p><strong>Cat\u00e9gorie<\/strong>:\u00a0<a href=\"https:\/\/www.baoertaihardware.com\/fr\/categorie-produit\/cabinet-hinges-wholesale\/\">Charni\u00e8res d'armoires<\/a><\/p>\n<p><strong>Tags<\/strong>charni\u00e8res : charni\u00e8res \u00e0 glissi\u00e8re, charni\u00e8res \u00e0 fermeture douce, charni\u00e8res en acier inoxydable, charni\u00e8res \u00e0 double sens<\/p>","protected":false},"featured_media":1050,"comment_status":"closed","ping_status":"closed","template":"","meta":{"_acf_changed":false},"product_brand":[],"product_cat":[21],"product_tag":[],"class_list":{"0":"post-1048","1":"product","2":"type-product","3":"status-publish","4":"has-post-thumbnail","6":"product_cat-cabinet-hinges-wholesale","8":"first","9":"instock","10":"shipping-taxable","11":"product-type-simple"},"acf":[],"_links":{"self":[{"href":"https:\/\/www.baoertaihardware.com\/fr\/wp-json\/wp\/v2\/product\/1048","targetHints":{"allow":["GET"]}}],"collection":[{"href":"https:\/\/www.baoertaihardware.com\/fr\/wp-json\/wp\/v2\/product"}],"about":[{"href":"https:\/\/www.baoertaihardware.com\/fr\/wp-json\/wp\/v2\/types\/product"}],"replies":[{"embeddable":true,"href":"https:\/\/www.baoertaihardware.com\/fr\/wp-json\/wp\/v2\/comments?post=1048"}],"wp:featuredmedia":[{"embeddable":true,"href":"https:\/\/www.baoertaihardware.com\/fr\/wp-json\/wp\/v2\/media\/1050"}],"wp:attachment":[{"href":"https:\/\/www.baoertaihardware.com\/fr\/wp-json\/wp\/v2\/media?parent=1048"}],"wp:term":[{"taxonomy":"product_brand","embeddable":true,"href":"https:\/\/www.baoertaihardware.com\/fr\/wp-json\/wp\/v2\/product_brand?post=1048"},{"taxonomy":"product_cat","embeddable":true,"href":"https:\/\/www.baoertaihardware.com\/fr\/wp-json\/wp\/v2\/product_cat?post=1048"},{"taxonomy":"product_tag","embeddable":true,"href":"https:\/\/www.baoertaihardware.com\/fr\/wp-json\/wp\/v2\/product_tag?post=1048"}],"curies":[{"name":"wp","href":"https:\/\/api.w.org\/{rel}","templated":true}]}}