{"id":1040,"date":"2024-12-21T09:17:52","date_gmt":"2024-12-21T09:17:52","guid":{"rendered":"https:\/\/www.baoertaihardware.com\/?post_type=product&#038;p=1040"},"modified":"2024-12-21T09:17:52","modified_gmt":"2024-12-21T09:17:52","slug":"3d-clip-on-cabinet-hydraulic-hinges-manufacturer-825","status":"publish","type":"product","link":"https:\/\/www.baoertaihardware.com\/fr\/produit\/3d-clip-on-cabinet-hydraulic-hinges-manufacturer-825\/","title":{"rendered":"Charni\u00e8res hydrauliques d'armoires \u00e0 clipser 3D fabricant-825"},"content":{"rendered":"<div class=\"wp-block-columns is-layout-flex wp-container-core-columns-is-layout-9d6595d7 wp-block-columns-is-layout-flex\">\n<div class=\"wp-block-column is-layout-flow wp-block-column-is-layout-flow\">\n<h3 class=\"wp-block-heading\">Avantages et caract\u00e9ristiques des charni\u00e8res hydrauliques pour armoires<\/h3>\n\n\n\n<ul class=\"wp-block-list\">\n<li><strong>Ajustement 3D<\/strong>: Offre un r\u00e9glage multidirectionnel, notamment en hauteur, en profondeur et sur les c\u00f4t\u00e9s, garantissant un alignement parfait de la porte et une finition professionnelle.<\/li>\n\n\n\n<li><strong>Conception \u00e0 clipser<\/strong>: Facilite une installation ou un retrait rapide et s\u00fbr, r\u00e9duisant le temps de montage et facilitant l'entretien.<\/li>\n\n\n\n<li><strong>M\u00e9canisme hydraulique de fermeture en douceur<\/strong>: Assure une fermeture douce et silencieuse de la porte, \u00e9vitant les claquements et prolongeant la dur\u00e9e de vie de la charni\u00e8re et de l'armoire.<\/li>\n\n\n\n<li><strong>Construction robuste<\/strong>: Fabriqu\u00e9 en acier de premi\u00e8re qualit\u00e9 avec un rev\u00eatement r\u00e9sistant \u00e0 la corrosion, il garantit la durabilit\u00e9 et la fiabilit\u00e9 m\u00eame dans les environnements humides.<\/li>\n\n\n\n<li><strong>Large compatibilit\u00e9<\/strong>: Convient \u00e0 diff\u00e9rents types d'armoires, y compris les armoires de cuisine, de salle de bains et de garde-robe.<\/li>\n\n\n\n<li><strong>Stabilit\u00e9 accrue<\/strong>: Con\u00e7us pour une capacit\u00e9 de charge \u00e9lev\u00e9e, ils garantissent des performances durables en cas d'utilisation fr\u00e9quente.<\/li>\n\n\n\n<li><strong>Options personnalisables<\/strong>: Disponible avec diff\u00e9rents angles d'ouverture et finitions pour r\u00e9pondre \u00e0 divers besoins de conception.<\/li>\n<\/ul>\n<\/div>\n\n\n\n<div class=\"wp-block-column is-layout-flow wp-block-column-is-layout-flow\">\n<figure class=\"wp-block-image size-full\"><img decoding=\"async\" width=\"1200\" height=\"1200\" src=\"https:\/\/www.baoertaihardware.com\/wp-content\/uploads\/2024\/12\/Cabinet-Hydraulic-Hinges-Manufacturer-825-1-1.webp\" alt=\"Fabricant de charni\u00e8res hydrauliques pour armoires-825-1 (1)\" class=\"wp-image-1041\" srcset=\"https:\/\/www.baoertaihardware.com\/wp-content\/uploads\/2024\/12\/Cabinet-Hydraulic-Hinges-Manufacturer-825-1-1.webp 1200w, https:\/\/www.baoertaihardware.com\/wp-content\/uploads\/2024\/12\/Cabinet-Hydraulic-Hinges-Manufacturer-825-1-1-300x300.webp 300w, https:\/\/www.baoertaihardware.com\/wp-content\/uploads\/2024\/12\/Cabinet-Hydraulic-Hinges-Manufacturer-825-1-1-150x150.webp 150w, https:\/\/www.baoertaihardware.com\/wp-content\/uploads\/2024\/12\/Cabinet-Hydraulic-Hinges-Manufacturer-825-1-1-768x768.webp 768w, https:\/\/www.baoertaihardware.com\/wp-content\/uploads\/2024\/12\/Cabinet-Hydraulic-Hinges-Manufacturer-825-1-1-600x600.webp 600w, https:\/\/www.baoertaihardware.com\/wp-content\/uploads\/2024\/12\/Cabinet-Hydraulic-Hinges-Manufacturer-825-1-1-100x100.webp 100w\" sizes=\"(max-width: 1200px) 100vw, 1200px\" \/><\/figure>\n<\/div>\n<\/div>","protected":false},"excerpt":{"rendered":"<p>D\u00e9couvrez notre s\u00e9rie 825 de charni\u00e8res hydrauliques 3D \u00e0 clipser pour armoires, con\u00e7ues pour offrir une fonctionnalit\u00e9 et une commodit\u00e9 sup\u00e9rieures pour les armoires modernes. Ces charni\u00e8res offrent un r\u00e9glage pr\u00e9cis, une installation facile et un m\u00e9canisme de fermeture en douceur, ce qui en fait un excellent choix pour les solutions d'armoires de haute qualit\u00e9.<\/p>\n<h3>Sp\u00e9cifications des charni\u00e8res d'armoire en acier inoxydable<\/h3>\n<ul>\n<li><strong>Num\u00e9ro de mod\u00e8le<\/strong>:825<\/li>\n<li><strong>Mat\u00e9riau<\/strong>: Fer<\/li>\n<li><strong>Pas du trou de la coupelle :<\/strong>48mm\/52mm<\/li>\n<li><strong>Finition des charni\u00e8res<\/strong>: Nickel\u00e9<\/li>\n<li><strong>Poids<\/strong>110g\/pcs<\/li>\n<li><strong>Application<\/strong>: bureau \u00e0 domicile, salon, chambre \u00e0 coucher, h\u00f4tel, villa, appartement<\/li>\n<\/ul>\n<p><strong>Cat\u00e9gorie<\/strong>:\u00a0<a href=\"https:\/\/www.baoertaihardware.com\/fr\/categorie-produit\/cabinet-hinges-wholesale\/\">Charni\u00e8res d'armoires<\/a><\/p>\n<p><strong>Tags<\/strong>charni\u00e8res : charni\u00e8res \u00e0 clipser, charni\u00e8res \u00e0 fermeture douce, charni\u00e8res hydrauliques<\/p>","protected":false},"featured_media":1042,"comment_status":"closed","ping_status":"closed","template":"","meta":{"_acf_changed":false},"product_brand":[],"product_cat":[21],"product_tag":[],"class_list":{"0":"post-1040","1":"product","2":"type-product","3":"status-publish","4":"has-post-thumbnail","6":"product_cat-cabinet-hinges-wholesale","8":"first","9":"instock","10":"shipping-taxable","11":"product-type-simple"},"acf":[],"_links":{"self":[{"href":"https:\/\/www.baoertaihardware.com\/fr\/wp-json\/wp\/v2\/product\/1040","targetHints":{"allow":["GET"]}}],"collection":[{"href":"https:\/\/www.baoertaihardware.com\/fr\/wp-json\/wp\/v2\/product"}],"about":[{"href":"https:\/\/www.baoertaihardware.com\/fr\/wp-json\/wp\/v2\/types\/product"}],"replies":[{"embeddable":true,"href":"https:\/\/www.baoertaihardware.com\/fr\/wp-json\/wp\/v2\/comments?post=1040"}],"wp:featuredmedia":[{"embeddable":true,"href":"https:\/\/www.baoertaihardware.com\/fr\/wp-json\/wp\/v2\/media\/1042"}],"wp:attachment":[{"href":"https:\/\/www.baoertaihardware.com\/fr\/wp-json\/wp\/v2\/media?parent=1040"}],"wp:term":[{"taxonomy":"product_brand","embeddable":true,"href":"https:\/\/www.baoertaihardware.com\/fr\/wp-json\/wp\/v2\/product_brand?post=1040"},{"taxonomy":"product_cat","embeddable":true,"href":"https:\/\/www.baoertaihardware.com\/fr\/wp-json\/wp\/v2\/product_cat?post=1040"},{"taxonomy":"product_tag","embeddable":true,"href":"https:\/\/www.baoertaihardware.com\/fr\/wp-json\/wp\/v2\/product_tag?post=1040"}],"curies":[{"name":"wp","href":"https:\/\/api.w.org\/{rel}","templated":true}]}}