{"id":1034,"date":"2024-12-21T08:57:34","date_gmt":"2024-12-21T08:57:34","guid":{"rendered":"https:\/\/www.baoertaihardware.com\/?post_type=product&#038;p=1034"},"modified":"2024-12-21T08:57:35","modified_gmt":"2024-12-21T08:57:35","slug":"bulk-clip-on-cabinet-hinges","status":"publish","type":"product","link":"https:\/\/www.baoertaihardware.com\/fr\/produit\/bulk-clip-on-cabinet-hinges\/","title":{"rendered":"Charni\u00e8res \u00e0 clipser en vrac, charni\u00e8res hydrauliques pour basculement 4 trous\/2 trous-820A"},"content":{"rendered":"<div class=\"wp-block-columns is-layout-flex wp-container-core-columns-is-layout-9d6595d7 wp-block-columns-is-layout-flex\">\n<div class=\"wp-block-column is-layout-flow wp-block-column-is-layout-flow\">\n<h3 class=\"wp-block-heading\">Caract\u00e9ristiques des charni\u00e8res d'armoire \u00e0 clipser en vrac<\/h3>\n\n\n\n<ul class=\"wp-block-list\">\n<li><strong>Conception \u00e0 clipser<\/strong>: Permet une installation et un retrait rapides et sans probl\u00e8me, id\u00e9al pour les ajustements fr\u00e9quents et la maintenance.<\/li>\n\n\n\n<li><strong>M\u00e9canisme hydraulique de fermeture en douceur<\/strong>: Assure une fermeture douce et silencieuse des portes d'armoires, r\u00e9duisant l'usure et \u00e9vitant les claquements.<\/li>\n\n\n\n<li><strong>Options de montage polyvalentes<\/strong>: Disponible en configuration 4 trous et 2 trous pour s'adapter aux diff\u00e9rentes conceptions d'armoires et aux pr\u00e9f\u00e9rences des utilisateurs.<\/li>\n\n\n\n<li><strong>Mat\u00e9riau de haute qualit\u00e9<\/strong>: Fabriqu\u00e9 \u00e0 partir de mat\u00e9riaux robustes et durables offrant une excellente r\u00e9sistance \u00e0 la corrosion, il convient \u00e0 une utilisation \u00e0 long terme dans des environnements humides.<\/li>\n\n\n\n<li><strong>Large application<\/strong>: Parfait pour les armoires de cuisine, de salle de bains et de garde-robe, en particulier pour les portes basculantes.<\/li>\n\n\n\n<li><strong>Ajustement<\/strong>: Le r\u00e9glage multidirectionnel permet un alignement pr\u00e9cis et une finition professionnelle.<\/li>\n\n\n\n<li><strong>Ajustement s\u00e9curis\u00e9<\/strong>: Con\u00e7ues pour \u00eatre stables et durables, les portes restent en place m\u00eame en cas d'utilisation fr\u00e9quente.<\/li>\n\n\n\n<li><strong>Disponibilit\u00e9 en vrac<\/strong>: Propos\u00e9s en quantit\u00e9s de gros avec un emballage personnalisable pour r\u00e9pondre aux besoins de l'entreprise.<\/li>\n<\/ul>\n<\/div>\n\n\n\n<div class=\"wp-block-column is-layout-flow wp-block-column-is-layout-flow\">\n<figure class=\"wp-block-image size-full\"><img decoding=\"async\" width=\"1200\" height=\"1200\" src=\"https:\/\/www.baoertaihardware.com\/wp-content\/uploads\/2024\/12\/Bulk-Clip-On-Cabinet-Hinges-820A-1.webp\" alt=\"Bulk Clip On Cabinet Hinges-820A (1)\" class=\"wp-image-1035\" srcset=\"https:\/\/www.baoertaihardware.com\/wp-content\/uploads\/2024\/12\/Bulk-Clip-On-Cabinet-Hinges-820A-1.webp 1200w, https:\/\/www.baoertaihardware.com\/wp-content\/uploads\/2024\/12\/Bulk-Clip-On-Cabinet-Hinges-820A-1-300x300.webp 300w, https:\/\/www.baoertaihardware.com\/wp-content\/uploads\/2024\/12\/Bulk-Clip-On-Cabinet-Hinges-820A-1-150x150.webp 150w, https:\/\/www.baoertaihardware.com\/wp-content\/uploads\/2024\/12\/Bulk-Clip-On-Cabinet-Hinges-820A-1-768x768.webp 768w, https:\/\/www.baoertaihardware.com\/wp-content\/uploads\/2024\/12\/Bulk-Clip-On-Cabinet-Hinges-820A-1-600x600.webp 600w, https:\/\/www.baoertaihardware.com\/wp-content\/uploads\/2024\/12\/Bulk-Clip-On-Cabinet-Hinges-820A-1-100x100.webp 100w\" sizes=\"(max-width: 1200px) 100vw, 1200px\" \/><\/figure>\n<\/div>\n<\/div>\n\n\n\n<p><\/p>","protected":false},"excerpt":{"rendered":"<p>Nos charni\u00e8res hydrauliques d'armoire 820A en gros sont con\u00e7ues pour \u00eatre fiables et faciles \u00e0 utiliser, offrant une solution de fermeture douce et sans \u00e0-coups pour diverses conceptions d'armoires. Disponibles en configurations 4 trous et 2 trous, ces charni\u00e8res sont id\u00e9ales pour les armoires basculantes et garantissent un ajustement s\u00fbr avec une fonctionnalit\u00e9 \u00e9lev\u00e9e.<\/p>\n<h3>Sp\u00e9cifications des charni\u00e8res d'armoire \u00e0 clipser<\/h3>\n<ul>\n<li><strong>Num\u00e9ro de mod\u00e8le<\/strong>:820A<\/li>\n<li><strong>Mat\u00e9riau<\/strong>: Fer<\/li>\n<li><strong>Pas du trou de la coupelle :<\/strong>48mm\/52mm<\/li>\n<li><strong>Finition des charni\u00e8res<\/strong>: Nickel\u00e9<\/li>\n<li><strong>Poids<\/strong>90g\/pcs<\/li>\n<li><strong>Application<\/strong>: bureau \u00e0 domicile, salon, chambre \u00e0 coucher, h\u00f4tel, villa, appartement<\/li>\n<\/ul>\n<p><strong>Cat\u00e9gorie<\/strong>:\u00a0<a href=\"https:\/\/www.baoertaihardware.com\/fr\/categorie-produit\/cabinet-hinges-wholesale\/\">Charni\u00e8res d'armoires<\/a><\/p>\n<p><strong>Tags<\/strong>charni\u00e8re \u00e0 clipser, charni\u00e8re \u00e0 fermeture souple, charni\u00e8re en fer, charni\u00e8re hydraulique<\/p>","protected":false},"featured_media":1036,"comment_status":"closed","ping_status":"closed","template":"","meta":{"_acf_changed":false},"product_brand":[],"product_cat":[21],"product_tag":[],"class_list":{"0":"post-1034","1":"product","2":"type-product","3":"status-publish","4":"has-post-thumbnail","6":"product_cat-cabinet-hinges-wholesale","8":"first","9":"instock","10":"shipping-taxable","11":"product-type-simple"},"acf":[],"_links":{"self":[{"href":"https:\/\/www.baoertaihardware.com\/fr\/wp-json\/wp\/v2\/product\/1034","targetHints":{"allow":["GET"]}}],"collection":[{"href":"https:\/\/www.baoertaihardware.com\/fr\/wp-json\/wp\/v2\/product"}],"about":[{"href":"https:\/\/www.baoertaihardware.com\/fr\/wp-json\/wp\/v2\/types\/product"}],"replies":[{"embeddable":true,"href":"https:\/\/www.baoertaihardware.com\/fr\/wp-json\/wp\/v2\/comments?post=1034"}],"wp:featuredmedia":[{"embeddable":true,"href":"https:\/\/www.baoertaihardware.com\/fr\/wp-json\/wp\/v2\/media\/1036"}],"wp:attachment":[{"href":"https:\/\/www.baoertaihardware.com\/fr\/wp-json\/wp\/v2\/media?parent=1034"}],"wp:term":[{"taxonomy":"product_brand","embeddable":true,"href":"https:\/\/www.baoertaihardware.com\/fr\/wp-json\/wp\/v2\/product_brand?post=1034"},{"taxonomy":"product_cat","embeddable":true,"href":"https:\/\/www.baoertaihardware.com\/fr\/wp-json\/wp\/v2\/product_cat?post=1034"},{"taxonomy":"product_tag","embeddable":true,"href":"https:\/\/www.baoertaihardware.com\/fr\/wp-json\/wp\/v2\/product_tag?post=1034"}],"curies":[{"name":"wp","href":"https:\/\/api.w.org\/{rel}","templated":true}]}}