{"id":1027,"date":"2024-12-21T07:55:58","date_gmt":"2024-12-21T07:55:58","guid":{"rendered":"https:\/\/www.baoertaihardware.com\/?post_type=product&#038;p=1027"},"modified":"2024-12-21T07:55:59","modified_gmt":"2024-12-21T07:55:59","slug":"45-90-degree-cabinet-hinge-bulk","status":"publish","type":"product","link":"https:\/\/www.baoertaihardware.com\/fr\/produit\/45-90-degree-cabinet-hinge-bulk\/","title":{"rendered":"45\/90 Degree Cabinet Hinge Wholesale Slide-On Hydraulic Hinge In Bulk"},"content":{"rendered":"<div class=\"wp-block-columns is-layout-flex wp-container-core-columns-is-layout-9d6595d7 wp-block-columns-is-layout-flex\">\n<div class=\"wp-block-column is-layout-flow wp-block-column-is-layout-flow\">\n<h3 class=\"wp-block-heading\">Caract\u00e9ristiques de la charni\u00e8re d'armoire 45\/90 degr\u00e9s<\/h3>\n\n\n\n<ul class=\"wp-block-list\">\n<li><strong>Charni\u00e8re de meuble \u00e0 45<\/strong>: Permet aux portes de s'ouvrir \u00e0 un angle de 45 degr\u00e9s, ce qui est parfait pour les armoires en angle et maximise l'efficacit\u00e9 de l'espace.<\/li>\n\n\n\n<li><strong>Charni\u00e8re d'armoire 90<\/strong>: Assure une ouverture standard de 90 degr\u00e9s, offrant un acc\u00e8s complet \u00e0 l'int\u00e9rieur des armoires et un fonctionnement en douceur.<\/li>\n\n\n\n<li><strong>M\u00e9canisme hydraulique<\/strong>: La fonction de fermeture en douceur int\u00e9gr\u00e9e emp\u00eache les claquements, assurant une fermeture silencieuse et en douceur de la porte.<\/li>\n\n\n\n<li><strong>Conception coulissante<\/strong>: Simplifie l'installation et l'ajustement, ce qui permet de gagner du temps et d'obtenir une fixation s\u00fbre et sans probl\u00e8me.<\/li>\n\n\n\n<li><strong>Construction durable<\/strong>: Fabriqu\u00e9 \u00e0 partir de mat\u00e9riaux de premi\u00e8re qualit\u00e9, il garantit une capacit\u00e9 de charge \u00e9lev\u00e9e et des performances durables.<\/li>\n\n\n\n<li><strong>R\u00e9sistance \u00e0 la corrosion<\/strong>: Finition avec rev\u00eatement anticorrosion pour une meilleure durabilit\u00e9 dans les environnements humides.<\/li>\n\n\n\n<li><strong>Large compatibilit\u00e9<\/strong>: Convient \u00e0 diff\u00e9rents types d'armoires, y compris les meubles de cuisine, les armoires et les meubles de bureau.<\/li>\n<\/ul>\n<\/div>\n\n\n\n<div class=\"wp-block-column is-layout-flow wp-block-column-is-layout-flow\">\n<figure class=\"wp-block-image size-full\"><img decoding=\"async\" width=\"1200\" height=\"1200\" src=\"https:\/\/www.baoertaihardware.com\/wp-content\/uploads\/2024\/12\/4590-Degree-Cabinet-Hinge-Wholesale-1.webp\" alt=\"Charni\u00e8re d&#039;armoire \u00e0 90 degr\u00e9s Wholesale (1)\" class=\"wp-image-1028\" srcset=\"https:\/\/www.baoertaihardware.com\/wp-content\/uploads\/2024\/12\/4590-Degree-Cabinet-Hinge-Wholesale-1.webp 1200w, https:\/\/www.baoertaihardware.com\/wp-content\/uploads\/2024\/12\/4590-Degree-Cabinet-Hinge-Wholesale-1-300x300.webp 300w, https:\/\/www.baoertaihardware.com\/wp-content\/uploads\/2024\/12\/4590-Degree-Cabinet-Hinge-Wholesale-1-150x150.webp 150w, https:\/\/www.baoertaihardware.com\/wp-content\/uploads\/2024\/12\/4590-Degree-Cabinet-Hinge-Wholesale-1-768x768.webp 768w, https:\/\/www.baoertaihardware.com\/wp-content\/uploads\/2024\/12\/4590-Degree-Cabinet-Hinge-Wholesale-1-600x600.webp 600w, https:\/\/www.baoertaihardware.com\/wp-content\/uploads\/2024\/12\/4590-Degree-Cabinet-Hinge-Wholesale-1-100x100.webp 100w\" sizes=\"(max-width: 1200px) 100vw, 1200px\" \/><\/figure>\n<\/div>\n<\/div>","protected":false},"excerpt":{"rendered":"<p>Nos charni\u00e8res hydrauliques \u00e0 glissi\u00e8re sont con\u00e7ues pour la pr\u00e9cision et la durabilit\u00e9, et conviennent aux applications d'armoires \u00e0 45\u00b0 et 90\u00b0. Ces charni\u00e8res \u00e0 45 et 90 degr\u00e9s permettent un mouvement de porte sans rupture et sont id\u00e9ales pour les cuisines, les salles de bains et les meubles.<\/p>\n<h3>Sp\u00e9cifications de la charni\u00e8re d'armoire 45\/90 degr\u00e9s<\/h3>\n<ul>\n<li><strong>Mat\u00e9riau<\/strong>: Fer<\/li>\n<li><strong>Pas du trou de la coupelle<\/strong>: 48 mm, 35 mm<\/li>\n<li><strong>Finition des charni\u00e8res<\/strong>: Nickel\u00e9<\/li>\n<li><strong>Angle d'articulation : 45\u00b0\/90<\/strong><\/li>\n<li><strong>Poids<\/strong>:88g\/pcs<\/li>\n<li><strong>Application<\/strong>: bureau \u00e0 domicile, salon, chambre \u00e0 coucher, h\u00f4tel, villa, appartement<\/li>\n<\/ul>\n<p><strong>Cat\u00e9gorie<\/strong>:\u00a0<a href=\"https:\/\/www.baoertaihardware.com\/fr\/categorie-produit\/cabinet-hinges-wholesale\/\">Charni\u00e8res d'armoires<\/a><\/p>\n<p><strong>Tags<\/strong>charni\u00e8re \u00e0 glissi\u00e8re, charni\u00e8re en fer, charni\u00e8re d'armoire \u00e0 45 degr\u00e9s, charni\u00e8re d'armoire \u00e0 90 degr\u00e9s<\/p>","protected":false},"featured_media":1029,"comment_status":"closed","ping_status":"closed","template":"","meta":{"_acf_changed":false},"product_brand":[],"product_cat":[21],"product_tag":[],"class_list":{"0":"post-1027","1":"product","2":"type-product","3":"status-publish","4":"has-post-thumbnail","6":"product_cat-cabinet-hinges-wholesale","8":"first","9":"instock","10":"shipping-taxable","11":"product-type-simple"},"acf":[],"_links":{"self":[{"href":"https:\/\/www.baoertaihardware.com\/fr\/wp-json\/wp\/v2\/product\/1027","targetHints":{"allow":["GET"]}}],"collection":[{"href":"https:\/\/www.baoertaihardware.com\/fr\/wp-json\/wp\/v2\/product"}],"about":[{"href":"https:\/\/www.baoertaihardware.com\/fr\/wp-json\/wp\/v2\/types\/product"}],"replies":[{"embeddable":true,"href":"https:\/\/www.baoertaihardware.com\/fr\/wp-json\/wp\/v2\/comments?post=1027"}],"wp:featuredmedia":[{"embeddable":true,"href":"https:\/\/www.baoertaihardware.com\/fr\/wp-json\/wp\/v2\/media\/1029"}],"wp:attachment":[{"href":"https:\/\/www.baoertaihardware.com\/fr\/wp-json\/wp\/v2\/media?parent=1027"}],"wp:term":[{"taxonomy":"product_brand","embeddable":true,"href":"https:\/\/www.baoertaihardware.com\/fr\/wp-json\/wp\/v2\/product_brand?post=1027"},{"taxonomy":"product_cat","embeddable":true,"href":"https:\/\/www.baoertaihardware.com\/fr\/wp-json\/wp\/v2\/product_cat?post=1027"},{"taxonomy":"product_tag","embeddable":true,"href":"https:\/\/www.baoertaihardware.com\/fr\/wp-json\/wp\/v2\/product_tag?post=1027"}],"curies":[{"name":"wp","href":"https:\/\/api.w.org\/{rel}","templated":true}]}}