{"id":1005,"date":"2024-12-09T09:29:15","date_gmt":"2024-12-09T09:29:15","guid":{"rendered":"https:\/\/www.baoertaihardware.com\/?post_type=product&#038;p=1005"},"modified":"2025-06-29T18:10:08","modified_gmt":"2025-06-29T18:10:08","slug":"tip-on-for-doors-wholesale","status":"publish","type":"product","link":"https:\/\/www.baoertaihardware.com\/fr\/produit\/tip-on-for-doors-wholesale\/","title":{"rendered":"Tip On for Doors , Furniture Hinges Hardware Fittings Wholesaler"},"content":{"rendered":"<p>Donnez un coup de pouce \u00e0 vos meubles avec Tip-On pour portes, une solution de premier choix pour les mod\u00e8les sans poign\u00e9e. Ces ferrures de charni\u00e8res pour meubles sont parfaites pour les int\u00e9rieurs modernes, car elles offrent un m\u00e9canisme d'ouverture par pouss\u00e9e sans faille.<\/p>\n\n\n\n<div class=\"wp-block-columns is-layout-flex wp-container-core-columns-is-layout-9d6595d7 wp-block-columns-is-layout-flex\">\n<div class=\"wp-block-column is-layout-flow wp-block-column-is-layout-flow\">\n<div class=\"wp-block-columns is-layout-flex wp-container-core-columns-is-layout-9d6595d7 wp-block-columns-is-layout-flex\">\n<div class=\"wp-block-column is-layout-flow wp-block-column-is-layout-flow\">\n<figure class=\"wp-block-image size-full\"><img decoding=\"async\" width=\"1200\" height=\"1200\" src=\"https:\/\/www.baoertaihardware.com\/wp-content\/uploads\/2024\/12\/Tip-On-for-Doors-in-bulk-1.webp\" alt=\"Tip On pour Portes en vrac (1)\" class=\"wp-image-1006\" srcset=\"https:\/\/www.baoertaihardware.com\/wp-content\/uploads\/2024\/12\/Tip-On-for-Doors-in-bulk-1.webp 1200w, https:\/\/www.baoertaihardware.com\/wp-content\/uploads\/2024\/12\/Tip-On-for-Doors-in-bulk-1-300x300.webp 300w, https:\/\/www.baoertaihardware.com\/wp-content\/uploads\/2024\/12\/Tip-On-for-Doors-in-bulk-1-150x150.webp 150w, https:\/\/www.baoertaihardware.com\/wp-content\/uploads\/2024\/12\/Tip-On-for-Doors-in-bulk-1-768x768.webp 768w, https:\/\/www.baoertaihardware.com\/wp-content\/uploads\/2024\/12\/Tip-On-for-Doors-in-bulk-1-600x600.webp 600w, https:\/\/www.baoertaihardware.com\/wp-content\/uploads\/2024\/12\/Tip-On-for-Doors-in-bulk-1-100x100.webp 100w\" sizes=\"(max-width: 1200px) 100vw, 1200px\" \/><\/figure>\n<\/div>\n\n\n\n<div class=\"wp-block-column is-layout-flow wp-block-column-is-layout-flow\">\n<figure class=\"wp-block-image size-full\"><img decoding=\"async\" width=\"1200\" height=\"1200\" src=\"https:\/\/www.baoertaihardware.com\/wp-content\/uploads\/2024\/12\/Tip-On-for-Doors-in-bulk-2.webp\" alt=\"Conseil pour les portes en vrac (2)\" class=\"wp-image-1007\" srcset=\"https:\/\/www.baoertaihardware.com\/wp-content\/uploads\/2024\/12\/Tip-On-for-Doors-in-bulk-2.webp 1200w, https:\/\/www.baoertaihardware.com\/wp-content\/uploads\/2024\/12\/Tip-On-for-Doors-in-bulk-2-300x300.webp 300w, https:\/\/www.baoertaihardware.com\/wp-content\/uploads\/2024\/12\/Tip-On-for-Doors-in-bulk-2-150x150.webp 150w, https:\/\/www.baoertaihardware.com\/wp-content\/uploads\/2024\/12\/Tip-On-for-Doors-in-bulk-2-768x768.webp 768w, https:\/\/www.baoertaihardware.com\/wp-content\/uploads\/2024\/12\/Tip-On-for-Doors-in-bulk-2-600x600.webp 600w, https:\/\/www.baoertaihardware.com\/wp-content\/uploads\/2024\/12\/Tip-On-for-Doors-in-bulk-2-100x100.webp 100w\" sizes=\"(max-width: 1200px) 100vw, 1200px\" \/><\/figure>\n<\/div>\n<\/div>\n<\/div>\n<\/div>","protected":false},"excerpt":{"rendered":"<p>Id\u00e9ales pour les armoires de cuisine, les penderies et autres meubles, nos ferrures Tip-On allient innovation et fonctionnalit\u00e9 pour cr\u00e9er un look moderne et sans encombrement. Disponibles en quantit\u00e9s de gros pour les entreprises et les acheteurs en vrac.<\/p>\n<h2>Caract\u00e9ristiques de Tip On pour les portes<\/h2>\n<ul>\n<li><strong>Fonctionnalit\u00e9 Push-to-Open<\/strong>: Les portes s'ouvrent d'une simple pression, sans poign\u00e9e, ce qui est id\u00e9al pour les meubles \u00e9l\u00e9gants et minimalistes.<\/li>\n<li><strong>Durable et fiable<\/strong>: Fabriqu\u00e9 \u00e0 partir de mat\u00e9riaux de haute qualit\u00e9 pour une performance durable, m\u00eame en cas d'utilisation fr\u00e9quente.<\/li>\n<li><strong>Options personnalis\u00e9es<\/strong>: Il existe une grande vari\u00e9t\u00e9 de tailles et de finitions pour s'adapter \u00e0 de nombreux styles d'armoires et de meubles.<\/li>\n<li><strong>Installation facile<\/strong>: Con\u00e7u pour une installation facile, il permet aux professionnels et aux bricoleurs de gagner du temps.<\/li>\n<\/ul>","protected":false},"featured_media":1008,"comment_status":"closed","ping_status":"closed","template":"","meta":{"_acf_changed":false},"product_brand":[],"product_cat":[38],"product_tag":[],"class_list":{"0":"post-1005","1":"product","2":"type-product","3":"status-publish","4":"has-post-thumbnail","6":"product_cat-push-to-open-latches-wholesale","8":"first","9":"instock","10":"shipping-taxable","11":"product-type-simple"},"acf":[],"_links":{"self":[{"href":"https:\/\/www.baoertaihardware.com\/fr\/wp-json\/wp\/v2\/product\/1005","targetHints":{"allow":["GET"]}}],"collection":[{"href":"https:\/\/www.baoertaihardware.com\/fr\/wp-json\/wp\/v2\/product"}],"about":[{"href":"https:\/\/www.baoertaihardware.com\/fr\/wp-json\/wp\/v2\/types\/product"}],"replies":[{"embeddable":true,"href":"https:\/\/www.baoertaihardware.com\/fr\/wp-json\/wp\/v2\/comments?post=1005"}],"wp:featuredmedia":[{"embeddable":true,"href":"https:\/\/www.baoertaihardware.com\/fr\/wp-json\/wp\/v2\/media\/1008"}],"wp:attachment":[{"href":"https:\/\/www.baoertaihardware.com\/fr\/wp-json\/wp\/v2\/media?parent=1005"}],"wp:term":[{"taxonomy":"product_brand","embeddable":true,"href":"https:\/\/www.baoertaihardware.com\/fr\/wp-json\/wp\/v2\/product_brand?post=1005"},{"taxonomy":"product_cat","embeddable":true,"href":"https:\/\/www.baoertaihardware.com\/fr\/wp-json\/wp\/v2\/product_cat?post=1005"},{"taxonomy":"product_tag","embeddable":true,"href":"https:\/\/www.baoertaihardware.com\/fr\/wp-json\/wp\/v2\/product_tag?post=1005"}],"curies":[{"name":"wp","href":"https:\/\/api.w.org\/{rel}","templated":true}]}}