{"id":990,"date":"2024-12-09T08:04:42","date_gmt":"2024-12-09T08:04:42","guid":{"rendered":"https:\/\/www.baoertaihardware.com\/?post_type=product&#038;p=990"},"modified":"2024-12-09T08:04:43","modified_gmt":"2024-12-09T08:04:43","slug":"hydraulic-hinges-for-cabinets-oem","status":"publish","type":"product","link":"https:\/\/www.baoertaihardware.com\/es\/producto\/hydraulic-hinges-for-cabinets-oem\/","title":{"rendered":"Las mejores bisagras hidr\u00e1ulicas para armarios Fabricante de bisagras con clip de acero inoxidable - 868"},"content":{"rendered":"<div class=\"wp-block-columns is-layout-flex wp-container-core-columns-is-layout-9d6595d7 wp-block-columns-is-layout-flex\">\n<div class=\"wp-block-column is-layout-flow wp-block-column-is-layout-flow\">\n<h2 class=\"wp-block-heading\">Caracter\u00edsticas de las bisagras hidr\u00e1ulicas para armarios<\/h2>\n\n\n\n<ul class=\"wp-block-list\">\n<li><strong>Material de acero inoxidable 201<\/strong>: La mejor bisagra hidr\u00e1ulica para armarios est\u00e1 fabricada en acero inoxidable de alta calidad con una excelente resistencia a la corrosi\u00f3n, abrasi\u00f3n y oxidaci\u00f3n, lo que garantiza que, incluso despu\u00e9s de un largo periodo de uso en un entorno h\u00famedo o a altas temperaturas, sigan manteniendo un aspecto y un funcionamiento estables.<\/li>\n\n\n\n<li><strong>Funci\u00f3n hidr\u00e1ulica<\/strong>: Viene equipado con un dispositivo hidr\u00e1ulico que garantiza un cierre suave y lento del panel de la puerta, evitando el impacto que puede causar ruido o da\u00f1os. Aumenta el confort y la tranquilidad de la vida en el hogar.<\/li>\n\n\n\n<li><strong>Dise\u00f1o f\u00e1cil de enganchar<\/strong>: El dise\u00f1o de la bisagra Clip-On permite una f\u00e1cil y r\u00e1pida instalaci\u00f3n y extracci\u00f3n sin necesidad de tornillos de fijaci\u00f3n, lo que ahorra tiempo y costes de instalaci\u00f3n. Adecuada para necesidades de producci\u00f3n a granel y en masa, capaz de responder a instalaciones por lotes con gran eficacia.<\/li>\n\n\n\n<li><strong>Gran capacidad de carga<\/strong>: Despu\u00e9s del dise\u00f1o prudente, esta bisagra hidr\u00e1ulica posee una alta capacidad de carga para soportar puertas de armarios pesados, asegurando la estabilidad de la puerta y las operaciones suaves de apertura y cierre.<\/li>\n\n\n\n<li><strong>Amplia aplicabilidad<\/strong>: Se aplica a todo tipo de muebles y armarios, como armarios de cocina, armarios de ba\u00f1o, armarios, etc. Es especialmente adecuado para el uso de alta frecuencia y puertas que requieren alta capacidad de carga.<\/li>\n\n\n\n<li><strong>Alta durabilidad<\/strong>: Tiene una larga vida \u00fatil gracias a la gran durabilidad del sistema hidr\u00e1ulico y al material de acero inoxidable, lo que reduce el n\u00famero de reparaciones y sustituciones.<\/li>\n\n\n\n<li><strong>Dise\u00f1o moderno<\/strong>: Dise\u00f1o de aspecto sencillo y moderno, adecuado para una variedad de estilos de hogar, y mejora la est\u00e9tica general de los muebles.<\/li>\n\n\n\n<li><strong>Funci\u00f3n de ajuste preciso<\/strong>: Puede soportar el ajuste multidireccional para asegurar la alineaci\u00f3n perfecta de las puertas del armario y puede satisfacer diferentes necesidades de instalaci\u00f3n; la precisi\u00f3n asegura la perfecci\u00f3n en el cierre mientras est\u00e1 en uso.<\/li>\n<\/ul>\n<\/div>\n\n\n\n<div class=\"wp-block-column is-layout-flow wp-block-column-is-layout-flow\">\n<figure class=\"wp-block-image size-full\"><img decoding=\"async\" width=\"1200\" height=\"1200\" src=\"https:\/\/www.baoertaihardware.com\/wp-content\/uploads\/2024\/12\/Bulk-Hydraulic-Hinges-for-Cabinets-Manufacturer-1.webp\" alt=\"Fabricante de bisagras hidr\u00e1ulicas a granel para armarios (1)\" class=\"wp-image-991\" srcset=\"https:\/\/www.baoertaihardware.com\/wp-content\/uploads\/2024\/12\/Bulk-Hydraulic-Hinges-for-Cabinets-Manufacturer-1.webp 1200w, https:\/\/www.baoertaihardware.com\/wp-content\/uploads\/2024\/12\/Bulk-Hydraulic-Hinges-for-Cabinets-Manufacturer-1-300x300.webp 300w, https:\/\/www.baoertaihardware.com\/wp-content\/uploads\/2024\/12\/Bulk-Hydraulic-Hinges-for-Cabinets-Manufacturer-1-150x150.webp 150w, https:\/\/www.baoertaihardware.com\/wp-content\/uploads\/2024\/12\/Bulk-Hydraulic-Hinges-for-Cabinets-Manufacturer-1-768x768.webp 768w, https:\/\/www.baoertaihardware.com\/wp-content\/uploads\/2024\/12\/Bulk-Hydraulic-Hinges-for-Cabinets-Manufacturer-1-600x600.webp 600w, https:\/\/www.baoertaihardware.com\/wp-content\/uploads\/2024\/12\/Bulk-Hydraulic-Hinges-for-Cabinets-Manufacturer-1-100x100.webp 100w\" sizes=\"(max-width: 1200px) 100vw, 1200px\" \/><\/figure>\n<\/div>\n<\/div>\n\n\n\n<p><\/p>","protected":false},"excerpt":{"rendered":"<p>Estas mejores bisagras hidr\u00e1ulicas para armarios combinan la avanzada tecnolog\u00eda hidr\u00e1ulica de cierre suave con un dise\u00f1o de bisagra de clip para obtener una combinaci\u00f3n de alto rendimiento, durabilidad y est\u00e9tica ideal para una gran variedad de proyectos dom\u00e9sticos y comerciales de gran demanda. No dude en pedirnos un presupuesto sin compromiso.<\/p>\n<h2>Especificaciones de las bisagras hidr\u00e1ulicas para armarios<\/h2>\n<ul>\n<li><strong>N\u00ba de modelo<\/strong>:868<\/li>\n<li><strong>Material<\/strong>: AII SS 201<\/li>\n<li><strong>Paso del orificio de la copa<\/strong>: 48mm<\/li>\n<li><strong>Acabado de la bisagra<\/strong>: Niquelado<\/li>\n<li><strong>Peso<\/strong>106 g\/unidad<\/li>\n<li><strong>Aplicaci\u00f3n<\/strong>oficina en casa, sal\u00f3n, dormitorio, hotel, villa, apartamento<\/li>\n<\/ul>\n<p><strong>Categor\u00eda<\/strong>:\u00a0<a href=\"https:\/\/www.baoertaihardware.com\/es\/categoria-producto\/cabinet-hinges-wholesale\/\">Bisagras de armario<\/a> <strong>Etiquetas<\/strong>bisagra de clip, bisagra de \u00e1ngulo especial, bisagra de cierre suave, bisagra de acero inoxidable<\/p>","protected":false},"featured_media":992,"comment_status":"closed","ping_status":"closed","template":"","meta":{"_acf_changed":false},"product_brand":[],"product_cat":[21],"product_tag":[],"class_list":{"0":"post-990","1":"product","2":"type-product","3":"status-publish","4":"has-post-thumbnail","6":"product_cat-cabinet-hinges-wholesale","8":"first","9":"instock","10":"shipping-taxable","11":"product-type-simple"},"acf":[],"_links":{"self":[{"href":"https:\/\/www.baoertaihardware.com\/es\/wp-json\/wp\/v2\/product\/990","targetHints":{"allow":["GET"]}}],"collection":[{"href":"https:\/\/www.baoertaihardware.com\/es\/wp-json\/wp\/v2\/product"}],"about":[{"href":"https:\/\/www.baoertaihardware.com\/es\/wp-json\/wp\/v2\/types\/product"}],"replies":[{"embeddable":true,"href":"https:\/\/www.baoertaihardware.com\/es\/wp-json\/wp\/v2\/comments?post=990"}],"wp:featuredmedia":[{"embeddable":true,"href":"https:\/\/www.baoertaihardware.com\/es\/wp-json\/wp\/v2\/media\/992"}],"wp:attachment":[{"href":"https:\/\/www.baoertaihardware.com\/es\/wp-json\/wp\/v2\/media?parent=990"}],"wp:term":[{"taxonomy":"product_brand","embeddable":true,"href":"https:\/\/www.baoertaihardware.com\/es\/wp-json\/wp\/v2\/product_brand?post=990"},{"taxonomy":"product_cat","embeddable":true,"href":"https:\/\/www.baoertaihardware.com\/es\/wp-json\/wp\/v2\/product_cat?post=990"},{"taxonomy":"product_tag","embeddable":true,"href":"https:\/\/www.baoertaihardware.com\/es\/wp-json\/wp\/v2\/product_tag?post=990"}],"curies":[{"name":"wp","href":"https:\/\/api.w.org\/{rel}","templated":true}]}}