{"id":965,"date":"2024-12-08T17:52:36","date_gmt":"2024-12-08T17:52:36","guid":{"rendered":"https:\/\/www.baoertaihardware.com\/?post_type=product&#038;p=965"},"modified":"2024-12-08T17:52:37","modified_gmt":"2024-12-08T17:52:37","slug":"stainless-steel-cabinet-hinges","status":"publish","type":"product","link":"https:\/\/www.baoertaihardware.com\/es\/producto\/stainless-steel-cabinet-hinges\/","title":{"rendered":"Bisagras de armario de acero inoxidable a granel,Clip-On bisagra hidr\u00e1ulica-828"},"content":{"rendered":"<div class=\"wp-block-columns is-layout-flex wp-container-core-columns-is-layout-9d6595d7 wp-block-columns-is-layout-flex\">\n<div class=\"wp-block-column is-layout-flow wp-block-column-is-layout-flow\">\n<h2 class=\"wp-block-heading\">Caracter\u00edsticas de las bisagras de acero inoxidable para armarios<\/h2>\n\n\n\n<ul class=\"wp-block-list\">\n<li>Material de acero inoxidable de alta calidad: fabricadas en acero inoxidable de alta resistencia a la corrosi\u00f3n para garantizar la larga duraci\u00f3n de las bisagras, aptas para su uso en diversos entornos, evitando la oxidaci\u00f3n y el desgaste.<\/li>\n\n\n\n<li>Funci\u00f3n de amortiguaci\u00f3n hidr\u00e1ulica: Con un sistema hidr\u00e1ulico en el interior, que proporciona una apertura y cierre suaves sin ruido de impacto y prolonga la vida \u00fatil de los paneles de la puerta; por lo tanto, es adecuado para el uso de muebles de alta frecuencia.<\/li>\n\n\n\n<li>Dise\u00f1o de instalaci\u00f3n a presi\u00f3n: equipado con un dise\u00f1o de f\u00e1cil instalaci\u00f3n a presi\u00f3n para una instalaci\u00f3n r\u00e1pida, no se necesitan herramientas adicionales, lo que ahorra tiempo de instalaci\u00f3n y es adecuado para la producci\u00f3n a gran escala y la demanda al por mayor.<\/li>\n\n\n\n<li>Funci\u00f3n de ajuste tridimensional: es posible el ajuste tridimensional de altura, profundidad y desplazamiento, lo que garantiza un acoplamiento perfecto de la puerta del armario y una apertura y cierre precisos de la puerta para una mayor flexibilidad de instalaci\u00f3n.<\/li>\n\n\n\n<li>Apariencia de moda: Estilo minimalista de moda, se adapta perfectamente a todo tipo de estilo de hogar, dando un encanto est\u00e9tico general \u00fanico a los muebles.<\/li>\n\n\n\n<li>Compra al por mayor: Adecuado para las necesidades de compra al por mayor, de alta calidad, y soluciones de accesorios fiables para los fabricantes de muebles y empresas de decoraci\u00f3n.<\/li>\n<\/ul>\n<\/div>\n\n\n\n<div class=\"wp-block-column is-layout-flow wp-block-column-is-layout-flow\">\n<figure class=\"wp-block-image size-full\"><img decoding=\"async\" width=\"1200\" height=\"1200\" src=\"https:\/\/www.baoertaihardware.com\/wp-content\/uploads\/2024\/12\/Stainless-Steel-Cabinet-Hinges-Bulk-828-1.webp\" alt=\"Bisagras de acero inoxidable para armarios Bulk-828 (1)\" class=\"wp-image-966\" srcset=\"https:\/\/www.baoertaihardware.com\/wp-content\/uploads\/2024\/12\/Stainless-Steel-Cabinet-Hinges-Bulk-828-1.webp 1200w, https:\/\/www.baoertaihardware.com\/wp-content\/uploads\/2024\/12\/Stainless-Steel-Cabinet-Hinges-Bulk-828-1-300x300.webp 300w, https:\/\/www.baoertaihardware.com\/wp-content\/uploads\/2024\/12\/Stainless-Steel-Cabinet-Hinges-Bulk-828-1-150x150.webp 150w, https:\/\/www.baoertaihardware.com\/wp-content\/uploads\/2024\/12\/Stainless-Steel-Cabinet-Hinges-Bulk-828-1-768x768.webp 768w, https:\/\/www.baoertaihardware.com\/wp-content\/uploads\/2024\/12\/Stainless-Steel-Cabinet-Hinges-Bulk-828-1-600x600.webp 600w, https:\/\/www.baoertaihardware.com\/wp-content\/uploads\/2024\/12\/Stainless-Steel-Cabinet-Hinges-Bulk-828-1-100x100.webp 100w\" sizes=\"(max-width: 1200px) 100vw, 1200px\" \/><\/figure>\n<\/div>\n<\/div>\n\n\n\n<p><\/p>","protected":false},"excerpt":{"rendered":"<p>Ofrecemos bisagras de acero inoxidable de alta calidad para armarios, dise\u00f1adas para muebles de gama alta con una resistencia a la corrosi\u00f3n y una durabilidad superiores. Nuestras soluciones de bisagras hidr\u00e1ulicas al por mayor con sistema de amortiguaci\u00f3n hidr\u00e1ulica garantizan una apertura y cierre suaves y silenciosos de las puertas de los armarios y son f\u00e1ciles de instalar para las necesidades de compra al por mayor. Ya sea para un proyecto dom\u00e9stico o comercial, nuestros productos de bisagras satisfar\u00e1n sus elevadas exigencias.<\/p>\n<h3>Especificaciones de las bisagras de acero inoxidable para armarios<\/h3>\n<ul>\n<li><strong>N\u00ba de modelo<\/strong>:822B(Negro)<\/li>\n<li><strong>Material<\/strong>: Acero inoxidable<\/li>\n<li><strong>Di\u00e1metro de la copa<\/strong>: 35mm<\/li>\n<li><strong>Centros de orificios<\/strong>: 48mm<\/li>\n<li><strong>Acabado de la bisagra<\/strong>: Niquelado<\/li>\n<li><strong>Peso<\/strong>:100g\/pcs<\/li>\n<li><strong>Aplicaci\u00f3n<\/strong>oficina en casa, sal\u00f3n, dormitorio, hotel, villa, apartamento<\/li>\n<\/ul>\n<p><strong>Categor\u00eda<\/strong>:\u00a0<a href=\"https:\/\/www.baoertaihardware.com\/es\/categoria-producto\/cabinet-hinges-wholesale\/\">Bisagras de armario<\/a><\/p>\n<p><strong>Etiquetas<\/strong>bisagra de clip, bisagra de \u00e1ngulo especial, bisagra de cierre suave, bisagra de acero inoxidable<\/p>\n<p>&nbsp;<\/p>","protected":false},"featured_media":969,"comment_status":"closed","ping_status":"closed","template":"","meta":{"_acf_changed":false},"product_brand":[],"product_cat":[21],"product_tag":[],"class_list":{"0":"post-965","1":"product","2":"type-product","3":"status-publish","4":"has-post-thumbnail","6":"product_cat-cabinet-hinges-wholesale","8":"first","9":"instock","10":"shipping-taxable","11":"product-type-simple"},"acf":[],"_links":{"self":[{"href":"https:\/\/www.baoertaihardware.com\/es\/wp-json\/wp\/v2\/product\/965","targetHints":{"allow":["GET"]}}],"collection":[{"href":"https:\/\/www.baoertaihardware.com\/es\/wp-json\/wp\/v2\/product"}],"about":[{"href":"https:\/\/www.baoertaihardware.com\/es\/wp-json\/wp\/v2\/types\/product"}],"replies":[{"embeddable":true,"href":"https:\/\/www.baoertaihardware.com\/es\/wp-json\/wp\/v2\/comments?post=965"}],"wp:featuredmedia":[{"embeddable":true,"href":"https:\/\/www.baoertaihardware.com\/es\/wp-json\/wp\/v2\/media\/969"}],"wp:attachment":[{"href":"https:\/\/www.baoertaihardware.com\/es\/wp-json\/wp\/v2\/media?parent=965"}],"wp:term":[{"taxonomy":"product_brand","embeddable":true,"href":"https:\/\/www.baoertaihardware.com\/es\/wp-json\/wp\/v2\/product_brand?post=965"},{"taxonomy":"product_cat","embeddable":true,"href":"https:\/\/www.baoertaihardware.com\/es\/wp-json\/wp\/v2\/product_cat?post=965"},{"taxonomy":"product_tag","embeddable":true,"href":"https:\/\/www.baoertaihardware.com\/es\/wp-json\/wp\/v2\/product_tag?post=965"}],"curies":[{"name":"wp","href":"https:\/\/api.w.org\/{rel}","templated":true}]}}