{"id":940,"date":"2024-12-06T10:28:42","date_gmt":"2024-12-06T10:28:42","guid":{"rendered":"https:\/\/www.baoertaihardware.com\/?post_type=product&#038;p=940"},"modified":"2024-12-06T10:28:42","modified_gmt":"2024-12-06T10:28:42","slug":"3d-clip-on-soft-close-hinges-bulk","status":"publish","type":"product","link":"https:\/\/www.baoertaihardware.com\/es\/producto\/3d-clip-on-soft-close-hinges-bulk\/","title":{"rendered":"Bisagras de cierre suave con clip 3D, bisagras hidr\u00e1ulicas para armarios Proveedor - 822B"},"content":{"rendered":"<div class=\"wp-block-columns is-layout-flex wp-container-core-columns-is-layout-9d6595d7 wp-block-columns-is-layout-flex\">\n<div class=\"wp-block-column is-layout-flow wp-block-column-is-layout-flow\">\n<h3 class=\"wp-block-heading\">Caracter\u00edsticas de las bisagras de cierre suave Custom 3D Clip On<\/h3>\n\n\n\n<ul class=\"wp-block-list\">\n<li><strong>Sistema hidr\u00e1ulico de cierre suave<\/strong>: Es un mecanismo de cierre totalmente liso y suave que elimina todos los portazos, garantizando un movimiento silencioso y controlado de la puerta.<\/li>\n\n\n\n<li><strong>Apertura en esquina cero<\/strong>: Esta bisagra hidr\u00e1ulica se abre en \u00e1ngulo cero, permitiendo el m\u00e1ximo acceso a las superficies internas del armario y proporcionando un perfil moderno y elegante.<\/li>\n\n\n\n<li><strong>Alto rendimiento<\/strong>: Debido a que tiene un sistema hidr\u00e1ulico fuerte, esta bisagra es perfecta para sostener puertas de armarios pesados o grandes y est\u00e1 construida para una mayor durabilidad.<\/li>\n\n\n\n<li><strong>Instalaci\u00f3n deslizante<\/strong>: Simplifica la configuraci\u00f3n para pedidos al por mayor y maximiza la comodidad con una f\u00e1cil instalaci\u00f3n deslizante.<\/li>\n\n\n\n<li><strong>Estabilidad superior<\/strong>: La bisagra ofrece un rendimiento duradero y estable, incluso en condiciones de uso intensivo, gracias a su gran capacidad de carga.<\/li>\n\n\n\n<li><strong>Uso vers\u00e1til<\/strong>: Muy valioso para un acabado de primera calidad en cocinas, ba\u00f1os y armarios, permitiendo un acabado exclusivo y profesional a muchos tipos de armarios.<\/li>\n<\/ul>\n<\/div>\n\n\n\n<div class=\"wp-block-column is-layout-flow wp-block-column-is-layout-flow\">\n<figure class=\"wp-block-image size-full\"><img decoding=\"async\" width=\"1200\" height=\"1200\" src=\"https:\/\/www.baoertaihardware.com\/wp-content\/uploads\/2024\/12\/3D-Clip-On-Soft-Close-Hinges-Supplier-1.webp\" alt=\"Proveedor de bisagras 3D de cierre suave con clip (1)\" class=\"wp-image-941\" srcset=\"https:\/\/www.baoertaihardware.com\/wp-content\/uploads\/2024\/12\/3D-Clip-On-Soft-Close-Hinges-Supplier-1.webp 1200w, https:\/\/www.baoertaihardware.com\/wp-content\/uploads\/2024\/12\/3D-Clip-On-Soft-Close-Hinges-Supplier-1-300x300.webp 300w, https:\/\/www.baoertaihardware.com\/wp-content\/uploads\/2024\/12\/3D-Clip-On-Soft-Close-Hinges-Supplier-1-150x150.webp 150w, https:\/\/www.baoertaihardware.com\/wp-content\/uploads\/2024\/12\/3D-Clip-On-Soft-Close-Hinges-Supplier-1-768x768.webp 768w, https:\/\/www.baoertaihardware.com\/wp-content\/uploads\/2024\/12\/3D-Clip-On-Soft-Close-Hinges-Supplier-1-600x600.webp 600w, https:\/\/www.baoertaihardware.com\/wp-content\/uploads\/2024\/12\/3D-Clip-On-Soft-Close-Hinges-Supplier-1-100x100.webp 100w\" sizes=\"(max-width: 1200px) 100vw, 1200px\" \/><\/figure>\n<\/div>\n<\/div>\n\n\n\n<p><\/p>","protected":false},"excerpt":{"rendered":"<p>Las bisagras hidr\u00e1ulicas para armarios de alta calidad con funciones de cierre suave incorporadas permiten una instalaci\u00f3n r\u00e1pida para aplicaciones de tapa completa, media tapa y empotradas, ideales para bisagras de armarios a medida, con personalizaci\u00f3n disponible para satisfacer una amplia gama de necesidades.<\/p>\n<h3>Especificaciones de 3D Clip On Bisagras de cierre suave<\/h3>\n<ul>\n<li><strong>N\u00ba de modelo<\/strong>:822B<\/li>\n<li><strong>Material<\/strong>: Hierro<\/li>\n<li><strong>Espesor<\/strong>:15-18mm<\/li>\n<li><strong>Di\u00e1metro de la copa<\/strong>: 35mm<\/li>\n<li><strong>Centros de orificios<\/strong>: 48mm<\/li>\n<li><strong>Grado de Apertura<\/strong>:165\u00b0<\/li>\n<li><strong>Acabado de la bisagra<\/strong>: Niquelado<\/li>\n<li><strong>Peso<\/strong>174 g\/unidad<\/li>\n<li><strong>Aplicaci\u00f3n<\/strong>oficina en casa, sal\u00f3n, dormitorio, hotel, villa, apartamento<\/li>\n<\/ul>\n<p><strong>Categor\u00eda<\/strong>:\u00a0<a href=\"https:\/\/www.baoertaihardware.com\/es\/categoria-producto\/cabinet-hinges-wholesale\/\">Bisagras de armario<\/a><\/p>\n<p><strong>Etiquetas<\/strong>bisagra de clip, bisagra angular especial, bisagra de cierre suave, bisagra hidr\u00e1ulica oculta<\/p>","protected":false},"featured_media":942,"comment_status":"closed","ping_status":"closed","template":"","meta":{"_acf_changed":false},"product_brand":[],"product_cat":[21],"product_tag":[],"class_list":{"0":"post-940","1":"product","2":"type-product","3":"status-publish","4":"has-post-thumbnail","6":"product_cat-cabinet-hinges-wholesale","8":"first","9":"instock","10":"shipping-taxable","11":"product-type-simple"},"acf":[],"_links":{"self":[{"href":"https:\/\/www.baoertaihardware.com\/es\/wp-json\/wp\/v2\/product\/940","targetHints":{"allow":["GET"]}}],"collection":[{"href":"https:\/\/www.baoertaihardware.com\/es\/wp-json\/wp\/v2\/product"}],"about":[{"href":"https:\/\/www.baoertaihardware.com\/es\/wp-json\/wp\/v2\/types\/product"}],"replies":[{"embeddable":true,"href":"https:\/\/www.baoertaihardware.com\/es\/wp-json\/wp\/v2\/comments?post=940"}],"wp:featuredmedia":[{"embeddable":true,"href":"https:\/\/www.baoertaihardware.com\/es\/wp-json\/wp\/v2\/media\/942"}],"wp:attachment":[{"href":"https:\/\/www.baoertaihardware.com\/es\/wp-json\/wp\/v2\/media?parent=940"}],"wp:term":[{"taxonomy":"product_brand","embeddable":true,"href":"https:\/\/www.baoertaihardware.com\/es\/wp-json\/wp\/v2\/product_brand?post=940"},{"taxonomy":"product_cat","embeddable":true,"href":"https:\/\/www.baoertaihardware.com\/es\/wp-json\/wp\/v2\/product_cat?post=940"},{"taxonomy":"product_tag","embeddable":true,"href":"https:\/\/www.baoertaihardware.com\/es\/wp-json\/wp\/v2\/product_tag?post=940"}],"curies":[{"name":"wp","href":"https:\/\/api.w.org\/{rel}","templated":true}]}}