{"id":882,"date":"2024-11-28T02:44:27","date_gmt":"2024-11-28T02:44:27","guid":{"rendered":"https:\/\/www.baoertaihardware.com\/?post_type=product&#038;p=882"},"modified":"2024-11-28T02:54:56","modified_gmt":"2024-11-28T02:54:56","slug":"push-to-open-hinges-manufacturer","status":"publish","type":"product","link":"https:\/\/www.baoertaihardware.com\/es\/producto\/push-to-open-hinges-manufacturer\/","title":{"rendered":"Bisagras de empuje para abrir a medida, bisagras hidr\u00e1ulicas para armarios Gun Black, sistemas de gu\u00edas - 810HF"},"content":{"rendered":"<div class=\"wp-block-columns is-layout-flex wp-container-core-columns-is-layout-9d6595d7 wp-block-columns-is-layout-flex\">\n<div class=\"wp-block-column is-layout-flow wp-block-column-is-layout-flow\">\n<h3 class=\"wp-block-heading\">Caracter\u00edsticas de las bisagras de empuje para abrir , bisagras hidr\u00e1ulicas para armarios<\/h3>\n\n\n\n<ul class=\"wp-block-list\">\n<li><strong>Apertura c\u00f3moda sin asas<\/strong>: De tal manera que todo el armario se vuelve elegante y moderno con la forma en que se abre con s\u00f3lo un ligero empuj\u00f3n.<\/li>\n\n\n\n<li><strong>Aspecto negro bronce<\/strong>: exquisito tratamiento de la superficie en negro gunmetal, que a\u00f1ade un efecto visual de alta gama y de moda a sus muebles.<\/li>\n\n\n\n<li><strong>Tecnolog\u00eda de amortiguaci\u00f3n hidr\u00e1ulica:<\/strong> Las bisagras de empuje para apertura adoptan un avanzado sistema de amortiguaci\u00f3n hidr\u00e1ulica para garantizar que la puerta del armario se cierre suave y silenciosamente, evitando el ruido de impacto.<\/li>\n\n\n\n<li><strong>Capacidad de carga<\/strong>: Dise\u00f1o resistente de alta resistencia, adecuado para todo tipo de paneles de puertas gruesas y pesadas, lo que garantiza un uso estable a largo plazo.<\/li>\n\n\n\n<li><strong>Corredera de extensi\u00f3n total<\/strong>: Un dise\u00f1o de extensi\u00f3n completa 100% proporciona el m\u00e1ximo espacio de almacenamiento para facilitar el acceso a los art\u00edculos.<\/li>\n\n\n\n<li><strong>Funcionamiento silencioso<\/strong>: Las gu\u00edas y bisagras dise\u00f1adas con precisi\u00f3n garantizan un deslizamiento silencioso y suave para mejorar la experiencia de uso.<\/li>\n\n\n\n<li><strong>F\u00e1cil instalaci\u00f3n y desbloqueo personalizado<\/strong>: Proporcionan servicios personalizados flexibles para satisfacer las necesidades de diferentes espesores, tama\u00f1os y estilos, y son f\u00e1ciles de instalar y adecuados para una variedad de estilos de hogar.<\/li>\n<\/ul>\n<\/div>\n\n\n\n<div class=\"wp-block-column is-layout-flow wp-block-column-is-layout-flow\">\n<figure class=\"wp-block-image size-full\"><img decoding=\"async\" width=\"1200\" height=\"1200\" src=\"https:\/\/www.baoertaihardware.com\/wp-content\/uploads\/2024\/11\/Custom-Push-to-Open-Hinges-wholesale-810HF-1.webp\" alt=\"Bisagras a presi\u00f3n personalizadas - venta al por mayor - 810HF (1)\" class=\"wp-image-892\" srcset=\"https:\/\/www.baoertaihardware.com\/wp-content\/uploads\/2024\/11\/Custom-Push-to-Open-Hinges-wholesale-810HF-1.webp 1200w, https:\/\/www.baoertaihardware.com\/wp-content\/uploads\/2024\/11\/Custom-Push-to-Open-Hinges-wholesale-810HF-1-300x300.webp 300w, https:\/\/www.baoertaihardware.com\/wp-content\/uploads\/2024\/11\/Custom-Push-to-Open-Hinges-wholesale-810HF-1-150x150.webp 150w, https:\/\/www.baoertaihardware.com\/wp-content\/uploads\/2024\/11\/Custom-Push-to-Open-Hinges-wholesale-810HF-1-768x768.webp 768w, https:\/\/www.baoertaihardware.com\/wp-content\/uploads\/2024\/11\/Custom-Push-to-Open-Hinges-wholesale-810HF-1-600x600.webp 600w, https:\/\/www.baoertaihardware.com\/wp-content\/uploads\/2024\/11\/Custom-Push-to-Open-Hinges-wholesale-810HF-1-100x100.webp 100w\" sizes=\"(max-width: 1200px) 100vw, 1200px\" \/><\/figure>\n<\/div>\n<\/div>\n\n\n\n<p><\/p>","protected":false},"excerpt":{"rendered":"<p>Este sistema de bisagras de empuje para apertura a granel combina la tecnolog\u00eda de amortiguaci\u00f3n hidr\u00e1ulica con un acabado negro bronceado. Nuestras bisagras negras para armarios est\u00e1n dise\u00f1adas con una gran capacidad de carga para alojar paneles de puerta pesados y gu\u00edas de extensi\u00f3n total 100% para mejorar el aprovechamiento del espacio. Ya se trate de una cocina, un cuarto de ba\u00f1o o un armario, pueden proporcionar una experiencia suave, duradera y hermosa, satisfaciendo perfectamente las necesidades de personalizaci\u00f3n de gama alta.<\/p>\n<h3>Especificaciones de las bisagras Push to Open a granel<\/h3>\n<ul>\n<li><strong>N\u00ba de modelo<\/strong>:810HF<\/li>\n<li><strong>Material<\/strong>: Hierro<\/li>\n<li><strong>Espesor de la puerta<\/strong>:18-26mm<\/li>\n<li><strong>Centros de orificios<\/strong>: 48mm<\/li>\n<li><strong>Peso<\/strong>:100g\/pcs<\/li>\n<li><strong>Acabado<\/strong>: Niquelado<\/li>\n<li><strong>Aplicaci\u00f3n<\/strong>oficina en casa, sal\u00f3n, dormitorio, hotel, villa, apartamento<\/li>\n<\/ul>\n<p><strong>Categor\u00eda<\/strong>:\u00a0<a href=\"https:\/\/www.baoertaihardware.com\/es\/categoria-producto\/cabinet-hinges-wholesale\/\">Bisagras de armario<\/a><\/p>\n<p><strong>Etiquetas<\/strong>bisagra deslizante, bisagra de cierre suave, bisagra hidr\u00e1ulica<\/p>","protected":false},"featured_media":893,"comment_status":"closed","ping_status":"closed","template":"","meta":{"_acf_changed":false},"product_brand":[],"product_cat":[21],"product_tag":[],"class_list":{"0":"post-882","1":"product","2":"type-product","3":"status-publish","4":"has-post-thumbnail","6":"product_cat-cabinet-hinges-wholesale","8":"first","9":"instock","10":"shipping-taxable","11":"product-type-simple"},"acf":[],"_links":{"self":[{"href":"https:\/\/www.baoertaihardware.com\/es\/wp-json\/wp\/v2\/product\/882","targetHints":{"allow":["GET"]}}],"collection":[{"href":"https:\/\/www.baoertaihardware.com\/es\/wp-json\/wp\/v2\/product"}],"about":[{"href":"https:\/\/www.baoertaihardware.com\/es\/wp-json\/wp\/v2\/types\/product"}],"replies":[{"embeddable":true,"href":"https:\/\/www.baoertaihardware.com\/es\/wp-json\/wp\/v2\/comments?post=882"}],"wp:featuredmedia":[{"embeddable":true,"href":"https:\/\/www.baoertaihardware.com\/es\/wp-json\/wp\/v2\/media\/893"}],"wp:attachment":[{"href":"https:\/\/www.baoertaihardware.com\/es\/wp-json\/wp\/v2\/media?parent=882"}],"wp:term":[{"taxonomy":"product_brand","embeddable":true,"href":"https:\/\/www.baoertaihardware.com\/es\/wp-json\/wp\/v2\/product_brand?post=882"},{"taxonomy":"product_cat","embeddable":true,"href":"https:\/\/www.baoertaihardware.com\/es\/wp-json\/wp\/v2\/product_cat?post=882"},{"taxonomy":"product_tag","embeddable":true,"href":"https:\/\/www.baoertaihardware.com\/es\/wp-json\/wp\/v2\/product_tag?post=882"}],"curies":[{"name":"wp","href":"https:\/\/api.w.org\/{rel}","templated":true}]}}