{"id":875,"date":"2024-11-28T02:03:00","date_gmt":"2024-11-28T02:03:00","guid":{"rendered":"https:\/\/www.baoertaihardware.com\/?post_type=product&#038;p=875"},"modified":"2024-11-28T02:56:48","modified_gmt":"2024-11-28T02:56:48","slug":"push-open-cabinet-hinges-supplier","status":"publish","type":"product","link":"https:\/\/www.baoertaihardware.com\/es\/producto\/push-open-cabinet-hinges-supplier\/","title":{"rendered":"Mayorista Bisagras de empuje para armarios , Bisagra hidraulica deslizante de cierre suave - Modelo 810HF"},"content":{"rendered":"<div class=\"wp-block-columns is-layout-flex wp-container-core-columns-is-layout-9d6595d7 wp-block-columns-is-layout-flex\">\n<div class=\"wp-block-column is-layout-flow wp-block-column-is-layout-flow\">\n<h3 class=\"wp-block-heading\">Caracter\u00edsticas de las bisagras para armarios Push Open a granel<\/h3>\n\n\n\n<ul class=\"wp-block-list\">\n<li><strong>Sin asas<\/strong>: Simple y f\u00e1cil de abrir. Las puertas se abren con un suave empuj\u00f3n, creando un estilo minimalista y contempor\u00e1neo con bisagras de apertura a presi\u00f3n y pestillo de apertura a presi\u00f3n.<\/li>\n\n\n\n<li><strong>Cierre suave y silencioso<\/strong>: se cierran y abren suavemente con un deslizamiento sobre la Bisagra de Cierre Suave, donde la convergencia se produce lentamente, encontr\u00e1ndose con menos golpes y reduciendo la mancha de ruido dentro del mueble.<\/li>\n\n\n\n<li><strong>Sistema hidr\u00e1ulico de alta eficiencia para una mayor estabilidad y resistencia<\/strong>: Bisagra Hidr\u00e1ulica - 810HF ofrece una experiencia de apertura y cierre suave, permitiendo un uso incesante y durabilidad en esta bisagra.<\/li>\n\n\n\n<li><strong>Suministro al por mayor y entrega r\u00e1pida<\/strong>: Disponible al por mayor directamente Empuje para abrir bisagras del gabinete de la compra a granel entrega oportuna.<\/li>\n\n\n\n<li><strong>Muy \u00fatil-Mejor calidad<\/strong>: Se puede utilizar en la cocina, ba\u00f1os, armarios y muchos m\u00e1s para aumentar la calidad general de la casa.<\/li>\n\n\n\n<li><strong>F\u00e1cil instalaci\u00f3n sin ajustes de herramientas<\/strong>: f\u00e1cil de instalar y los ajustes sin herramientas le ahorran tiempo y energ\u00eda.<\/li>\n<\/ul>\n<\/div>\n\n\n\n<div class=\"wp-block-column is-layout-flow wp-block-column-is-layout-flow\">\n<figure class=\"wp-block-image size-full\"><img decoding=\"async\" width=\"1200\" height=\"1200\" src=\"https:\/\/www.baoertaihardware.com\/wp-content\/uploads\/2024\/11\/Wholesale-Push-Open-Cabinet-Hinges-supplier-810HF-1.webp\" alt=\"Mayorista Bisagras para armarios Push Open-proveedor-810HF (1)\" class=\"wp-image-878\" srcset=\"https:\/\/www.baoertaihardware.com\/wp-content\/uploads\/2024\/11\/Wholesale-Push-Open-Cabinet-Hinges-supplier-810HF-1.webp 1200w, https:\/\/www.baoertaihardware.com\/wp-content\/uploads\/2024\/11\/Wholesale-Push-Open-Cabinet-Hinges-supplier-810HF-1-300x300.webp 300w, https:\/\/www.baoertaihardware.com\/wp-content\/uploads\/2024\/11\/Wholesale-Push-Open-Cabinet-Hinges-supplier-810HF-1-150x150.webp 150w, https:\/\/www.baoertaihardware.com\/wp-content\/uploads\/2024\/11\/Wholesale-Push-Open-Cabinet-Hinges-supplier-810HF-1-768x768.webp 768w, https:\/\/www.baoertaihardware.com\/wp-content\/uploads\/2024\/11\/Wholesale-Push-Open-Cabinet-Hinges-supplier-810HF-1-600x600.webp 600w, https:\/\/www.baoertaihardware.com\/wp-content\/uploads\/2024\/11\/Wholesale-Push-Open-Cabinet-Hinges-supplier-810HF-1-100x100.webp 100w\" sizes=\"(max-width: 1200px) 100vw, 1200px\" \/><\/figure>\n<\/div>\n<\/div>","protected":false},"excerpt":{"rendered":"<p>Las bisagras para armarios con apertura a presi\u00f3n a granel, los herrajes para puertas personalizables, el sistema de bisagras correderas de f\u00e1cil aplicaci\u00f3n y el moderno dise\u00f1o de apertura de puertas sin tirador realzan la belleza y practicidad de los muebles.<\/p>\n<h3>Especificaciones de las bisagras para armarios con apertura a presi\u00f3n a medida<\/h3>\n<ul>\n<li><strong>N\u00ba de modelo<\/strong>:810HF<\/li>\n<li><strong>Material<\/strong>: Hierro<\/li>\n<li><strong>Espesor de la puerta<\/strong>:18-26mm<\/li>\n<li><strong>Centros de orificios<\/strong>: 48mm<\/li>\n<li><strong>Peso<\/strong>:100g\/pcs<\/li>\n<li><strong>Acabado<\/strong>: Niquelado<\/li>\n<li><strong>Aplicaci\u00f3n<\/strong>oficina en casa, sal\u00f3n, dormitorio, hotel, villa, apartamento<\/li>\n<\/ul>\n<p><strong>Categor\u00eda<\/strong>:\u00a0<a href=\"https:\/\/www.baoertaihardware.com\/es\/categoria-producto\/cabinet-hinges-wholesale\/\">Bisagras de armario<\/a> <strong>Etiquetas<\/strong>bisagra deslizante, bisagra de cierre suave, bisagra hidr\u00e1ulica<\/p>","protected":false},"featured_media":880,"comment_status":"closed","ping_status":"closed","template":"","meta":{"_acf_changed":false},"product_brand":[],"product_cat":[21],"product_tag":[],"class_list":{"0":"post-875","1":"product","2":"type-product","3":"status-publish","4":"has-post-thumbnail","6":"product_cat-cabinet-hinges-wholesale","8":"first","9":"instock","10":"shipping-taxable","11":"product-type-simple"},"acf":[],"_links":{"self":[{"href":"https:\/\/www.baoertaihardware.com\/es\/wp-json\/wp\/v2\/product\/875","targetHints":{"allow":["GET"]}}],"collection":[{"href":"https:\/\/www.baoertaihardware.com\/es\/wp-json\/wp\/v2\/product"}],"about":[{"href":"https:\/\/www.baoertaihardware.com\/es\/wp-json\/wp\/v2\/types\/product"}],"replies":[{"embeddable":true,"href":"https:\/\/www.baoertaihardware.com\/es\/wp-json\/wp\/v2\/comments?post=875"}],"wp:featuredmedia":[{"embeddable":true,"href":"https:\/\/www.baoertaihardware.com\/es\/wp-json\/wp\/v2\/media\/880"}],"wp:attachment":[{"href":"https:\/\/www.baoertaihardware.com\/es\/wp-json\/wp\/v2\/media?parent=875"}],"wp:term":[{"taxonomy":"product_brand","embeddable":true,"href":"https:\/\/www.baoertaihardware.com\/es\/wp-json\/wp\/v2\/product_brand?post=875"},{"taxonomy":"product_cat","embeddable":true,"href":"https:\/\/www.baoertaihardware.com\/es\/wp-json\/wp\/v2\/product_cat?post=875"},{"taxonomy":"product_tag","embeddable":true,"href":"https:\/\/www.baoertaihardware.com\/es\/wp-json\/wp\/v2\/product_tag?post=875"}],"curies":[{"name":"wp","href":"https:\/\/api.w.org\/{rel}","templated":true}]}}