{"id":868,"date":"2024-11-27T18:47:15","date_gmt":"2024-11-27T18:47:15","guid":{"rendered":"https:\/\/www.baoertaihardware.com\/?post_type=product&#038;p=868"},"modified":"2024-11-27T18:47:16","modified_gmt":"2024-11-27T18:47:16","slug":"black-cabinet-hinges-wholesale","status":"publish","type":"product","link":"https:\/\/www.baoertaihardware.com\/es\/producto\/black-cabinet-hinges-wholesale\/","title":{"rendered":"Bisagras de Armario Negras a Granel , Push to Open Bisagras Hidr\u00e1ulicas - Ferreter\u00eda 810F"},"content":{"rendered":"<div class=\"wp-block-columns is-layout-flex wp-container-core-columns-is-layout-9d6595d7 wp-block-columns-is-layout-flex\">\n<div class=\"wp-block-column is-layout-flow wp-block-column-is-layout-flow\">\n<h3 class=\"wp-block-heading\">Caracter\u00edsticas de las bisagras de armario negras a granel<\/h3>\n\n\n\n<ul class=\"wp-block-list\">\n<li><strong>Aspecto negro pistola de alta gama, realza la textura de los muebles:<\/strong> Gracias a la avanzada tecnolog\u00eda de pulverizaci\u00f3n de metal, la superficie de las bisagras para armarios Gun Black es delicada y resistente al desgaste, por lo que es dif\u00edcil que se produzcan ara\u00f1azos.<\/li>\n\n\n\n<li><strong>Empujar para abrir, utilizar sin asa<\/strong>: Las bisagras para armarios Push to Open se fabricaron para abrirse con un peque\u00f1o toque, ya que las puertas de los armarios no tienen tirador, lo que a\u00f1ade la combinaci\u00f3n de sencillez y utilidad.<\/li>\n\n\n\n<li><strong>Tope hidr\u00e1ulico, cierre silencioso y suave<\/strong>: equipado con un sistema hidr\u00e1ulico que garantiza internamente un cierre lento y suave de la puerta del armario; el ruido de impacto se reduce al m\u00ednimo, asegurando as\u00ed una mayor protecci\u00f3n del armario y de sus bisagras al tiempo que se prolonga su vida \u00fatil.<\/li>\n\n\n\n<li><strong>Servicios de bisagras a medida<\/strong>: Servicios de personalizaci\u00f3n de bisagras para armarios: el color, el tama\u00f1o y la funci\u00f3n pueden diferir seg\u00fan las necesidades personalizando los muebles y aportando un valor a\u00f1adido a su proyecto.<\/li>\n\n\n\n<li><strong>Materiales de alta calidad, duraderos y fiables<\/strong>: Las bisagras hidr\u00e1ulicas para armarios soportan abusos devastadores gracias al dise\u00f1o del revestimiento resistente a la corrosi\u00f3n y tienen durabilidad para un uso regular de alta frecuencia en aplicaciones dom\u00e9sticas y comerciales.<\/li>\n\n\n\n<li><strong>Instalaci\u00f3n r\u00e1pida y manipulaci\u00f3n 3D<\/strong>La placa de montaje ajustable suministrada tambi\u00e9n admite el ajuste 3D hacia arriba y hacia abajo, hacia la izquierda y hacia la derecha, y hacia dentro y hacia fuera.<\/li>\n\n\n\n<li><strong>Suministro a granel rentable y preferente<\/strong>: Oferta de compra a granel de Bisagras para Armarios a todos los fabricantes de muebles, empresas de decoraci\u00f3n y mayoristas con un precio superior y un suministro estable.<\/li>\n<\/ul>\n<\/div>\n\n\n\n<div class=\"wp-block-column is-layout-flow wp-block-column-is-layout-flow\">\n<figure class=\"wp-block-image size-full\"><img decoding=\"async\" width=\"1200\" height=\"1200\" src=\"https:\/\/www.baoertaihardware.com\/wp-content\/uploads\/2024\/11\/Black-Cabinet-Hinges-Bulk-810F-Hardware-1.webp\" alt=\"Bisagras de armario negras a granel -810F Hardware (1)\" class=\"wp-image-869\" srcset=\"https:\/\/www.baoertaihardware.com\/wp-content\/uploads\/2024\/11\/Black-Cabinet-Hinges-Bulk-810F-Hardware-1.webp 1200w, https:\/\/www.baoertaihardware.com\/wp-content\/uploads\/2024\/11\/Black-Cabinet-Hinges-Bulk-810F-Hardware-1-300x300.webp 300w, https:\/\/www.baoertaihardware.com\/wp-content\/uploads\/2024\/11\/Black-Cabinet-Hinges-Bulk-810F-Hardware-1-150x150.webp 150w, https:\/\/www.baoertaihardware.com\/wp-content\/uploads\/2024\/11\/Black-Cabinet-Hinges-Bulk-810F-Hardware-1-768x768.webp 768w, https:\/\/www.baoertaihardware.com\/wp-content\/uploads\/2024\/11\/Black-Cabinet-Hinges-Bulk-810F-Hardware-1-600x600.webp 600w, https:\/\/www.baoertaihardware.com\/wp-content\/uploads\/2024\/11\/Black-Cabinet-Hinges-Bulk-810F-Hardware-1-100x100.webp 100w\" sizes=\"(max-width: 1200px) 100vw, 1200px\" \/><\/figure>\n<\/div>\n<\/div>","protected":false},"excerpt":{"rendered":"<p>Bisagras para armarios negras de alta calidad disponibles al por mayor, con funcionalidad de bisagras para armarios de empujar para abrir y que ofrecen opciones de bisagras para armarios personalizadas para satisfacer diversas necesidades de dise\u00f1o de muebles. Venga a pedir presupuesto sin compromiso.<\/p>\n<h3>Especificaciones de las bisagras negras a medida para armarios<\/h3>\n<ul>\n<li><strong>N\u00ba de modelo<\/strong>:810F<\/li>\n<li><strong>Material<\/strong>: Hierro<\/li>\n<li><strong>Espesor<\/strong>:15-18mm<\/li>\n<li><strong>Centros de orificios<\/strong>: 48mm<\/li>\n<li><strong>Grado de Apertura<\/strong>:165\u00b0<\/li>\n<li><strong>Peso<\/strong>:100g\/pcs<\/li>\n<li><strong>Acabado<\/strong>: Niquelado<\/li>\n<li><strong>Aplicaci\u00f3n<\/strong>oficina en casa, sal\u00f3n, dormitorio, hotel, villa, apartamento<\/li>\n<\/ul>\n<p><strong>Categor\u00eda<\/strong>:\u00a0<a href=\"https:\/\/www.baoertaihardware.com\/es\/categoria-producto\/cabinet-hinges-wholesale\/\">Bisagras de armario<\/a><\/p>\n<p><strong>Etiquetas<\/strong>bisagra deslizante, bisagra de cierre suave, bisagra hidr\u00e1ulica<\/p>","protected":false},"featured_media":874,"comment_status":"closed","ping_status":"closed","template":"","meta":{"_acf_changed":false},"product_brand":[],"product_cat":[21],"product_tag":[],"class_list":{"0":"post-868","1":"product","2":"type-product","3":"status-publish","4":"has-post-thumbnail","6":"product_cat-cabinet-hinges-wholesale","8":"first","9":"instock","10":"shipping-taxable","11":"product-type-simple"},"acf":[],"_links":{"self":[{"href":"https:\/\/www.baoertaihardware.com\/es\/wp-json\/wp\/v2\/product\/868","targetHints":{"allow":["GET"]}}],"collection":[{"href":"https:\/\/www.baoertaihardware.com\/es\/wp-json\/wp\/v2\/product"}],"about":[{"href":"https:\/\/www.baoertaihardware.com\/es\/wp-json\/wp\/v2\/types\/product"}],"replies":[{"embeddable":true,"href":"https:\/\/www.baoertaihardware.com\/es\/wp-json\/wp\/v2\/comments?post=868"}],"wp:featuredmedia":[{"embeddable":true,"href":"https:\/\/www.baoertaihardware.com\/es\/wp-json\/wp\/v2\/media\/874"}],"wp:attachment":[{"href":"https:\/\/www.baoertaihardware.com\/es\/wp-json\/wp\/v2\/media?parent=868"}],"wp:term":[{"taxonomy":"product_brand","embeddable":true,"href":"https:\/\/www.baoertaihardware.com\/es\/wp-json\/wp\/v2\/product_brand?post=868"},{"taxonomy":"product_cat","embeddable":true,"href":"https:\/\/www.baoertaihardware.com\/es\/wp-json\/wp\/v2\/product_cat?post=868"},{"taxonomy":"product_tag","embeddable":true,"href":"https:\/\/www.baoertaihardware.com\/es\/wp-json\/wp\/v2\/product_tag?post=868"}],"curies":[{"name":"wp","href":"https:\/\/api.w.org\/{rel}","templated":true}]}}