{"id":861,"date":"2024-11-27T17:05:05","date_gmt":"2024-11-27T17:05:05","guid":{"rendered":"https:\/\/www.baoertaihardware.com\/?post_type=product&#038;p=861"},"modified":"2024-11-27T17:05:06","modified_gmt":"2024-11-27T17:05:06","slug":"push-to-open-cabinet-hinges-bulk","status":"publish","type":"product","link":"https:\/\/www.baoertaihardware.com\/es\/producto\/push-to-open-cabinet-hinges-bulk\/","title":{"rendered":"Las mejores bisagras hidr\u00e1ulicas para armarios - 810F"},"content":{"rendered":"<div class=\"wp-block-columns is-layout-flex wp-container-core-columns-is-layout-9d6595d7 wp-block-columns-is-layout-flex\">\n<div class=\"wp-block-column is-layout-flow wp-block-column-is-layout-flow\">\n<h3 class=\"wp-block-heading\">Caracter\u00edsticas de las bisagras para armarios Bulk Push To Open<\/h3>\n\n\n\n<ul class=\"wp-block-list\">\n<li><strong>Un dise\u00f1o sin asas, moderno y sencillo<\/strong>: Las bisagras para armarios Push To Open est\u00e1n dise\u00f1adas para los hogares modernos. F\u00e1cil de abrir puertas de armarios sin tiradores, la realizaci\u00f3n de la combinaci\u00f3n perfecta de estilo y practicidad.<\/li>\n\n\n\n<li><strong>Una pulsaci\u00f3n<\/strong> apertura, reacci\u00f3n sensible: Las puertas pueden abrirse con un ligero toque y cerrarse de forma estable y fiable, asegurando la mayor comodidad en un d\u00eda.<\/li>\n\n\n\n<li><strong>Dise\u00f1os personalizados disponibles<\/strong>: Bisagras de armario personalizadas que pueden fabricarse a medida con diversas especificaciones, \u00e1ngulos de apertura y cierre, y acabados superficiales seg\u00fan los requisitos de los clientes para soportar una gama de uso de muebles.<\/li>\n\n\n\n<li><strong>Sistema hidr\u00e1ulico incorporado, cierre suave<\/strong>: Junto con la tecnolog\u00eda de amortiguaci\u00f3n hidr\u00e1ulica, la puerta de un armario debe abrirse y cerrarse con suavidad y acallar cualquier ruido que se produzca al cerrarse. En \u00faltima instancia, esto protege el propio armario y mejora la comodidad del usuario.<\/li>\n\n\n\n<li><strong>Funci\u00f3n de ajuste multi\u00e1ngulo<\/strong>: El sistema de ajuste tridimensional permite ajustar f\u00e1cilmente la posici\u00f3n de las puertas en funci\u00f3n de los distintos requisitos de instalaci\u00f3n, garantizando una alineaci\u00f3n perfecta con el armario y aumentando la facilidad de instalaci\u00f3n y servicio.<\/li>\n<\/ul>\n<\/div>\n\n\n\n<div class=\"wp-block-column is-layout-flow wp-block-column-is-layout-flow\">\n<figure class=\"wp-block-image size-full\"><img decoding=\"async\" width=\"1200\" height=\"1200\" src=\"https:\/\/www.baoertaihardware.com\/wp-content\/uploads\/2024\/11\/Push-To-Open-Cabinet-Hinges-manufacturers-1.webp\" alt=\"Fabricantes de bisagras para armarios Push To Open (1)\" class=\"wp-image-862\" srcset=\"https:\/\/www.baoertaihardware.com\/wp-content\/uploads\/2024\/11\/Push-To-Open-Cabinet-Hinges-manufacturers-1.webp 1200w, https:\/\/www.baoertaihardware.com\/wp-content\/uploads\/2024\/11\/Push-To-Open-Cabinet-Hinges-manufacturers-1-300x300.webp 300w, https:\/\/www.baoertaihardware.com\/wp-content\/uploads\/2024\/11\/Push-To-Open-Cabinet-Hinges-manufacturers-1-150x150.webp 150w, https:\/\/www.baoertaihardware.com\/wp-content\/uploads\/2024\/11\/Push-To-Open-Cabinet-Hinges-manufacturers-1-768x768.webp 768w, https:\/\/www.baoertaihardware.com\/wp-content\/uploads\/2024\/11\/Push-To-Open-Cabinet-Hinges-manufacturers-1-600x600.webp 600w, https:\/\/www.baoertaihardware.com\/wp-content\/uploads\/2024\/11\/Push-To-Open-Cabinet-Hinges-manufacturers-1-100x100.webp 100w\" sizes=\"(max-width: 1200px) 100vw, 1200px\" \/><\/figure>\n<\/div>\n<\/div>\n\n\n\n<p><\/p>","protected":false},"excerpt":{"rendered":"<p>Alta calidad de empuje para abrir las bisagras del gabinete, el apoyo a la compra a granel (bisagras del gabinete a granel), y proporcionar servicio personalizado bisagras del gabinete, para satisfacer el hogar moderno dise\u00f1o sin tiradores y diversificada. P\u00f3ngase en contacto con nosotros para una cotizaci\u00f3n hoy! necesidades.<\/p>\n<h3>Especificaciones de las bisagras para armarios Push To Open<\/h3>\n<ul>\n<li><strong>N\u00ba de modelo<\/strong>:810F<\/li>\n<li><strong>Material<\/strong>: Hierro<\/li>\n<li><strong>Espesor<\/strong>:15-18mm<\/li>\n<li><strong>Centros de orificios<\/strong>: 48mm<\/li>\n<li><strong>Grado de Apertura<\/strong>:165\u00b0<\/li>\n<li><strong>Peso<\/strong>:100g\/pcs<\/li>\n<li><strong>Acabado<\/strong>: Niquelado<\/li>\n<li><strong>Aplicaci\u00f3n<\/strong>oficina en casa, sal\u00f3n, dormitorio, hotel, villa, apartamento<\/li>\n<\/ul>\n<p><strong>Categor\u00eda<\/strong>:\u00a0<a href=\"https:\/\/www.baoertaihardware.com\/es\/categoria-producto\/cabinet-hinges-wholesale\/\">Bisagras de armario<\/a><\/p>\n<p><strong>Etiquetas<\/strong>bisagra deslizante, bisagra de cierre suave, bisagra hidr\u00e1ulica<\/p>","protected":false},"featured_media":863,"comment_status":"closed","ping_status":"closed","template":"","meta":{"_acf_changed":false},"product_brand":[],"product_cat":[21],"product_tag":[],"class_list":{"0":"post-861","1":"product","2":"type-product","3":"status-publish","4":"has-post-thumbnail","6":"product_cat-cabinet-hinges-wholesale","8":"first","9":"instock","10":"shipping-taxable","11":"product-type-simple"},"acf":[],"_links":{"self":[{"href":"https:\/\/www.baoertaihardware.com\/es\/wp-json\/wp\/v2\/product\/861","targetHints":{"allow":["GET"]}}],"collection":[{"href":"https:\/\/www.baoertaihardware.com\/es\/wp-json\/wp\/v2\/product"}],"about":[{"href":"https:\/\/www.baoertaihardware.com\/es\/wp-json\/wp\/v2\/types\/product"}],"replies":[{"embeddable":true,"href":"https:\/\/www.baoertaihardware.com\/es\/wp-json\/wp\/v2\/comments?post=861"}],"wp:featuredmedia":[{"embeddable":true,"href":"https:\/\/www.baoertaihardware.com\/es\/wp-json\/wp\/v2\/media\/863"}],"wp:attachment":[{"href":"https:\/\/www.baoertaihardware.com\/es\/wp-json\/wp\/v2\/media?parent=861"}],"wp:term":[{"taxonomy":"product_brand","embeddable":true,"href":"https:\/\/www.baoertaihardware.com\/es\/wp-json\/wp\/v2\/product_brand?post=861"},{"taxonomy":"product_cat","embeddable":true,"href":"https:\/\/www.baoertaihardware.com\/es\/wp-json\/wp\/v2\/product_cat?post=861"},{"taxonomy":"product_tag","embeddable":true,"href":"https:\/\/www.baoertaihardware.com\/es\/wp-json\/wp\/v2\/product_tag?post=861"}],"curies":[{"name":"wp","href":"https:\/\/api.w.org\/{rel}","templated":true}]}}