{"id":854,"date":"2024-11-27T10:45:31","date_gmt":"2024-11-27T10:45:31","guid":{"rendered":"https:\/\/www.baoertaihardware.com\/?post_type=product&#038;p=854"},"modified":"2024-11-27T17:05:29","modified_gmt":"2024-11-27T17:05:29","slug":"hydraulic-cabinet-hinges-factory","status":"publish","type":"product","link":"https:\/\/www.baoertaihardware.com\/es\/producto\/hydraulic-cabinet-hinges-factory\/","title":{"rendered":"Bisagras hidr\u00e1ulicas a granel con cierre suave para armarios de cocina - 810A"},"content":{"rendered":"<div class=\"wp-block-columns is-layout-flex wp-container-core-columns-is-layout-9d6595d7 wp-block-columns-is-layout-flex\">\n<div class=\"wp-block-column is-layout-flow wp-block-column-is-layout-flow\">\n<h3 class=\"wp-block-heading\">Caracter\u00edsticas y ventajas de las bisagras hidr\u00e1ulicas para armarios a granel<\/h3>\n\n\n\n<ul class=\"wp-block-list\">\n<li><strong>Control hidr\u00e1ulico muy preciso<\/strong>l: Garantiza la apertura y cierre suaves de las puertas mediante un sistema hidr\u00e1ulico de alta calidad, evitando cualquier ruido o impacto, para una experiencia m\u00e1s silenciosa en la cocina y el hogar.<\/li>\n<\/ul>\n\n\n\n<p><\/p>\n\n\n\n<ul class=\"wp-block-list\">\n<li><strong>Cierre suave<\/strong>: Las bisagras de cierre suave para armarios de cocina, dise\u00f1adas \u00fanicamente para las cocinas modernas, permiten que las puertas cerradas se ralenticen, salvaguardando el armario y prolongando su vida \u00fatil, al tiempo que a\u00f1aden la sensaci\u00f3n de un uso de alta gama.<\/li>\n<\/ul>\n\n\n\n<p><\/p>\n\n\n\n<ul class=\"wp-block-list\">\n<li><strong>Soporte de dise\u00f1o personalizado<\/strong>: Las bisagras para armarios a medida para aplicaciones espec\u00edficas de armarios de diferentes tama\u00f1os, materiales y acabados fueron creadas por el servicio Custom Cabinet Hinges.<\/li>\n<\/ul>\n\n\n\n<p><\/p>\n\n\n\n<ul class=\"wp-block-list\">\n<li><strong>Durabilidad superior<\/strong>: Fabricadas en acero laminado en fr\u00edo de alta calidad y recubiertas para resistir la corrosi\u00f3n, las bisagras hidr\u00e1ulicas para armarios son duraderas y adecuadas para la apertura y cierre frecuentes de puertas de armarios de cocina y ba\u00f1o.<\/li>\n<\/ul>\n\n\n\n<p><\/p>\n\n\n\n<ul class=\"wp-block-list\">\n<li><strong>Ajuste multi\u00e1ngulo<\/strong>: El ajuste integrado 3D permite ajustar sin esfuerzo el \u00e1ngulo de apertura y cierre de la puerta con respecto al armario para facilitar la instalaci\u00f3n y el mantenimiento.<\/li>\n<\/ul>\n\n\n\n<p><\/p>\n\n\n\n<ul class=\"wp-block-list\">\n<li><strong>Uso polivalente<\/strong>: Este producto se ha aplicado a muchas cocinas, ba\u00f1os, armarios y otros armarios dom\u00e9sticos para mejorar la calidad de los muebles.<\/li>\n<\/ul>\n<\/div>\n\n\n\n<div class=\"wp-block-column is-layout-flow wp-block-column-is-layout-flow\">\n<figure class=\"wp-block-image size-full\"><img decoding=\"async\" width=\"1200\" height=\"1200\" src=\"https:\/\/www.baoertaihardware.com\/wp-content\/uploads\/2024\/11\/Bulk-Hydraulic-Cabinet-Hinges-Manufacturer-810A-1.webp\" alt=\"Fabricante de bisagras hidr\u00e1ulicas para armarios a granel - 810A (1)\" class=\"wp-image-855\" srcset=\"https:\/\/www.baoertaihardware.com\/wp-content\/uploads\/2024\/11\/Bulk-Hydraulic-Cabinet-Hinges-Manufacturer-810A-1.webp 1200w, https:\/\/www.baoertaihardware.com\/wp-content\/uploads\/2024\/11\/Bulk-Hydraulic-Cabinet-Hinges-Manufacturer-810A-1-300x300.webp 300w, https:\/\/www.baoertaihardware.com\/wp-content\/uploads\/2024\/11\/Bulk-Hydraulic-Cabinet-Hinges-Manufacturer-810A-1-150x150.webp 150w, https:\/\/www.baoertaihardware.com\/wp-content\/uploads\/2024\/11\/Bulk-Hydraulic-Cabinet-Hinges-Manufacturer-810A-1-768x768.webp 768w, https:\/\/www.baoertaihardware.com\/wp-content\/uploads\/2024\/11\/Bulk-Hydraulic-Cabinet-Hinges-Manufacturer-810A-1-600x600.webp 600w, https:\/\/www.baoertaihardware.com\/wp-content\/uploads\/2024\/11\/Bulk-Hydraulic-Cabinet-Hinges-Manufacturer-810A-1-100x100.webp 100w\" sizes=\"(max-width: 1200px) 100vw, 1200px\" \/><\/figure>\n<\/div>\n<\/div>\n\n\n\n<p><\/p>","protected":false},"excerpt":{"rendered":"<p>Las bisagras hidr\u00e1ulicas para armarios de alta calidad con funciones de cierre suave incorporadas permiten una instalaci\u00f3n r\u00e1pida para aplicaciones de tapa completa, media tapa y empotradas, ideales para bisagras de armarios a medida, con personalizaci\u00f3n disponible para satisfacer una amplia gama de necesidades.<\/p>\n<h3>Especificaciones de las bisagras hidr\u00e1ulicas a medida para armarios<\/h3>\n<ul>\n<li><strong>N\u00ba de modelo<\/strong>:810A<\/li>\n<li><strong>Material<\/strong>: Hierro<\/li>\n<li><strong>Espesor<\/strong>:15-18mm<\/li>\n<li><strong>Centros de orificios<\/strong>: 48mm\/52mm<\/li>\n<li><strong>Grado de Apertura<\/strong>:165\u00b0<\/li>\n<li><strong>Peso<\/strong>:66\/74\/84g\/unidad<\/li>\n<li><strong>Acabado<\/strong>: Niquelado<\/li>\n<li><strong>Aplicaci\u00f3n<\/strong>oficina en casa, sal\u00f3n, dormitorio, hotel, villa, apartamento<\/li>\n<\/ul>\n<p><strong>Categor\u00eda<\/strong>:\u00a0<a href=\"https:\/\/www.baoertaihardware.com\/es\/categoria-producto\/cabinet-hinges-wholesale\/\">Bisagras de armario<\/a> <strong>Etiquetas<\/strong>bisagra deslizante, bisagra de cierre suave<\/p>","protected":false},"featured_media":857,"comment_status":"closed","ping_status":"closed","template":"","meta":{"_acf_changed":false},"product_brand":[],"product_cat":[21],"product_tag":[],"class_list":{"0":"post-854","1":"product","2":"type-product","3":"status-publish","4":"has-post-thumbnail","6":"product_cat-cabinet-hinges-wholesale","8":"first","9":"instock","10":"shipping-taxable","11":"product-type-simple"},"acf":[],"_links":{"self":[{"href":"https:\/\/www.baoertaihardware.com\/es\/wp-json\/wp\/v2\/product\/854","targetHints":{"allow":["GET"]}}],"collection":[{"href":"https:\/\/www.baoertaihardware.com\/es\/wp-json\/wp\/v2\/product"}],"about":[{"href":"https:\/\/www.baoertaihardware.com\/es\/wp-json\/wp\/v2\/types\/product"}],"replies":[{"embeddable":true,"href":"https:\/\/www.baoertaihardware.com\/es\/wp-json\/wp\/v2\/comments?post=854"}],"wp:featuredmedia":[{"embeddable":true,"href":"https:\/\/www.baoertaihardware.com\/es\/wp-json\/wp\/v2\/media\/857"}],"wp:attachment":[{"href":"https:\/\/www.baoertaihardware.com\/es\/wp-json\/wp\/v2\/media?parent=854"}],"wp:term":[{"taxonomy":"product_brand","embeddable":true,"href":"https:\/\/www.baoertaihardware.com\/es\/wp-json\/wp\/v2\/product_brand?post=854"},{"taxonomy":"product_cat","embeddable":true,"href":"https:\/\/www.baoertaihardware.com\/es\/wp-json\/wp\/v2\/product_cat?post=854"},{"taxonomy":"product_tag","embeddable":true,"href":"https:\/\/www.baoertaihardware.com\/es\/wp-json\/wp\/v2\/product_tag?post=854"}],"curies":[{"name":"wp","href":"https:\/\/api.w.org\/{rel}","templated":true}]}}