{"id":821,"date":"2024-11-18T04:11:48","date_gmt":"2024-11-18T04:11:48","guid":{"rendered":"https:\/\/www.baoertaihardware.com\/?post_type=product&#038;p=821"},"modified":"2024-11-18T04:11:49","modified_gmt":"2024-11-18T04:11:49","slug":"custom-push-to-open-hinge","status":"publish","type":"product","link":"https:\/\/www.baoertaihardware.com\/es\/producto\/custom-push-to-open-hinge\/","title":{"rendered":"Baoertai Empuje para abrir la bisagra ajustable del gabinete de cocina Bisagra Proveedor-261F"},"content":{"rendered":"<p><\/p>\n\n\n\n<div class=\"wp-block-columns is-layout-flex wp-container-core-columns-is-layout-9d6595d7 wp-block-columns-is-layout-flex\">\n<div class=\"wp-block-column is-layout-flow wp-block-column-is-layout-flow\">\n<h3 class=\"wp-block-heading\">Caracter\u00edsticas y ventajas de la bisagra deslizante de empuje para abrir<\/h3>\n\n\n\n<p><strong>Bisagra Push to Open<\/strong>: Proporciona un dise\u00f1o sin tirador, la puerta del armario se puede abrir con un simple empuj\u00f3n, adecuado para muebles modernos y minimalistas, mejorando la experiencia de uso y la est\u00e9tica.<\/p>\n\n\n\n<p><strong>Hebilla de liberaci\u00f3n ajustable<\/strong>: Un mecanismo ajustable incorporado garantiza la suavidad cada vez que se empuja la puerta para abrirla, adapt\u00e1ndose a las diferentes necesidades de dise\u00f1o de los muebles.<\/p>\n\n\n\n<p><strong>Instalaci\u00f3n deslizante<\/strong>: El dise\u00f1o Slide-On simplifica el proceso de instalaci\u00f3n y permite una instalaci\u00f3n r\u00e1pida y sin herramientas para mejorar la eficiencia.<\/p>\n\n\n\n<p><strong>Aspecto moderno<\/strong>: Adecuado para armarios personalizados y todo tipo de hogares modernos, garantiza un aspecto sencillo y bonito sin tiradores.<\/p>\n\n\n\n<p><strong>Duradero<\/strong>: Los materiales de alta calidad y el dise\u00f1o garantizan la estabilidad a largo plazo de la bisagra, adecuada para una amplia gama de muebles y entornos de uso de alta frecuencia.<\/p>\n<\/div>\n\n\n\n<div class=\"wp-block-column is-layout-flow wp-block-column-is-layout-flow\">\n<figure class=\"wp-block-image size-full\"><img decoding=\"async\" width=\"1200\" height=\"1200\" src=\"https:\/\/www.baoertaihardware.com\/wp-content\/uploads\/2024\/11\/Custom-Push-to-Open-Hinge-1.webp\" alt=\"Bisagra Push to Open personalizada (1)\" class=\"wp-image-822\" srcset=\"https:\/\/www.baoertaihardware.com\/wp-content\/uploads\/2024\/11\/Custom-Push-to-Open-Hinge-1.webp 1200w, https:\/\/www.baoertaihardware.com\/wp-content\/uploads\/2024\/11\/Custom-Push-to-Open-Hinge-1-300x300.webp 300w, https:\/\/www.baoertaihardware.com\/wp-content\/uploads\/2024\/11\/Custom-Push-to-Open-Hinge-1-150x150.webp 150w, https:\/\/www.baoertaihardware.com\/wp-content\/uploads\/2024\/11\/Custom-Push-to-Open-Hinge-1-768x768.webp 768w, https:\/\/www.baoertaihardware.com\/wp-content\/uploads\/2024\/11\/Custom-Push-to-Open-Hinge-1-600x600.webp 600w, https:\/\/www.baoertaihardware.com\/wp-content\/uploads\/2024\/11\/Custom-Push-to-Open-Hinge-1-100x100.webp 100w\" sizes=\"(max-width: 1200px) 100vw, 1200px\" \/><\/figure>\n<\/div>\n<\/div>\n\n\n\n<p><\/p>","protected":false},"excerpt":{"rendered":"<p>La bisagra deslizante de empuje para abrir est\u00e1 dise\u00f1ada para mejorar la funcionalidad de los armarios modernos, permitiendo un manejo f\u00e1cil y sin manos. La bisagra incluye un pestillo de desbloqueo ajustable que permite una apertura suave con un ligero empuj\u00f3n. Ideal para dise\u00f1os minimalistas, esta bisagra garantiza un aspecto limpio y sin tiradores. Perfecta para armarios personalizados y espacios en los que la facilidad de uso y la est\u00e9tica son igual de importantes.<\/p>\n<h3>Especificaciones de la bisagra Push to Open<\/h3>\n<ul>\n<li><strong>N\u00ba de modelo<\/strong>:261F<\/li>\n<li><strong>Material<\/strong>: Hierro<\/li>\n<li><strong>Espesor<\/strong>:15-18mm<\/li>\n<li><strong>Centros de orificios<\/strong>: 48mm\/52mm<\/li>\n<li><strong>Grado de Apertura<\/strong>:165\u00b0<\/li>\n<li><strong>Peso<\/strong>72 g\/unidad<\/li>\n<li><strong>Acabado<\/strong>: Niquelado<\/li>\n<li><strong>Aplicaci\u00f3n<\/strong>oficina en casa, sal\u00f3n, dormitorio, hotel, villa, apartamento<\/li>\n<\/ul>\n<p><strong>Categor\u00eda<\/strong>: <a href=\"https:\/\/www.baoertaihardware.com\/es\/categoria-producto\/cabinet-hinges-wholesale\/\">Bisagras de armario<\/a><\/p>\n<p><strong>Etiquetas<\/strong>bisagra deslizante, bisagra de cierre suave<\/p>","protected":false},"featured_media":826,"comment_status":"closed","ping_status":"closed","template":"","meta":{"_acf_changed":false},"product_brand":[],"product_cat":[21],"product_tag":[],"class_list":{"0":"post-821","1":"product","2":"type-product","3":"status-publish","4":"has-post-thumbnail","6":"product_cat-cabinet-hinges-wholesale","8":"first","9":"instock","10":"shipping-taxable","11":"product-type-simple"},"acf":[],"_links":{"self":[{"href":"https:\/\/www.baoertaihardware.com\/es\/wp-json\/wp\/v2\/product\/821","targetHints":{"allow":["GET"]}}],"collection":[{"href":"https:\/\/www.baoertaihardware.com\/es\/wp-json\/wp\/v2\/product"}],"about":[{"href":"https:\/\/www.baoertaihardware.com\/es\/wp-json\/wp\/v2\/types\/product"}],"replies":[{"embeddable":true,"href":"https:\/\/www.baoertaihardware.com\/es\/wp-json\/wp\/v2\/comments?post=821"}],"wp:featuredmedia":[{"embeddable":true,"href":"https:\/\/www.baoertaihardware.com\/es\/wp-json\/wp\/v2\/media\/826"}],"wp:attachment":[{"href":"https:\/\/www.baoertaihardware.com\/es\/wp-json\/wp\/v2\/media?parent=821"}],"wp:term":[{"taxonomy":"product_brand","embeddable":true,"href":"https:\/\/www.baoertaihardware.com\/es\/wp-json\/wp\/v2\/product_brand?post=821"},{"taxonomy":"product_cat","embeddable":true,"href":"https:\/\/www.baoertaihardware.com\/es\/wp-json\/wp\/v2\/product_cat?post=821"},{"taxonomy":"product_tag","embeddable":true,"href":"https:\/\/www.baoertaihardware.com\/es\/wp-json\/wp\/v2\/product_tag?post=821"}],"curies":[{"name":"wp","href":"https:\/\/api.w.org\/{rel}","templated":true}]}}