{"id":806,"date":"2024-11-18T02:07:43","date_gmt":"2024-11-18T02:07:43","guid":{"rendered":"https:\/\/www.baoertaihardware.com\/?post_type=product&#038;p=806"},"modified":"2024-11-18T02:07:44","modified_gmt":"2024-11-18T02:07:44","slug":"wholesale-hydraulic-hinges","status":"publish","type":"product","link":"https:\/\/www.baoertaihardware.com\/es\/producto\/wholesale-hydraulic-hinges\/","title":{"rendered":"Bisagras hidr\u00e1ulicas deslizantes 165\u00b0 Mayorista Bisagras ocultas de cocina"},"content":{"rendered":"<div class=\"wp-block-columns is-layout-flex wp-container-core-columns-is-layout-9d6595d7 wp-block-columns-is-layout-flex\">\n<div class=\"wp-block-column is-layout-flow wp-block-column-is-layout-flow\">\n<h3 class=\"wp-block-heading\">Caracter\u00edsticas y ventajas de las bisagras hidr\u00e1ulicas deslizantes<\/h3>\n\n\n\n<p><strong>\u00c1ngulo de apertura extra ancho de 165<\/strong>: Permite que las puertas se abran y proporcionen un mayor acceso interior en su totalidad.<\/p>\n\n\n\n<p><br><strong>Amortiguaci\u00f3n hidr\u00e1ulica<\/strong>: El sistema de amortiguaci\u00f3n hidr\u00e1ulica incorporado mantiene la puerta cerrada de forma suave y silenciosa, sin ruidos ni da\u00f1os.<\/p>\n\n\n\n<p><br><strong>Instalaci\u00f3n deslizante<\/strong>: Este dise\u00f1o permite una instalaci\u00f3n r\u00e1pida y sencilla y es adecuado para la producci\u00f3n en serie o la sustituci\u00f3n.<\/p>\n\n\n\n<p><br><strong>Dise\u00f1o oculto<\/strong>: Est\u00e1 oculto en el interior del armario; sencillo, moderno y realmente realza el aspecto general.<\/p>\n\n\n\n<p><br><strong>Materia prima de alta calidad<\/strong>: duradero, anticorrosivo, para cocinas y otros entornos de uso intensivo.<\/p>\n<\/div>\n\n\n\n<div class=\"wp-block-column is-layout-flow wp-block-column-is-layout-flow\">\n<figure class=\"wp-block-image size-full\"><img decoding=\"async\" width=\"1200\" height=\"1200\" src=\"https:\/\/www.baoertaihardware.com\/wp-content\/uploads\/2024\/11\/Slide-On-Hydraulic-Hinges-Wholesaler-2.webp\" alt=\"Mayorista de bisagras hidr\u00e1ulicas deslizantes (2)\" class=\"wp-image-813\" srcset=\"https:\/\/www.baoertaihardware.com\/wp-content\/uploads\/2024\/11\/Slide-On-Hydraulic-Hinges-Wholesaler-2.webp 1200w, https:\/\/www.baoertaihardware.com\/wp-content\/uploads\/2024\/11\/Slide-On-Hydraulic-Hinges-Wholesaler-2-300x300.webp 300w, https:\/\/www.baoertaihardware.com\/wp-content\/uploads\/2024\/11\/Slide-On-Hydraulic-Hinges-Wholesaler-2-150x150.webp 150w, https:\/\/www.baoertaihardware.com\/wp-content\/uploads\/2024\/11\/Slide-On-Hydraulic-Hinges-Wholesaler-2-768x768.webp 768w, https:\/\/www.baoertaihardware.com\/wp-content\/uploads\/2024\/11\/Slide-On-Hydraulic-Hinges-Wholesaler-2-600x600.webp 600w, https:\/\/www.baoertaihardware.com\/wp-content\/uploads\/2024\/11\/Slide-On-Hydraulic-Hinges-Wholesaler-2-100x100.webp 100w\" sizes=\"(max-width: 1200px) 100vw, 1200px\" \/><\/figure>\n<\/div>\n<\/div>\n\n\n\n<p><\/p>","protected":false},"excerpt":{"rendered":"<p>Nuestras bisagras hidr\u00e1ulicas deslizantes a medida se pueden utilizar en puertas interiores de muebles con frente de caj\u00f3n, armarios esquineros giratorios y todas las dem\u00e1s construcciones de muebles que requieran grandes aperturas de puerta. Si no est\u00e1 seguro de qu\u00e9 bisagras utilizar, p\u00f3ngase en contacto con nosotros.<\/p>\n<h3>Especificaciones de las bisagras hidr\u00e1ulicas deslizantes<\/h3>\n<ul>\n<li><strong>N\u00ba de modelo<\/strong>:165B<\/li>\n<li><strong>Material<\/strong>: Hierro<\/li>\n<li><strong>Espesor<\/strong>:15-18mm<\/li>\n<li><strong>Di\u00e1metro de la copa<\/strong>: 35mm<\/li>\n<li><strong>Centros de orificios<\/strong>: 48mm<\/li>\n<li><strong>Grado de Apertura<\/strong>:165\u00b0<\/li>\n<li><strong>Acabado de la bisagra<\/strong>: Niquelado<\/li>\n<li><strong>Peso<\/strong>164 g\/unidad<\/li>\n<li><strong>Aplicaci\u00f3n<\/strong>oficina en casa, sal\u00f3n, dormitorio, hotel, villa, apartamento<\/li>\n<\/ul>\n<p><strong>Categor\u00eda<\/strong>: <a href=\"https:\/\/www.baoertaihardware.com\/es\/categoria-producto\/cabinet-hinges-wholesale\/\">Bisagras de armario<\/a><\/p>\n<p><strong>Etiquetas<\/strong>bisagra deslizante, bisagra angular especial<\/p>","protected":false},"featured_media":812,"comment_status":"closed","ping_status":"closed","template":"","meta":{"_acf_changed":false},"product_brand":[],"product_cat":[21],"product_tag":[],"class_list":{"0":"post-806","1":"product","2":"type-product","3":"status-publish","4":"has-post-thumbnail","6":"product_cat-cabinet-hinges-wholesale","8":"first","9":"instock","10":"shipping-taxable","11":"product-type-simple"},"acf":[],"_links":{"self":[{"href":"https:\/\/www.baoertaihardware.com\/es\/wp-json\/wp\/v2\/product\/806","targetHints":{"allow":["GET"]}}],"collection":[{"href":"https:\/\/www.baoertaihardware.com\/es\/wp-json\/wp\/v2\/product"}],"about":[{"href":"https:\/\/www.baoertaihardware.com\/es\/wp-json\/wp\/v2\/types\/product"}],"replies":[{"embeddable":true,"href":"https:\/\/www.baoertaihardware.com\/es\/wp-json\/wp\/v2\/comments?post=806"}],"wp:featuredmedia":[{"embeddable":true,"href":"https:\/\/www.baoertaihardware.com\/es\/wp-json\/wp\/v2\/media\/812"}],"wp:attachment":[{"href":"https:\/\/www.baoertaihardware.com\/es\/wp-json\/wp\/v2\/media?parent=806"}],"wp:term":[{"taxonomy":"product_brand","embeddable":true,"href":"https:\/\/www.baoertaihardware.com\/es\/wp-json\/wp\/v2\/product_brand?post=806"},{"taxonomy":"product_cat","embeddable":true,"href":"https:\/\/www.baoertaihardware.com\/es\/wp-json\/wp\/v2\/product_cat?post=806"},{"taxonomy":"product_tag","embeddable":true,"href":"https:\/\/www.baoertaihardware.com\/es\/wp-json\/wp\/v2\/product_tag?post=806"}],"curies":[{"name":"wp","href":"https:\/\/api.w.org\/{rel}","templated":true}]}}