{"id":799,"date":"2024-11-16T10:10:16","date_gmt":"2024-11-16T10:10:16","guid":{"rendered":"https:\/\/www.baoertaihardware.com\/?post_type=product&#038;p=799"},"modified":"2024-11-18T03:20:54","modified_gmt":"2024-11-18T03:20:54","slug":"cabinet-165-slide-on-hinge","status":"publish","type":"product","link":"https:\/\/www.baoertaihardware.com\/es\/producto\/cabinet-165-slide-on-hinge\/","title":{"rendered":"Proveedor de bisagras deslizantes de 165\u00b0 para armarios Bisagra de cierre suave unidireccional"},"content":{"rendered":"<div class=\"wp-block-columns is-layout-flex wp-container-core-columns-is-layout-9d6595d7 wp-block-columns-is-layout-flex\">\n<div class=\"wp-block-column is-layout-flow wp-block-column-is-layout-flow\">\n<h3 class=\"wp-block-heading\">Caracter\u00edsticas y ventajas de la bisagra deslizante de 165<\/h3>\n\n\n\n<p><\/p>\n\n\n\n<p><strong>\u00c1ngulo de apertura de 165<\/strong>: Proporciona un mayor \u00e1ngulo de apertura de la puerta del armario, que es conveniente para maximizar el uso del espacio dentro del armario.<\/p>\n\n\n\n<p><strong>Dise\u00f1o de cobertura total<\/strong>Las puertas cubren por completo el marco del armario para conseguir un aspecto limpio y uniforme.<\/p>\n\n\n\n<p><strong>Instalaci\u00f3n deslizante<\/strong>Instalaci\u00f3n f\u00e1cil y r\u00e1pida, lo que reduce el tiempo de funcionamiento.<\/p>\n\n\n\n<p><strong>Duradero y fiable<\/strong>: Armarios modernos, adecuados para uso residencial y comercial.<\/p>\n\n\n\n<p><strong>Instalaci\u00f3n<\/strong>: Carga deslizante, f\u00e1cil de manejar.<\/p>\n\n\n\n<p><strong>Estabilidad estructural<\/strong>firme despu\u00e9s de la instalaci\u00f3n, adecuado para el uso diario de las puertas de los armarios.<\/p>\n\n\n\n<p><strong>\u00c1mbito de aplicaci\u00f3n<\/strong>Armarios de hogar, armarios, muebles de oficina, etc.<\/p>\n<\/div>\n\n\n\n<div class=\"wp-block-column is-layout-flow wp-block-column-is-layout-flow\">\n<figure class=\"wp-block-image size-full\"><img decoding=\"async\" width=\"1200\" height=\"1200\" src=\"https:\/\/www.baoertaihardware.com\/wp-content\/uploads\/2024\/11\/Cabinet-165\u00b0-Slide-On-Hinge-Supplier-1.webp\" alt=\"Proveedor de bisagras deslizantes de 165\u00b0 (1)\" class=\"wp-image-802\" srcset=\"https:\/\/www.baoertaihardware.com\/wp-content\/uploads\/2024\/11\/Cabinet-165\u00b0-Slide-On-Hinge-Supplier-1.webp 1200w, https:\/\/www.baoertaihardware.com\/wp-content\/uploads\/2024\/11\/Cabinet-165\u00b0-Slide-On-Hinge-Supplier-1-300x300.webp 300w, https:\/\/www.baoertaihardware.com\/wp-content\/uploads\/2024\/11\/Cabinet-165\u00b0-Slide-On-Hinge-Supplier-1-150x150.webp 150w, https:\/\/www.baoertaihardware.com\/wp-content\/uploads\/2024\/11\/Cabinet-165\u00b0-Slide-On-Hinge-Supplier-1-768x768.webp 768w, https:\/\/www.baoertaihardware.com\/wp-content\/uploads\/2024\/11\/Cabinet-165\u00b0-Slide-On-Hinge-Supplier-1-600x600.webp 600w, https:\/\/www.baoertaihardware.com\/wp-content\/uploads\/2024\/11\/Cabinet-165\u00b0-Slide-On-Hinge-Supplier-1-100x100.webp 100w\" sizes=\"(max-width: 1200px) 100vw, 1200px\" \/><\/figure>\n<\/div>\n<\/div>\n\n\n\n<p><\/p>","protected":false},"excerpt":{"rendered":"<p>La bisagra deslizante personalizada de 165\u00b0 ofrece una amplia apertura de 165\u00b0 para facilitar el acceso al armario. Su dise\u00f1o totalmente superpuesto proporciona un aspecto sin costuras, y la instalaci\u00f3n deslizante facilita el montaje. Ideal para armarios a medida, esta bisagra combina durabilidad, facilidad de uso y un mayor \u00e1ngulo de apertura para mejorar la funcionalidad.<\/p>\n<h3>Especificaciones de la bisagra deslizante de 165<\/h3>\n<ul>\n<li><strong>N\u00ba de modelo<\/strong>:165A<\/li>\n<li><strong>Material<\/strong>: Hierro<\/li>\n<li><strong>Espesor<\/strong>:15-18mm<\/li>\n<li><strong>Di\u00e1metro de la copa<\/strong>: 35mm<\/li>\n<li><strong>Centros de orificios<\/strong>: 48mm<\/li>\n<li><strong>Grado de Apertura<\/strong>:165\u00b0<\/li>\n<li><strong>Peso<\/strong>135 g\/unidad<\/li>\n<li><strong>Acabado<\/strong>: Niquelado<\/li>\n<li><strong>Aplicaci\u00f3n<\/strong>oficina en casa, sal\u00f3n, dormitorio, hotel, villa, apartamento<\/li>\n<\/ul>\n<p><strong>Categor\u00eda<\/strong>: <a href=\"https:\/\/www.baoertaihardware.com\/es\/categoria-producto\/cabinet-hinges-wholesale\/\">Bisagras de armario<\/a><\/p>\n<p><strong>Etiquetas<\/strong>: bisagra deslizante, bisagra de cierre suave\uff0c bisagra de \u00e1ngulo especial.<\/p>","protected":false},"featured_media":804,"comment_status":"closed","ping_status":"closed","template":"","meta":{"_acf_changed":false},"product_brand":[],"product_cat":[21],"product_tag":[],"class_list":{"0":"post-799","1":"product","2":"type-product","3":"status-publish","4":"has-post-thumbnail","6":"product_cat-cabinet-hinges-wholesale","8":"first","9":"instock","10":"shipping-taxable","11":"product-type-simple"},"acf":[],"_links":{"self":[{"href":"https:\/\/www.baoertaihardware.com\/es\/wp-json\/wp\/v2\/product\/799","targetHints":{"allow":["GET"]}}],"collection":[{"href":"https:\/\/www.baoertaihardware.com\/es\/wp-json\/wp\/v2\/product"}],"about":[{"href":"https:\/\/www.baoertaihardware.com\/es\/wp-json\/wp\/v2\/types\/product"}],"replies":[{"embeddable":true,"href":"https:\/\/www.baoertaihardware.com\/es\/wp-json\/wp\/v2\/comments?post=799"}],"wp:featuredmedia":[{"embeddable":true,"href":"https:\/\/www.baoertaihardware.com\/es\/wp-json\/wp\/v2\/media\/804"}],"wp:attachment":[{"href":"https:\/\/www.baoertaihardware.com\/es\/wp-json\/wp\/v2\/media?parent=799"}],"wp:term":[{"taxonomy":"product_brand","embeddable":true,"href":"https:\/\/www.baoertaihardware.com\/es\/wp-json\/wp\/v2\/product_brand?post=799"},{"taxonomy":"product_cat","embeddable":true,"href":"https:\/\/www.baoertaihardware.com\/es\/wp-json\/wp\/v2\/product_cat?post=799"},{"taxonomy":"product_tag","embeddable":true,"href":"https:\/\/www.baoertaihardware.com\/es\/wp-json\/wp\/v2\/product_tag?post=799"}],"curies":[{"name":"wp","href":"https:\/\/api.w.org\/{rel}","templated":true}]}}