{"id":616,"date":"2024-10-29T18:13:16","date_gmt":"2024-10-29T18:13:16","guid":{"rendered":"https:\/\/www.baoertaihardware.com\/?post_type=product&#038;p=616"},"modified":"2024-10-29T18:13:17","modified_gmt":"2024-10-29T18:13:17","slug":"undermount-drawer-slides-custom","status":"publish","type":"product","link":"https:\/\/www.baoertaihardware.com\/es\/producto\/undermount-drawer-slides-custom\/","title":{"rendered":"Gu\u00edas para cajones de montaje bajo encimera de 3 pliegues y cierre suave a medida con pasador"},"content":{"rendered":"<div class=\"wp-block-columns is-layout-flex wp-container-core-columns-is-layout-9d6595d7 wp-block-columns-is-layout-flex\">\n<div class=\"wp-block-column is-layout-flow wp-block-column-is-layout-flow\">\n<h3 class=\"wp-block-heading\">Caracter\u00edsticas y ventajas de las gu\u00edas para cajones de montaje bajo encimera<\/h3>\n\n\n\n<ol class=\"wp-block-list\">\n<li><strong>Dise\u00f1o fijo y estable:<\/strong> Puede hacer que el riel de deslizamiento sea estable mediante la instalaci\u00f3n del perno, es confiable en uso, y es apto para cajones de carga pesada.<\/li>\n\n\n\n<li><strong>La tecnolog\u00eda de cierre suave y silencioso: <\/strong>Gracias al exclusivo dise\u00f1o de cierre suave, los cajones pueden cerrarse suavemente sin ruido y resultan m\u00e1s c\u00f3modos.<\/li>\n\n\n\n<li><strong>Material de alta calidad:<\/strong> Larga vida \u00fatil gracias a los materiales de alta resistencia al desgaste de nuestras gu\u00edas para cajones de montaje bajo encimera al por mayor.<\/li>\n\n\n\n<li><strong>Funci\u00f3n ajustable: <\/strong>Se puede ajustar en altura y lateralmente para garantizar un buen ajuste del caj\u00f3n y mejorar la experiencia del usuario.<\/li>\n\n\n\n<li><strong>F\u00e1cil instalaci\u00f3n: <\/strong>El dise\u00f1o razonable permite una f\u00e1cil instalaci\u00f3n. No se necesitan herramientas complicadas.<\/li>\n<\/ol>\n<\/div>\n\n\n\n<div class=\"wp-block-column is-layout-flow wp-block-column-is-layout-flow\">\n<figure class=\"wp-block-image size-full\"><img decoding=\"async\" width=\"1200\" height=\"1200\" src=\"https:\/\/www.baoertaihardware.com\/wp-content\/uploads\/2024\/10\/Undermount-Drawer-Slides-Custom-1.webp\" alt=\"Gu\u00edas para cajones bajo encimera Custom 1\" class=\"wp-image-629\" srcset=\"https:\/\/www.baoertaihardware.com\/wp-content\/uploads\/2024\/10\/Undermount-Drawer-Slides-Custom-1.webp 1200w, https:\/\/www.baoertaihardware.com\/wp-content\/uploads\/2024\/10\/Undermount-Drawer-Slides-Custom-1-300x300.webp 300w, https:\/\/www.baoertaihardware.com\/wp-content\/uploads\/2024\/10\/Undermount-Drawer-Slides-Custom-1-150x150.webp 150w, https:\/\/www.baoertaihardware.com\/wp-content\/uploads\/2024\/10\/Undermount-Drawer-Slides-Custom-1-768x768.webp 768w, https:\/\/www.baoertaihardware.com\/wp-content\/uploads\/2024\/10\/Undermount-Drawer-Slides-Custom-1-600x600.webp 600w, https:\/\/www.baoertaihardware.com\/wp-content\/uploads\/2024\/10\/Undermount-Drawer-Slides-Custom-1-100x100.webp 100w\" sizes=\"(max-width: 1200px) 100vw, 1200px\" \/><\/figure>\n<\/div>\n<\/div>\n\n\n\n<p><\/p>","protected":false},"excerpt":{"rendered":"<p>Las gu\u00edas para cajones de 3 pliegues y cierre suave con pestillo son una combinaci\u00f3n perfecta de estabilidad y funcionalidad.  El montaje con perno de esta gu\u00eda garantiza la estabilidad, ya que es muy resistente y, por tanto, podr\u00e1 soportar mucha presi\u00f3n. Los materiales de alta calidad garantizan su durabilidad. Para sus necesidades personalizadas, no dude en ponerse en contacto con nosotros.<\/p>\n<h3>Especificaciones de las gu\u00edas para cajones bajo encimera<\/h3>\n<ul>\n<li>N\u00ba de modelo: D808<\/li>\n<li>Material: acero laminado en fr\u00edo<\/li>\n<li>Thickness:1.8*1.5*1.0mm<\/li>\n<li>Longitud:250-600mm<\/li>\n<li>Tratamiento superficial: zincado\u00a0<\/li>\n<li>Capacidad de carga:35 kg<\/li>\n<li>Aplicaci\u00f3n: oficina en casa, sal\u00f3n, dormitorio, hotel, villa, apartamento<\/li>\n<\/ul>\n<p><strong>Categor\u00eda<\/strong>: <a href=\"https:\/\/www.baoertaihardware.com\/es\/categoria-producto\/undermount-drawer-slides\/\">Gu\u00edas para cajones bajo encimera<\/a><\/p>\n<p><strong>Etiquetas<\/strong>: Correderas Ocultas, Correderas para Cajones de Cierre Suave, Correderas para Empotrar<\/p>","protected":false},"featured_media":630,"comment_status":"closed","ping_status":"closed","template":"","meta":{"_acf_changed":false},"product_brand":[],"product_cat":[20],"product_tag":[],"class_list":{"0":"post-616","1":"product","2":"type-product","3":"status-publish","4":"has-post-thumbnail","6":"product_cat-undermount-drawer-slides-wholesale","8":"first","9":"instock","10":"shipping-taxable","11":"product-type-simple"},"acf":[],"_links":{"self":[{"href":"https:\/\/www.baoertaihardware.com\/es\/wp-json\/wp\/v2\/product\/616","targetHints":{"allow":["GET"]}}],"collection":[{"href":"https:\/\/www.baoertaihardware.com\/es\/wp-json\/wp\/v2\/product"}],"about":[{"href":"https:\/\/www.baoertaihardware.com\/es\/wp-json\/wp\/v2\/types\/product"}],"replies":[{"embeddable":true,"href":"https:\/\/www.baoertaihardware.com\/es\/wp-json\/wp\/v2\/comments?post=616"}],"wp:featuredmedia":[{"embeddable":true,"href":"https:\/\/www.baoertaihardware.com\/es\/wp-json\/wp\/v2\/media\/630"}],"wp:attachment":[{"href":"https:\/\/www.baoertaihardware.com\/es\/wp-json\/wp\/v2\/media?parent=616"}],"wp:term":[{"taxonomy":"product_brand","embeddable":true,"href":"https:\/\/www.baoertaihardware.com\/es\/wp-json\/wp\/v2\/product_brand?post=616"},{"taxonomy":"product_cat","embeddable":true,"href":"https:\/\/www.baoertaihardware.com\/es\/wp-json\/wp\/v2\/product_cat?post=616"},{"taxonomy":"product_tag","embeddable":true,"href":"https:\/\/www.baoertaihardware.com\/es\/wp-json\/wp\/v2\/product_tag?post=616"}],"curies":[{"name":"wp","href":"https:\/\/api.w.org\/{rel}","templated":true}]}}