{"id":596,"date":"2024-10-29T18:21:54","date_gmt":"2024-10-29T18:21:54","guid":{"rendered":"https:\/\/www.baoertaihardware.com\/?post_type=product&#038;p=596"},"modified":"2024-10-29T18:21:55","modified_gmt":"2024-10-29T18:21:55","slug":"undermount-soft-close-drawer-slides","status":"publish","type":"product","link":"https:\/\/www.baoertaihardware.com\/es\/producto\/undermount-soft-close-drawer-slides\/","title":{"rendered":"Mayorista de gu\u00edas de caj\u00f3n de cierre suave de 3 pliegues con tirador"},"content":{"rendered":"<div class=\"wp-block-columns is-layout-flex wp-container-core-columns-is-layout-9d6595d7 wp-block-columns-is-layout-flex\">\n<div class=\"wp-block-column is-layout-flow wp-block-column-is-layout-flow\">\n<h3 class=\"wp-block-heading\">Caracter\u00edsticas y ventajas de las gu\u00edas de caj\u00f3n de cierre suave bajo encimera<\/h3>\n\n\n\n<ol class=\"wp-block-list\">\n<li><strong>Amplia aplicaci\u00f3n: <\/strong>Se puede aplicar ampliamente a cocinas, armarios, muebles de oficina, y m\u00e1s para satisfacer diversas necesidades de tipos de muebles.<\/li>\n\n\n\n<li><strong>F\u00e1cil instalaci\u00f3n en poco tiempo: <\/strong>Su dise\u00f1o intuitivo hace que la instalaci\u00f3n sea f\u00e1cil y r\u00e1pida, sin necesidad de herramientas complejas, por lo que se ahorra tiempo y costes de mano de obra.<\/li>\n\n\n\n<li><strong>Material de alta calidad y duradero:<\/strong> Est\u00e1 fabricada con material de alta resistencia al desgaste y gran capacidad de carga, por lo que es adecuada para un uso prolongado.<\/li>\n\n\n\n<li><strong>Cierre suave y silencioso:<\/strong> Este producto proporciona un cierre suave y silencioso para evitar las interferencias del ruido y ofrecer una mejor experiencia a los usuarios.<\/li>\n\n\n\n<li><strong>Dise\u00f1o del asa:<\/strong> El tirador est\u00e1 integrado en la gu\u00eda deslizante para abrirla f\u00e1cilmente y mantener la sencillez y la belleza.<\/li>\n<\/ol>\n<\/div>\n\n\n\n<div class=\"wp-block-column is-layout-flow wp-block-column-is-layout-flow\">\n<figure class=\"wp-block-image size-full\"><img decoding=\"async\" width=\"1200\" height=\"1200\" src=\"https:\/\/www.baoertaihardware.com\/wp-content\/uploads\/2024\/10\/Undermount-Soft-Close-Drawer-Slides-Wholesale-1.webp\" alt=\"Gu\u00edas para cajones de cierre suave al por mayor 1\" class=\"wp-image-610\" srcset=\"https:\/\/www.baoertaihardware.com\/wp-content\/uploads\/2024\/10\/Undermount-Soft-Close-Drawer-Slides-Wholesale-1.webp 1200w, https:\/\/www.baoertaihardware.com\/wp-content\/uploads\/2024\/10\/Undermount-Soft-Close-Drawer-Slides-Wholesale-1-300x300.webp 300w, https:\/\/www.baoertaihardware.com\/wp-content\/uploads\/2024\/10\/Undermount-Soft-Close-Drawer-Slides-Wholesale-1-150x150.webp 150w, https:\/\/www.baoertaihardware.com\/wp-content\/uploads\/2024\/10\/Undermount-Soft-Close-Drawer-Slides-Wholesale-1-768x768.webp 768w, https:\/\/www.baoertaihardware.com\/wp-content\/uploads\/2024\/10\/Undermount-Soft-Close-Drawer-Slides-Wholesale-1-600x600.webp 600w, https:\/\/www.baoertaihardware.com\/wp-content\/uploads\/2024\/10\/Undermount-Soft-Close-Drawer-Slides-Wholesale-1-100x100.webp 100w\" sizes=\"(max-width: 1200px) 100vw, 1200px\" \/><\/figure>\n<\/div>\n<\/div>\n\n\n\n<p><\/p>","protected":false},"excerpt":{"rendered":"<p>Las gu\u00edas para cajones de 3 pliegues de cierre suave con tirador combinan a la perfecci\u00f3n un dise\u00f1o innovador con funciones pr\u00e1cticas. El dise\u00f1o del tirador integrado facilita la apertura manteniendo un aspecto cuidado. Con tecnolog\u00eda de cierre suave silencioso y materiales de alta calidad, garantiza durabilidad y comodidad. \u00a1Bienvenido a consultas!<\/p>\n<h3>Especificaciones de las gu\u00edas para cajones de cierre suave bajo encimera<\/h3>\n<ul>\n<li>N\u00ba de modelo: D806<\/li>\n<li>Material: acero laminado en fr\u00edo<\/li>\n<li>Thickness:1.8*1.5*1.0mm<\/li>\n<li>Longitud:250-600mm<\/li>\n<li>Tratamiento superficial: zincado\u00a0<\/li>\n<li>Capacidad de carga:35 kg<\/li>\n<li>Aplicaci\u00f3n: oficina en casa, sal\u00f3n, dormitorio, hotel, villa, apartamento<\/li>\n<\/ul>\n<p><strong>Categor\u00eda<\/strong>: <span style=\"color: #1b2f61;\"><a style=\"color: #1b2f61;\" href=\"https:\/\/www.baoertaihardware.com\/es\/categoria-producto\/undermount-drawer-slides\/\">Gu\u00edas para cajones bajo encimera<\/a><\/span><\/p>\n<p><strong>Etiquetas<\/strong>: Correderas Ocultas, Correderas de Cierre Suave, Correderas para Empotrar<\/p>","protected":false},"featured_media":611,"comment_status":"closed","ping_status":"closed","template":"","meta":{"_acf_changed":false},"product_brand":[],"product_cat":[20],"product_tag":[],"class_list":{"0":"post-596","1":"product","2":"type-product","3":"status-publish","4":"has-post-thumbnail","6":"product_cat-undermount-drawer-slides-wholesale","8":"first","9":"instock","10":"shipping-taxable","11":"product-type-simple"},"acf":[],"_links":{"self":[{"href":"https:\/\/www.baoertaihardware.com\/es\/wp-json\/wp\/v2\/product\/596","targetHints":{"allow":["GET"]}}],"collection":[{"href":"https:\/\/www.baoertaihardware.com\/es\/wp-json\/wp\/v2\/product"}],"about":[{"href":"https:\/\/www.baoertaihardware.com\/es\/wp-json\/wp\/v2\/types\/product"}],"replies":[{"embeddable":true,"href":"https:\/\/www.baoertaihardware.com\/es\/wp-json\/wp\/v2\/comments?post=596"}],"wp:featuredmedia":[{"embeddable":true,"href":"https:\/\/www.baoertaihardware.com\/es\/wp-json\/wp\/v2\/media\/611"}],"wp:attachment":[{"href":"https:\/\/www.baoertaihardware.com\/es\/wp-json\/wp\/v2\/media?parent=596"}],"wp:term":[{"taxonomy":"product_brand","embeddable":true,"href":"https:\/\/www.baoertaihardware.com\/es\/wp-json\/wp\/v2\/product_brand?post=596"},{"taxonomy":"product_cat","embeddable":true,"href":"https:\/\/www.baoertaihardware.com\/es\/wp-json\/wp\/v2\/product_cat?post=596"},{"taxonomy":"product_tag","embeddable":true,"href":"https:\/\/www.baoertaihardware.com\/es\/wp-json\/wp\/v2\/product_tag?post=596"}],"curies":[{"name":"wp","href":"https:\/\/api.w.org\/{rel}","templated":true}]}}