{"id":587,"date":"2024-10-30T16:37:58","date_gmt":"2024-10-30T16:37:58","guid":{"rendered":"https:\/\/www.baoertaihardware.com\/?post_type=product&#038;p=587"},"modified":"2025-05-27T03:41:39","modified_gmt":"2025-05-27T03:41:39","slug":"custom-soft-closing-drawer-slides","status":"publish","type":"product","link":"https:\/\/www.baoertaihardware.com\/es\/producto\/custom-soft-closing-drawer-slides\/","title":{"rendered":"Gu\u00edas de caj\u00f3n de cierre suave de 45 mm Gu\u00edas de montaje de doble muelle de extensi\u00f3n total al por mayor"},"content":{"rendered":"<div class=\"wp-block-columns is-layout-flex wp-container-core-columns-is-layout-9d6595d7 wp-block-columns-is-layout-flex\">\n<div class=\"wp-block-column is-layout-flow wp-block-column-is-layout-flow\">\n<h3 class=\"wp-block-heading\">Caracter\u00edsticas y ventajas de las gu\u00edas de caj\u00f3n de cierre suave<\/h3>\n\n\n\n<ol class=\"wp-block-list\">\n<li><strong>Maximizaci\u00f3n del espacio<\/strong>: El dise\u00f1o de triple pliegue permite sacar el caj\u00f3n lo suficiente, maximizando cada pulgada de espacio disponible. Esto hace que nuestras gu\u00edas de caj\u00f3n de cierre suave de 45 mm productos al por mayor ideal para una amplia gama de configuraciones de muebles.<\/li>\n\n\n\n<li><strong>F\u00e1cil instalaci\u00f3n<\/strong>: Convenientemente dise\u00f1adas, nuestras gu\u00edas para cajones son adecuadas tanto para instaladores industriales como para usuarios finales. Gracias a su f\u00e1cil y r\u00e1pida instalaci\u00f3n, las gu\u00edas de caj\u00f3n de cierre suave a medida son una opci\u00f3n asequible para necesidades especiales de mobiliario.<\/li>\n\n\n\n<li><strong>Dise\u00f1o de doble muelle<\/strong>: Una construcci\u00f3n de doble muelle garantiza un deslizamiento suave y un rendimiento duradero, permitiendo que los cajones se cierren suave y silenciosamente cada vez.<\/li>\n\n\n\n<li><strong>Material antidesgaste<\/strong>: Fabricadas con los mejores materiales resistentes a la corrosi\u00f3n, nuestras gu\u00edas para cajones son lo suficientemente duraderas y resistentes como para soportar condiciones de uso intensivo, lo que las convierte en la elecci\u00f3n correcta para escenarios de trabajo pesado.<\/li>\n\n\n\n<li><strong>Ajustabilidad<\/strong>: Algunos de los modelos incluyen elementos ajustables, lo que proporciona un ajuste preciso para cualquier tipo de caj\u00f3n, especialmente al elegir gu\u00edas de caj\u00f3n de cierre suave personalizadas en opciones a granel para instalaciones especiales.<\/li>\n<\/ol>\n<\/div>\n\n\n\n<div class=\"wp-block-column is-layout-flow wp-block-column-is-layout-flow\">\n<figure class=\"wp-block-image size-full\"><img decoding=\"async\" width=\"1200\" height=\"1200\" src=\"https:\/\/www.baoertaihardware.com\/wp-content\/uploads\/2024\/10\/side-mount-drawer-dlides-supplier-1.webp\" alt=\"lateral-caj\u00f3n-cajones-proveedor (1)\" class=\"wp-image-597\" srcset=\"https:\/\/www.baoertaihardware.com\/wp-content\/uploads\/2024\/10\/side-mount-drawer-dlides-supplier-1.webp 1200w, https:\/\/www.baoertaihardware.com\/wp-content\/uploads\/2024\/10\/side-mount-drawer-dlides-supplier-1-300x300.webp 300w, https:\/\/www.baoertaihardware.com\/wp-content\/uploads\/2024\/10\/side-mount-drawer-dlides-supplier-1-150x150.webp 150w, https:\/\/www.baoertaihardware.com\/wp-content\/uploads\/2024\/10\/side-mount-drawer-dlides-supplier-1-768x768.webp 768w, https:\/\/www.baoertaihardware.com\/wp-content\/uploads\/2024\/10\/side-mount-drawer-dlides-supplier-1-600x600.webp 600w, https:\/\/www.baoertaihardware.com\/wp-content\/uploads\/2024\/10\/side-mount-drawer-dlides-supplier-1-100x100.webp 100w\" sizes=\"(max-width: 1200px) 100vw, 1200px\" \/><\/figure>\n<\/div>\n<\/div>","protected":false},"excerpt":{"rendered":"<p>Como proveedor profesional de gu\u00edas para cajones de montaje lateral, ofrecemos soluciones de gu\u00edas triples de cierre suave y doble muelle de 45 mm de alta calidad. Nuestras gu\u00edas cuentan con un avanzado dise\u00f1o de doble muelle que garantiza un cierre suave y silencioso de los cajones, mejorando enormemente la experiencia del usuario. Ofrecemos una amplia gama de modelos y opciones de personalizaci\u00f3n para satisfacer las necesidades espec\u00edficas de los distintos clientes.<\/p>\n<h3>Especificaciones de las gu\u00edas de caj\u00f3n de cierre suave<\/h3>\n<ul>\n<li>N\u00ba de modelo:4515S<\/li>\n<li>Material: acero laminado en fr\u00edo<\/li>\n<li>Grosor:1,1\u00d71,1\u00d71,4 mm<\/li>\n<li>Altura:45 mm<\/li>\n<li>Longitud:10 pulgadas-24 pulgadas<\/li>\n<li>Tratamiento de superficie: chapado arco iris\/negro<\/li>\n<li>N\u00famero de cuentas:2 \/3 cuentas<\/li>\n<li>Peso:70g<\/li>\n<li>Aplicaci\u00f3n: oficina en casa, sal\u00f3n, dormitorio, hotel, villa, apartamento<\/li>\n<\/ul>\n<p><strong>Categor\u00eda<\/strong>: <a href=\"https:\/\/www.baoertaihardware.com\/es\/categoria-producto\/drawer-slides\/\">Gu\u00edas de cajones<\/a><\/p>\n<p><strong>Etiquetas<\/strong>: Correderas de cierre suave, Correderas de montaje lateral, Cajones deslizantes<\/p>","protected":false},"featured_media":598,"comment_status":"closed","ping_status":"closed","template":"","meta":{"_acf_changed":false},"product_brand":[],"product_cat":[19,34],"product_tag":[],"class_list":{"0":"post-587","1":"product","2":"type-product","3":"status-publish","4":"has-post-thumbnail","6":"product_cat-wholesale-drawer-slides","7":"product_cat-soft-close-drawer-slides","9":"first","10":"instock","11":"shipping-taxable","12":"product-type-simple"},"acf":[],"_links":{"self":[{"href":"https:\/\/www.baoertaihardware.com\/es\/wp-json\/wp\/v2\/product\/587","targetHints":{"allow":["GET"]}}],"collection":[{"href":"https:\/\/www.baoertaihardware.com\/es\/wp-json\/wp\/v2\/product"}],"about":[{"href":"https:\/\/www.baoertaihardware.com\/es\/wp-json\/wp\/v2\/types\/product"}],"replies":[{"embeddable":true,"href":"https:\/\/www.baoertaihardware.com\/es\/wp-json\/wp\/v2\/comments?post=587"}],"wp:featuredmedia":[{"embeddable":true,"href":"https:\/\/www.baoertaihardware.com\/es\/wp-json\/wp\/v2\/media\/598"}],"wp:attachment":[{"href":"https:\/\/www.baoertaihardware.com\/es\/wp-json\/wp\/v2\/media?parent=587"}],"wp:term":[{"taxonomy":"product_brand","embeddable":true,"href":"https:\/\/www.baoertaihardware.com\/es\/wp-json\/wp\/v2\/product_brand?post=587"},{"taxonomy":"product_cat","embeddable":true,"href":"https:\/\/www.baoertaihardware.com\/es\/wp-json\/wp\/v2\/product_cat?post=587"},{"taxonomy":"product_tag","embeddable":true,"href":"https:\/\/www.baoertaihardware.com\/es\/wp-json\/wp\/v2\/product_tag?post=587"}],"curies":[{"name":"wp","href":"https:\/\/api.w.org\/{rel}","templated":true}]}}