{"id":578,"date":"2024-10-31T03:31:01","date_gmt":"2024-10-31T03:31:01","guid":{"rendered":"https:\/\/www.baoertaihardware.com\/?post_type=product&#038;p=578"},"modified":"2025-02-22T07:10:27","modified_gmt":"2025-02-22T07:10:27","slug":"undermount-drawer-slides-supplier","status":"publish","type":"product","link":"https:\/\/www.baoertaihardware.com\/es\/producto\/undermount-drawer-slides-supplier\/","title":{"rendered":"Gu\u00edas para cajones bajo encimera de 3 pliegues con cierre suave y Push to Open Supplier"},"content":{"rendered":"<div class=\"wp-block-columns is-layout-flex wp-container-core-columns-is-layout-9d6595d7 wp-block-columns-is-layout-flex\">\n<div class=\"wp-block-column is-layout-flow wp-block-column-is-layout-flow\">\n<h3 class=\"wp-block-heading\">Caracter\u00edsticas y ventajas de las gu\u00edas para cajones de montaje bajo encimera<\/h3>\n\n\n\n<ol class=\"wp-block-list\">\n<li><strong>Dise\u00f1o oculto<\/strong>: El dise\u00f1o especial de montaje inferior puede mantener el caj\u00f3n limpio y mejorar la est\u00e9tica general.<\/li>\n\n\n\n<li><strong>Cierre suave y silencioso<\/strong>: El proveedor de gu\u00edas de cierre suave para cajones cuenta con una avanzada tecnolog\u00eda de cierre suave que garantiza un cierre silencioso y suave, eliminando el ruido.<\/li>\n\n\n\n<li><strong>Resistente y duradero<\/strong>: las gu\u00edas para cajones de montaje inferior al por mayor est\u00e1n fabricadas con materiales de alta calidad, resistentes al desgaste y a la presi\u00f3n para garantizar un uso a largo plazo sin da\u00f1os.<\/li>\n\n\n\n<li><strong>Instalaci\u00f3n sencilla<\/strong>: Instalaci\u00f3n sencilla, pasos intuitivos, sin herramientas complejas, lo que ahorra tiempo y reduce los costes de mano de obra.<\/li>\n\n\n\n<li><strong>Ampliamente utilizado<\/strong>Gu\u00edas de caj\u00f3n de montaje inferior al por mayor son adecuados para la cocina, armario, muebles de oficina y as\u00ed sucesivamente, para satisfacer la demanda del mercado diversificado.<\/li>\n\n\n\n<li><strong>Muestra gratuita<\/strong>: El proveedor de la diapositiva del caj\u00f3n del cierre suave proporciona las muestras libres para que los clientes comparen y comprueben la calidad.<\/li>\n<\/ol>\n<\/div>\n\n\n\n<div class=\"wp-block-column is-layout-flow wp-block-column-is-layout-flow\">\n<figure class=\"wp-block-image size-full\"><img decoding=\"async\" width=\"1200\" height=\"1200\" src=\"https:\/\/www.baoertaihardware.com\/wp-content\/uploads\/2024\/10\/Undermount-Soft-Close-Drawer-Slides-Supplier-1.webp\" alt=\"Gu\u00edas de caj\u00f3n de cierre suave para montaje bajo encimera Proveedor 1\" class=\"wp-image-590\" srcset=\"https:\/\/www.baoertaihardware.com\/wp-content\/uploads\/2024\/10\/Undermount-Soft-Close-Drawer-Slides-Supplier-1.webp 1200w, https:\/\/www.baoertaihardware.com\/wp-content\/uploads\/2024\/10\/Undermount-Soft-Close-Drawer-Slides-Supplier-1-300x300.webp 300w, https:\/\/www.baoertaihardware.com\/wp-content\/uploads\/2024\/10\/Undermount-Soft-Close-Drawer-Slides-Supplier-1-150x150.webp 150w, https:\/\/www.baoertaihardware.com\/wp-content\/uploads\/2024\/10\/Undermount-Soft-Close-Drawer-Slides-Supplier-1-768x768.webp 768w, https:\/\/www.baoertaihardware.com\/wp-content\/uploads\/2024\/10\/Undermount-Soft-Close-Drawer-Slides-Supplier-1-600x600.webp 600w, https:\/\/www.baoertaihardware.com\/wp-content\/uploads\/2024\/10\/Undermount-Soft-Close-Drawer-Slides-Supplier-1-100x100.webp 100w\" sizes=\"(max-width: 1200px) 100vw, 1200px\" \/><\/figure>\n<\/div>\n<\/div>\n\n\n\n<h2 class=\"wp-block-heading\">Proveedor mayorista de gu\u00edas para cajones bajo encimera de confianza<\/h2>\n\n\n\n<p>Eche un vistazo al detallado v\u00eddeo de demostraci\u00f3n del producto para comprender de forma m\u00e1s intuitiva nuestros productos de gu\u00edas para cajones y c\u00f3mo instalarlos y utilizarlos. Haga clic en el siguiente enlace para ver el v\u00eddeo y obtener m\u00e1s consejos y sugerencias de instalaci\u00f3n.<\/p>\n\n\n\n<div class=\"wp-block-columns is-layout-flex wp-container-core-columns-is-layout-9d6595d7 wp-block-columns-is-layout-flex\">\n<div class=\"wp-block-column is-layout-flow wp-block-column-is-layout-flow\">\n<figure class=\"wp-block-embed is-type-video is-provider-youtube wp-block-embed-youtube wp-embed-aspect-16-9 wp-has-aspect-ratio\"><div class=\"wp-block-embed__wrapper\">\n<iframe title=\"D706 Corredera bajo encimera de 3 pliegues con apertura a presi\u00f3n y cierre suave\" width=\"500\" height=\"281\" src=\"https:\/\/www.youtube.com\/embed\/sw3-XXTwg28?feature=oembed\" frameborder=\"0\" allow=\"accelerometer; autoplay; clipboard-write; encrypted-media; gyroscope; picture-in-picture; web-share\" referrerpolicy=\"strict-origin-when-cross-origin\" allowfullscreen><\/iframe>\n<\/div><\/figure>\n\n\n\n<h3 class=\"wp-block-heading\"><\/h3>\n<\/div>\n<\/div>\n\n\n\n<p><\/p>","protected":false},"excerpt":{"rendered":"<p>Nuestras gu\u00edas para cajones al por mayor de 3 pliegues con cierre suave y apertura por empuje combinan un dise\u00f1o invisible con la tecnolog\u00eda de cierre suave silencioso para garantizar tanto la belleza como la practicidad. Sus materiales duraderos y su sencilla instalaci\u00f3n satisfacen una gran variedad de necesidades de mobiliario. Elija nuestras gu\u00edas para disfrutar de una excelente experiencia en el hogar. P\u00f3ngase en contacto con nosotros para recibir muestras y presupuestos gratuitos.<\/p>\n<h3>Especificaciones de las gu\u00edas para cajones bajo encimera<\/h3>\n<ul>\n<li>N\u00ba de modelo: D706<\/li>\n<li>Material: acero laminado en fr\u00edo<\/li>\n<li>Thickness:1.8*1.5*1.0mm<\/li>\n<li>Longitud:250-600mm<\/li>\n<li>Tratamiento superficial: zincado\u00a0<\/li>\n<li>Capacidad de carga:35 kg<\/li>\n<li>Aplicaci\u00f3n: oficina en casa, sal\u00f3n, dormitorio, hotel, villa, apartamento<\/li>\n<\/ul>\n<p><strong>Categor\u00eda<\/strong>: <a href=\"https:\/\/www.baoertaihardware.com\/es\/categoria-producto\/undermount-drawer-slides\/\">Gu\u00edas para cajones bajo encimera<\/a><\/p>\n<p><strong>Etiquetas<\/strong>: Correderas Ocultas, Correderas de Cierre Suave, Correderas Push to Open<\/p>","protected":false},"featured_media":591,"comment_status":"closed","ping_status":"closed","template":"","meta":{"_acf_changed":false},"product_brand":[],"product_cat":[20],"product_tag":[],"class_list":{"0":"post-578","1":"product","2":"type-product","3":"status-publish","4":"has-post-thumbnail","6":"product_cat-undermount-drawer-slides-wholesale","8":"first","9":"instock","10":"shipping-taxable","11":"product-type-simple"},"acf":[],"_links":{"self":[{"href":"https:\/\/www.baoertaihardware.com\/es\/wp-json\/wp\/v2\/product\/578","targetHints":{"allow":["GET"]}}],"collection":[{"href":"https:\/\/www.baoertaihardware.com\/es\/wp-json\/wp\/v2\/product"}],"about":[{"href":"https:\/\/www.baoertaihardware.com\/es\/wp-json\/wp\/v2\/types\/product"}],"replies":[{"embeddable":true,"href":"https:\/\/www.baoertaihardware.com\/es\/wp-json\/wp\/v2\/comments?post=578"}],"wp:featuredmedia":[{"embeddable":true,"href":"https:\/\/www.baoertaihardware.com\/es\/wp-json\/wp\/v2\/media\/591"}],"wp:attachment":[{"href":"https:\/\/www.baoertaihardware.com\/es\/wp-json\/wp\/v2\/media?parent=578"}],"wp:term":[{"taxonomy":"product_brand","embeddable":true,"href":"https:\/\/www.baoertaihardware.com\/es\/wp-json\/wp\/v2\/product_brand?post=578"},{"taxonomy":"product_cat","embeddable":true,"href":"https:\/\/www.baoertaihardware.com\/es\/wp-json\/wp\/v2\/product_cat?post=578"},{"taxonomy":"product_tag","embeddable":true,"href":"https:\/\/www.baoertaihardware.com\/es\/wp-json\/wp\/v2\/product_tag?post=578"}],"curies":[{"name":"wp","href":"https:\/\/api.w.org\/{rel}","templated":true}]}}